{"id":10380,"date":"2023-05-11T15:45:48","date_gmt":"2023-05-11T13:45:48","guid":{"rendered":"https:\/\/www.zusjcbb.sk\/?page_id=10380"},"modified":"2023-05-19T08:01:40","modified_gmt":"2023-05-19T06:01:40","slug":"galeria-malovana-zus-ka-2023","status":"publish","type":"page","link":"https:\/\/www.zusjcbb.sk\/?page_id=10380","title":{"rendered":"Gal\u00e9ria Ma\u013eovan\u00e1 ZU\u0160-ka 2023"},"content":{"rendered":"\n<p><\/p>\n\n\n\n<p class=\"has-text-align-center has-medium-font-size\"><strong>Hlavn\u00e1 cena<\/strong><\/p>\n\n\n\n<p><strong>Dami\u00e1n Poliak \u2013 5 r.,&nbsp;<\/strong>SZU\u0160 Turany<\/p>\n\n\n\n<figure class=\"wp-block-image size-large\"><a href=\"https:\/\/www.zusjcbb.sk\/wp-content\/uploads\/2023\/05\/Damian-Poliak-5-rokov-Koniky-scaled.jpg\"><img loading=\"lazy\" width=\"720\" height=\"1024\" src=\"https:\/\/www.zusjcbb.sk\/wp-content\/uploads\/2023\/05\/Damian-Poliak-5-rokov-Koniky-720x1024.jpg\" alt=\"\" class=\"wp-image-10407\" srcset=\"https:\/\/www.zusjcbb.sk\/wp-content\/uploads\/2023\/05\/Damian-Poliak-5-rokov-Koniky-720x1024.jpg 720w, https:\/\/www.zusjcbb.sk\/wp-content\/uploads\/2023\/05\/Damian-Poliak-5-rokov-Koniky-211x300.jpg 211w, https:\/\/www.zusjcbb.sk\/wp-content\/uploads\/2023\/05\/Damian-Poliak-5-rokov-Koniky-768x1093.jpg 768w, https:\/\/www.zusjcbb.sk\/wp-content\/uploads\/2023\/05\/Damian-Poliak-5-rokov-Koniky-1080x1536.jpg 1080w, https:\/\/www.zusjcbb.sk\/wp-content\/uploads\/2023\/05\/Damian-Poliak-5-rokov-Koniky-1439x2048.jpg 1439w, https:\/\/www.zusjcbb.sk\/wp-content\/uploads\/2023\/05\/Damian-Poliak-5-rokov-Koniky-scaled.jpg 1799w\" sizes=\"(max-width: 720px) 100vw, 720px\" \/><\/a><figcaption>Dami\u00e1n Poliak, 5 rokov, Kon\u00edky<\/figcaption><\/figure>\n\n\n\n<p class=\"has-text-align-center has-medium-font-size\"><strong>Cena predsedu poroty<\/strong><\/p>\n\n\n\n<p><strong>Silvia Jon\u00e1kov\u00e1, 12&nbsp;<\/strong>rokov, ZU\u0160 P.M. Boh\u00fa\u0148a, Doln\u00fd Kub\u00edn<\/p>\n\n\n\n<figure class=\"wp-block-image size-large\"><a href=\"https:\/\/www.zusjcbb.sk\/wp-content\/uploads\/2023\/05\/Silvia-Jonakova-12-rokov-scaled.jpg\"><img loading=\"lazy\" width=\"1024\" height=\"725\" src=\"https:\/\/www.zusjcbb.sk\/wp-content\/uploads\/2023\/05\/Silvia-Jonakova-12-rokov-1024x725.jpg\" alt=\"\" class=\"wp-image-10417\" srcset=\"https:\/\/www.zusjcbb.sk\/wp-content\/uploads\/2023\/05\/Silvia-Jonakova-12-rokov-1024x725.jpg 1024w, https:\/\/www.zusjcbb.sk\/wp-content\/uploads\/2023\/05\/Silvia-Jonakova-12-rokov-300x212.jpg 300w, https:\/\/www.zusjcbb.sk\/wp-content\/uploads\/2023\/05\/Silvia-Jonakova-12-rokov-768x544.jpg 768w, https:\/\/www.zusjcbb.sk\/wp-content\/uploads\/2023\/05\/Silvia-Jonakova-12-rokov-1536x1087.jpg 1536w, https:\/\/www.zusjcbb.sk\/wp-content\/uploads\/2023\/05\/Silvia-Jonakova-12-rokov-2048x1450.jpg 2048w\" sizes=\"(max-width: 1024px) 100vw, 1024px\" \/><\/a><figcaption>Silvia Jon\u00e1kov\u00e1, 12 rokov<\/figcaption><\/figure>\n\n\n\n<p class=\"has-text-align-center has-medium-font-size\"><strong>Zvl\u00e1\u0161tna cena<\/strong><\/p>\n\n\n\n<p><strong>Emma Haring, 9&nbsp;<\/strong>rokov, ZU\u0160 Holi\u010d<\/p>\n\n\n\n<figure class=\"wp-block-image size-large\"><a href=\"https:\/\/www.zusjcbb.sk\/wp-content\/uploads\/2023\/05\/Emma-Haring-9-rokov-Do-rytmu-scaled.jpg\"><img loading=\"lazy\" width=\"1024\" height=\"571\" src=\"https:\/\/www.zusjcbb.sk\/wp-content\/uploads\/2023\/05\/Emma-Haring-9-rokov-Do-rytmu-1024x571.jpg\" alt=\"\" class=\"wp-image-10408\" srcset=\"https:\/\/www.zusjcbb.sk\/wp-content\/uploads\/2023\/05\/Emma-Haring-9-rokov-Do-rytmu-1024x571.jpg 1024w, https:\/\/www.zusjcbb.sk\/wp-content\/uploads\/2023\/05\/Emma-Haring-9-rokov-Do-rytmu-300x167.jpg 300w, https:\/\/www.zusjcbb.sk\/wp-content\/uploads\/2023\/05\/Emma-Haring-9-rokov-Do-rytmu-768x429.jpg 768w, https:\/\/www.zusjcbb.sk\/wp-content\/uploads\/2023\/05\/Emma-Haring-9-rokov-Do-rytmu-1536x857.jpg 1536w, https:\/\/www.zusjcbb.sk\/wp-content\/uploads\/2023\/05\/Emma-Haring-9-rokov-Do-rytmu-2048x1143.jpg 2048w\" sizes=\"(max-width: 1024px) 100vw, 1024px\" \/><\/a><figcaption>Emma Haring, 9 rokov, Do rytmu<\/figcaption><\/figure>\n\n\n\n<p class=\"has-text-align-center has-medium-font-size\"><strong>Cena Stredoslovenskej gal\u00e9rie<\/strong><\/p>\n\n\n\n<p><strong>Nat\u00e1lia Dol\u0148anov\u00e1, 15&nbsp;<\/strong>rokov, ZU\u0160 J. Cikkera Bansk\u00e1 Bystrica<\/p>\n\n\n\n<figure class=\"wp-block-image size-large\"><a href=\"https:\/\/www.zusjcbb.sk\/wp-content\/uploads\/2023\/05\/Natalia-Dolnanova-15-rokov-Namestie-scaled.jpg\"><img loading=\"lazy\" width=\"640\" height=\"1024\" src=\"https:\/\/www.zusjcbb.sk\/wp-content\/uploads\/2023\/05\/Natalia-Dolnanova-15-rokov-Namestie-640x1024.jpg\" alt=\"\" class=\"wp-image-10412\" srcset=\"https:\/\/www.zusjcbb.sk\/wp-content\/uploads\/2023\/05\/Natalia-Dolnanova-15-rokov-Namestie-640x1024.jpg 640w, https:\/\/www.zusjcbb.sk\/wp-content\/uploads\/2023\/05\/Natalia-Dolnanova-15-rokov-Namestie-187x300.jpg 187w, https:\/\/www.zusjcbb.sk\/wp-content\/uploads\/2023\/05\/Natalia-Dolnanova-15-rokov-Namestie-768x1230.jpg 768w, https:\/\/www.zusjcbb.sk\/wp-content\/uploads\/2023\/05\/Natalia-Dolnanova-15-rokov-Namestie-959x1536.jpg 959w, https:\/\/www.zusjcbb.sk\/wp-content\/uploads\/2023\/05\/Natalia-Dolnanova-15-rokov-Namestie-1279x2048.jpg 1279w, https:\/\/www.zusjcbb.sk\/wp-content\/uploads\/2023\/05\/Natalia-Dolnanova-15-rokov-Namestie-scaled.jpg 1599w\" sizes=\"(max-width: 640px) 100vw, 640px\" \/><\/a><figcaption>Nat\u00e1lia Dol\u0148anov\u00e1, 15 rokov, N\u00e1mestie<\/figcaption><\/figure>\n\n\n\n<p class=\"has-text-align-center has-medium-font-size\"><strong>Ceny EX AEQUE<\/strong><\/p>\n\n\n\n<p><strong>Patr\u00edcia Ballayov\u00e1 , 11<\/strong>&nbsp;rokov, ZU\u0160 L. \u00c1rvaya, el. p., \u017dilina<\/p>\n\n\n\n<figure class=\"wp-block-image size-large\"><a href=\"https:\/\/www.zusjcbb.sk\/wp-content\/uploads\/2023\/05\/Patricia-Ballayova-11-rokov-Stromy-scaled.jpg\"><img loading=\"lazy\" width=\"1024\" height=\"733\" src=\"https:\/\/www.zusjcbb.sk\/wp-content\/uploads\/2023\/05\/Patricia-Ballayova-11-rokov-Stromy-1024x733.jpg\" alt=\"\" class=\"wp-image-10414\" srcset=\"https:\/\/www.zusjcbb.sk\/wp-content\/uploads\/2023\/05\/Patricia-Ballayova-11-rokov-Stromy-1024x733.jpg 1024w, https:\/\/www.zusjcbb.sk\/wp-content\/uploads\/2023\/05\/Patricia-Ballayova-11-rokov-Stromy-300x215.jpg 300w, https:\/\/www.zusjcbb.sk\/wp-content\/uploads\/2023\/05\/Patricia-Ballayova-11-rokov-Stromy-768x550.jpg 768w, https:\/\/www.zusjcbb.sk\/wp-content\/uploads\/2023\/05\/Patricia-Ballayova-11-rokov-Stromy-1536x1100.jpg 1536w, https:\/\/www.zusjcbb.sk\/wp-content\/uploads\/2023\/05\/Patricia-Ballayova-11-rokov-Stromy-2048x1466.jpg 2048w\" sizes=\"(max-width: 1024px) 100vw, 1024px\" \/><\/a><figcaption>Patr\u00edcia Ballayov\u00e1, 11 rokov, Stromy<\/figcaption><\/figure>\n\n\n\n<p><strong>Nade\u017eda Snov\u00e1kov\u00e1, 8&nbsp;<\/strong>rokov, ZU\u0160 P.M. Boh\u00fa\u0148a, Doln\u00fd Kub\u00edn<\/p>\n\n\n\n<figure class=\"wp-block-image size-large\"><a href=\"https:\/\/www.zusjcbb.sk\/wp-content\/uploads\/2023\/05\/Nadezda-Snovakova-8-rokov-scaled.jpg\"><img loading=\"lazy\" width=\"1024\" height=\"696\" src=\"https:\/\/www.zusjcbb.sk\/wp-content\/uploads\/2023\/05\/Nadezda-Snovakova-8-rokov-1024x696.jpg\" alt=\"\" class=\"wp-image-10411\" srcset=\"https:\/\/www.zusjcbb.sk\/wp-content\/uploads\/2023\/05\/Nadezda-Snovakova-8-rokov-1024x696.jpg 1024w, https:\/\/www.zusjcbb.sk\/wp-content\/uploads\/2023\/05\/Nadezda-Snovakova-8-rokov-300x204.jpg 300w, https:\/\/www.zusjcbb.sk\/wp-content\/uploads\/2023\/05\/Nadezda-Snovakova-8-rokov-768x522.jpg 768w, https:\/\/www.zusjcbb.sk\/wp-content\/uploads\/2023\/05\/Nadezda-Snovakova-8-rokov-1536x1044.jpg 1536w, https:\/\/www.zusjcbb.sk\/wp-content\/uploads\/2023\/05\/Nadezda-Snovakova-8-rokov-2048x1392.jpg 2048w\" sizes=\"(max-width: 1024px) 100vw, 1024px\" \/><\/a><figcaption>Nade\u017eda Snov\u00e1kov\u00e1, 8 rokov<\/figcaption><\/figure>\n\n\n\n<p><strong>Alica S\u00e1ra Lich\u00e1 \u2013 7.r.,&nbsp;<\/strong>SZU\u0160 Ladon,<\/p>\n\n\n\n<figure class=\"wp-block-image size-large\"><a href=\"https:\/\/www.zusjcbb.sk\/wp-content\/uploads\/2023\/05\/Alica-Sara-Licha-7-rokov-Rytmicke-cvicenie-s-paradajkou-a-balonom_-scaled.jpg\"><img loading=\"lazy\" width=\"733\" height=\"1024\" src=\"https:\/\/www.zusjcbb.sk\/wp-content\/uploads\/2023\/05\/Alica-Sara-Licha-7-rokov-Rytmicke-cvicenie-s-paradajkou-a-balonom_-733x1024.jpg\" alt=\"\" class=\"wp-image-10402\" srcset=\"https:\/\/www.zusjcbb.sk\/wp-content\/uploads\/2023\/05\/Alica-Sara-Licha-7-rokov-Rytmicke-cvicenie-s-paradajkou-a-balonom_-733x1024.jpg 733w, https:\/\/www.zusjcbb.sk\/wp-content\/uploads\/2023\/05\/Alica-Sara-Licha-7-rokov-Rytmicke-cvicenie-s-paradajkou-a-balonom_-215x300.jpg 215w, https:\/\/www.zusjcbb.sk\/wp-content\/uploads\/2023\/05\/Alica-Sara-Licha-7-rokov-Rytmicke-cvicenie-s-paradajkou-a-balonom_-768x1073.jpg 768w, https:\/\/www.zusjcbb.sk\/wp-content\/uploads\/2023\/05\/Alica-Sara-Licha-7-rokov-Rytmicke-cvicenie-s-paradajkou-a-balonom_-1099x1536.jpg 1099w, https:\/\/www.zusjcbb.sk\/wp-content\/uploads\/2023\/05\/Alica-Sara-Licha-7-rokov-Rytmicke-cvicenie-s-paradajkou-a-balonom_-1465x2048.jpg 1465w, https:\/\/www.zusjcbb.sk\/wp-content\/uploads\/2023\/05\/Alica-Sara-Licha-7-rokov-Rytmicke-cvicenie-s-paradajkou-a-balonom_-scaled.jpg 1832w\" sizes=\"(max-width: 733px) 100vw, 733px\" \/><\/a><figcaption>Alica S\u00e1ra Lich\u00e1, 7 rokov, Rytmick\u00e9 cvi\u010denie s paradajkou a bal\u00f3nom_<\/figcaption><\/figure>\n\n\n\n<p><strong>Tom\u00e1\u0161 Hoferica, 10&nbsp;<\/strong>rokov, ZU\u0160 P.M. Boh\u00fa\u0148a, Doln\u00fd Kub\u00edn<\/p>\n\n\n\n<figure class=\"wp-block-image size-large\"><a href=\"https:\/\/www.zusjcbb.sk\/wp-content\/uploads\/2023\/05\/Tomas-Hoferica-10-rokov-Maco-scaled.jpg\"><img loading=\"lazy\" width=\"1024\" height=\"726\" src=\"https:\/\/www.zusjcbb.sk\/wp-content\/uploads\/2023\/05\/Tomas-Hoferica-10-rokov-Maco-1024x726.jpg\" alt=\"\" class=\"wp-image-10420\" srcset=\"https:\/\/www.zusjcbb.sk\/wp-content\/uploads\/2023\/05\/Tomas-Hoferica-10-rokov-Maco-1024x726.jpg 1024w, https:\/\/www.zusjcbb.sk\/wp-content\/uploads\/2023\/05\/Tomas-Hoferica-10-rokov-Maco-300x213.jpg 300w, https:\/\/www.zusjcbb.sk\/wp-content\/uploads\/2023\/05\/Tomas-Hoferica-10-rokov-Maco-768x544.jpg 768w, https:\/\/www.zusjcbb.sk\/wp-content\/uploads\/2023\/05\/Tomas-Hoferica-10-rokov-Maco-1536x1088.jpg 1536w, https:\/\/www.zusjcbb.sk\/wp-content\/uploads\/2023\/05\/Tomas-Hoferica-10-rokov-Maco-2048x1451.jpg 2048w\" sizes=\"(max-width: 1024px) 100vw, 1024px\" \/><\/a><figcaption>Tom\u00e1\u0161 Hoferica, 10 rokov, Maco<\/figcaption><\/figure>\n\n\n\n<p><strong>Teodor Jen\u010da, 8&nbsp;<\/strong>rokov, ZU\u0160 F. \u0160p\u00e1niho, \u017dilina<\/p>\n\n\n\n<figure class=\"wp-block-image size-large\"><a href=\"https:\/\/www.zusjcbb.sk\/wp-content\/uploads\/2023\/05\/Teodor-Jenca-8-rokov-Africky-tanec-scaled.jpg\"><img loading=\"lazy\" width=\"1024\" height=\"710\" src=\"https:\/\/www.zusjcbb.sk\/wp-content\/uploads\/2023\/05\/Teodor-Jenca-8-rokov-Africky-tanec-1024x710.jpg\" alt=\"\" class=\"wp-image-10419\" srcset=\"https:\/\/www.zusjcbb.sk\/wp-content\/uploads\/2023\/05\/Teodor-Jenca-8-rokov-Africky-tanec-1024x710.jpg 1024w, https:\/\/www.zusjcbb.sk\/wp-content\/uploads\/2023\/05\/Teodor-Jenca-8-rokov-Africky-tanec-300x208.jpg 300w, https:\/\/www.zusjcbb.sk\/wp-content\/uploads\/2023\/05\/Teodor-Jenca-8-rokov-Africky-tanec-768x532.jpg 768w, https:\/\/www.zusjcbb.sk\/wp-content\/uploads\/2023\/05\/Teodor-Jenca-8-rokov-Africky-tanec-1536x1065.jpg 1536w, https:\/\/www.zusjcbb.sk\/wp-content\/uploads\/2023\/05\/Teodor-Jenca-8-rokov-Africky-tanec-2048x1420.jpg 2048w\" sizes=\"(max-width: 1024px) 100vw, 1024px\" \/><\/a><figcaption>Teodor Jen\u010da, 8 rokov, Africk\u00fd tanec<\/figcaption><\/figure>\n\n\n\n<p><strong>Laura Hlavat\u00e1, 9&nbsp;<\/strong>rokov, SZU\u0160 Turany<\/p>\n\n\n\n<figure class=\"wp-block-image size-large\"><a href=\"https:\/\/www.zusjcbb.sk\/wp-content\/uploads\/2023\/05\/Laura-Hlavata-9-rokov-Zebra-scaled.jpg\"><img loading=\"lazy\" width=\"702\" height=\"1024\" src=\"https:\/\/www.zusjcbb.sk\/wp-content\/uploads\/2023\/05\/Laura-Hlavata-9-rokov-Zebra-702x1024.jpg\" alt=\"\" class=\"wp-image-10409\" srcset=\"https:\/\/www.zusjcbb.sk\/wp-content\/uploads\/2023\/05\/Laura-Hlavata-9-rokov-Zebra-702x1024.jpg 702w, https:\/\/www.zusjcbb.sk\/wp-content\/uploads\/2023\/05\/Laura-Hlavata-9-rokov-Zebra-206x300.jpg 206w, https:\/\/www.zusjcbb.sk\/wp-content\/uploads\/2023\/05\/Laura-Hlavata-9-rokov-Zebra-768x1120.jpg 768w, https:\/\/www.zusjcbb.sk\/wp-content\/uploads\/2023\/05\/Laura-Hlavata-9-rokov-Zebra-1054x1536.jpg 1054w, https:\/\/www.zusjcbb.sk\/wp-content\/uploads\/2023\/05\/Laura-Hlavata-9-rokov-Zebra-1405x2048.jpg 1405w, https:\/\/www.zusjcbb.sk\/wp-content\/uploads\/2023\/05\/Laura-Hlavata-9-rokov-Zebra-scaled.jpg 1756w\" sizes=\"(max-width: 702px) 100vw, 702px\" \/><\/a><figcaption>Laura Hlavat\u00e1, 9 rokov, Zebra<\/figcaption><\/figure>\n\n\n\n<p><strong>Sofia Burdov\u00e1, 16&nbsp;<\/strong>rokov, ZU\u0160 Rimavsk\u00e1 Sobota<\/p>\n\n\n\n<figure class=\"wp-block-image size-large\"><a href=\"https:\/\/www.zusjcbb.sk\/wp-content\/uploads\/2023\/05\/Sofia-Burdova-16-rokov-Rytmus-farieb-scaled.jpg\"><img loading=\"lazy\" width=\"1024\" height=\"717\" src=\"https:\/\/www.zusjcbb.sk\/wp-content\/uploads\/2023\/05\/Sofia-Burdova-16-rokov-Rytmus-farieb-1024x717.jpg\" alt=\"\" class=\"wp-image-10418\" srcset=\"https:\/\/www.zusjcbb.sk\/wp-content\/uploads\/2023\/05\/Sofia-Burdova-16-rokov-Rytmus-farieb-1024x717.jpg 1024w, https:\/\/www.zusjcbb.sk\/wp-content\/uploads\/2023\/05\/Sofia-Burdova-16-rokov-Rytmus-farieb-300x210.jpg 300w, https:\/\/www.zusjcbb.sk\/wp-content\/uploads\/2023\/05\/Sofia-Burdova-16-rokov-Rytmus-farieb-768x538.jpg 768w, https:\/\/www.zusjcbb.sk\/wp-content\/uploads\/2023\/05\/Sofia-Burdova-16-rokov-Rytmus-farieb-1536x1075.jpg 1536w, https:\/\/www.zusjcbb.sk\/wp-content\/uploads\/2023\/05\/Sofia-Burdova-16-rokov-Rytmus-farieb-2048x1434.jpg 2048w\" sizes=\"(max-width: 1024px) 100vw, 1024px\" \/><\/a><figcaption>Sofia Burdov\u00e1, 16 rokov, Rytmus farieb<\/figcaption><\/figure>\n\n\n\n<p><strong>Yunji Shin, 8&nbsp;<\/strong>rokov, ZU\u0160 L. \u00c1rvaya, el. p., \u017dilina<\/p>\n\n\n\n<figure class=\"wp-block-image size-large\"><a href=\"https:\/\/www.zusjcbb.sk\/wp-content\/uploads\/2023\/05\/Yunji-Shin-8-rokov-scaled.jpg\"><img loading=\"lazy\" width=\"1024\" height=\"724\" src=\"https:\/\/www.zusjcbb.sk\/wp-content\/uploads\/2023\/05\/Yunji-Shin-8-rokov-1024x724.jpg\" alt=\"\" class=\"wp-image-10422\" srcset=\"https:\/\/www.zusjcbb.sk\/wp-content\/uploads\/2023\/05\/Yunji-Shin-8-rokov-1024x724.jpg 1024w, https:\/\/www.zusjcbb.sk\/wp-content\/uploads\/2023\/05\/Yunji-Shin-8-rokov-300x212.jpg 300w, https:\/\/www.zusjcbb.sk\/wp-content\/uploads\/2023\/05\/Yunji-Shin-8-rokov-768x543.jpg 768w, https:\/\/www.zusjcbb.sk\/wp-content\/uploads\/2023\/05\/Yunji-Shin-8-rokov-1536x1086.jpg 1536w, https:\/\/www.zusjcbb.sk\/wp-content\/uploads\/2023\/05\/Yunji-Shin-8-rokov-2048x1449.jpg 2048w\" sizes=\"(max-width: 1024px) 100vw, 1024px\" \/><\/a><figcaption>Yunji Shin, 8 rokov<\/figcaption><\/figure>\n\n\n\n<p><strong>Peter Bonda \u2013 6 r.,&nbsp;<\/strong>SZU\u0160 Martin<\/p>\n\n\n\n<figure class=\"wp-block-image size-large\"><a href=\"https:\/\/www.zusjcbb.sk\/wp-content\/uploads\/2023\/05\/Peter-Bonda-6-rokov-Pav-scaled.jpg\"><img loading=\"lazy\" width=\"723\" height=\"1024\" src=\"https:\/\/www.zusjcbb.sk\/wp-content\/uploads\/2023\/05\/Peter-Bonda-6-rokov-Pav-723x1024.jpg\" alt=\"\" class=\"wp-image-10415\" srcset=\"https:\/\/www.zusjcbb.sk\/wp-content\/uploads\/2023\/05\/Peter-Bonda-6-rokov-Pav-723x1024.jpg 723w, https:\/\/www.zusjcbb.sk\/wp-content\/uploads\/2023\/05\/Peter-Bonda-6-rokov-Pav-212x300.jpg 212w, https:\/\/www.zusjcbb.sk\/wp-content\/uploads\/2023\/05\/Peter-Bonda-6-rokov-Pav-768x1088.jpg 768w, https:\/\/www.zusjcbb.sk\/wp-content\/uploads\/2023\/05\/Peter-Bonda-6-rokov-Pav-1084x1536.jpg 1084w, https:\/\/www.zusjcbb.sk\/wp-content\/uploads\/2023\/05\/Peter-Bonda-6-rokov-Pav-1446x2048.jpg 1446w, https:\/\/www.zusjcbb.sk\/wp-content\/uploads\/2023\/05\/Peter-Bonda-6-rokov-Pav-scaled.jpg 1807w\" sizes=\"(max-width: 723px) 100vw, 723px\" \/><\/a><figcaption>Peter Bonda, 6 rokov, P\u00e1v<\/figcaption><\/figure>\n\n\n\n<p><strong>Peter Strme\u0148, 12&nbsp;<\/strong>rokov, , ZU\u0160 J. Cikkera Bansk\u00e1 Bystrica<\/p>\n\n\n\n<figure class=\"wp-block-image size-large\"><a href=\"https:\/\/www.zusjcbb.sk\/wp-content\/uploads\/2023\/05\/Peter-Strmen-12-rokov-Hudba-scaled.jpg\"><img loading=\"lazy\" width=\"1024\" height=\"683\" src=\"https:\/\/www.zusjcbb.sk\/wp-content\/uploads\/2023\/05\/Peter-Strmen-12-rokov-Hudba-1024x683.jpg\" alt=\"\" class=\"wp-image-10416\" srcset=\"https:\/\/www.zusjcbb.sk\/wp-content\/uploads\/2023\/05\/Peter-Strmen-12-rokov-Hudba-1024x683.jpg 1024w, https:\/\/www.zusjcbb.sk\/wp-content\/uploads\/2023\/05\/Peter-Strmen-12-rokov-Hudba-300x200.jpg 300w, https:\/\/www.zusjcbb.sk\/wp-content\/uploads\/2023\/05\/Peter-Strmen-12-rokov-Hudba-768x512.jpg 768w, https:\/\/www.zusjcbb.sk\/wp-content\/uploads\/2023\/05\/Peter-Strmen-12-rokov-Hudba-1536x1024.jpg 1536w, https:\/\/www.zusjcbb.sk\/wp-content\/uploads\/2023\/05\/Peter-Strmen-12-rokov-Hudba-2048x1365.jpg 2048w, https:\/\/www.zusjcbb.sk\/wp-content\/uploads\/2023\/05\/Peter-Strmen-12-rokov-Hudba-930x620.jpg 930w\" sizes=\"(max-width: 1024px) 100vw, 1024px\" \/><\/a><figcaption>Peter Strme\u0148, 12 rokov, Hudba<\/figcaption><\/figure>\n\n\n\n<p><strong>Anna Forg\u00e1\u010dov\u00e1 \u2013 6 r.,&nbsp;<\/strong>ZU\u0160 P.M. Boh\u00fa\u0148a, Doln\u00fd Kub\u00edn<\/p>\n\n\n\n<figure class=\"wp-block-image size-large\"><a href=\"https:\/\/www.zusjcbb.sk\/wp-content\/uploads\/2023\/05\/Anna-Forgacova-6-rokov-Leopard-scaled.jpg\"><img loading=\"lazy\" width=\"1024\" height=\"722\" src=\"https:\/\/www.zusjcbb.sk\/wp-content\/uploads\/2023\/05\/Anna-Forgacova-6-rokov-Leopard-1024x722.jpg\" alt=\"\" class=\"wp-image-10405\" srcset=\"https:\/\/www.zusjcbb.sk\/wp-content\/uploads\/2023\/05\/Anna-Forgacova-6-rokov-Leopard-1024x722.jpg 1024w, https:\/\/www.zusjcbb.sk\/wp-content\/uploads\/2023\/05\/Anna-Forgacova-6-rokov-Leopard-300x212.jpg 300w, https:\/\/www.zusjcbb.sk\/wp-content\/uploads\/2023\/05\/Anna-Forgacova-6-rokov-Leopard-768x541.jpg 768w, https:\/\/www.zusjcbb.sk\/wp-content\/uploads\/2023\/05\/Anna-Forgacova-6-rokov-Leopard-1536x1083.jpg 1536w, https:\/\/www.zusjcbb.sk\/wp-content\/uploads\/2023\/05\/Anna-Forgacova-6-rokov-Leopard-2048x1444.jpg 2048w\" sizes=\"(max-width: 1024px) 100vw, 1024px\" \/><\/a><figcaption>Anna Forg\u00e1\u010dov\u00e1, 6 rokov, Leopard<\/figcaption><\/figure>\n\n\n\n<p><strong>Melany Bodiov\u00e1 \u2013 7 r.,&nbsp;<\/strong>ZU\u0160 Rimavsk\u00e1 Sobota<\/p>\n\n\n\n<figure class=\"wp-block-image size-large\"><a href=\"https:\/\/www.zusjcbb.sk\/wp-content\/uploads\/2023\/05\/Melany-Bodiova-7-rokov-Vesmirny-poriadok-scaled.jpg\"><img loading=\"lazy\" width=\"725\" height=\"1024\" src=\"https:\/\/www.zusjcbb.sk\/wp-content\/uploads\/2023\/05\/Melany-Bodiova-7-rokov-Vesmirny-poriadok-725x1024.jpg\" alt=\"\" class=\"wp-image-10410\" srcset=\"https:\/\/www.zusjcbb.sk\/wp-content\/uploads\/2023\/05\/Melany-Bodiova-7-rokov-Vesmirny-poriadok-725x1024.jpg 725w, https:\/\/www.zusjcbb.sk\/wp-content\/uploads\/2023\/05\/Melany-Bodiova-7-rokov-Vesmirny-poriadok-212x300.jpg 212w, https:\/\/www.zusjcbb.sk\/wp-content\/uploads\/2023\/05\/Melany-Bodiova-7-rokov-Vesmirny-poriadok-768x1085.jpg 768w, https:\/\/www.zusjcbb.sk\/wp-content\/uploads\/2023\/05\/Melany-Bodiova-7-rokov-Vesmirny-poriadok-1087x1536.jpg 1087w, https:\/\/www.zusjcbb.sk\/wp-content\/uploads\/2023\/05\/Melany-Bodiova-7-rokov-Vesmirny-poriadok-1449x2048.jpg 1449w, https:\/\/www.zusjcbb.sk\/wp-content\/uploads\/2023\/05\/Melany-Bodiova-7-rokov-Vesmirny-poriadok-scaled.jpg 1811w\" sizes=\"(max-width: 725px) 100vw, 725px\" \/><\/a><figcaption>Melany Bodiov\u00e1, 7 rokov, Vesm\u00edrny poriadok<\/figcaption><\/figure>\n\n\n\n<p><strong>Al\u017ebeta Kore\u0148ov\u00e1, 13&nbsp;<\/strong>rokov, ZU\u0160 J. Cikkera Bansk\u00e1 Bystrica<\/p>\n\n\n\n<figure class=\"wp-block-image size-large\"><a href=\"https:\/\/www.zusjcbb.sk\/wp-content\/uploads\/2023\/05\/Alzbeta-Korenova-14-rokov-Medvedik-myval-scaled.jpg\"><img loading=\"lazy\" width=\"714\" height=\"1024\" src=\"https:\/\/www.zusjcbb.sk\/wp-content\/uploads\/2023\/05\/Alzbeta-Korenova-14-rokov-Medvedik-myval-714x1024.jpg\" alt=\"\" class=\"wp-image-10403\" srcset=\"https:\/\/www.zusjcbb.sk\/wp-content\/uploads\/2023\/05\/Alzbeta-Korenova-14-rokov-Medvedik-myval-714x1024.jpg 714w, https:\/\/www.zusjcbb.sk\/wp-content\/uploads\/2023\/05\/Alzbeta-Korenova-14-rokov-Medvedik-myval-209x300.jpg 209w, https:\/\/www.zusjcbb.sk\/wp-content\/uploads\/2023\/05\/Alzbeta-Korenova-14-rokov-Medvedik-myval-768x1102.jpg 768w, https:\/\/www.zusjcbb.sk\/wp-content\/uploads\/2023\/05\/Alzbeta-Korenova-14-rokov-Medvedik-myval-1070x1536.jpg 1070w, https:\/\/www.zusjcbb.sk\/wp-content\/uploads\/2023\/05\/Alzbeta-Korenova-14-rokov-Medvedik-myval-1427x2048.jpg 1427w, https:\/\/www.zusjcbb.sk\/wp-content\/uploads\/2023\/05\/Alzbeta-Korenova-14-rokov-Medvedik-myval-scaled.jpg 1784w\" sizes=\"(max-width: 714px) 100vw, 714px\" \/><\/a><figcaption>Al\u017ebeta Kore\u0148ov\u00e1, 14 rokov, Medved\u00edk m\u00fdval<\/figcaption><\/figure>\n\n\n\n<p><strong>Anna Soment\u00e1lov\u00e1 \u2013 7 r.,&nbsp;<\/strong>ZU\u0160 Smi\u017eany<\/p>\n\n\n\n<figure class=\"wp-block-image size-large\"><a href=\"https:\/\/www.zusjcbb.sk\/wp-content\/uploads\/2023\/05\/Anna-Somentalova-7-rokov-V-dave-scaled.jpg\"><img loading=\"lazy\" width=\"733\" height=\"1024\" src=\"https:\/\/www.zusjcbb.sk\/wp-content\/uploads\/2023\/05\/Anna-Somentalova-7-rokov-V-dave-733x1024.jpg\" alt=\"\" class=\"wp-image-10406\" srcset=\"https:\/\/www.zusjcbb.sk\/wp-content\/uploads\/2023\/05\/Anna-Somentalova-7-rokov-V-dave-733x1024.jpg 733w, https:\/\/www.zusjcbb.sk\/wp-content\/uploads\/2023\/05\/Anna-Somentalova-7-rokov-V-dave-215x300.jpg 215w, https:\/\/www.zusjcbb.sk\/wp-content\/uploads\/2023\/05\/Anna-Somentalova-7-rokov-V-dave-768x1073.jpg 768w, https:\/\/www.zusjcbb.sk\/wp-content\/uploads\/2023\/05\/Anna-Somentalova-7-rokov-V-dave-1099x1536.jpg 1099w, https:\/\/www.zusjcbb.sk\/wp-content\/uploads\/2023\/05\/Anna-Somentalova-7-rokov-V-dave-1466x2048.jpg 1466w, https:\/\/www.zusjcbb.sk\/wp-content\/uploads\/2023\/05\/Anna-Somentalova-7-rokov-V-dave-scaled.jpg 1832w\" sizes=\"(max-width: 733px) 100vw, 733px\" \/><\/a><figcaption>Anna Soment\u00e1lov\u00e1, 7 rokov, V dave<\/figcaption><\/figure>\n\n\n\n<p><strong>Al\u017ebeta Ujhelyov\u00e1, 13&nbsp;<\/strong>rokov, ZU\u0160 J. Cikkera Bansk\u00e1 Bystrica<\/p>\n\n\n\n<figure class=\"wp-block-image size-large\"><a href=\"https:\/\/www.zusjcbb.sk\/wp-content\/uploads\/2023\/05\/Alzbeta-Ujhelyova-13-rokov-Rytmus-vsednych-veci-scaled.jpg\"><img loading=\"lazy\" width=\"758\" height=\"1024\" src=\"https:\/\/www.zusjcbb.sk\/wp-content\/uploads\/2023\/05\/Alzbeta-Ujhelyova-13-rokov-Rytmus-vsednych-veci-758x1024.jpg\" alt=\"\" class=\"wp-image-10404\" srcset=\"https:\/\/www.zusjcbb.sk\/wp-content\/uploads\/2023\/05\/Alzbeta-Ujhelyova-13-rokov-Rytmus-vsednych-veci-758x1024.jpg 758w, https:\/\/www.zusjcbb.sk\/wp-content\/uploads\/2023\/05\/Alzbeta-Ujhelyova-13-rokov-Rytmus-vsednych-veci-222x300.jpg 222w, https:\/\/www.zusjcbb.sk\/wp-content\/uploads\/2023\/05\/Alzbeta-Ujhelyova-13-rokov-Rytmus-vsednych-veci-768x1037.jpg 768w, https:\/\/www.zusjcbb.sk\/wp-content\/uploads\/2023\/05\/Alzbeta-Ujhelyova-13-rokov-Rytmus-vsednych-veci-1137x1536.jpg 1137w, https:\/\/www.zusjcbb.sk\/wp-content\/uploads\/2023\/05\/Alzbeta-Ujhelyova-13-rokov-Rytmus-vsednych-veci-1516x2048.jpg 1516w, https:\/\/www.zusjcbb.sk\/wp-content\/uploads\/2023\/05\/Alzbeta-Ujhelyova-13-rokov-Rytmus-vsednych-veci-scaled.jpg 1896w\" sizes=\"(max-width: 758px) 100vw, 758px\" \/><\/a><figcaption>Al\u017ebeta Ujhelyov\u00e1, 13 rokov, Rytmus v\u0161edn\u00fdch vec\u00ed<\/figcaption><\/figure>\n\n\n\n<p class=\"has-text-align-center has-medium-font-size\"><strong><a href=\"https:\/\/www.zusjcbb.sk\/?page_id=10521\">Zlat\u00e9 p\u00e1smo 1. kateg\u00f3ria<\/a><\/strong><\/p>\n\n\n\n<p class=\"has-text-align-center has-medium-font-size\"><strong><a href=\"https:\/\/www.zusjcbb.sk\/?page_id=10544\">Zlat\u00e9 p\u00e1smo 2. kateg\u00f3ria<\/a><\/strong><\/p>\n\n\n\n<p class=\"has-text-align-center has-medium-font-size\"><strong><a href=\"https:\/\/www.zusjcbb.sk\/?page_id=10568\">Zlat\u00e9 p\u00e1smo 3. kateg\u00f3ria<\/a><\/strong><\/p>\n\n\n\n<p class=\"has-text-align-center has-medium-font-size\"><strong><a href=\"https:\/\/www.zusjcbb.sk\/?page_id=10589\">Zlat\u00e9 p\u00e1smo 4. kateg\u00f3ria<\/a><\/strong><\/p>\n\n\n\n<figure class=\"wp-block-gallery has-nested-images columns-2 is-cropped\"><\/figure>\n\n\n\n<p><\/p>\n\n\n\n<div class=\"wp-block-themeisle-blocks-advanced-columns has-undefined-columns has-desktop-undefined-layout has-tablet-equal-layout has-mobile-equal-layout has-default-gap has-vertical-unset\" id=\"wp-block-themeisle-blocks-advanced-columns-3213f5f3\"><div class=\"wp-block-themeisle-blocks-advanced-columns-overlay\"><\/div><div class=\"innerblocks-wrap\"><\/div><\/div>\n","protected":false},"excerpt":{"rendered":"<p>Hlavn\u00e1 cena Dami\u00e1n Poliak \u2013 5 r.,&nbsp;SZU\u0160 Turany Cena predsedu poroty Silvia Jon\u00e1kov\u00e1, 12&nbsp;rokov, ZU\u0160 P.M. Boh\u00fa\u0148a, Doln\u00fd Kub\u00edn Zvl\u00e1\u0161tna cena Emma Haring, 9&nbsp;rokov, ZU\u0160 Holi\u010d Cena Stredoslovenskej gal\u00e9rie Nat\u00e1lia Dol\u0148anov\u00e1, 15&nbsp;rokov, ZU\u0160 J. Cikkera Bansk\u00e1 Bystrica Ceny EX AEQUE Patr\u00edcia Ballayov\u00e1 , 11&nbsp;rokov, ZU\u0160 L. \u00c1rvaya, el. p., \u017dilina Nade\u017eda Snov\u00e1kov\u00e1, 8&nbsp;rokov, ZU\u0160 P.M.&hellip;&nbsp;<a href=\"https:\/\/www.zusjcbb.sk\/?page_id=10380\" class=\"\" rel=\"bookmark\">\u010c\u00edta\u0165 viac &raquo;<span class=\"screen-reader-text\">Gal\u00e9ria Ma\u013eovan\u00e1 ZU\u0160-ka 2023<\/span><\/a><\/p>\n","protected":false},"author":2,"featured_media":0,"parent":172,"menu_order":0,"comment_status":"closed","ping_status":"closed","template":"","meta":{"neve_meta_sidebar":"full-width","neve_meta_container":"","neve_meta_enable_content_width":"on","neve_meta_content_width":100,"neve_meta_title_alignment":"","neve_meta_author_avatar":"","neve_post_elements_order":"","neve_meta_disable_header":"","neve_meta_disable_footer":"","neve_meta_disable_title":""},"_links":{"self":[{"href":"https:\/\/www.zusjcbb.sk\/index.php?rest_route=\/wp\/v2\/pages\/10380"}],"collection":[{"href":"https:\/\/www.zusjcbb.sk\/index.php?rest_route=\/wp\/v2\/pages"}],"about":[{"href":"https:\/\/www.zusjcbb.sk\/index.php?rest_route=\/wp\/v2\/types\/page"}],"author":[{"embeddable":true,"href":"https:\/\/www.zusjcbb.sk\/index.php?rest_route=\/wp\/v2\/users\/2"}],"replies":[{"embeddable":true,"href":"https:\/\/www.zusjcbb.sk\/index.php?rest_route=%2Fwp%2Fv2%2Fcomments&post=10380"}],"version-history":[{"count":31,"href":"https:\/\/www.zusjcbb.sk\/index.php?rest_route=\/wp\/v2\/pages\/10380\/revisions"}],"predecessor-version":[{"id":10596,"href":"https:\/\/www.zusjcbb.sk\/index.php?rest_route=\/wp\/v2\/pages\/10380\/revisions\/10596"}],"up":[{"embeddable":true,"href":"https:\/\/www.zusjcbb.sk\/index.php?rest_route=\/wp\/v2\/pages\/172"}],"wp:attachment":[{"href":"https:\/\/www.zusjcbb.sk\/index.php?rest_route=%2Fwp%2Fv2%2Fmedia&parent=10380"}],"curies":[{"name":"wp","href":"https:\/\/api.w.org\/{rel}","templated":true}]}}