{"id":10568,"date":"2023-05-19T07:54:53","date_gmt":"2023-05-19T05:54:53","guid":{"rendered":"https:\/\/www.zusjcbb.sk\/?page_id=10568"},"modified":"2023-05-19T07:54:54","modified_gmt":"2023-05-19T05:54:54","slug":"zlate-pasmo-3-kategoria-malovana-zus-ka-2023","status":"publish","type":"page","link":"https:\/\/www.zusjcbb.sk\/?page_id=10568","title":{"rendered":"Zlat\u00e9 p\u00e1smo 3. kateg\u00f3ria Ma\u013eovan\u00e1 ZU\u0160-ka 2023"},"content":{"rendered":"\n<figure class=\"wp-block-image size-large\"><a href=\"https:\/\/www.zusjcbb.sk\/wp-content\/uploads\/2023\/05\/Hana-Ruskova-13-rokov-scaled.jpg\"><img loading=\"lazy\" width=\"692\" height=\"1024\" src=\"https:\/\/www.zusjcbb.sk\/wp-content\/uploads\/2023\/05\/Hana-Ruskova-13-rokov-692x1024.jpg\" alt=\"\" class=\"wp-image-10583\" srcset=\"https:\/\/www.zusjcbb.sk\/wp-content\/uploads\/2023\/05\/Hana-Ruskova-13-rokov-692x1024.jpg 692w, https:\/\/www.zusjcbb.sk\/wp-content\/uploads\/2023\/05\/Hana-Ruskova-13-rokov-203x300.jpg 203w, https:\/\/www.zusjcbb.sk\/wp-content\/uploads\/2023\/05\/Hana-Ruskova-13-rokov-768x1136.jpg 768w, https:\/\/www.zusjcbb.sk\/wp-content\/uploads\/2023\/05\/Hana-Ruskova-13-rokov-1038x1536.jpg 1038w, https:\/\/www.zusjcbb.sk\/wp-content\/uploads\/2023\/05\/Hana-Ruskova-13-rokov-1384x2048.jpg 1384w, https:\/\/www.zusjcbb.sk\/wp-content\/uploads\/2023\/05\/Hana-Ruskova-13-rokov-scaled.jpg 1731w\" sizes=\"(max-width: 692px) 100vw, 692px\" \/><\/a><figcaption>Hana Ruskov\u00e1, 13 rokov<\/figcaption><\/figure>\n\n\n\n<figure class=\"wp-block-image size-large\"><a href=\"https:\/\/www.zusjcbb.sk\/wp-content\/uploads\/2023\/05\/Patrik-Filo-12-rokov-Husenica-scaled.jpg\"><img loading=\"lazy\" width=\"722\" height=\"1024\" src=\"https:\/\/www.zusjcbb.sk\/wp-content\/uploads\/2023\/05\/Patrik-Filo-12-rokov-Husenica-722x1024.jpg\" alt=\"\" class=\"wp-image-10577\" srcset=\"https:\/\/www.zusjcbb.sk\/wp-content\/uploads\/2023\/05\/Patrik-Filo-12-rokov-Husenica-722x1024.jpg 722w, https:\/\/www.zusjcbb.sk\/wp-content\/uploads\/2023\/05\/Patrik-Filo-12-rokov-Husenica-212x300.jpg 212w, https:\/\/www.zusjcbb.sk\/wp-content\/uploads\/2023\/05\/Patrik-Filo-12-rokov-Husenica-768x1089.jpg 768w, https:\/\/www.zusjcbb.sk\/wp-content\/uploads\/2023\/05\/Patrik-Filo-12-rokov-Husenica-1083x1536.jpg 1083w, https:\/\/www.zusjcbb.sk\/wp-content\/uploads\/2023\/05\/Patrik-Filo-12-rokov-Husenica-1445x2048.jpg 1445w, https:\/\/www.zusjcbb.sk\/wp-content\/uploads\/2023\/05\/Patrik-Filo-12-rokov-Husenica-scaled.jpg 1806w\" sizes=\"(max-width: 722px) 100vw, 722px\" \/><\/a><figcaption>Patrik Filo, 12 rokov, H\u00fasenica<\/figcaption><\/figure>\n\n\n\n<figure class=\"wp-block-image size-large\"><a href=\"https:\/\/www.zusjcbb.sk\/wp-content\/uploads\/2023\/05\/Marek-Malik-15-rokov-Robot-scaled.jpg\"><img loading=\"lazy\" width=\"389\" height=\"1024\" src=\"https:\/\/www.zusjcbb.sk\/wp-content\/uploads\/2023\/05\/Marek-Malik-15-rokov-Robot-389x1024.jpg\" alt=\"\" class=\"wp-image-10573\" srcset=\"https:\/\/www.zusjcbb.sk\/wp-content\/uploads\/2023\/05\/Marek-Malik-15-rokov-Robot-389x1024.jpg 389w, https:\/\/www.zusjcbb.sk\/wp-content\/uploads\/2023\/05\/Marek-Malik-15-rokov-Robot-114x300.jpg 114w, https:\/\/www.zusjcbb.sk\/wp-content\/uploads\/2023\/05\/Marek-Malik-15-rokov-Robot-768x2022.jpg 768w, https:\/\/www.zusjcbb.sk\/wp-content\/uploads\/2023\/05\/Marek-Malik-15-rokov-Robot-583x1536.jpg 583w, https:\/\/www.zusjcbb.sk\/wp-content\/uploads\/2023\/05\/Marek-Malik-15-rokov-Robot-778x2048.jpg 778w, https:\/\/www.zusjcbb.sk\/wp-content\/uploads\/2023\/05\/Marek-Malik-15-rokov-Robot-scaled.jpg 972w\" sizes=\"(max-width: 389px) 100vw, 389px\" \/><\/a><figcaption>Marek Mal\u00edk, 15 rokov, Robot<\/figcaption><\/figure>\n\n\n\n<figure class=\"wp-block-image size-large\"><a href=\"https:\/\/www.zusjcbb.sk\/wp-content\/uploads\/2023\/05\/Jan-Luptak-14-rokov-scaled.jpg\"><img loading=\"lazy\" width=\"767\" height=\"1024\" src=\"https:\/\/www.zusjcbb.sk\/wp-content\/uploads\/2023\/05\/Jan-Luptak-14-rokov-767x1024.jpg\" alt=\"\" class=\"wp-image-10572\" srcset=\"https:\/\/www.zusjcbb.sk\/wp-content\/uploads\/2023\/05\/Jan-Luptak-14-rokov-767x1024.jpg 767w, https:\/\/www.zusjcbb.sk\/wp-content\/uploads\/2023\/05\/Jan-Luptak-14-rokov-225x300.jpg 225w, https:\/\/www.zusjcbb.sk\/wp-content\/uploads\/2023\/05\/Jan-Luptak-14-rokov-768x1025.jpg 768w, https:\/\/www.zusjcbb.sk\/wp-content\/uploads\/2023\/05\/Jan-Luptak-14-rokov-1150x1536.jpg 1150w, https:\/\/www.zusjcbb.sk\/wp-content\/uploads\/2023\/05\/Jan-Luptak-14-rokov-1534x2048.jpg 1534w, https:\/\/www.zusjcbb.sk\/wp-content\/uploads\/2023\/05\/Jan-Luptak-14-rokov-scaled.jpg 1917w\" sizes=\"(max-width: 767px) 100vw, 767px\" \/><\/a><figcaption>J\u00e1n Lupt\u00e1k, 14 rokov<\/figcaption><\/figure>\n\n\n\n<figure class=\"wp-block-image size-large\"><a href=\"https:\/\/www.zusjcbb.sk\/wp-content\/uploads\/2023\/05\/Tamara-Ferencova-12-rokov-Voda-scaled.jpg\"><img loading=\"lazy\" width=\"665\" height=\"1024\" src=\"https:\/\/www.zusjcbb.sk\/wp-content\/uploads\/2023\/05\/Tamara-Ferencova-12-rokov-Voda-665x1024.jpg\" alt=\"\" class=\"wp-image-10581\" srcset=\"https:\/\/www.zusjcbb.sk\/wp-content\/uploads\/2023\/05\/Tamara-Ferencova-12-rokov-Voda-665x1024.jpg 665w, https:\/\/www.zusjcbb.sk\/wp-content\/uploads\/2023\/05\/Tamara-Ferencova-12-rokov-Voda-195x300.jpg 195w, https:\/\/www.zusjcbb.sk\/wp-content\/uploads\/2023\/05\/Tamara-Ferencova-12-rokov-Voda-768x1183.jpg 768w, https:\/\/www.zusjcbb.sk\/wp-content\/uploads\/2023\/05\/Tamara-Ferencova-12-rokov-Voda-997x1536.jpg 997w, https:\/\/www.zusjcbb.sk\/wp-content\/uploads\/2023\/05\/Tamara-Ferencova-12-rokov-Voda-1329x2048.jpg 1329w, https:\/\/www.zusjcbb.sk\/wp-content\/uploads\/2023\/05\/Tamara-Ferencova-12-rokov-Voda-scaled.jpg 1662w\" sizes=\"(max-width: 665px) 100vw, 665px\" \/><\/a><figcaption>Tamara Ferencov\u00e1, 12 rokov, Voda<\/figcaption><\/figure>\n\n\n\n<figure class=\"wp-block-image size-large\"><a href=\"https:\/\/www.zusjcbb.sk\/wp-content\/uploads\/2023\/05\/Darius-Urban-13-rokov-Pritazlivost-scaled.jpg\"><img loading=\"lazy\" width=\"715\" height=\"1024\" src=\"https:\/\/www.zusjcbb.sk\/wp-content\/uploads\/2023\/05\/Darius-Urban-13-rokov-Pritazlivost-715x1024.jpg\" alt=\"\" class=\"wp-image-10570\" srcset=\"https:\/\/www.zusjcbb.sk\/wp-content\/uploads\/2023\/05\/Darius-Urban-13-rokov-Pritazlivost-715x1024.jpg 715w, https:\/\/www.zusjcbb.sk\/wp-content\/uploads\/2023\/05\/Darius-Urban-13-rokov-Pritazlivost-209x300.jpg 209w, https:\/\/www.zusjcbb.sk\/wp-content\/uploads\/2023\/05\/Darius-Urban-13-rokov-Pritazlivost-768x1100.jpg 768w, https:\/\/www.zusjcbb.sk\/wp-content\/uploads\/2023\/05\/Darius-Urban-13-rokov-Pritazlivost-1072x1536.jpg 1072w, https:\/\/www.zusjcbb.sk\/wp-content\/uploads\/2023\/05\/Darius-Urban-13-rokov-Pritazlivost-1429x2048.jpg 1429w, https:\/\/www.zusjcbb.sk\/wp-content\/uploads\/2023\/05\/Darius-Urban-13-rokov-Pritazlivost-scaled.jpg 1787w\" sizes=\"(max-width: 715px) 100vw, 715px\" \/><\/a><figcaption>D\u00e1rius Urban, 13 rokov, Pr\u00ed\u0165a\u017elivos\u0165<\/figcaption><\/figure>\n\n\n\n<figure class=\"wp-block-image size-large\"><a href=\"https:\/\/www.zusjcbb.sk\/wp-content\/uploads\/2023\/05\/Maria-Spirkova-13-rokov-Rytmus-v-prirode-scaled.jpg\"><img loading=\"lazy\" width=\"749\" height=\"1024\" src=\"https:\/\/www.zusjcbb.sk\/wp-content\/uploads\/2023\/05\/Maria-Spirkova-13-rokov-Rytmus-v-prirode-749x1024.jpg\" alt=\"\" class=\"wp-image-10574\" srcset=\"https:\/\/www.zusjcbb.sk\/wp-content\/uploads\/2023\/05\/Maria-Spirkova-13-rokov-Rytmus-v-prirode-749x1024.jpg 749w, https:\/\/www.zusjcbb.sk\/wp-content\/uploads\/2023\/05\/Maria-Spirkova-13-rokov-Rytmus-v-prirode-220x300.jpg 220w, https:\/\/www.zusjcbb.sk\/wp-content\/uploads\/2023\/05\/Maria-Spirkova-13-rokov-Rytmus-v-prirode-768x1049.jpg 768w, https:\/\/www.zusjcbb.sk\/wp-content\/uploads\/2023\/05\/Maria-Spirkova-13-rokov-Rytmus-v-prirode-1124x1536.jpg 1124w, https:\/\/www.zusjcbb.sk\/wp-content\/uploads\/2023\/05\/Maria-Spirkova-13-rokov-Rytmus-v-prirode-1499x2048.jpg 1499w, https:\/\/www.zusjcbb.sk\/wp-content\/uploads\/2023\/05\/Maria-Spirkova-13-rokov-Rytmus-v-prirode-scaled.jpg 1874w\" sizes=\"(max-width: 749px) 100vw, 749px\" \/><\/a><figcaption>M\u00e1ria \u0160pirkov\u00e1, 13 rokov, Rytmus v pr\u00edrode<\/figcaption><\/figure>\n\n\n\n<figure class=\"wp-block-image size-large\"><a href=\"https:\/\/www.zusjcbb.sk\/wp-content\/uploads\/2023\/05\/Natalia-Murgasova-12-rokov-Portret-scaled.jpg\"><img loading=\"lazy\" width=\"1002\" height=\"1024\" src=\"https:\/\/www.zusjcbb.sk\/wp-content\/uploads\/2023\/05\/Natalia-Murgasova-12-rokov-Portret-1002x1024.jpg\" alt=\"\" class=\"wp-image-10576\" srcset=\"https:\/\/www.zusjcbb.sk\/wp-content\/uploads\/2023\/05\/Natalia-Murgasova-12-rokov-Portret-1002x1024.jpg 1002w, https:\/\/www.zusjcbb.sk\/wp-content\/uploads\/2023\/05\/Natalia-Murgasova-12-rokov-Portret-294x300.jpg 294w, https:\/\/www.zusjcbb.sk\/wp-content\/uploads\/2023\/05\/Natalia-Murgasova-12-rokov-Portret-768x785.jpg 768w, https:\/\/www.zusjcbb.sk\/wp-content\/uploads\/2023\/05\/Natalia-Murgasova-12-rokov-Portret-1504x1536.jpg 1504w, https:\/\/www.zusjcbb.sk\/wp-content\/uploads\/2023\/05\/Natalia-Murgasova-12-rokov-Portret-2005x2048.jpg 2005w\" sizes=\"(max-width: 1002px) 100vw, 1002px\" \/><\/a><figcaption>Nat\u00e1lia Murga\u0161ov\u00e1, 12 rokov, Portr\u00e9t<\/figcaption><\/figure>\n\n\n\n<figure class=\"wp-block-image size-large\"><a href=\"https:\/\/www.zusjcbb.sk\/wp-content\/uploads\/2023\/05\/Alzbeta-Jakubcova-13-rokov-Portret-scaled.jpg\"><img loading=\"lazy\" width=\"1021\" height=\"1024\" src=\"https:\/\/www.zusjcbb.sk\/wp-content\/uploads\/2023\/05\/Alzbeta-Jakubcova-13-rokov-Portret-1021x1024.jpg\" alt=\"\" class=\"wp-image-10565\" srcset=\"https:\/\/www.zusjcbb.sk\/wp-content\/uploads\/2023\/05\/Alzbeta-Jakubcova-13-rokov-Portret-1021x1024.jpg 1021w, https:\/\/www.zusjcbb.sk\/wp-content\/uploads\/2023\/05\/Alzbeta-Jakubcova-13-rokov-Portret-300x300.jpg 300w, https:\/\/www.zusjcbb.sk\/wp-content\/uploads\/2023\/05\/Alzbeta-Jakubcova-13-rokov-Portret-150x150.jpg 150w, https:\/\/www.zusjcbb.sk\/wp-content\/uploads\/2023\/05\/Alzbeta-Jakubcova-13-rokov-Portret-768x770.jpg 768w, https:\/\/www.zusjcbb.sk\/wp-content\/uploads\/2023\/05\/Alzbeta-Jakubcova-13-rokov-Portret-1532x1536.jpg 1532w, https:\/\/www.zusjcbb.sk\/wp-content\/uploads\/2023\/05\/Alzbeta-Jakubcova-13-rokov-Portret-2042x2048.jpg 2042w\" sizes=\"(max-width: 1021px) 100vw, 1021px\" \/><\/a><figcaption>Al\u017ebeta Jakub\u010dov\u00e1, 13 rokov, Portr\u00e9t<\/figcaption><\/figure>\n\n\n\n<figure class=\"wp-block-image size-large\"><a href=\"https:\/\/www.zusjcbb.sk\/wp-content\/uploads\/2023\/05\/Alzbeta-Ujhelyova-13-rokov-Rytmus-vsednych-veci-1-scaled.jpg\"><img loading=\"lazy\" width=\"758\" height=\"1024\" src=\"https:\/\/www.zusjcbb.sk\/wp-content\/uploads\/2023\/05\/Alzbeta-Ujhelyova-13-rokov-Rytmus-vsednych-veci-1-758x1024.jpg\" alt=\"\" class=\"wp-image-10567\" srcset=\"https:\/\/www.zusjcbb.sk\/wp-content\/uploads\/2023\/05\/Alzbeta-Ujhelyova-13-rokov-Rytmus-vsednych-veci-1-758x1024.jpg 758w, https:\/\/www.zusjcbb.sk\/wp-content\/uploads\/2023\/05\/Alzbeta-Ujhelyova-13-rokov-Rytmus-vsednych-veci-1-222x300.jpg 222w, https:\/\/www.zusjcbb.sk\/wp-content\/uploads\/2023\/05\/Alzbeta-Ujhelyova-13-rokov-Rytmus-vsednych-veci-1-768x1037.jpg 768w, https:\/\/www.zusjcbb.sk\/wp-content\/uploads\/2023\/05\/Alzbeta-Ujhelyova-13-rokov-Rytmus-vsednych-veci-1-1137x1536.jpg 1137w, https:\/\/www.zusjcbb.sk\/wp-content\/uploads\/2023\/05\/Alzbeta-Ujhelyova-13-rokov-Rytmus-vsednych-veci-1-1516x2048.jpg 1516w, https:\/\/www.zusjcbb.sk\/wp-content\/uploads\/2023\/05\/Alzbeta-Ujhelyova-13-rokov-Rytmus-vsednych-veci-1-scaled.jpg 1896w\" sizes=\"(max-width: 758px) 100vw, 758px\" \/><\/a><figcaption>Al\u017ebeta Ujhelyov\u00e1, 13 rokov, Rytmus v\u0161edn\u00fdch vec\u00ed<\/figcaption><\/figure>\n\n\n\n<figure class=\"wp-block-image size-large\"><a href=\"https:\/\/www.zusjcbb.sk\/wp-content\/uploads\/2023\/05\/Viktor-Szokovacs-14-rokov-V-tovarni-scaled.jpg\"><img loading=\"lazy\" width=\"1024\" height=\"706\" src=\"https:\/\/www.zusjcbb.sk\/wp-content\/uploads\/2023\/05\/Viktor-Szokovacs-14-rokov-V-tovarni-1024x706.jpg\" alt=\"\" class=\"wp-image-10582\" srcset=\"https:\/\/www.zusjcbb.sk\/wp-content\/uploads\/2023\/05\/Viktor-Szokovacs-14-rokov-V-tovarni-1024x706.jpg 1024w, https:\/\/www.zusjcbb.sk\/wp-content\/uploads\/2023\/05\/Viktor-Szokovacs-14-rokov-V-tovarni-300x207.jpg 300w, https:\/\/www.zusjcbb.sk\/wp-content\/uploads\/2023\/05\/Viktor-Szokovacs-14-rokov-V-tovarni-768x530.jpg 768w, https:\/\/www.zusjcbb.sk\/wp-content\/uploads\/2023\/05\/Viktor-Szokovacs-14-rokov-V-tovarni-1536x1060.jpg 1536w, https:\/\/www.zusjcbb.sk\/wp-content\/uploads\/2023\/05\/Viktor-Szokovacs-14-rokov-V-tovarni-2048x1413.jpg 2048w\" sizes=\"(max-width: 1024px) 100vw, 1024px\" \/><\/a><figcaption>Viktor Sz\u00f3kov\u00e1cs, 14 rokov, V tov\u00e1rni<\/figcaption><\/figure>\n\n\n\n<figure class=\"wp-block-image size-large\"><a href=\"https:\/\/www.zusjcbb.sk\/wp-content\/uploads\/2023\/05\/Alzbeta-Korenova-14-rokov-Medvedik-myval-1-scaled.jpg\"><img loading=\"lazy\" width=\"714\" height=\"1024\" src=\"https:\/\/www.zusjcbb.sk\/wp-content\/uploads\/2023\/05\/Alzbeta-Korenova-14-rokov-Medvedik-myval-1-714x1024.jpg\" alt=\"\" class=\"wp-image-10566\" srcset=\"https:\/\/www.zusjcbb.sk\/wp-content\/uploads\/2023\/05\/Alzbeta-Korenova-14-rokov-Medvedik-myval-1-714x1024.jpg 714w, https:\/\/www.zusjcbb.sk\/wp-content\/uploads\/2023\/05\/Alzbeta-Korenova-14-rokov-Medvedik-myval-1-209x300.jpg 209w, https:\/\/www.zusjcbb.sk\/wp-content\/uploads\/2023\/05\/Alzbeta-Korenova-14-rokov-Medvedik-myval-1-768x1102.jpg 768w, https:\/\/www.zusjcbb.sk\/wp-content\/uploads\/2023\/05\/Alzbeta-Korenova-14-rokov-Medvedik-myval-1-1070x1536.jpg 1070w, https:\/\/www.zusjcbb.sk\/wp-content\/uploads\/2023\/05\/Alzbeta-Korenova-14-rokov-Medvedik-myval-1-1427x2048.jpg 1427w, https:\/\/www.zusjcbb.sk\/wp-content\/uploads\/2023\/05\/Alzbeta-Korenova-14-rokov-Medvedik-myval-1-scaled.jpg 1784w\" sizes=\"(max-width: 714px) 100vw, 714px\" \/><\/a><figcaption>Al\u017ebeta Kore\u0148ov\u00e1, 14 rokov, Medved\u00edk m\u00fdval<\/figcaption><\/figure>\n\n\n\n<figure class=\"wp-block-image size-large\"><a href=\"https:\/\/www.zusjcbb.sk\/wp-content\/uploads\/2023\/05\/Daniela-Gombarova-14-rokov-Perspektiva-scaled.jpg\"><img loading=\"lazy\" width=\"699\" height=\"1024\" src=\"https:\/\/www.zusjcbb.sk\/wp-content\/uploads\/2023\/05\/Daniela-Gombarova-14-rokov-Perspektiva-699x1024.jpg\" alt=\"\" class=\"wp-image-10569\" srcset=\"https:\/\/www.zusjcbb.sk\/wp-content\/uploads\/2023\/05\/Daniela-Gombarova-14-rokov-Perspektiva-699x1024.jpg 699w, https:\/\/www.zusjcbb.sk\/wp-content\/uploads\/2023\/05\/Daniela-Gombarova-14-rokov-Perspektiva-205x300.jpg 205w, https:\/\/www.zusjcbb.sk\/wp-content\/uploads\/2023\/05\/Daniela-Gombarova-14-rokov-Perspektiva-768x1125.jpg 768w, https:\/\/www.zusjcbb.sk\/wp-content\/uploads\/2023\/05\/Daniela-Gombarova-14-rokov-Perspektiva-1048x1536.jpg 1048w, https:\/\/www.zusjcbb.sk\/wp-content\/uploads\/2023\/05\/Daniela-Gombarova-14-rokov-Perspektiva-1398x2048.jpg 1398w, https:\/\/www.zusjcbb.sk\/wp-content\/uploads\/2023\/05\/Daniela-Gombarova-14-rokov-Perspektiva-scaled.jpg 1747w\" sizes=\"(max-width: 699px) 100vw, 699px\" \/><\/a><figcaption>Daniela Gomb\u00e1rov\u00e1, 14 rokov, Perspekt\u00edva<\/figcaption><\/figure>\n\n\n\n<figure class=\"wp-block-image size-large\"><a href=\"https:\/\/www.zusjcbb.sk\/wp-content\/uploads\/2023\/05\/Silvia-Jonakova-12-rokov-1-scaled.jpg\"><img loading=\"lazy\" width=\"1024\" height=\"725\" src=\"https:\/\/www.zusjcbb.sk\/wp-content\/uploads\/2023\/05\/Silvia-Jonakova-12-rokov-1-1024x725.jpg\" alt=\"\" class=\"wp-image-10579\" srcset=\"https:\/\/www.zusjcbb.sk\/wp-content\/uploads\/2023\/05\/Silvia-Jonakova-12-rokov-1-1024x725.jpg 1024w, https:\/\/www.zusjcbb.sk\/wp-content\/uploads\/2023\/05\/Silvia-Jonakova-12-rokov-1-300x212.jpg 300w, https:\/\/www.zusjcbb.sk\/wp-content\/uploads\/2023\/05\/Silvia-Jonakova-12-rokov-1-768x544.jpg 768w, https:\/\/www.zusjcbb.sk\/wp-content\/uploads\/2023\/05\/Silvia-Jonakova-12-rokov-1-1536x1087.jpg 1536w, https:\/\/www.zusjcbb.sk\/wp-content\/uploads\/2023\/05\/Silvia-Jonakova-12-rokov-1-2048x1450.jpg 2048w\" sizes=\"(max-width: 1024px) 100vw, 1024px\" \/><\/a><figcaption>Silvia Jon\u00e1kov\u00e1, 12 rokov<\/figcaption><\/figure>\n\n\n\n<figure class=\"wp-block-image size-large\"><a href=\"https:\/\/www.zusjcbb.sk\/wp-content\/uploads\/2023\/05\/Natalia-Dolnanova-15-rokov-Namestie-1-scaled.jpg\"><img loading=\"lazy\" width=\"640\" height=\"1024\" src=\"https:\/\/www.zusjcbb.sk\/wp-content\/uploads\/2023\/05\/Natalia-Dolnanova-15-rokov-Namestie-1-640x1024.jpg\" alt=\"\" class=\"wp-image-10575\" srcset=\"https:\/\/www.zusjcbb.sk\/wp-content\/uploads\/2023\/05\/Natalia-Dolnanova-15-rokov-Namestie-1-640x1024.jpg 640w, https:\/\/www.zusjcbb.sk\/wp-content\/uploads\/2023\/05\/Natalia-Dolnanova-15-rokov-Namestie-1-187x300.jpg 187w, https:\/\/www.zusjcbb.sk\/wp-content\/uploads\/2023\/05\/Natalia-Dolnanova-15-rokov-Namestie-1-768x1230.jpg 768w, https:\/\/www.zusjcbb.sk\/wp-content\/uploads\/2023\/05\/Natalia-Dolnanova-15-rokov-Namestie-1-959x1536.jpg 959w, https:\/\/www.zusjcbb.sk\/wp-content\/uploads\/2023\/05\/Natalia-Dolnanova-15-rokov-Namestie-1-1279x2048.jpg 1279w, https:\/\/www.zusjcbb.sk\/wp-content\/uploads\/2023\/05\/Natalia-Dolnanova-15-rokov-Namestie-1-scaled.jpg 1599w\" sizes=\"(max-width: 640px) 100vw, 640px\" \/><\/a><figcaption>Nat\u00e1lia Dol\u0148anov\u00e1, 15 rokov, N\u00e1mestie<\/figcaption><\/figure>\n\n\n\n<figure class=\"wp-block-image size-large\"><a href=\"https:\/\/www.zusjcbb.sk\/wp-content\/uploads\/2023\/05\/Peter-Strmen-12-rokov-Hudba-1-scaled.jpg\"><img loading=\"lazy\" width=\"1024\" height=\"683\" src=\"https:\/\/www.zusjcbb.sk\/wp-content\/uploads\/2023\/05\/Peter-Strmen-12-rokov-Hudba-1-1024x683.jpg\" alt=\"\" class=\"wp-image-10584\" srcset=\"https:\/\/www.zusjcbb.sk\/wp-content\/uploads\/2023\/05\/Peter-Strmen-12-rokov-Hudba-1-1024x683.jpg 1024w, https:\/\/www.zusjcbb.sk\/wp-content\/uploads\/2023\/05\/Peter-Strmen-12-rokov-Hudba-1-300x200.jpg 300w, https:\/\/www.zusjcbb.sk\/wp-content\/uploads\/2023\/05\/Peter-Strmen-12-rokov-Hudba-1-768x512.jpg 768w, https:\/\/www.zusjcbb.sk\/wp-content\/uploads\/2023\/05\/Peter-Strmen-12-rokov-Hudba-1-1536x1024.jpg 1536w, https:\/\/www.zusjcbb.sk\/wp-content\/uploads\/2023\/05\/Peter-Strmen-12-rokov-Hudba-1-2048x1365.jpg 2048w, https:\/\/www.zusjcbb.sk\/wp-content\/uploads\/2023\/05\/Peter-Strmen-12-rokov-Hudba-1-930x620.jpg 930w\" sizes=\"(max-width: 1024px) 100vw, 1024px\" \/><\/a><figcaption>Peter Strme\u0148, 12 rokov, Hudba<\/figcaption><\/figure>\n\n\n\n<figure class=\"wp-block-image size-large\"><a href=\"https:\/\/www.zusjcbb.sk\/wp-content\/uploads\/2023\/05\/Saphira-Damerdjioui-14-rokov-scaled.jpg\"><img loading=\"lazy\" width=\"718\" height=\"1024\" src=\"https:\/\/www.zusjcbb.sk\/wp-content\/uploads\/2023\/05\/Saphira-Damerdjioui-14-rokov-718x1024.jpg\" alt=\"\" class=\"wp-image-10578\" srcset=\"https:\/\/www.zusjcbb.sk\/wp-content\/uploads\/2023\/05\/Saphira-Damerdjioui-14-rokov-718x1024.jpg 718w, https:\/\/www.zusjcbb.sk\/wp-content\/uploads\/2023\/05\/Saphira-Damerdjioui-14-rokov-210x300.jpg 210w, https:\/\/www.zusjcbb.sk\/wp-content\/uploads\/2023\/05\/Saphira-Damerdjioui-14-rokov-768x1096.jpg 768w, https:\/\/www.zusjcbb.sk\/wp-content\/uploads\/2023\/05\/Saphira-Damerdjioui-14-rokov-1077x1536.jpg 1077w, https:\/\/www.zusjcbb.sk\/wp-content\/uploads\/2023\/05\/Saphira-Damerdjioui-14-rokov-1436x2048.jpg 1436w, https:\/\/www.zusjcbb.sk\/wp-content\/uploads\/2023\/05\/Saphira-Damerdjioui-14-rokov-scaled.jpg 1794w\" sizes=\"(max-width: 718px) 100vw, 718px\" \/><\/a><figcaption>Saphira Damerdjioui, 14 rokov<\/figcaption><\/figure>\n\n\n\n<figure class=\"wp-block-image size-large\"><a href=\"https:\/\/www.zusjcbb.sk\/wp-content\/uploads\/2023\/05\/Greta-Balkova-14-rokov-scaled.jpg\"><img loading=\"lazy\" width=\"698\" height=\"1024\" src=\"https:\/\/www.zusjcbb.sk\/wp-content\/uploads\/2023\/05\/Greta-Balkova-14-rokov-698x1024.jpg\" alt=\"\" class=\"wp-image-10571\" srcset=\"https:\/\/www.zusjcbb.sk\/wp-content\/uploads\/2023\/05\/Greta-Balkova-14-rokov-698x1024.jpg 698w, https:\/\/www.zusjcbb.sk\/wp-content\/uploads\/2023\/05\/Greta-Balkova-14-rokov-204x300.jpg 204w, https:\/\/www.zusjcbb.sk\/wp-content\/uploads\/2023\/05\/Greta-Balkova-14-rokov-768x1127.jpg 768w, https:\/\/www.zusjcbb.sk\/wp-content\/uploads\/2023\/05\/Greta-Balkova-14-rokov-1047x1536.jpg 1047w, https:\/\/www.zusjcbb.sk\/wp-content\/uploads\/2023\/05\/Greta-Balkova-14-rokov-1396x2048.jpg 1396w, https:\/\/www.zusjcbb.sk\/wp-content\/uploads\/2023\/05\/Greta-Balkova-14-rokov-scaled.jpg 1745w\" sizes=\"(max-width: 698px) 100vw, 698px\" \/><\/a><figcaption>Gr\u00e9ta Balkov\u00e1, 14 rokov<\/figcaption><\/figure>\n\n\n\n<figure class=\"wp-block-image size-large\"><a href=\"https:\/\/www.zusjcbb.sk\/wp-content\/uploads\/2023\/05\/Sofia-Bodnarova-14-rokov-Tocime-sa-v-rytme-scaled.jpg\"><img loading=\"lazy\" width=\"708\" height=\"1024\" src=\"https:\/\/www.zusjcbb.sk\/wp-content\/uploads\/2023\/05\/Sofia-Bodnarova-14-rokov-Tocime-sa-v-rytme-708x1024.jpg\" alt=\"\" class=\"wp-image-10580\" srcset=\"https:\/\/www.zusjcbb.sk\/wp-content\/uploads\/2023\/05\/Sofia-Bodnarova-14-rokov-Tocime-sa-v-rytme-708x1024.jpg 708w, https:\/\/www.zusjcbb.sk\/wp-content\/uploads\/2023\/05\/Sofia-Bodnarova-14-rokov-Tocime-sa-v-rytme-208x300.jpg 208w, https:\/\/www.zusjcbb.sk\/wp-content\/uploads\/2023\/05\/Sofia-Bodnarova-14-rokov-Tocime-sa-v-rytme-768x1110.jpg 768w, https:\/\/www.zusjcbb.sk\/wp-content\/uploads\/2023\/05\/Sofia-Bodnarova-14-rokov-Tocime-sa-v-rytme-1062x1536.jpg 1062w, https:\/\/www.zusjcbb.sk\/wp-content\/uploads\/2023\/05\/Sofia-Bodnarova-14-rokov-Tocime-sa-v-rytme-1417x2048.jpg 1417w, https:\/\/www.zusjcbb.sk\/wp-content\/uploads\/2023\/05\/Sofia-Bodnarova-14-rokov-Tocime-sa-v-rytme-scaled.jpg 1771w\" sizes=\"(max-width: 708px) 100vw, 708px\" \/><\/a><figcaption>Sofia Bodn\u00e1rov\u00e1, 14 rokov, To\u010d\u00edme sa v rytme<\/figcaption><\/figure>\n\n\n\n<div class=\"wp-block-themeisle-blocks-advanced-columns has-undefined-columns has-desktop-undefined-layout has-tablet-equal-layout has-mobile-equal-layout has-default-gap has-vertical-unset\" id=\"wp-block-themeisle-blocks-advanced-columns-2fd3476a\"><div class=\"wp-block-themeisle-blocks-advanced-columns-overlay\"><\/div><div class=\"innerblocks-wrap\"><\/div><\/div>\n","protected":false},"excerpt":{"rendered":"","protected":false},"author":2,"featured_media":0,"parent":10380,"menu_order":0,"comment_status":"closed","ping_status":"closed","template":"","meta":{"neve_meta_sidebar":"full-width","neve_meta_container":"","neve_meta_enable_content_width":"on","neve_meta_content_width":100,"neve_meta_title_alignment":"","neve_meta_author_avatar":"","neve_post_elements_order":"","neve_meta_disable_header":"","neve_meta_disable_footer":"","neve_meta_disable_title":""},"_links":{"self":[{"href":"https:\/\/www.zusjcbb.sk\/index.php?rest_route=\/wp\/v2\/pages\/10568"}],"collection":[{"href":"https:\/\/www.zusjcbb.sk\/index.php?rest_route=\/wp\/v2\/pages"}],"about":[{"href":"https:\/\/www.zusjcbb.sk\/index.php?rest_route=\/wp\/v2\/types\/page"}],"author":[{"embeddable":true,"href":"https:\/\/www.zusjcbb.sk\/index.php?rest_route=\/wp\/v2\/users\/2"}],"replies":[{"embeddable":true,"href":"https:\/\/www.zusjcbb.sk\/index.php?rest_route=%2Fwp%2Fv2%2Fcomments&post=10568"}],"version-history":[{"count":1,"href":"https:\/\/www.zusjcbb.sk\/index.php?rest_route=\/wp\/v2\/pages\/10568\/revisions"}],"predecessor-version":[{"id":10585,"href":"https:\/\/www.zusjcbb.sk\/index.php?rest_route=\/wp\/v2\/pages\/10568\/revisions\/10585"}],"up":[{"embeddable":true,"href":"https:\/\/www.zusjcbb.sk\/index.php?rest_route=\/wp\/v2\/pages\/10380"}],"wp:attachment":[{"href":"https:\/\/www.zusjcbb.sk\/index.php?rest_route=%2Fwp%2Fv2%2Fmedia&parent=10568"}],"curies":[{"name":"wp","href":"https:\/\/api.w.org\/{rel}","templated":true}]}}