{"id":11121,"date":"2024-01-10T09:18:40","date_gmt":"2024-01-10T07:18:40","guid":{"rendered":"https:\/\/www.zusjcbb.sk\/?page_id=11121"},"modified":"2024-01-10T09:42:11","modified_gmt":"2024-01-10T07:42:11","slug":"gitarovy-orchester","status":"publish","type":"page","link":"https:\/\/www.zusjcbb.sk\/?page_id=11121","title":{"rendered":"Gitarov\u00fd orchester"},"content":{"rendered":"\n<p>Gitarov\u00fd orchester bol zalo\u017een\u00fd v septembri v roku 2022.<\/p>\n\n\n\n<p>Umeleck\u00e9 vedenie Mgr. art. Krist\u00fdna Burianov\u00e1 a Mgr. art. Martin Javor\u010d\u00edk.<\/p>\n\n\n\n<figure class=\"wp-block-image size-large\"><a href=\"https:\/\/www.zusjcbb.sk\/wp-content\/uploads\/2024\/01\/5O4A6987.jpg\"><img loading=\"lazy\" width=\"1024\" height=\"683\" src=\"https:\/\/www.zusjcbb.sk\/wp-content\/uploads\/2024\/01\/5O4A6987-1024x683.jpg\" alt=\"\" class=\"wp-image-11125\" srcset=\"https:\/\/www.zusjcbb.sk\/wp-content\/uploads\/2024\/01\/5O4A6987-1024x683.jpg 1024w, https:\/\/www.zusjcbb.sk\/wp-content\/uploads\/2024\/01\/5O4A6987-300x200.jpg 300w, https:\/\/www.zusjcbb.sk\/wp-content\/uploads\/2024\/01\/5O4A6987-768x512.jpg 768w, https:\/\/www.zusjcbb.sk\/wp-content\/uploads\/2024\/01\/5O4A6987-1536x1024.jpg 1536w, https:\/\/www.zusjcbb.sk\/wp-content\/uploads\/2024\/01\/5O4A6987-930x620.jpg 930w, https:\/\/www.zusjcbb.sk\/wp-content\/uploads\/2024\/01\/5O4A6987.jpg 2048w\" sizes=\"(max-width: 1024px) 100vw, 1024px\" \/><\/a><\/figure>\n\n\n\n<figure class=\"wp-block-image size-large\"><a href=\"https:\/\/www.zusjcbb.sk\/wp-content\/uploads\/2024\/01\/5O4A6996.jpg\"><img loading=\"lazy\" width=\"1024\" height=\"683\" src=\"https:\/\/www.zusjcbb.sk\/wp-content\/uploads\/2024\/01\/5O4A6996-1024x683.jpg\" alt=\"\" class=\"wp-image-11127\" srcset=\"https:\/\/www.zusjcbb.sk\/wp-content\/uploads\/2024\/01\/5O4A6996-1024x683.jpg 1024w, https:\/\/www.zusjcbb.sk\/wp-content\/uploads\/2024\/01\/5O4A6996-300x200.jpg 300w, https:\/\/www.zusjcbb.sk\/wp-content\/uploads\/2024\/01\/5O4A6996-768x512.jpg 768w, https:\/\/www.zusjcbb.sk\/wp-content\/uploads\/2024\/01\/5O4A6996-1536x1024.jpg 1536w, https:\/\/www.zusjcbb.sk\/wp-content\/uploads\/2024\/01\/5O4A6996-930x620.jpg 930w, https:\/\/www.zusjcbb.sk\/wp-content\/uploads\/2024\/01\/5O4A6996.jpg 2048w\" sizes=\"(max-width: 1024px) 100vw, 1024px\" \/><\/a><\/figure>\n\n\n\n<figure class=\"wp-block-image size-large\"><a href=\"https:\/\/www.zusjcbb.sk\/wp-content\/uploads\/2024\/01\/5O4A6989.jpg\"><img loading=\"lazy\" width=\"1024\" height=\"683\" src=\"https:\/\/www.zusjcbb.sk\/wp-content\/uploads\/2024\/01\/5O4A6989-1024x683.jpg\" alt=\"\" class=\"wp-image-11126\" srcset=\"https:\/\/www.zusjcbb.sk\/wp-content\/uploads\/2024\/01\/5O4A6989-1024x683.jpg 1024w, https:\/\/www.zusjcbb.sk\/wp-content\/uploads\/2024\/01\/5O4A6989-300x200.jpg 300w, https:\/\/www.zusjcbb.sk\/wp-content\/uploads\/2024\/01\/5O4A6989-768x512.jpg 768w, https:\/\/www.zusjcbb.sk\/wp-content\/uploads\/2024\/01\/5O4A6989-1536x1024.jpg 1536w, https:\/\/www.zusjcbb.sk\/wp-content\/uploads\/2024\/01\/5O4A6989-930x620.jpg 930w, https:\/\/www.zusjcbb.sk\/wp-content\/uploads\/2024\/01\/5O4A6989.jpg 2048w\" sizes=\"(max-width: 1024px) 100vw, 1024px\" \/><\/a><\/figure>\n\n\n\n<figure class=\"wp-block-image size-large\"><a href=\"https:\/\/www.zusjcbb.sk\/wp-content\/uploads\/2024\/01\/5O4A7004.jpg\"><img loading=\"lazy\" width=\"1024\" height=\"683\" src=\"https:\/\/www.zusjcbb.sk\/wp-content\/uploads\/2024\/01\/5O4A7004-1024x683.jpg\" alt=\"\" class=\"wp-image-11128\" srcset=\"https:\/\/www.zusjcbb.sk\/wp-content\/uploads\/2024\/01\/5O4A7004-1024x683.jpg 1024w, https:\/\/www.zusjcbb.sk\/wp-content\/uploads\/2024\/01\/5O4A7004-300x200.jpg 300w, https:\/\/www.zusjcbb.sk\/wp-content\/uploads\/2024\/01\/5O4A7004-768x512.jpg 768w, https:\/\/www.zusjcbb.sk\/wp-content\/uploads\/2024\/01\/5O4A7004-1536x1024.jpg 1536w, https:\/\/www.zusjcbb.sk\/wp-content\/uploads\/2024\/01\/5O4A7004-930x620.jpg 930w, https:\/\/www.zusjcbb.sk\/wp-content\/uploads\/2024\/01\/5O4A7004.jpg 2048w\" sizes=\"(max-width: 1024px) 100vw, 1024px\" \/><\/a><\/figure>\n","protected":false},"excerpt":{"rendered":"<p>Gitarov\u00fd orchester bol zalo\u017een\u00fd v septembri v roku 2022. Umeleck\u00e9 vedenie Mgr. art. Krist\u00fdna Burianov\u00e1 a Mgr. art. Martin Javor\u010d\u00edk.<\/p>\n","protected":false},"author":2,"featured_media":0,"parent":77,"menu_order":0,"comment_status":"closed","ping_status":"closed","template":"","meta":{"neve_meta_sidebar":"full-width","neve_meta_container":"","neve_meta_enable_content_width":"on","neve_meta_content_width":100,"neve_meta_title_alignment":"","neve_meta_author_avatar":"","neve_post_elements_order":"","neve_meta_disable_header":"","neve_meta_disable_footer":"","neve_meta_disable_title":""},"_links":{"self":[{"href":"https:\/\/www.zusjcbb.sk\/index.php?rest_route=\/wp\/v2\/pages\/11121"}],"collection":[{"href":"https:\/\/www.zusjcbb.sk\/index.php?rest_route=\/wp\/v2\/pages"}],"about":[{"href":"https:\/\/www.zusjcbb.sk\/index.php?rest_route=\/wp\/v2\/types\/page"}],"author":[{"embeddable":true,"href":"https:\/\/www.zusjcbb.sk\/index.php?rest_route=\/wp\/v2\/users\/2"}],"replies":[{"embeddable":true,"href":"https:\/\/www.zusjcbb.sk\/index.php?rest_route=%2Fwp%2Fv2%2Fcomments&post=11121"}],"version-history":[{"count":3,"href":"https:\/\/www.zusjcbb.sk\/index.php?rest_route=\/wp\/v2\/pages\/11121\/revisions"}],"predecessor-version":[{"id":11130,"href":"https:\/\/www.zusjcbb.sk\/index.php?rest_route=\/wp\/v2\/pages\/11121\/revisions\/11130"}],"up":[{"embeddable":true,"href":"https:\/\/www.zusjcbb.sk\/index.php?rest_route=\/wp\/v2\/pages\/77"}],"wp:attachment":[{"href":"https:\/\/www.zusjcbb.sk\/index.php?rest_route=%2Fwp%2Fv2%2Fmedia&parent=11121"}],"curies":[{"name":"wp","href":"https:\/\/api.w.org\/{rel}","templated":true}]}}