{"id":123,"date":"2011-08-16T08:19:47","date_gmt":"2011-08-16T08:19:47","guid":{"rendered":"http:\/\/www.zusjcbb.php5.sk\/?page_id=123"},"modified":"2024-02-09T18:27:40","modified_gmt":"2024-02-09T16:27:40","slug":"detsky-spevacky-zbor-zvoncek","status":"publish","type":"page","link":"https:\/\/www.zusjcbb.sk\/?page_id=123","title":{"rendered":"Pr\u00edpravn\u00e1 zlo\u017eka &#8211; Banskobystrick\u00fd detsk\u00fd spev\u00e1cky zbor"},"content":{"rendered":"\n<p>Hist\u00f3ria oddelenia zborov\u00e9ho spevu sa na na\u0161ej \u0161kole za\u010dala p\u00edsa\u0165 pred p\u00e4\u0165desiatimi rokmi. V&nbsp;roku 1974 vznikol&nbsp;<strong>Detsk\u00fd spev\u00e1cky zbor Zvon\u010dek<\/strong>&nbsp;pod veden\u00edm vtedaj\u0161ej riadite\u013eky \u0161koly Anny Trgovej.<\/p>\n\n\n\n<figure class=\"wp-block-image size-large\"><a href=\"https:\/\/www.zusjcbb.sk\/wp-content\/uploads\/2024\/01\/5O4A7623-Enhanced-NR.jpg\"><img loading=\"lazy\" width=\"1024\" height=\"683\" src=\"https:\/\/www.zusjcbb.sk\/wp-content\/uploads\/2024\/01\/5O4A7623-Enhanced-NR-1024x683.jpg\" alt=\"\" class=\"wp-image-11201\" srcset=\"https:\/\/www.zusjcbb.sk\/wp-content\/uploads\/2024\/01\/5O4A7623-Enhanced-NR-1024x683.jpg 1024w, https:\/\/www.zusjcbb.sk\/wp-content\/uploads\/2024\/01\/5O4A7623-Enhanced-NR-300x200.jpg 300w, https:\/\/www.zusjcbb.sk\/wp-content\/uploads\/2024\/01\/5O4A7623-Enhanced-NR-768x512.jpg 768w, https:\/\/www.zusjcbb.sk\/wp-content\/uploads\/2024\/01\/5O4A7623-Enhanced-NR-1536x1024.jpg 1536w, https:\/\/www.zusjcbb.sk\/wp-content\/uploads\/2024\/01\/5O4A7623-Enhanced-NR-930x620.jpg 930w, https:\/\/www.zusjcbb.sk\/wp-content\/uploads\/2024\/01\/5O4A7623-Enhanced-NR.jpg 2048w\" sizes=\"(max-width: 1024px) 100vw, 1024px\" \/><\/a><figcaption>Viano\u010dn\u00fd koncert ZU\u0160 J\u00e1na Cikkera, 19. 12. 2023, Evanjelick\u00fd kostol na Lazovnej ul.<\/figcaption><\/figure>\n\n\n\n<p>O&nbsp;desa\u0165 rokov nesk\u00f4r prebrala vedenie zboru pani Eva Laukov\u00e1, ktor\u00e1 ho viedla \u010fal\u0161\u00edch 35 rokov a&nbsp;vytvorila z&nbsp;neho dnes u\u017e legend\u00e1rne teleso. V&nbsp;roku 1998 sa ve\u013emi odv\u00e1\u017ene so Zvon\u010dekom z\u00fa\u010dastnila medzin\u00e1rodnej s\u00fa\u0165a\u017ee Festa Musica \u2013 Sv\u00e1tky p\u00edsn\u00ed Olomouc, kde v&nbsp;kateg\u00f3rii pred\u0161kolsk\u00fdch zborov z\u00edskal Zvon\u010dek zlat\u00fa medailu.<\/p>\n\n\n\n<figure class=\"wp-block-image size-large\"><a href=\"https:\/\/www.zusjcbb.sk\/wp-content\/uploads\/2024\/01\/5O4A7635-Enhanced-NR.jpg\"><img loading=\"lazy\" width=\"1024\" height=\"683\" src=\"https:\/\/www.zusjcbb.sk\/wp-content\/uploads\/2024\/01\/5O4A7635-Enhanced-NR-1024x683.jpg\" alt=\"\" class=\"wp-image-11202\" srcset=\"https:\/\/www.zusjcbb.sk\/wp-content\/uploads\/2024\/01\/5O4A7635-Enhanced-NR-1024x683.jpg 1024w, https:\/\/www.zusjcbb.sk\/wp-content\/uploads\/2024\/01\/5O4A7635-Enhanced-NR-300x200.jpg 300w, https:\/\/www.zusjcbb.sk\/wp-content\/uploads\/2024\/01\/5O4A7635-Enhanced-NR-768x512.jpg 768w, https:\/\/www.zusjcbb.sk\/wp-content\/uploads\/2024\/01\/5O4A7635-Enhanced-NR-1536x1024.jpg 1536w, https:\/\/www.zusjcbb.sk\/wp-content\/uploads\/2024\/01\/5O4A7635-Enhanced-NR-930x620.jpg 930w, https:\/\/www.zusjcbb.sk\/wp-content\/uploads\/2024\/01\/5O4A7635-Enhanced-NR.jpg 2048w\" sizes=\"(max-width: 1024px) 100vw, 1024px\" \/><\/a><\/figure>\n\n\n\n<p>Pr\u00edpravn\u00fd spev\u00e1cky zbor je prim\u00e1rne ur\u010den\u00fd pre na\u0161ich pr\u00edpravk\u00e1rov. Deti vo veku \u0161tyri a\u017e sedem rokov sa v&nbsp;zbore zoznamuj\u00fa so spievan\u00edm, s&nbsp;pr\u00e1cou v&nbsp;kolekt\u00edve, s&nbsp;pr\u00e1cou na spolo\u010dnom v\u00fdsledku a z\u00edskavaj\u00fa prv\u00e9 sk\u00fasenosti s javiskov\u00fdm vyst\u00fapen\u00edm. Z\u00e1klad reperto\u00e1ru tvoria r\u00f4zne detsk\u00e9 a \u013eudov\u00e9 piesne.&nbsp;<\/p>\n\n\n\n<figure class=\"wp-block-image size-large\"><a href=\"https:\/\/www.zusjcbb.sk\/wp-content\/uploads\/2024\/01\/5O4A7654-Enhanced-NR.jpg\"><img loading=\"lazy\" width=\"1024\" height=\"683\" src=\"https:\/\/www.zusjcbb.sk\/wp-content\/uploads\/2024\/01\/5O4A7654-Enhanced-NR-1024x683.jpg\" alt=\"\" class=\"wp-image-11203\" srcset=\"https:\/\/www.zusjcbb.sk\/wp-content\/uploads\/2024\/01\/5O4A7654-Enhanced-NR-1024x683.jpg 1024w, https:\/\/www.zusjcbb.sk\/wp-content\/uploads\/2024\/01\/5O4A7654-Enhanced-NR-300x200.jpg 300w, https:\/\/www.zusjcbb.sk\/wp-content\/uploads\/2024\/01\/5O4A7654-Enhanced-NR-768x512.jpg 768w, https:\/\/www.zusjcbb.sk\/wp-content\/uploads\/2024\/01\/5O4A7654-Enhanced-NR-1536x1024.jpg 1536w, https:\/\/www.zusjcbb.sk\/wp-content\/uploads\/2024\/01\/5O4A7654-Enhanced-NR-930x620.jpg 930w, https:\/\/www.zusjcbb.sk\/wp-content\/uploads\/2024\/01\/5O4A7654-Enhanced-NR.jpg 2048w\" sizes=\"(max-width: 1024px) 100vw, 1024px\" \/><\/a><\/figure>\n\n\n\n<p>Pr\u00edpravn\u00fd spev\u00e1cky zbor je v\u00fdborn\u00fdm odrazov\u00fdm most\u00edkom pre \u010fal\u0161ie spievanie, \u010di u\u017e s\u00f3lov\u00e9, alebo zborov\u00e9, tie\u017e je d\u00f4le\u017eitou z\u00e1klad\u0148ou pre zozn\u00e1menie sa det\u00ed s&nbsp;hudbou a&nbsp;pre rozhodovanie sa o&nbsp;predmete \u010fal\u0161ieho \u0161t\u00fadia na na\u0161ej \u0161kole.<\/p>\n\n\n\n<figure class=\"wp-block-image size-large\"><a href=\"https:\/\/www.zusjcbb.sk\/wp-content\/uploads\/2024\/01\/5O4A7672-Enhanced-NR.jpg\"><img loading=\"lazy\" width=\"1024\" height=\"683\" src=\"https:\/\/www.zusjcbb.sk\/wp-content\/uploads\/2024\/01\/5O4A7672-Enhanced-NR-1024x683.jpg\" alt=\"\" class=\"wp-image-11204\" srcset=\"https:\/\/www.zusjcbb.sk\/wp-content\/uploads\/2024\/01\/5O4A7672-Enhanced-NR-1024x683.jpg 1024w, https:\/\/www.zusjcbb.sk\/wp-content\/uploads\/2024\/01\/5O4A7672-Enhanced-NR-300x200.jpg 300w, https:\/\/www.zusjcbb.sk\/wp-content\/uploads\/2024\/01\/5O4A7672-Enhanced-NR-768x512.jpg 768w, https:\/\/www.zusjcbb.sk\/wp-content\/uploads\/2024\/01\/5O4A7672-Enhanced-NR-1536x1024.jpg 1536w, https:\/\/www.zusjcbb.sk\/wp-content\/uploads\/2024\/01\/5O4A7672-Enhanced-NR-930x620.jpg 930w, https:\/\/www.zusjcbb.sk\/wp-content\/uploads\/2024\/01\/5O4A7672-Enhanced-NR.jpg 2048w\" sizes=\"(max-width: 1024px) 100vw, 1024px\" \/><\/a><\/figure>\n\n\n\n<p>V&nbsp;s\u00fa\u010dasnosti pr\u00edpravn\u00fd spev\u00e1cky zbor vedie Mgr. Martina Saksov\u00e1, hlasov\u00e1 pedagogi\u010dka je Diana Budinsk\u00e1, DiS. art. a klav\u00edrnu spolupr\u00e1cu zabezpe\u010duje Mgr. Michaela K\u00fcrti, PhD.<\/p>\n","protected":false},"excerpt":{"rendered":"<p>Hist\u00f3ria oddelenia zborov\u00e9ho spevu sa na na\u0161ej \u0161kole za\u010dala p\u00edsa\u0165 pred p\u00e4\u0165desiatimi rokmi. V&nbsp;roku 1974 vznikol&nbsp;Detsk\u00fd spev\u00e1cky zbor Zvon\u010dek&nbsp;pod veden\u00edm vtedaj\u0161ej riadite\u013eky \u0161koly Anny Trgovej. O&nbsp;desa\u0165 rokov nesk\u00f4r prebrala vedenie zboru pani Eva Laukov\u00e1, ktor\u00e1 ho viedla \u010fal\u0161\u00edch 35 rokov a&nbsp;vytvorila z&nbsp;neho dnes u\u017e legend\u00e1rne teleso. V&nbsp;roku 1998 sa ve\u013emi odv\u00e1\u017ene so Zvon\u010dekom z\u00fa\u010dastnila medzin\u00e1rodnej&hellip;&nbsp;<a href=\"https:\/\/www.zusjcbb.sk\/?page_id=123\" class=\"\" rel=\"bookmark\">\u010c\u00edta\u0165 viac &raquo;<span class=\"screen-reader-text\">Pr\u00edpravn\u00e1 zlo\u017eka &#8211; Banskobystrick\u00fd detsk\u00fd spev\u00e1cky zbor<\/span><\/a><\/p>\n","protected":false},"author":2,"featured_media":0,"parent":77,"menu_order":0,"comment_status":"closed","ping_status":"closed","template":"","meta":{"neve_meta_sidebar":"","neve_meta_container":"","neve_meta_enable_content_width":"","neve_meta_content_width":0,"neve_meta_title_alignment":"","neve_meta_author_avatar":"","neve_post_elements_order":"","neve_meta_disable_header":"","neve_meta_disable_footer":"","neve_meta_disable_title":""},"_links":{"self":[{"href":"https:\/\/www.zusjcbb.sk\/index.php?rest_route=\/wp\/v2\/pages\/123"}],"collection":[{"href":"https:\/\/www.zusjcbb.sk\/index.php?rest_route=\/wp\/v2\/pages"}],"about":[{"href":"https:\/\/www.zusjcbb.sk\/index.php?rest_route=\/wp\/v2\/types\/page"}],"author":[{"embeddable":true,"href":"https:\/\/www.zusjcbb.sk\/index.php?rest_route=\/wp\/v2\/users\/2"}],"replies":[{"embeddable":true,"href":"https:\/\/www.zusjcbb.sk\/index.php?rest_route=%2Fwp%2Fv2%2Fcomments&post=123"}],"version-history":[{"count":19,"href":"https:\/\/www.zusjcbb.sk\/index.php?rest_route=\/wp\/v2\/pages\/123\/revisions"}],"predecessor-version":[{"id":11343,"href":"https:\/\/www.zusjcbb.sk\/index.php?rest_route=\/wp\/v2\/pages\/123\/revisions\/11343"}],"up":[{"embeddable":true,"href":"https:\/\/www.zusjcbb.sk\/index.php?rest_route=\/wp\/v2\/pages\/77"}],"wp:attachment":[{"href":"https:\/\/www.zusjcbb.sk\/index.php?rest_route=%2Fwp%2Fv2%2Fmedia&parent=123"}],"curies":[{"name":"wp","href":"https:\/\/api.w.org\/{rel}","templated":true}]}}