{"id":13126,"date":"2025-05-02T12:36:34","date_gmt":"2025-05-02T10:36:34","guid":{"rendered":"https:\/\/www.zusjcbb.sk\/?page_id=13126"},"modified":"2025-05-09T10:06:09","modified_gmt":"2025-05-09T08:06:09","slug":"vysledky-malovana-zus-ka-2025","status":"publish","type":"page","link":"https:\/\/www.zusjcbb.sk\/?page_id=13126","title":{"rendered":"V\u00fdsledky Ma\u013eovan\u00e1 ZU\u0160-ka 2025"},"content":{"rendered":"\n<div class=\"wp-block-themeisle-blocks-advanced-columns has-1-columns has-desktop-equal-layout has-tablet-equal-layout has-mobile-equal-layout has-default-gap has-vertical-unset\" id=\"wp-block-themeisle-blocks-advanced-columns-157c3ebe\"><div class=\"wp-block-themeisle-blocks-advanced-columns-overlay\"><\/div><div class=\"innerblocks-wrap\">\n<div class=\"wp-block-themeisle-blocks-advanced-column\" id=\"wp-block-themeisle-blocks-advanced-column-4ca5be74\">\n<p class=\"has-text-align-center has-large-font-size\"><strong>Hlavn\u00e9 ceny<\/strong><\/p>\n\n\n\n<p class=\"has-text-align-center has-medium-font-size\"><strong>Hlavn\u00e1 cena<\/strong><\/p>\n\n\n\n<p><strong>Nataly Garajov\u00e1, 11 r., ZU\u0160 L. \u00c1rvaya, elokovan\u00e9 pracovisko, \u017dilina<\/strong><\/p>\n\n\n\n<p>Pedag\u00f3g: Mgr. Petra M\u00e1likov\u00e1<\/p>\n\n\n\n<p class=\"has-text-align-center has-medium-font-size\"><strong>Cena predsedu poroty<\/strong><\/p>\n\n\n\n<p><strong>Diana \u010cadekov\u00e1, 8r., ZU\u0160 J\u00e1na Cikkera, Bansk\u00e1 Bystrica<\/strong><\/p>\n\n\n\n<p>Pedag\u00f3g: Mgr. Monika \u010eur\u00edkov\u00e1 Barjakov\u00e1<\/p>\n\n\n\n<p class=\"has-text-align-center has-medium-font-size\"><strong>Zvl\u00e1\u0161tna cena<\/strong><\/p>\n\n\n\n<p><strong>Tobias Valu\u0161ka, 9 r., ZU\u0160 J\u00e1na Cikkera, Bansk\u00e1 Bystrica<\/strong><\/p>\n\n\n\n<p>Pedag\u00f3g: Mgr. Adriana Kosceln\u00edkov\u00e1, PhD.<\/p>\n\n\n\n<p class=\"has-text-align-center has-medium-font-size\"><strong>Cena Stredoslovenskej gal\u00e9rie<\/strong><\/p>\n\n\n\n<p><strong>Mia Ukov\u00e1, 5 r., ZU\u0160 L. Arvaya, elokovan\u00e9 pracovisko, \u017dilina<\/strong><\/p>\n\n\n\n<p>Pedag\u00f3g: Mgr. Daniela Hrabovsk\u00e1<\/p>\n\n\n\n<p class=\"has-text-align-center has-medium-font-size\"><strong>Ex Aequo<\/strong><\/p>\n\n\n\n<p><strong>J\u00falia \u0160panielov\u00e1, 13 r., ZU\u0160 J\u00e1na Cikkera, Bansk\u00e1 Bystrica<\/strong><\/p>\n\n\n\n<p>Pedag\u00f3g: Mgr. Monika \u010eur\u00edkov\u00e1 Barjakov\u00e1<\/p>\n\n\n\n<p><strong>Alex Tava\u010d, 10 r., ZU\u0160 L. \u00c1rvaya, \u017dilina<\/strong><\/p>\n\n\n\n<p>Pedag\u00f3g: Stanislava Marettov\u00e1<\/p>\n\n\n\n<p><strong>Ag\u00e1ta Kotvanov\u00e1, 11 r., ZU\u0160 Hol\u00ed\u010d<\/strong><\/p>\n\n\n\n<p>Pedag\u00f3g: Mgr. Gabriela V\u00e1vrov\u00e1<\/p>\n\n\n\n<p><strong>Alex \u0160pirko, 7 r., ZU\u0160 P. M. Boh\u00fa\u0148a, Doln\u00fd Kub\u00edn<\/strong><\/p>\n\n\n\n<p>Pedag\u00f3g: Mgr. Anna Gajdo\u0161\u00edkov\u00e1<\/p>\n\n\n\n<p><strong>Hana Lau\u010dek, 7 r.,<\/strong><strong> <\/strong><strong>ZU\u0160 J\u00e1na Cikkera, Bansk\u00e1 Bystrica<\/strong><\/p>\n\n\n\n<p>Pedag\u00f3g: Mgr. Lucia Demuthov\u00e1<\/p>\n\n\n\n<p><strong>Mateo Holetschke, 5 r., ZU\u0160 L. Arvaya, elokovan\u00e9 pracovisko, \u017dilina<\/strong><\/p>\n\n\n\n<p>Pedag\u00f3g: Mgr. Daniela Hrabovsk\u00e1<\/p>\n\n\n\n<p><strong>\u013dudov\u00edt L\u00ed\u0161ka, 11 r., ZU\u0160 J\u00e1na Cikkera, Bansk\u00e1 Bystrica<\/strong><\/p>\n\n\n\n<p>Pedag\u00f3g: Mgr. Lucia Demuthov\u00e1<\/p>\n\n\n\n<p><strong>Nat\u00e1lia Smolkov\u00e1, 17 r.,<\/strong><strong> <\/strong><strong>ZU\u0160 J\u00e1na Cikkera, Bansk\u00e1 Bystrica<\/strong><\/p>\n\n\n\n<p>Pedag\u00f3g: Mgr. Jozef\u00edna Krn\u00e1\u010dov\u00e1<\/p>\n\n\n\n<p><strong>Vikt\u00f3ria Holub\u010d\u00edkov\u00e1, 12 r., ZU\u0160 P. M. Boh\u00fa\u0148a, Doln\u00fd Kub\u00edn<\/strong><\/p>\n\n\n\n<p>Pedag\u00f3g: Mgr. Lucia Mal\u00edkov\u00e1<\/p>\n\n\n\n<p><strong>Ema Ba\u0161istov\u00e1, 13 r., ZU\u0160 A. C\u00edgera, Ke\u017emarok<\/strong><\/p>\n\n\n\n<p>Pedag\u00f3g: MgA. Aleksandrina Yordanova<\/p>\n\n\n\n<p><strong>Dalibor Bartkovsk\u00fd, 17 r., ZU\u0160 J\u00e1na Melkovi\u010da, Star\u00e1 \u013dubov\u0148a<\/strong><\/p>\n\n\n\n<p>Pedag\u00f3g: Mgr. Alexandra Pavlovsk\u00e1<\/p>\n\n\n\n<p><strong>Daniela Vr\u00f3bov\u00e1, 17 r., SZU\u0160 Pierot, N\u00e1mestovo<\/strong><\/p>\n\n\n\n<p>Pedag\u00f3g: Mgr. art. Veronika Kup\u010dov\u00e1<\/p>\n\n\n\n<p><strong>Nela Zdenka K\u00fadelov\u00e1, 14 r., ZU\u0160 Hol\u00ed\u010d<\/strong><\/p>\n\n\n\n<p>Pedag\u00f3g: Mgr. Gabriela V\u00e1vrov\u00e1<\/p>\n\n\n\n<p><strong>Adam Majer\u010d\u00e1k, 9 r., ZU\u0160 Lendak<\/strong><\/p>\n\n\n\n<p>Pedag\u00f3g: Mgr. Sl\u00e1vka \u010c\u00ed\u017eikov\u00e1<\/p>\n\n\n\n<p><strong>Adam Magursk\u00fd, 9 r., ZU\u0160 Frica Kafendu, Vr\u00fatky<\/strong><\/p>\n\n\n\n<p>Pedag\u00f3g: Mgr. Silvia Re\u0161et\u00e1rov\u00e1<\/p>\n\n\n\n<p><strong>Tamara Tr\u0161ov\u00e1, 11 r., ZU\u0160 J\u00e1na Cikkera, Bansk\u00e1 Bystrica<\/strong><\/p>\n\n\n\n<p>Pedag\u00f3g: Mgr. Jozef\u00edna Krn\u00e1\u010dov\u00e1<\/p>\n\n\n\n<p><strong>Slavom\u00edr Li\u0161ka, 9 r., ZU\u0160 Radlinsk\u00e9ho, Bratislava<\/strong><\/p>\n\n\n\n<p>Pedag\u00f3g: Lenka Les\u0148\u00e1kov\u00e1<\/p>\n\n\n\n<p><strong>Andrea \u0164a\u017ek\u00e1, 10 r., ZU\u0160 J\u00e1na Cikkera, Bansk\u00e1 Bystrica<\/strong><\/p>\n\n\n\n<p>Pedag\u00f3g: Mgr. Krist\u00edna Vajdov\u00e1<\/p>\n<\/div>\n<\/div><\/div>\n\n\n\n<p class=\"has-text-align-center has-large-font-size\"><strong>I. Kateg\u00f3ria &#8211; Zlat\u00e9 p\u00e1smo<\/strong><\/p>\n\n\n\n<p><strong>Mar\u00edna Egger, 7 r., ZU\u0160 J\u00e1na Cikkera, Bansk\u00e1 Bystrica<\/strong><\/p>\n\n\n\n<p>Pedag\u00f3g: Mgr. Daniela Bal\u00e1\u017eov\u00e1<\/p>\n\n\n\n<p><strong>Rebeka Rauschov\u00e1, 7 r., ZU\u0160 J\u00e1na Cikkera, Bansk\u00e1 Bystrica<\/strong><\/p>\n\n\n\n<p>Pedag\u00f3g: Mgr. Daniela Bal\u00e1\u017eov\u00e1<\/p>\n\n\n\n<p><strong>Jakub Brun\u010d\u00e1k, 7 r., ZU\u0160 P. M. Boh\u00fa\u0148a, Doln\u00fd Kub\u00edn<\/strong><\/p>\n\n\n\n<p>Pedag\u00f3g: Mgr. Jana Bar\u0165\u00e1kov\u00e1<\/p>\n\n\n\n<p><strong>Hana Lau\u010dek, 7 r.,<\/strong><strong> <\/strong><strong>ZU\u0160 J\u00e1na Cikkera, Bansk\u00e1 Bystrica<\/strong><\/p>\n\n\n\n<p>Pedag\u00f3g: Mgr. Lucia Demuthov\u00e1<\/p>\n\n\n\n<p><strong>Hana Lau\u010dek, 7 r., ZU\u0160 J\u00e1na Cikkera, Bansk\u00e1 Bystrica<\/strong><\/p>\n\n\n\n<p>Pedag\u00f3g: Mgr. Lucia Demuthov\u00e1<\/p>\n\n\n\n<p><strong>Izabela Karasov\u00e1, 7 r., ZU\u0160 Hol\u00ed\u010d<\/strong><\/p>\n\n\n\n<p>Pedag\u00f3g: Bc. Mikul\u00e1\u0161kov\u00e1<\/p>\n\n\n\n<p><strong>Alex \u0160pirko, 7 r., ZU\u0160 P. M. Boh\u00fa\u0148a, Doln\u00fd Kub\u00edn<\/strong><\/p>\n\n\n\n<p>Pedag\u00f3g: Mgr. Anna Gajdo\u0161\u00edkov\u00e1<\/p>\n\n\n\n<p><strong>Nat\u00e1lia La\u0161, 7 r., SZU\u0160&nbsp; &#8211; V\u00fdtvarn\u00fd ateli\u00e9r LADON<\/strong><\/p>\n\n\n\n<p>Pedag\u00f3g: Alexandra Puchovsk\u00e1<\/p>\n\n\n\n<p><strong>Luk\u00e1\u0161 Lehotsk\u00fd, 7 r., ZU\u0160 Imra Weinera Kr\u00e1\u013ea , Pova\u017esk\u00e1 Bystrica<\/strong><\/p>\n\n\n\n<p>Pedag\u00f3g: Miroslava<\/p>\n\n\n\n<p><strong>Eva Majorov\u00e1, 6 r., ZU\u0160 K. P\u00e1div\u00e9ho, Tren\u010d\u00edn<\/strong><\/p>\n\n\n\n<p>Pedag\u00f3g: Zuzana Baranovi\u010d Jan\u00ed\u010dkov\u00e1<\/p>\n\n\n\n<p><strong>Mia Ukov\u00e1, 5 r., ZU\u0160 L. Arvaya, elokovan\u00e9 pracovisko, \u017dilina<\/strong><\/p>\n\n\n\n<p>Pedag\u00f3g: Mgr. Daniela Hrabovsk\u00e1<\/p>\n\n\n\n<p><strong>Alona Shapovalov, 5 r., ZU\u0160 L. Arvaya, elokovan\u00e9 pracovisko, \u017dilina<\/strong><\/p>\n\n\n\n<p>Pedag\u00f3g: Mgr. Daniela Hrabovsk\u00e1<\/p>\n\n\n\n<p><strong>Mateo Holetschke, 5 r., ZU\u0160 L. Arvaya, elokovan\u00e9 pracovisko, \u017dilina<\/strong><\/p>\n\n\n\n<p>Pedag\u00f3g: Mgr. Daniela Hrabovsk\u00e1<\/p>\n\n\n\n<p><strong>Kl\u00e1ra Machajov\u00e1, 6 r., ZU\u0160 P. M. Boh\u00fa\u0148a, Doln\u00fd Kub\u00edn<\/strong><\/p>\n\n\n\n<p>Pedag\u00f3g: Mgr. Eva \u0160prl\u00e1kov\u00e1<\/p>\n\n\n\n<p><strong>Timea Marek, 7 r., ZU\u0160 Hol\u00ed\u010d<\/strong><\/p>\n\n\n\n<p>Pedag\u00f3g: Bc. \u017daneta Klimentov\u00e1<\/p>\n\n\n\n<p><strong>Helena Voj\u010dekov\u00e1, 7 r., ZU\u0160 Antona C\u00edgera, Ke\u017emarok<\/strong><\/p>\n\n\n\n<p>Pedag\u00f3g: Jana Vaksmundsk\u00e1, Dis<\/p>\n\n\n\n<p><strong>Linda Tomasov\u00e1, 7 r., ZU\u0160 Antona C\u00edgera, Ke\u017emarok<\/strong><\/p>\n\n\n\n<p>Pedag\u00f3g: Janka Ku\u010dkovsk\u00e1<\/p>\n\n\n\n<p><strong>Zuzana Kazimierov\u00e1, 7 r., ZU\u0160 P. M. Boh\u00fa\u0148a, Doln\u00fd Kub\u00edn<\/strong><\/p>\n\n\n\n<p>Pedag\u00f3g: Mgr. Jana Bar\u0165\u00e1kov\u00e1<\/p>\n\n\n\n<p class=\"has-text-align-center has-large-font-size\"><strong>II. Kateg\u00f3ria &#8211; Zlat\u00e9 p\u00e1smo<\/strong><\/p>\n\n\n\n<p><strong>Vratko Kuku\u013ea \u2013 11 r., ZU\u0160 He\u013epa<\/strong><\/p>\n\n\n\n<p>Pedag\u00f3g: Mgr. art Zuzana \u0160ajgal\u00edkov\u00e1<\/p>\n\n\n\n<p><strong>\u0160arlota Chmelov\u00e1, 10 r., ZU\u0160 Tur\u010diansk\u00e9 Teplice<\/strong><\/p>\n\n\n\n<p>Pedag\u00f3g: Mgr. Peter Piatko<\/p>\n\n\n\n<p><strong>Laura Meze\u0161ov\u00e1, 8 r., ZU\u0160 J\u00e1na Melkovi\u010da, Star\u00e1 \u013dubov\u0148a<\/strong><\/p>\n\n\n\n<p>Pedag\u00f3g: Mgr. Alexandra Pavlovsk\u00e1<\/p>\n\n\n\n<p><strong>Simona Tr\u0161ov\u00e1, 11 r., ZU\u0160 J\u00e1na Cikkera, Bansk\u00e1 Bystrica<\/strong><\/p>\n\n\n\n<p>Pedag\u00f3g: Mgr. Jozef\u00edna Krn\u00e1\u010dov\u00e1<\/p>\n\n\n\n<p><strong>Adam Magursk\u00fd, 9 r., ZU\u0160 Frica Kafendu, Vr\u00fatky<\/strong><\/p>\n\n\n\n<p>Pedag\u00f3g: Mgr. Silvia Re\u0161et\u00e1rov\u00e1<\/p>\n\n\n\n<p><strong>Dominika Slabo\u0148ov\u00e1, 11 r., ZU\u0160 Tren\u010d\u00edn<\/strong><\/p>\n\n\n\n<p>Pedag\u00f3g: Mgr.art Veronika Hrickov\u00e1<\/p>\n\n\n\n<p><strong>Nataly Garajov\u00e1, 11 r., ZU\u0160 L. \u00c1rvaya \u2013 elokovan\u00e9 pracovisko \u017dilina<\/strong><\/p>\n\n\n\n<p>Pedag\u00f3g: Mgr. Petra M\u00e1likov\u00e1<\/p>\n\n\n\n<p><strong>Ag\u00e1ta Paz\u00farikov\u00e1, 11 r., ZU\u0160 L. \u00c1rvaya \u2013 elokovan\u00e9 pracovisko \u017dilina<\/strong><\/p>\n\n\n\n<p>Pedag\u00f3g: Mgr. Martina Stachov\u00e1<\/p>\n\n\n\n<p><strong>Miroslav \u0160imove, 11 r., ZU\u0160 L. \u00c1rvaya \u2013 elokovan\u00e9 pracovisko \u017dilina<\/strong><\/p>\n\n\n\n<p>Pedag\u00f3g: Mgr. Martina Stachov\u00e1<\/p>\n\n\n\n<p><strong>Tamara Tr\u0161ov\u00e1, 11 r., ZU\u0160 J\u00e1na Cikkera, Bansk\u00e1 Bystrica<\/strong><\/p>\n\n\n\n<p>Pedag\u00f3g: Mgr. Jozef\u00edna Krn\u00e1\u010dov\u00e1<\/p>\n\n\n\n<p><strong>\u013dudov\u00edt L\u00ed\u0161ka, 11 r., ZU\u0160 J\u00e1na Cikkera, Bansk\u00e1 Bystrica<\/strong><\/p>\n\n\n\n<p>Pedag\u00f3g: Mgr. Lucia Demuthov\u00e1<\/p>\n\n\n\n<p><strong>Ela Klemani\u010dov\u00e1, 10 r., ZU\u0160 J\u00e1na Cikkera, Bansk\u00e1 Bystrica<\/strong><\/p>\n\n\n\n<p>Pedag\u00f3g: Mgr. Daniela Bal\u00e1\u017eov\u00e1<\/p>\n\n\n\n<p><strong>Katar\u00edna \u0160al\u00e1tov\u00e1, 11 r., ZU\u0160 Petra Breinera, Humenn\u00e9<\/strong><\/p>\n\n\n\n<p>Pedag\u00f3g: Mgr. Drahoslava Zalaiov\u00e1<\/p>\n\n\n\n<p><strong>Dianka \u010cadekov\u00e1, 8 r., ZU\u0160 J\u00e1na Cikkera, Bansk\u00e1 Bystrica<\/strong><\/p>\n\n\n\n<p>Pedag\u00f3g: Mgr. Monika \u010eur\u00edkov\u00e1 Barjakov\u00e1<\/p>\n\n\n\n<p><strong>Adam Majer\u010d\u00e1k, 9 r., ZU\u0160 Lendak<\/strong><\/p>\n\n\n\n<p>Pedag\u00f3g: Mgr. Sl\u00e1vka \u010c\u00ed\u017eikov\u00e1<\/p>\n\n\n\n<p><strong>Emily Abrah\u00e1mov\u00e1, 8 r., ZU\u0160 J\u00e1na Cikkera, Bansk\u00e1 Bystrica<\/strong><\/p>\n\n\n\n<p>Pedag\u00f3g: Mgr. Lucia Demuthov\u00e1<\/p>\n\n\n\n<p><strong>Andrea \u0164a\u017ek\u00e1, 10 r., ZU\u0160 J\u00e1na Cikkera, Bansk\u00e1 Bystrica<\/strong><\/p>\n\n\n\n<p>Pedag\u00f3g: Mgr.Krist\u00edna Vajdov\u00e1<\/p>\n\n\n\n<p><strong>Tamara Tr\u0161ov\u00e1, 11 r., ZU\u0160 J\u00e1na Cikkera, Bansk\u00e1 Bystrica<\/strong><\/p>\n\n\n\n<p>Pedag\u00f3g: Mgr. Jozef\u00edna Krn\u00e1\u010dov\u00e1<\/p>\n\n\n\n<p><strong>Tobias Valu\u0161ka, 9 r., ZU\u0160 J\u00e1na Cikkera, Bansk\u00e1 Bystrica<\/strong><\/p>\n\n\n\n<p>Pedag\u00f3g: Mgr. Adriana Kosceln\u00edkov\u00e1, PhD.<\/p>\n\n\n\n<p><strong>Slavom\u00edr Li\u0161ka, 9 r., ZU\u0160 Radlinsk\u00e9ho, Bratislava<\/strong><\/p>\n\n\n\n<p>Pedag\u00f3g: Lenka Les\u0148\u00e1kov\u00e1<\/p>\n\n\n\n<p><strong>M\u00e1ria Javornick\u00e1, 11 r., ZU\u0160 Frica Kafendu, Vr\u00fatky<\/strong><\/p>\n\n\n\n<p>Pedag\u00f3g: Mgr. Silvia Re\u0161et\u00e1rov\u00e1<\/p>\n\n\n\n<p><strong>Timea \u0160aligov\u00e1, 9 r., ZU\u0160 P. M. Boh\u00fa\u0148a, Doln\u00fd Kub\u00edn<\/strong><\/p>\n\n\n\n<p>Pedag\u00f3g: Mgr. Jana Bar\u0165\u00e1kov\u00e1<\/p>\n\n\n\n<p><strong>So\u0148a Barbo\u0159\u00e1kov\u00e1, 9 r., SZU\u0160 Brioso, \u017dilina<\/strong><\/p>\n\n\n\n<p>Pedag\u00f3g: Mgr. Zuzana Adam\u00edkov\u00e1<\/p>\n\n\n\n<p><strong>Alex Tava\u010d, 10 r., ZU\u0160 L. \u00c1rvaya, \u017dilina<\/strong><\/p>\n\n\n\n<p>Pedag\u00f3g: Stanislava Marettov\u00e1<\/p>\n\n\n\n<p><strong>Ag\u00e1ta Kotvanov\u00e1, 11 r., ZU\u0160 Hol\u00ed\u010d<\/strong><\/p>\n\n\n\n<p>Pedag\u00f3g: Mgr. Gabriela V\u00e1vrov\u00e1<\/p>\n\n\n\n<p><strong>Simona Jerhotov\u00e1, 11 r., ZU\u0160 Hol\u00ed\u010d<\/strong><\/p>\n\n\n\n<p>Pedag\u00f3g: Bc. Mikul\u00e1\u0161kov\u00e1<\/p>\n\n\n\n<p><strong>D\u00e1vid Slez\u00e1k, 11 r., ZU\u0160 Turzovka<\/strong><\/p>\n\n\n\n<p>Pedag\u00f3g: Al\u017ebeta Slez\u00e1kov\u00e1<\/p>\n\n\n\n<p><strong>Liliana Flajsov\u00e1, 11 r., ZU\u0160 P. M. Boh\u00fa\u0148a, Doln\u00fd Kub\u00edn<\/strong><\/p>\n\n\n\n<p>Pedag\u00f3g: Mgr. Eva \u0160prl\u00e1kov\u00e1<\/p>\n\n\n\n<p><strong>Diana Kor\u010d\u00e1kov\u00e1, 8 r., ZU\u0160 Hol\u00ed\u010d<\/strong><\/p>\n\n\n\n<p>Pedag\u00f3g: Bc. \u017daneta Klimentov\u00e1<\/p>\n\n\n\n<p><strong>\u0160arlota Slan\u00e1, 9 r., ZU\u0160 J\u00e1na Cikkera, Bansk\u00e1 Bystrica<\/strong><\/p>\n\n\n\n<p>Pedag\u00f3g: Mgr. Monika \u010eur\u00edkov\u00e1 Barjakov\u00e1<\/p>\n\n\n\n<p class=\"has-text-align-center has-large-font-size\"><strong>III. Kateg\u00f3ria &#8211; Zlat\u00e9 p\u00e1smo<\/strong><\/p>\n\n\n\n<p><strong>Barbora \u0160ustekov\u00e1, 15. r., ZU\u0160 Imra Weinera Kr\u00e1\u013ea, Pov\u00e1\u017eska Bystrica<\/strong><\/p>\n\n\n\n<p>Pedag\u00f3g: Mgr. Andrea Hrivikov\u00e1<\/p>\n\n\n\n<p><strong>Al\u017ebeta K\u013e\u00fa\u010dikov\u00e1, 15. r., ZU\u0160 Imra Weinera Kr\u00e1\u013ea, Pov\u00e1\u017eska Bystrica<\/strong><\/p>\n\n\n\n<p>Pedag\u00f3g: Mgr. Andrea Hrivikov\u00e1<\/p>\n\n\n\n<p><strong>Adela Z\u00e1ferov\u00e1, 14 r., ZU\u0160 Jaslovsk\u00e9 Bohunice<\/strong><\/p>\n\n\n\n<p>Pedag\u00f3g: Kl\u00e1ra Surov\u010d\u00edkov\u00e1<\/p>\n\n\n\n<p><strong>Daniela Vysko\u010dov\u00e1, 15 r., ZU\u0160 Jaslovsk\u00e9 Bohunice<\/strong><\/p>\n\n\n\n<p>Pedag\u00f3g: Mgr. art Dagmar Kimerling<\/p>\n\n\n\n<p><strong>Laura Sofia Stanko, 15 r., SUZU\u0160 Ru\u017eov\u00e1 dolina, Bratislava<\/strong><\/p>\n\n\n\n<p>Pedag\u00f3g: Bc. Andrea Kun\u0161tekov\u00e1<\/p>\n\n\n\n<p><strong>Rastislav \u010cerevka, 14 r., SUZU\u0160 Ru\u017eov\u00e1 dolina, Bratislava<\/strong><\/p>\n\n\n\n<p>Pedag\u00f3g: Bc. Andrea Kun\u0161tekov\u00e1<\/p>\n\n\n\n<p><strong>Lucia Guni\u0161ov\u00e1, 14 r., SUZU\u0160 Ru\u017eov\u00e1 dolina, Bratislava<\/strong><\/p>\n\n\n\n<p>Pedag\u00f3g: Mgr. art. M\u00e1ria M\u00e9rai<\/p>\n\n\n\n<p><strong>\u0160imon Kub\u00ednek, 13 r., ZU\u0160 Hol\u00ed\u010d<\/strong><\/p>\n\n\n\n<p>Pedag\u00f3g: Bc. Mikul\u00e1\u0161kov\u00e1<\/p>\n\n\n\n<p><strong>\u0160imon Kub\u00ednek, 13 r., ZU\u0160 Hol\u00ed\u010d<\/strong><\/p>\n\n\n\n<p>Pedag\u00f3g: Bc. Mikul\u00e1\u0161kov\u00e1<\/p>\n\n\n\n<p><strong>Oliver Zervan, 15 r., ZU\u0160 Exn\u00e1rova Bratislava<\/strong><\/p>\n\n\n\n<p>Pedag\u00f3g: Mgr. art. Kamila Gemz\u00edkov\u00e1<\/p>\n\n\n\n<p><strong>Ter\u00e9zia Niklov\u00e1, 14 r., ZU\u0160 J\u00e1na Cikkera, Bansk\u00e1 Bystrica<\/strong><\/p>\n\n\n\n<p>Pedag\u00f3g: Mgr. Krist\u00edna Vajdov\u00e1<\/p>\n\n\n\n<p><strong>Daniel Babothy, 12 r., ZU\u0160 J\u00e1na Cikkera, Bansk\u00e1 Bystrica<\/strong><\/p>\n\n\n\n<p>Pedag\u00f3g: Mgr. Daniela Bal\u00e1\u017eov\u00e1<\/p>\n\n\n\n<p><strong>J\u00falia \u0160panielov\u00e1, 13 r., ZU\u0160 J\u00e1na Cikkera, Bansk\u00e1 Bystrica<\/strong><\/p>\n\n\n\n<p>Pedag\u00f3g: Mgr. Monika \u010eur\u00edkov\u00e1 Barjakov\u00e1<\/p>\n\n\n\n<p><strong>Nina Kubi\u0161ov\u00e1, 13 r., ZU\u0160 J\u00e1na Cikkera, Bansk\u00e1 Bystrica<\/strong><\/p>\n\n\n\n<p>Pedag\u00f3g: Mgr. Monika \u010eur\u00edkov\u00e1 Barjakov\u00e1<\/p>\n\n\n\n<p><strong>Ema Ba\u0161istov\u00e1, 13 r., ZU\u0160 A. C\u00edgera, Ke\u017emarok<\/strong><\/p>\n\n\n\n<p>Pedag\u00f3g: MgA. Aleksandrina Yordanova<\/p>\n\n\n\n<p><strong>Be\u00e1ta Duba\u010dov\u00e1, 14 r., ZU\u0160 Turzovka<\/strong><\/p>\n\n\n\n<p>Pedag\u00f3g: Al\u017ebeta Slez\u00e1kov\u00e1<\/p>\n\n\n\n<p><strong>Vikt\u00f3ria Holub\u010d\u00edkov\u00e1, 12 r., ZU\u0160 P. M. Boh\u00fa\u0148a, Doln\u00fd Kub\u00edn<\/strong><\/p>\n\n\n\n<p>Pedag\u00f3g: Mgr. Lucia Mal\u00edkov\u00e1<\/p>\n\n\n\n<p><strong>Noemi Van\u00edkov\u00e1, 14 r., ZU\u0160 J\u00e1na Cikkera, Bansk\u00e1 Bystrica<\/strong><\/p>\n\n\n\n<p>Pedag\u00f3g: Mgr. Jozef\u00edna Krn\u00e1\u010dov\u00e1<\/p>\n\n\n\n<p><strong>Eli\u0161ka \u0160\u00edpo\u0161ov\u00e1, 13 r., ZU\u0160 J. Melkovi\u010da, Star\u00e1 \u013dubov\u0148a<\/strong><\/p>\n\n\n\n<p>Pedag\u00f3g: Mgr. Monika \u0160lampiakov\u00e1<\/p>\n\n\n\n<p><strong>Katar\u00edna Minarechov\u00e1, 13 r., ZU\u0160 P. M. Boh\u00fa\u0148a, Doln\u00fd Kub\u00edn<\/strong><\/p>\n\n\n\n<p>Pedag\u00f3g: Mgr. Jana Bar\u0165\u00e1kov\u00e1<\/p>\n\n\n\n<p><strong>Nela Zdenka K\u00fadelov\u00e1, 14 r., ZU\u0160 Hol\u00ed\u010d<\/strong><\/p>\n\n\n\n<p>Pedag\u00f3g: Mgr. Gabriela V\u00e1vrov\u00e1<\/p>\n\n\n\n<p><strong>Dominika Slivkani\u010dov\u00e1, 13 r., SZU\u0160 Brioso, \u017dilina<\/strong><\/p>\n\n\n\n<p>Pedag\u00f3g: Mgr. Zuzana Adam\u00edkov\u00e1<\/p>\n\n\n\n<p><strong>Michal Roho\u0148, 13 r., ZU\u0160 Tur\u010diansk\u00e9 Teplice<\/strong><\/p>\n\n\n\n<p>Pedag\u00f3g: Mgr.Eva Drozd\u00edkov\u00e1<\/p>\n\n\n\n<p><strong>Tomislav Pavi\u010d, 13 r., ZU\u0160 F. Kafendu, Vr\u00fatky<\/strong><\/p>\n\n\n\n<p>Pedag\u00f3g: Mgr. Silvia Re\u0161et\u00e1rov\u00e1<\/p>\n\n\n\n<p><strong>Katar\u00edna Povalov\u00e1, 13 r., ZU\u0160 P. M. Boh\u00fa\u0148a, Doln\u00fd Kub\u00edn<\/strong><\/p>\n\n\n\n<p>Pedag\u00f3g: Mgr. Lucia Mal\u00edkov\u00e1<\/p>\n\n\n\n<p><strong>Hana Ciprov\u00e1, 13 r., ZU\u0160 Humenn\u00e9<\/strong><\/p>\n\n\n\n<p>Pedag\u00f3g: PaedDr. Martin Hore\u010dn\u00fd<\/p>\n\n\n\n<p class=\"has-text-align-center has-large-font-size\"><strong>IV. Kateg\u00f3ria &#8211; Zlat\u00e9 p\u00e1smo<\/strong><\/p>\n\n\n\n<p><strong>Rebeka Tryznov\u00e1, 18 r., ZU\u0160 J\u00e1na Cikkera, Bansk\u00e1 Bystrica<\/strong><\/p>\n\n\n\n<p>Pedag\u00f3g: Mgr. Adriana Kosceln\u00edkov\u00e1, PhD.<\/p>\n\n\n\n<p><strong>Rebeka Tryznov\u00e1, 18 r., ZU\u0160 J\u00e1na Cikkera, Bansk\u00e1 Bystrica<\/strong><\/p>\n\n\n\n<p>Pedag\u00f3g: Mgr. Adriana Kosceln\u00edkov\u00e1, PhD.<\/p>\n\n\n\n<p><strong>Krist\u00edna Lev\u010d\u00edkov\u00e1, 17 r., SZU\u0160 Lu\u010denec<\/strong><\/p>\n\n\n\n<p>Pedag\u00f3g: Mgr. Tom\u00e1\u0161 Kr\u00ed\u017e<\/p>\n\n\n\n<p><strong>Michal Pastula, 18 r., ZU\u0160 E. Sucho\u0148a, Bratislava<\/strong><\/p>\n\n\n\n<p>Pedag\u00f3g: Barbora Nev\u0159elov\u00e1<\/p>\n\n\n\n<p><strong>Daniela Vr\u00f3bov\u00e1, 17 r., SZU\u0160 Pierot, N\u00e1mestovo<\/strong><\/p>\n\n\n\n<p>Pedag\u00f3g: Mgr.art. Veronika Kup\u010dov\u00e1<\/p>\n\n\n\n<p><strong>Veronika Dubcov\u00e1, 18 r., ZU\u0160 Imra Weinera Kr\u00e1\u013ea, Pova\u017esk\u00e1 Bystrica<\/strong><\/p>\n\n\n\n<p>Pedag\u00f3g: Em\u00edlia Ab\u00edkov\u00e1<\/p>\n\n\n\n<p><strong>Ol\u00edvia \u0160imon\u010d\u00edkov\u00e1, 19 r., ZU\u0160 J\u00e1na Cikkera, Bansk\u00e1 Bystrica<\/strong><\/p>\n\n\n\n<p>Pedag\u00f3g: Mgr. Adriana Kosceln\u00edkov\u00e1, PhD.<\/p>\n\n\n\n<p><strong>Dalibor Bartkovsk\u00fd, 17 r., ZU\u0160 J\u00e1na Melkovi\u010da, Star\u00e1 \u013dubov\u0148a<\/strong><\/p>\n\n\n\n<p>Pedag\u00f3g: Mgr. Alexandra Pavlovsk\u00e1<\/p>\n\n\n\n<p><strong>Nat\u00e1lia Smolkov\u00e1, 17 r.,<\/strong><strong> <\/strong><strong>ZU\u0160 J\u00e1na Cikkera, Bansk\u00e1 Bystrica<\/strong><\/p>\n\n\n\n<p>Pedag\u00f3g: Mgr. Jozef\u00edna Krn\u00e1\u010dov\u00e1<\/p>\n","protected":false},"excerpt":{"rendered":"<p>I. Kateg\u00f3ria &#8211; Zlat\u00e9 p\u00e1smo Mar\u00edna Egger, 7 r., ZU\u0160 J\u00e1na Cikkera, Bansk\u00e1 Bystrica Pedag\u00f3g: Mgr. Daniela Bal\u00e1\u017eov\u00e1 Rebeka Rauschov\u00e1, 7 r., ZU\u0160 J\u00e1na Cikkera, Bansk\u00e1 Bystrica Pedag\u00f3g: Mgr. Daniela Bal\u00e1\u017eov\u00e1 Jakub Brun\u010d\u00e1k, 7 r., ZU\u0160 P. M. Boh\u00fa\u0148a, Doln\u00fd Kub\u00edn Pedag\u00f3g: Mgr. Jana Bar\u0165\u00e1kov\u00e1 Hana Lau\u010dek, 7 r., ZU\u0160 J\u00e1na Cikkera, Bansk\u00e1 Bystrica Pedag\u00f3g:&hellip;&nbsp;<a href=\"https:\/\/www.zusjcbb.sk\/?page_id=13126\" class=\"\" rel=\"bookmark\">\u010c\u00edta\u0165 viac &raquo;<span class=\"screen-reader-text\">V\u00fdsledky Ma\u013eovan\u00e1 ZU\u0160-ka 2025<\/span><\/a><\/p>\n","protected":false},"author":2,"featured_media":0,"parent":172,"menu_order":0,"comment_status":"closed","ping_status":"closed","template":"","meta":{"neve_meta_sidebar":"full-width","neve_meta_container":"","neve_meta_enable_content_width":"on","neve_meta_content_width":100,"neve_meta_title_alignment":"","neve_meta_author_avatar":"","neve_post_elements_order":"","neve_meta_disable_header":"","neve_meta_disable_footer":"","neve_meta_disable_title":""},"_links":{"self":[{"href":"https:\/\/www.zusjcbb.sk\/index.php?rest_route=\/wp\/v2\/pages\/13126"}],"collection":[{"href":"https:\/\/www.zusjcbb.sk\/index.php?rest_route=\/wp\/v2\/pages"}],"about":[{"href":"https:\/\/www.zusjcbb.sk\/index.php?rest_route=\/wp\/v2\/types\/page"}],"author":[{"embeddable":true,"href":"https:\/\/www.zusjcbb.sk\/index.php?rest_route=\/wp\/v2\/users\/2"}],"replies":[{"embeddable":true,"href":"https:\/\/www.zusjcbb.sk\/index.php?rest_route=%2Fwp%2Fv2%2Fcomments&post=13126"}],"version-history":[{"count":14,"href":"https:\/\/www.zusjcbb.sk\/index.php?rest_route=\/wp\/v2\/pages\/13126\/revisions"}],"predecessor-version":[{"id":13285,"href":"https:\/\/www.zusjcbb.sk\/index.php?rest_route=\/wp\/v2\/pages\/13126\/revisions\/13285"}],"up":[{"embeddable":true,"href":"https:\/\/www.zusjcbb.sk\/index.php?rest_route=\/wp\/v2\/pages\/172"}],"wp:attachment":[{"href":"https:\/\/www.zusjcbb.sk\/index.php?rest_route=%2Fwp%2Fv2%2Fmedia&parent=13126"}],"curies":[{"name":"wp","href":"https:\/\/api.w.org\/{rel}","templated":true}]}}