{"id":133,"date":"2011-08-16T08:30:39","date_gmt":"2011-08-16T08:30:39","guid":{"rendered":"http:\/\/www.zusjcbb.php5.sk\/?page_id=133"},"modified":"2024-01-10T18:23:29","modified_gmt":"2024-01-10T16:23:29","slug":"dievcensky-spevacky-zbor-dolce-canto","status":"publish","type":"page","link":"https:\/\/www.zusjcbb.sk\/?page_id=133","title":{"rendered":"Diev\u010densk\u00fd spev\u00e1cky zbor Dolce Canto"},"content":{"rendered":"<p><strong>Moment\u00e1lne je s\u00fa\u010das\u0165ou star\u0161ej vekovej zlo\u017eky &#8211; Vodop\u00e1d<\/strong><\/p>\n<p><strong>dirigent \u2013 Martin Ka\u0161\u0161a <\/strong><\/p>\n<p><a href=\"https:\/\/www.zusjcbb.sk\/wp-content\/uploads\/2015\/07\/1-e1435731003719.jpg\"><img loading=\"lazy\" class=\"alignnone wp-image-2294 size-large\" src=\"https:\/\/www.zusjcbb.sk\/wp-content\/uploads\/2015\/07\/1-1024x679.jpg\" alt=\"1\" width=\"590\" height=\"391\" \/><\/a>\u00a0<strong>\u00a0<\/strong><\/p>\n<p style=\"text-align: justify;\">Diev\u010densk\u00fd spev\u00e1cky zbor Dolce Canto bol zalo\u017een\u00fd v\u00a0roku 2006. Teleso vzniklo z iniciat\u00edvy riadite\u013eky Z\u00e1kladnej umeleckej \u0161koly J\u00e1na Cikkera Mgr. Evy Be\u0148a\u010dkovej a dirigenta zboru Mgr. art. Martina Ka\u0161\u0161u ako \u0161tudijn\u00e9 a\u00a0koncertn\u00e9 teleso, ktor\u00e9ho \u010dlenkami s\u00fa \u017eia\u010dky a\u00a0\u0161tudentky banskobystrickej Z\u00e1kladnej umeleckej \u0161koly J\u00e1na Cikkera.<\/p>\n<p style=\"text-align: justify;\">\u0160irokospektr\u00e1lny reperto\u00e1r zboru obsahuje viac ako 80 skladieb, ku ktor\u00fdm sa ka\u017ed\u00fd rok prid\u00e1vaj\u00fa \u010fal\u0161ie. Reperto\u00e1r zah\u0155\u0148a diela v\u0161etk\u00fdch \u0161t\u00fdlov\u00fdch obdob\u00ed od renesancie a\u017e po s\u00fa\u010dasnos\u0165. Teleso s \u00faspechom spolupracovalo aj s\u00a0Komorn\u00fdm sl\u00e1\u010dikov\u00fdm orchestrom ZU\u0160 J\u00e1na Cikkera na interpret\u00e1ci\u00e1ch skladieb z\u00a0oblasti barokovej hudby. \u00daplne osobit\u00fa \u010das\u0165 reperto\u00e1ru tvoria balady, spiritu\u00e1ly, gospely a\u00a0\u00fapravy popul\u00e1rnych piesn\u00ed s\u00a0origin\u00e1lnym in\u0161trument\u00e1lnym sprievodom.<\/p>\n<p><a href=\"https:\/\/www.zusjcbb.sk\/wp-content\/uploads\/2015\/07\/2.jpg\"><img loading=\"lazy\" class=\"alignnone wp-image-2295 size-full\" src=\"https:\/\/www.zusjcbb.sk\/wp-content\/uploads\/2015\/07\/2.jpg\" alt=\"2\" width=\"698\" height=\"438\" srcset=\"https:\/\/www.zusjcbb.sk\/wp-content\/uploads\/2015\/07\/2.jpg 698w, https:\/\/www.zusjcbb.sk\/wp-content\/uploads\/2015\/07\/2-300x188.jpg 300w\" sizes=\"(max-width: 698px) 100vw, 698px\" \/><\/a><\/p>\n<p style=\"text-align: justify;\">Vyst\u00fapenia spev\u00e1ckeho zboru Dolce Canto boli ozdobou nespo\u010detn\u00e9ho mno\u017estva koncertov reprezentuj\u00facich \u0161kolu, ako aj mesto Bansk\u00e1 Bystrica. Prezentoval sa na r\u00f4znych koncertn\u00fdch podujatiach, benefi\u010dn\u00fdch koncertoch, pravidelne vystupuje na viano\u010dn\u00fdch koncertoch a z\u00fa\u010dast\u0148uje sa festivalov a\u00a0 s\u00fa\u0165a\u017e\u00ed zborov\u00e9ho spevu na Slovensku. \u00a0Spome\u0148me len Festival zborov\u00e9ho spevu Viliama Figu\u0161a \u2013 Bystr\u00e9ho v Banskej Bystrici a s\u00fa\u0165a\u017ee ml\u00e1de\u017en\u00edckych spev\u00e1ckych zborov Ml\u00e1de\u017e spieva: (Ml\u00e1de\u017e spieva 2008 &#8211; krajsk\u00e1 s\u00fa\u0165a\u017e\u00a0 &#8211; Banskobystrick\u00fd kraj: zlat\u00e9 p\u00e1smo s pochvalou poroty, celo\u0161t\u00e1tna s\u00fa\u0165a\u017e: bronzov\u00e9 p\u00e1smo, Ml\u00e1de\u017e spieva 2010 &#8211; krajsk\u00e1 s\u00fa\u0165a\u017e: zlat\u00e9 p\u00e1smo, Ml\u00e1de\u017e spieva 2012 &#8211; krajsk\u00e1 s\u00fa\u0165a\u017e: zlat\u00e9 p\u00e1smo s pochvalou poroty, Ml\u00e1de\u017e spieva 2014 &#8211; Krajsk\u00e1 s\u00fa\u0165a\u017e: zlat\u00e9 p\u00e1smo s pochvalou poroty.)<\/p>\n<p><a href=\"https:\/\/www.zusjcbb.sk\/wp-content\/uploads\/2015\/07\/3.jpg\"><img loading=\"lazy\" class=\"alignnone wp-image-2296 size-full\" src=\"https:\/\/www.zusjcbb.sk\/wp-content\/uploads\/2015\/07\/3.jpg\" alt=\"3\" width=\"750\" height=\"498\" srcset=\"https:\/\/www.zusjcbb.sk\/wp-content\/uploads\/2015\/07\/3.jpg 750w, https:\/\/www.zusjcbb.sk\/wp-content\/uploads\/2015\/07\/3-300x199.jpg 300w\" sizes=\"(max-width: 750px) 100vw, 750px\" \/><\/a><\/p>\n<p style=\"text-align: justify;\">V\u00a0roku 2015 udelil prim\u00e1tor mesta Bansk\u00e1 Bystrica J\u00e1n Nosko v\u00fdznamn\u00e9 ocenenie diev\u010densk\u00e9mu spev\u00e1ckemu zboru Dolce Canto \u2013 Cenu prim\u00e1tora mesta za vynikaj\u00face interpreta\u010dn\u00e9 v\u00fdkony v\u00a0oblasti zborov\u00e9ho spevu a\u00a0reprezent\u00e1ciu mesta Bansk\u00e1 Bystrica.<\/p>\n<p><a href=\"https:\/\/www.zusjcbb.sk\/wp-content\/uploads\/2015\/06\/Cena-prim\u00e1tora-mesta-Dolce-Canto.jpg.jpg\"><img loading=\"lazy\" class=\"alignnone wp-image-2245 size-full\" src=\"https:\/\/www.zusjcbb.sk\/wp-content\/uploads\/2015\/06\/Cena-prim\u00e1tora-mesta-Dolce-Canto.jpg.jpg\" alt=\"Cena prim\u00e1tora mesta Dolce Canto.jpg\" width=\"720\" height=\"960\" srcset=\"https:\/\/www.zusjcbb.sk\/wp-content\/uploads\/2015\/06\/Cena-prim\u00e1tora-mesta-Dolce-Canto.jpg.jpg 720w, https:\/\/www.zusjcbb.sk\/wp-content\/uploads\/2015\/06\/Cena-prim\u00e1tora-mesta-Dolce-Canto.jpg-225x300.jpg 225w\" sizes=\"(max-width: 720px) 100vw, 720px\" \/><\/a><\/p>\n<p style=\"text-align: justify;\">V m\u00e1ji 2009 sa spev\u00e1cky zbor predstavil po prv\u00fd kr\u00e1t v zahrani\u010d\u00ed. \u00da\u010dinkoval na medzin\u00e1rodnom hudobnom festivale \u201eMlad\u00ed um\u011blci Pra\u017esk\u00e9mu hradu\u201c, (Praha &#8211; \u010cesk\u00e1 republika), kde jeho interpreta\u010dn\u00e9 umenie odborn\u00e1 verejnos\u0165 hodnotila ve\u013emi vysoko.\u00a0 V okt\u00f3bri toho ist\u00e9ho roku sa teleso z\u00fa\u010dastnilo\u00a0 festivalu Nostra Mercato del Tarufo v\u00a0talianskom meste Colliano. V decembri 2011 sa Dolce Canto stalo s\u00fa\u010das\u0165ou medzin\u00e1rodn\u00e9ho spev\u00e1ckeho zboru a z\u00fa\u010dastnilo projektu uvedenia \u010ceskej viano\u010dnej om\u0161e od J\u00e1na Jakuba Rybu v Prahe. V\u00a0lete 2012 uskuto\u010dnil spev\u00e1cky zbor Dolce Canto koncertn\u00fd z\u00e1jazd do mesta Labin v Chorv\u00e1tsku, v r\u00e1mci projektu Comenius \u2013 \u0161kolsk\u00e9 partnerstv\u00e1, kde jeho koncertn\u00e9 vyst\u00fapenia zo\u017eali obrovsk\u00fd \u00faspech.<\/p>\n<p><a href=\"https:\/\/www.zusjcbb.sk\/wp-content\/uploads\/2015\/07\/4-e1435730983536.jpg\"><img loading=\"lazy\" class=\"alignnone wp-image-2299 size-large\" src=\"https:\/\/www.zusjcbb.sk\/wp-content\/uploads\/2015\/07\/4-1024x768.jpg\" alt=\"4\" width=\"590\" height=\"443\" \/><\/a><\/p>\n<p style=\"text-align: justify;\">Okrem \u010fal\u0161\u00edch aktiv\u00edt sa Dolce Canto prezentovalo aj v\u00a0slovenskom medi\u00e1lnom priestore realizovan\u00edm nahr\u00e1vok pre Slovensk\u00fa telev\u00edziu a\u00a0Slovensk\u00fd rozhlas.<\/p>\n<p style=\"text-align: justify;\">Treba pod\u010diarknu\u0165, \u017ee banskobystrick\u00e9 Dolce Canto je svoj\u00edm charakterom a\u00a0zlo\u017een\u00edm &#8211; telesom v\u00fdnimo\u010dn\u00fdm. Rovnako v skupine slovensk\u00fdch diev\u010densk\u00fdch spev\u00e1ckych \u00a0zborov &#8211; \u010do sa origin\u00e1lneho reperto\u00e1ru tohto telesa t\u00fdka &#8211; mo\u017eno Dolce Canto ozna\u010di\u0165 ako jedine\u010dn\u00e9.<\/p>\n<p style=\"text-align: justify;\">Hlasov\u00fdmi pedagogi\u010dkami telesa s\u00fa Lucia Ka\u0161\u0161ov\u00e1 a Anna Ciganocov\u00e1. Na klav\u00edri hr\u00e1 Peter Sochu\u013e\u00e1k. Dirigentom a\u00a0umeleck\u00fdm ved\u00facim je Martin Ka\u0161\u0161a.<\/p>\n<p><a href=\"https:\/\/www.zusjcbb.sk\/wp-content\/uploads\/2015\/07\/5.jpg\"><img loading=\"lazy\" class=\"alignnone wp-image-2300 size-full\" src=\"https:\/\/www.zusjcbb.sk\/wp-content\/uploads\/2015\/07\/5.jpg\" alt=\"5\" width=\"698\" height=\"325\" srcset=\"https:\/\/www.zusjcbb.sk\/wp-content\/uploads\/2015\/07\/5.jpg 698w, https:\/\/www.zusjcbb.sk\/wp-content\/uploads\/2015\/07\/5-300x140.jpg 300w\" sizes=\"(max-width: 698px) 100vw, 698px\" \/><\/a><\/p>\n","protected":false},"excerpt":{"rendered":"<p>Moment\u00e1lne je s\u00fa\u010das\u0165ou star\u0161ej vekovej zlo\u017eky &#8211; Vodop\u00e1d dirigent \u2013 Martin Ka\u0161\u0161a \u00a0\u00a0 Diev\u010densk\u00fd spev\u00e1cky zbor Dolce Canto bol zalo\u017een\u00fd v\u00a0roku 2006. Teleso vzniklo z iniciat\u00edvy riadite\u013eky Z\u00e1kladnej umeleckej \u0161koly J\u00e1na Cikkera Mgr. Evy Be\u0148a\u010dkovej a dirigenta zboru Mgr. art. Martina Ka\u0161\u0161u ako \u0161tudijn\u00e9 a\u00a0koncertn\u00e9 teleso, ktor\u00e9ho \u010dlenkami s\u00fa \u017eia\u010dky a\u00a0\u0161tudentky banskobystrickej Z\u00e1kladnej umeleckej \u0161koly&hellip;&nbsp;<a href=\"https:\/\/www.zusjcbb.sk\/?page_id=133\" class=\"\" rel=\"bookmark\">\u010c\u00edta\u0165 viac &raquo;<span class=\"screen-reader-text\">Diev\u010densk\u00fd spev\u00e1cky zbor Dolce Canto<\/span><\/a><\/p>\n","protected":false},"author":2,"featured_media":0,"parent":77,"menu_order":0,"comment_status":"closed","ping_status":"closed","template":"","meta":{"neve_meta_sidebar":"","neve_meta_container":"","neve_meta_enable_content_width":"","neve_meta_content_width":0,"neve_meta_title_alignment":"","neve_meta_author_avatar":"","neve_post_elements_order":"","neve_meta_disable_header":"","neve_meta_disable_footer":"","neve_meta_disable_title":""},"_links":{"self":[{"href":"https:\/\/www.zusjcbb.sk\/index.php?rest_route=\/wp\/v2\/pages\/133"}],"collection":[{"href":"https:\/\/www.zusjcbb.sk\/index.php?rest_route=\/wp\/v2\/pages"}],"about":[{"href":"https:\/\/www.zusjcbb.sk\/index.php?rest_route=\/wp\/v2\/types\/page"}],"author":[{"embeddable":true,"href":"https:\/\/www.zusjcbb.sk\/index.php?rest_route=\/wp\/v2\/users\/2"}],"replies":[{"embeddable":true,"href":"https:\/\/www.zusjcbb.sk\/index.php?rest_route=%2Fwp%2Fv2%2Fcomments&post=133"}],"version-history":[{"count":13,"href":"https:\/\/www.zusjcbb.sk\/index.php?rest_route=\/wp\/v2\/pages\/133\/revisions"}],"predecessor-version":[{"id":11183,"href":"https:\/\/www.zusjcbb.sk\/index.php?rest_route=\/wp\/v2\/pages\/133\/revisions\/11183"}],"up":[{"embeddable":true,"href":"https:\/\/www.zusjcbb.sk\/index.php?rest_route=\/wp\/v2\/pages\/77"}],"wp:attachment":[{"href":"https:\/\/www.zusjcbb.sk\/index.php?rest_route=%2Fwp%2Fv2%2Fmedia&parent=133"}],"curies":[{"name":"wp","href":"https:\/\/api.w.org\/{rel}","templated":true}]}}