{"id":165,"date":"2011-08-18T17:25:34","date_gmt":"2011-08-18T17:25:34","guid":{"rendered":"http:\/\/www.zusjcbb.php5.sk\/?page_id=165"},"modified":"2025-08-27T08:55:25","modified_gmt":"2025-08-27T06:55:25","slug":"detsky-umelecky-festival-2","status":"publish","type":"page","link":"https:\/\/www.zusjcbb.sk\/?page_id=165","title":{"rendered":"Detsk\u00fd umeleck\u00fd festival"},"content":{"rendered":"\n<p>Detsk\u00fd umeleck\u00fd festival je s\u00fa\u0165a\u017en\u00fd <span style=\"text-decoration: underline;\">festival s celoslovenskou p\u00f4sobnos\u0165ou<\/span>,&nbsp;ktor\u00fd tvoria dve rovnocenn\u00e9 \u010dasti:<\/p>\n\n\n\n<ul><li><strong>Hudobn\u00e1 \u010das\u0165 <\/strong>&#8211; Detsk\u00fd hudobn\u00fd festival J\u00e1na Cikkera, ktor\u00e9ho s\u00fa\u010das\u0165ou je&nbsp;Detsk\u00e1 interpreta\u010dn\u00e1 s\u00fa\u0165a\u017e (\u010falej len DIS)<\/li><li><strong>V\u00fdtvarn\u00e1 \u010das\u0165<\/strong> &#8211; Ma\u013eovan\u00e1 ZU\u0160-ka<\/li><\/ul>\n\n\n\n<p>Spojen\u00edm hudobnej a v\u00fdtvarnej \u010dasti v \u010dase a v priestore vznik\u00e1 festival&nbsp;poskytuj\u00faci \u0161irok\u00fd priestor na vyh\u013ead\u00e1vanie talentov v oblasti umenia, poskytuj\u00faci&nbsp;ucelen\u00fd poh\u013ead na v\u00fdvoj a trendy v z\u00e1kladn\u00fdch umeleck\u00fdch \u0161kol\u00e1ch na Slovensku&nbsp;a tie\u017e priestor na komunik\u00e1ciu a v\u00fdmenu sk\u00fasenost\u00ed medzi pedag\u00f3gmi a ich \u017eiakmi.<\/p>\n\n\n\n<ul><li><strong>Detsk\u00fd hudobn\u00fd festival J\u00e1na Cikkera<\/strong> &#8211; Detsk\u00e1 interpreta\u010dn\u00e1 s\u00fa\u0165a\u017e &#8211; s\u00fa\u0165a\u017ee sa z\u00fa\u010dast\u0148uj\u00fa \u017eiaci I. a II. stup\u0148a z\u00e1kladn\u00e9ho \u0161t\u00fadia z\u00e1kladn\u00fdch\u00a0umeleck\u00fdch \u0161k\u00f4l v Slovenskej republike. S p\u00e4\u0165ro\u010dnou periodicitou sa striedaj\u00fa\u00a0\u017eiaci v hre na dychov\u00fdch n\u00e1strojoch, na sl\u00e1\u010dikov\u00fdch n\u00e1strojoch, v hre na\u00a0klav\u00edri, v hre na akorde\u00f3ne a v speve. Charakter s\u00fa\u0165a\u017ee dotv\u00e1raj\u00fa festivalov\u00e9\u00a0koncerty \u0161pi\u010dkov\u00fdch umelcov, ktor\u00ed s\u00fa vzorom pre mlad\u00fdch interpretov.\u00a0Pr\u00ednosom pre pr\u00e1cu pedag\u00f3gov s\u00fa odborn\u00e9 semin\u00e1re.<\/li><li><strong>Ma\u013eovan\u00e1 ZU\u0160-ka <\/strong>&#8211; \u00a0je s\u00fa\u0165a\u017en\u00e1 prehliadka, ktorej sa z\u00fa\u010dast\u0148uj\u00fa \u017eiaci I. a II.\u00a0stup\u0148a z\u00e1kladn\u00e9ho \u0161t\u00fadia z\u00e1kladn\u00fdch umeleck\u00fdch \u0161k\u00f4l v Slovenskej republike.\u00a0Ma\u013eovan\u00e1 ZU\u0160-ka je prezentovan\u00e1 formou v\u00fdstavy, sprievodn\u00fdm podujat\u00edm\u00a0je odborn\u00fd semin\u00e1r pre pedag\u00f3gov v\u00fdtvarn\u00edkov.<\/li><\/ul>\n\n\n\n<p><\/p>\n","protected":false},"excerpt":{"rendered":"<p>Detsk\u00fd umeleck\u00fd festival je s\u00fa\u0165a\u017en\u00fd festival s celoslovenskou p\u00f4sobnos\u0165ou,&nbsp;ktor\u00fd tvoria dve rovnocenn\u00e9 \u010dasti: Hudobn\u00e1 \u010das\u0165 &#8211; Detsk\u00fd hudobn\u00fd festival J\u00e1na Cikkera, ktor\u00e9ho s\u00fa\u010das\u0165ou je&nbsp;Detsk\u00e1 interpreta\u010dn\u00e1 s\u00fa\u0165a\u017e (\u010falej len DIS) V\u00fdtvarn\u00e1 \u010das\u0165 &#8211; Ma\u013eovan\u00e1 ZU\u0160-ka Spojen\u00edm hudobnej a v\u00fdtvarnej \u010dasti v \u010dase a v priestore vznik\u00e1 festival&nbsp;poskytuj\u00faci \u0161irok\u00fd priestor na vyh\u013ead\u00e1vanie talentov v oblasti umenia, poskytuj\u00faci&nbsp;ucelen\u00fd&hellip;&nbsp;<a href=\"https:\/\/www.zusjcbb.sk\/?page_id=165\" class=\"\" rel=\"bookmark\">\u010c\u00edta\u0165 viac &raquo;<span class=\"screen-reader-text\">Detsk\u00fd umeleck\u00fd festival<\/span><\/a><\/p>\n","protected":false},"author":2,"featured_media":0,"parent":32,"menu_order":0,"comment_status":"closed","ping_status":"closed","template":"","meta":{"neve_meta_sidebar":"","neve_meta_container":"","neve_meta_enable_content_width":"","neve_meta_content_width":0,"neve_meta_title_alignment":"","neve_meta_author_avatar":"","neve_post_elements_order":"","neve_meta_disable_header":"","neve_meta_disable_footer":"","neve_meta_disable_title":""},"_links":{"self":[{"href":"https:\/\/www.zusjcbb.sk\/index.php?rest_route=\/wp\/v2\/pages\/165"}],"collection":[{"href":"https:\/\/www.zusjcbb.sk\/index.php?rest_route=\/wp\/v2\/pages"}],"about":[{"href":"https:\/\/www.zusjcbb.sk\/index.php?rest_route=\/wp\/v2\/types\/page"}],"author":[{"embeddable":true,"href":"https:\/\/www.zusjcbb.sk\/index.php?rest_route=\/wp\/v2\/users\/2"}],"replies":[{"embeddable":true,"href":"https:\/\/www.zusjcbb.sk\/index.php?rest_route=%2Fwp%2Fv2%2Fcomments&post=165"}],"version-history":[{"count":12,"href":"https:\/\/www.zusjcbb.sk\/index.php?rest_route=\/wp\/v2\/pages\/165\/revisions"}],"predecessor-version":[{"id":13708,"href":"https:\/\/www.zusjcbb.sk\/index.php?rest_route=\/wp\/v2\/pages\/165\/revisions\/13708"}],"up":[{"embeddable":true,"href":"https:\/\/www.zusjcbb.sk\/index.php?rest_route=\/wp\/v2\/pages\/32"}],"wp:attachment":[{"href":"https:\/\/www.zusjcbb.sk\/index.php?rest_route=%2Fwp%2Fv2%2Fmedia&parent=165"}],"curies":[{"name":"wp","href":"https:\/\/api.w.org\/{rel}","templated":true}]}}