{"id":1695,"date":"2011-12-31T12:54:39","date_gmt":"2011-12-31T10:54:39","guid":{"rendered":"http:\/\/www.zusjcbb.sk\/?page_id=1695"},"modified":"2015-04-18T13:13:24","modified_gmt":"2015-04-18T11:13:24","slug":"uspechy-2011","status":"publish","type":"page","link":"https:\/\/www.zusjcbb.sk\/?page_id=1695","title":{"rendered":"\u00daspechy 2011"},"content":{"rendered":"<p><a href=\"https:\/\/www.zusjcbb.sk\/wp-content\/uploads\/2015\/04\/logo4.jpg\"><img loading=\"lazy\" src=\"https:\/\/www.zusjcbb.sk\/wp-content\/uploads\/2015\/04\/logo4-300x261.jpg\" alt=\"logo\" width=\"300\" height=\"261\" class=\"alignnone size-medium wp-image-1583\" \/><\/a>Preh\u013ead \u00faspechov \u0161tudentov ZU\u0160 J. Cikkera Bansk\u00e1 Bystrica za rok 2011 <!--more--><\/p>\n<h3>\u010carovn\u00e1 flauta 2011, celoslovensk\u00e1 s\u00fa\u0165a\u017e v\u00a0hre na zobcov\u00fa flautu a\u00a0dreven\u00e9 dychov\u00e9 n\u00e1stroje \u2013 Ni\u017en\u00e1<\/h3>\n<p>MICHAELA TURCEROV\u00c1 \u2013 1. miesto, absol\u00fatny v\u00ed\u0165az s\u00fa\u0165a\u017ee<\/p>\n<p>pedagogick\u00e9 vedenie Mgr.art. Martin Hanzely, klav\u00edrna spolupr\u00e1ca\u00a0Mgr.art. Eva C\u00e1hov\u00e1, ArtD.<\/p>\n<p>EVA SEGE\u010cOV\u00c1 \u2013 2. miesto<\/p>\n<p>pedagogick\u00e9 vedenie Mgr. Anna Izakovi\u010dov\u00e1,\u00a0klav\u00edrna spolupr\u00e1ca Mgr. art. Zuzana Sochu\u013e\u00e1kov\u00e1<\/p>\n<h3>Bystrick\u00e1 improliga \u2013 15. ro\u010dn\u00edk v\u00a0divadelnej improviz\u00e1cii \u2013 Bansk\u00e1 Bystrica<\/h3>\n<p>Dru\u017estvo FUKU\u0160IMA ZU\u0160 J. Cikkera \u2013 1. miesto<\/p>\n<p>Pedagogick\u00e9 vedenie Mgr.art. Boris Kov\u00e1\u010d<\/p>\n<h3>Celoslovensk\u00e1 prehliadka s\u00f3lovej hry na cimbale \u017eiakov ZU\u0160\u00a0 &#8211; Bratislava<\/h3>\n<p>ZUZANA PE\u0164KOV\u00c1 \u2013 zlat\u00e9 p\u00e1smo<\/p>\n<p>VLADIM\u00cdR SL\u00c1VIK \u2013 zlat\u00e9 p\u00e1smo<\/p>\n<p>Pedagogick\u00e9 vedenie Margita Chup\u00e1\u010dov\u00e1,\u00a0klav\u00edrna spolupr\u00e1ca Viera Horv\u00e1thov\u00e1<\/p>\n<h3>S\u00fa\u0165a\u017en\u00e1 prehliadka v\u00a0speve popul\u00e1rnych piesn\u00ed POP BB 2011<\/h3>\n<p>SO\u0147A S\u00ddKOROV\u00c1\u00a0 &#8211; 2. miesto<\/p>\n<p>Pedagogick\u00e9 vedenie Mgr.art. Lucia Ka\u0161\u0161ov\u00e1,\u00a0klav\u00edrna spolupr\u00e1ca Mgr. art. Martin Ka\u0161\u0161a<\/p>\n<h3>Peace\u00a0\u00a0 Poster\u00a0 Contest \u2013 7. ro\u010dn\u00edk celoslovensk\u00e9ho kola\u00a0 medzin\u00e1rodnej celosvetovej s\u00fa\u0165a\u017ee stv\u00e1rnen\u00ed mierov\u00e9ho plag\u00e1tu<\/h3>\n<p>MARTINA \u017dABKOV\u00c1 \u2013 2. miesto<\/p>\n<p>Pedagogick\u00e9 vedenie Mgr. Vlasta Vargicov\u00e1<\/p>\n<p>KATKA KARELOV\u00c1 \u2013 3. Cena<\/p>\n<p>Pedagogick\u00e9 vedenie Mgr. Ol\u00edvia \u0160ipkovsk\u00e1<\/p>\n<h3>13. ro\u010dn\u00edk medzin\u00e1rodnej v\u00fdtvarnej s\u00fa\u0165a\u017ee EX LIBRIS HLOHOVEC<\/h3>\n<p>MILAN \u0160AJGAL \u2013 1. miesto<\/p>\n<p>VIKTOR MURGA\u0160 \u2013 Cena \u010dlenky poroty Blanky Votavovej<\/p>\n<p>EMA HREHOV\u00c1 &#8211;\u00a0 \u010cestn\u00e9 uznanie<\/p>\n<p>\u017diaci pracuj\u00fa pod pedagogick\u00fdm veden\u00edm Mgr. Vlasty Vargicovej<\/p>\n","protected":false},"excerpt":{"rendered":"<p>Preh\u013ead \u00faspechov \u0161tudentov ZU\u0160 J. Cikkera Bansk\u00e1 Bystrica za rok 2011<\/p>\n","protected":false},"author":1,"featured_media":0,"parent":0,"menu_order":14,"comment_status":"open","ping_status":"closed","template":"","meta":{"neve_meta_sidebar":"","neve_meta_container":"","neve_meta_enable_content_width":"","neve_meta_content_width":0,"neve_meta_title_alignment":"","neve_meta_author_avatar":"","neve_post_elements_order":"","neve_meta_disable_header":"","neve_meta_disable_footer":"","neve_meta_disable_title":""},"_links":{"self":[{"href":"https:\/\/www.zusjcbb.sk\/index.php?rest_route=\/wp\/v2\/pages\/1695"}],"collection":[{"href":"https:\/\/www.zusjcbb.sk\/index.php?rest_route=\/wp\/v2\/pages"}],"about":[{"href":"https:\/\/www.zusjcbb.sk\/index.php?rest_route=\/wp\/v2\/types\/page"}],"author":[{"embeddable":true,"href":"https:\/\/www.zusjcbb.sk\/index.php?rest_route=\/wp\/v2\/users\/1"}],"replies":[{"embeddable":true,"href":"https:\/\/www.zusjcbb.sk\/index.php?rest_route=%2Fwp%2Fv2%2Fcomments&post=1695"}],"version-history":[{"count":2,"href":"https:\/\/www.zusjcbb.sk\/index.php?rest_route=\/wp\/v2\/pages\/1695\/revisions"}],"predecessor-version":[{"id":1706,"href":"https:\/\/www.zusjcbb.sk\/index.php?rest_route=\/wp\/v2\/pages\/1695\/revisions\/1706"}],"wp:attachment":[{"href":"https:\/\/www.zusjcbb.sk\/index.php?rest_route=%2Fwp%2Fv2%2Fmedia&parent=1695"}],"curies":[{"name":"wp","href":"https:\/\/api.w.org\/{rel}","templated":true}]}}