{"id":170,"date":"2011-08-18T17:37:08","date_gmt":"2011-08-18T17:37:08","guid":{"rendered":"http:\/\/www.zusjcbb.php5.sk\/?page_id=170"},"modified":"2025-01-10T18:15:58","modified_gmt":"2025-01-10T16:15:58","slug":"detsky-hudobny-festival-jana-cikkera","status":"publish","type":"page","link":"https:\/\/www.zusjcbb.sk\/?page_id=170","title":{"rendered":"Detsk\u00fd hudobn\u00fd festival J\u00e1na Cikkera"},"content":{"rendered":"\n<p><\/p>\n\n\n<div>\n<h3>\u00a0<\/h3>\n<\/div>\n<h4>V tomto \u0161kolskom roku 2024\/2025 sa uskuto\u010dn\u00ed Detsk\u00e1 interpreta\u010dn\u00e1 s\u00fa\u0165a\u017e v s\u00f3lovej a komornej hre na dreven\u00e9 dychov\u00e9 n\u00e1stroje (okrem zobcov\u00fdch fl\u00e1ut) a plechov\u00e9 dychov\u00e9 n\u00e1stroje. Predbe\u017ene je term\u00edn s\u00fa\u0165a\u017ee stanoven\u00fd na 29. a 30. m\u00e1ja 2025.<\/h4>\n<p>Detsk\u00fd hudobn\u00fd festival J\u00e1na Cikkera \u00a0\u2013 Detsk\u00e1 interpreta\u010dn\u00e1 s\u00fa\u0165a\u017e (\u010falej len\u00a0\u201eDIS\u201c) ako s\u00fa\u010das\u0165 festivalu poskytuje priestor na prezent\u00e1ciu \u017eiakov I. a II. stup\u0148a\u00a0z\u00e1kladn\u00e9ho \u0161t\u00fadia ZU\u0160.<\/p>\n<p><em>Roz\u0161iruje obzor pozn\u00e1vania<\/em>,je in\u0161pir\u00e1ciou do \u010fal\u0161ej pr\u00e1ce \u00a0a pr\u00edle\u017eitos\u0165ou porovn\u00e1va\u0165 \u00farove\u0148 a vyspelos\u0165\u00a0jednotliv\u00fdch interpretov.<\/p>\n<p>Podnetn\u00e9 s\u00fa stretnutia pedag\u00f3gov, osobn\u00e9 kontakty a priate\u013estv\u00e1,\u00a0vz\u00e1jomn\u00e1 v\u00fdmena sk\u00fasenost\u00ed z pedagogickej praxe i odborn\u00e9\u00a0semin\u00e1re.<\/p>\n<p><span style=\"color: #000080;\">\u00a0<\/span><\/p>\n<ul>\n<li><a href=\"https:\/\/www.zusjcbb.sk\/wp-content\/uploads\/2025\/01\/PROPOZICIE-DIS-dychove-nastroje-2025.pdf\"><span style=\"color: #000080;\"><strong>Propoz\u00edcie DIS v<\/strong> <strong>s\u00f3lovej a komornej hre na dychov\u00fdch n\u00e1strojoch 2025<\/strong><\/span><\/a><\/li>\n<li><a href=\"https:\/\/www.zusjcbb.sk\/wp-content\/uploads\/2025\/01\/Prihlaska-DIS-dychove-nastroje-2025.docx\"><span style=\"color: #000080;\">Prihl\u00e1\u0161ka DIS v s\u00f3lovej hre na dychov\u00fdch n\u00e1strojoch 2025<\/span><\/a><\/li>\n<li><a href=\"https:\/\/www.zusjcbb.sk\/wp-content\/uploads\/2025\/01\/Prihlaska-DIS-komorna-hra-2025.docx\"><span style=\"color: #000080;\">Prihl\u00e1\u0161ka DIS v komornej hre na dychov\u00fdch n\u00e1strojoch 2025<\/span><\/a><\/li>\n<\/ul>\n<h3 style=\"text-align: center;\"><strong>*<\/strong><\/h3>\n<ul>\n<li><a href=\"https:\/\/www.zusjcbb.sk\/?page_id=10620\"><strong>Koncert v\u00ed\u0165azov DIS 2023 v s\u00f3lovej hre na klav\u00edri\u00a0<\/strong><\/a><\/li>\n<\/ul>","protected":false},"excerpt":{"rendered":"<p>\u00a0 V tomto \u0161kolskom roku 2024\/2025 sa uskuto\u010dn\u00ed Detsk\u00e1 interpreta\u010dn\u00e1 s\u00fa\u0165a\u017e v s\u00f3lovej a komornej hre na dreven\u00e9 dychov\u00e9 n\u00e1stroje (okrem zobcov\u00fdch fl\u00e1ut) a plechov\u00e9 dychov\u00e9 n\u00e1stroje. Predbe\u017ene je term\u00edn s\u00fa\u0165a\u017ee stanoven\u00fd na 29. a 30. m\u00e1ja 2025. Detsk\u00fd hudobn\u00fd festival J\u00e1na Cikkera \u00a0\u2013 Detsk\u00e1 interpreta\u010dn\u00e1 s\u00fa\u0165a\u017e (\u010falej len\u00a0\u201eDIS\u201c) ako s\u00fa\u010das\u0165 festivalu poskytuje priestor na&hellip;&nbsp;<a href=\"https:\/\/www.zusjcbb.sk\/?page_id=170\" class=\"\" rel=\"bookmark\">\u010c\u00edta\u0165 viac &raquo;<span class=\"screen-reader-text\">Detsk\u00fd hudobn\u00fd festival J\u00e1na Cikkera<\/span><\/a><\/p>\n","protected":false},"author":2,"featured_media":0,"parent":165,"menu_order":0,"comment_status":"closed","ping_status":"closed","template":"","meta":{"neve_meta_sidebar":"","neve_meta_container":"","neve_meta_enable_content_width":"","neve_meta_content_width":0,"neve_meta_title_alignment":"","neve_meta_author_avatar":"","neve_post_elements_order":"","neve_meta_disable_header":"","neve_meta_disable_footer":"","neve_meta_disable_title":""},"_links":{"self":[{"href":"https:\/\/www.zusjcbb.sk\/index.php?rest_route=\/wp\/v2\/pages\/170"}],"collection":[{"href":"https:\/\/www.zusjcbb.sk\/index.php?rest_route=\/wp\/v2\/pages"}],"about":[{"href":"https:\/\/www.zusjcbb.sk\/index.php?rest_route=\/wp\/v2\/types\/page"}],"author":[{"embeddable":true,"href":"https:\/\/www.zusjcbb.sk\/index.php?rest_route=\/wp\/v2\/users\/2"}],"replies":[{"embeddable":true,"href":"https:\/\/www.zusjcbb.sk\/index.php?rest_route=%2Fwp%2Fv2%2Fcomments&post=170"}],"version-history":[{"count":124,"href":"https:\/\/www.zusjcbb.sk\/index.php?rest_route=\/wp\/v2\/pages\/170\/revisions"}],"predecessor-version":[{"id":12768,"href":"https:\/\/www.zusjcbb.sk\/index.php?rest_route=\/wp\/v2\/pages\/170\/revisions\/12768"}],"up":[{"embeddable":true,"href":"https:\/\/www.zusjcbb.sk\/index.php?rest_route=\/wp\/v2\/pages\/165"}],"wp:attachment":[{"href":"https:\/\/www.zusjcbb.sk\/index.php?rest_route=%2Fwp%2Fv2%2Fmedia&parent=170"}],"curies":[{"name":"wp","href":"https:\/\/api.w.org\/{rel}","templated":true}]}}