{"id":1742,"date":"2015-05-17T21:27:32","date_gmt":"2015-05-17T19:27:32","guid":{"rendered":"http:\/\/www.zusjcbb.sk\/?page_id=1742"},"modified":"2016-01-25T12:31:49","modified_gmt":"2016-01-25T10:31:49","slug":"2015-objednavky","status":"publish","type":"page","link":"https:\/\/www.zusjcbb.sk\/?page_id=1742","title":{"rendered":"2015 Objedn\u00e1vky"},"content":{"rendered":"<p><a href=\"https:\/\/www.zusjcbb.sk\/wp-content\/uploads\/2015\/05\/Objedn\u00e1vky_1_2015.pdf\">Objedn\u00e1vky_1_2015<\/a><\/p>\n<p><a href=\"https:\/\/www.zusjcbb.sk\/wp-content\/uploads\/2015\/05\/Objedn\u00e1vky_2_2015.pdf\">Objedn\u00e1vky_2_2015<\/a><\/p>\n<p><a href=\"https:\/\/www.zusjcbb.sk\/wp-content\/uploads\/2015\/05\/Objedn\u00e1vky_3_2015.pdf\">Objedn\u00e1vky_3_2015<\/a><\/p>\n<p><a href=\"https:\/\/www.zusjcbb.sk\/wp-content\/uploads\/2015\/05\/Objedn\u00e1vky_4_2015.pdf\">Objedn\u00e1vky_4_2015<\/a><\/p>\n<p><a href=\"https:\/\/www.zusjcbb.sk\/wp-content\/uploads\/2015\/05\/Objedn\u00e1vky_5_2015.pdf\">Objedn\u00e1vky_5_2015<\/a><\/p>\n<p><a href=\"https:\/\/www.zusjcbb.sk\/wp-content\/uploads\/2015\/05\/Objedn\u00e1vky_6_2015.pdf\">O<\/a><a href=\"https:\/\/www.zusjcbb.sk\/wp-content\/uploads\/2015\/05\/Objedn\u00e1vky_6_2015.pdf\"><u><span style=\"color: #0066cc;\">bjedn\u00e1vky_6_2015<\/span><\/u><\/a><\/p>\n<p><a href=\"https:\/\/www.zusjcbb.sk\/wp-content\/uploads\/2015\/05\/Objedn\u00e1vky_7_2015.pdf\" rel=\"\"><u><span style=\"color: #0066cc;\">Objedn\u00e1vky_7_2015<\/span><\/u><\/a><\/p>\n<p><a href=\"https:\/\/www.zusjcbb.sk\/wp-content\/uploads\/2015\/05\/Objedn\u00e1vky_8_2015.pdf\" rel=\"\"><u><span style=\"color: #0066cc;\">Objedn\u00e1vky_8_2015<\/span><\/u><\/a><\/p>\n<p><a href=\"https:\/\/www.zusjcbb.sk\/wp-content\/uploads\/2015\/05\/Objedn\u00e1vky_9_2015.pdf\" rel=\"\"><u><span style=\"color: #0066cc;\">Objedn\u00e1vky_9_2015<\/span><\/u><\/a><\/p>\n<p><a href=\"https:\/\/www.zusjcbb.sk\/wp-content\/uploads\/2015\/05\/Objedn\u00e1vky_10_2015.pdf\" rel=\"\"><u><span style=\"color: #0066cc;\">Objedn\u00e1vky_10_2015<\/span><\/u><\/a><\/p>\n<p><a href=\"https:\/\/www.zusjcbb.sk\/wp-content\/uploads\/2015\/05\/Objedn\u00e1vky_11_2015.pdf\" rel=\"\"><u><span style=\"color: #0066cc;\">Objedn\u00e1vky_11_2015<\/span><\/u><\/a><\/p>\n<p><u><span style=\"color: #0066cc;\"><a href=\"https:\/\/www.zusjcbb.sk\/wp-content\/uploads\/2015\/05\/Objedn\u00e1vky_12_2015-1.pdf\" rel=\"\">Objedn\u00e1vky_12_2015<\/a><\/span><\/u><\/p>\n<p>&nbsp;<\/p>\n","protected":false},"excerpt":{"rendered":"<p>Objedn\u00e1vky_1_2015 Objedn\u00e1vky_2_2015 Objedn\u00e1vky_3_2015 Objedn\u00e1vky_4_2015 Objedn\u00e1vky_5_2015 Objedn\u00e1vky_6_2015 Objedn\u00e1vky_7_2015 Objedn\u00e1vky_8_2015 Objedn\u00e1vky_9_2015 Objedn\u00e1vky_10_2015 Objedn\u00e1vky_11_2015 Objedn\u00e1vky_12_2015 &nbsp;<\/p>\n","protected":false},"author":3,"featured_media":0,"parent":37,"menu_order":0,"comment_status":"closed","ping_status":"closed","template":"","meta":{"neve_meta_sidebar":"","neve_meta_container":"","neve_meta_enable_content_width":"","neve_meta_content_width":0,"neve_meta_title_alignment":"","neve_meta_author_avatar":"","neve_post_elements_order":"","neve_meta_disable_header":"","neve_meta_disable_footer":"","neve_meta_disable_title":""},"_links":{"self":[{"href":"https:\/\/www.zusjcbb.sk\/index.php?rest_route=\/wp\/v2\/pages\/1742"}],"collection":[{"href":"https:\/\/www.zusjcbb.sk\/index.php?rest_route=\/wp\/v2\/pages"}],"about":[{"href":"https:\/\/www.zusjcbb.sk\/index.php?rest_route=\/wp\/v2\/types\/page"}],"author":[{"embeddable":true,"href":"https:\/\/www.zusjcbb.sk\/index.php?rest_route=\/wp\/v2\/users\/3"}],"replies":[{"embeddable":true,"href":"https:\/\/www.zusjcbb.sk\/index.php?rest_route=%2Fwp%2Fv2%2Fcomments&post=1742"}],"version-history":[{"count":6,"href":"https:\/\/www.zusjcbb.sk\/index.php?rest_route=\/wp\/v2\/pages\/1742\/revisions"}],"predecessor-version":[{"id":2550,"href":"https:\/\/www.zusjcbb.sk\/index.php?rest_route=\/wp\/v2\/pages\/1742\/revisions\/2550"}],"up":[{"embeddable":true,"href":"https:\/\/www.zusjcbb.sk\/index.php?rest_route=\/wp\/v2\/pages\/37"}],"wp:attachment":[{"href":"https:\/\/www.zusjcbb.sk\/index.php?rest_route=%2Fwp%2Fv2%2Fmedia&parent=1742"}],"curies":[{"name":"wp","href":"https:\/\/api.w.org\/{rel}","templated":true}]}}