{"id":1756,"date":"2015-05-17T21:53:02","date_gmt":"2015-05-17T19:53:02","guid":{"rendered":"http:\/\/www.zusjcbb.sk\/?page_id=1756"},"modified":"2015-05-18T15:29:46","modified_gmt":"2015-05-18T13:29:46","slug":"2014-zmluvy","status":"publish","type":"page","link":"https:\/\/www.zusjcbb.sk\/?page_id=1756","title":{"rendered":"2014 Zmluvy"},"content":{"rendered":"<p><a href=\"https:\/\/www.zusjcbb.sk\/wp-content\/uploads\/2015\/05\/ZML_zoznam_2014.pdf\">ZML_zoznam_2014<\/a><\/p>\n<p><a href=\"https:\/\/www.zusjcbb.sk\/wp-content\/uploads\/2015\/05\/Zml_RZ_1.pdf\">Zml_RZ_1<\/a><\/p>\n<p><a href=\"https:\/\/www.zusjcbb.sk\/wp-content\/uploads\/2015\/05\/Zml_Hron_1.pdf\">Zml_Hron_1<\/a><\/p>\n<p><a href=\"https:\/\/www.zusjcbb.sk\/wp-content\/uploads\/2015\/05\/Zml_Pyroboss.pdf\">Zml_Pyroboss<\/a><\/p>\n<p><a href=\"https:\/\/www.zusjcbb.sk\/wp-content\/uploads\/2015\/05\/Dod.T-com-Intern\u00e1tna_audiotex.pdf\">Dod.T-com &#8211; Intern\u00e1tna_audiotex<\/a><\/p>\n<p><a href=\"https:\/\/www.zusjcbb.sk\/wp-content\/uploads\/2015\/05\/KOLEKT\u00cdVNA-ZMLUVA_2014.pdf\">KOLEKT\u00cdVNA ZMLUVA_2014<\/a><\/p>\n<p><a href=\"https:\/\/www.zusjcbb.sk\/wp-content\/uploads\/2015\/05\/Zml_RZ_2.pdf\">Zml_RZ_2<\/a><\/p>\n<p><a href=\"https:\/\/www.zusjcbb.sk\/wp-content\/uploads\/2015\/05\/Zml_RZ_3.pdf\">Zml_RZ_3<\/a><\/p>\n<p><a href=\"https:\/\/www.zusjcbb.sk\/wp-content\/uploads\/2015\/05\/Zml_RZ_4.pdf\">Zml_RZ_4<\/a><\/p>\n<p><a href=\"https:\/\/www.zusjcbb.sk\/wp-content\/uploads\/2015\/05\/DarZml_NadJCikkera.pdf\">DarZml_NadJCikkera<\/a><\/p>\n<p><a href=\"https:\/\/www.zusjcbb.sk\/wp-content\/uploads\/2015\/05\/DarZml_MinV_na-DUF.pdf\">DarZml_MinV_na DUF<\/a><\/p>\n<p><a href=\"https:\/\/www.zusjcbb.sk\/wp-content\/uploads\/2015\/05\/Zml_RZ_5.pdf\">Zml_RZ_5<\/a><\/p>\n<p><a href=\"https:\/\/www.zusjcbb.sk\/wp-content\/uploads\/2015\/05\/N\u00e1jom.zml_.-\u0160tOpera.pdf\">N\u00e1jom.zml. \u0160tOpera<\/a><\/p>\n<p><a href=\"https:\/\/www.zusjcbb.sk\/wp-content\/uploads\/2015\/05\/Zml_RZ_6.pdf\">Zml_RZ_6<\/a><\/p>\n<p><a href=\"https:\/\/www.zusjcbb.sk\/wp-content\/uploads\/2015\/05\/Zml_Amicomp_18.pdf\">Zml_Amicomp_18<\/a><\/p>\n<p><a href=\"https:\/\/www.zusjcbb.sk\/wp-content\/uploads\/2015\/05\/Zml_Amicomp_19.pdf\">Zml_Amicomp_19<\/a><\/p>\n<p><a href=\"https:\/\/www.zusjcbb.sk\/wp-content\/uploads\/2015\/05\/Zml_Amicomp_20.pdf\">Zml_Amicomp_20<\/a><\/p>\n<p><a href=\"https:\/\/www.zusjcbb.sk\/wp-content\/uploads\/2015\/05\/Zml_Amicomp_23.pdf\">Zml_Amicomp_23<\/a><\/p>\n<p><a href=\"https:\/\/www.zusjcbb.sk\/wp-content\/uploads\/2015\/05\/Zml_B\u00ednovsk\u00fd_4.pdf\">Zml_B\u00ednovsk\u00fd_4<\/a><\/p>\n<p><a href=\"https:\/\/www.zusjcbb.sk\/wp-content\/uploads\/2015\/05\/Zml_bufet_2.pdf\">Zml_bufet_2<\/a><\/p>\n<p><a href=\"https:\/\/www.zusjcbb.sk\/wp-content\/uploads\/2015\/05\/Zml_Hron_3.pdf\">Zml_Hron_3<\/a><\/p>\n<p><a href=\"https:\/\/www.zusjcbb.sk\/wp-content\/uploads\/2015\/05\/Zml_o-reklme.pdf\">Zml_o reklme<\/a><\/p>\n<p><a href=\"https:\/\/www.zusjcbb.sk\/wp-content\/uploads\/2015\/05\/Zml_UMB_prax.pdf\">Zml_UMB_prax<\/a><\/p>\n<p><a href=\"https:\/\/www.zusjcbb.sk\/wp-content\/uploads\/2015\/05\/Zml_Eur\u00f3pska-\u00fania-vzdel\u00e1vanie.pdf\">Zml_Eur\u00f3pska \u00fania vzdel\u00e1vanie<\/a><\/p>\n<p><a href=\"https:\/\/www.zusjcbb.sk\/wp-content\/uploads\/2015\/05\/Dod.1_Zml_E\u00da-vzdel\u00e1vanie.pdf\">Dod.1_Zml_E\u00da vzdel\u00e1vanie<\/a><\/p>\n<p><a href=\"https:\/\/www.zusjcbb.sk\/wp-content\/uploads\/2015\/05\/Dodatok-\u010c-1_Hauerland.pdf\">Dodatok \u010c 1_Hauerland<\/a><\/p>\n<p><a href=\"https:\/\/www.zusjcbb.sk\/wp-content\/uploads\/2015\/05\/DarZml_HB-Reavis.pdf\">DarZml_HB Reavis<\/a><\/p>\n<p><a href=\"https:\/\/www.zusjcbb.sk\/wp-content\/uploads\/2015\/05\/Dod.5_Zml_094-Altys.pdf\">Dod.5_Zml_094 Altys<\/a><\/p>\n<p><a href=\"https:\/\/www.zusjcbb.sk\/wp-content\/uploads\/2015\/05\/Dod.5_Zml_0180-Altys.pdf\">Dod.5_Zml_0180 Altys<\/a><\/p>\n<p><a href=\"https:\/\/www.zusjcbb.sk\/wp-content\/uploads\/2015\/05\/Dod.5_Zml_0212-Altys.pdf\">Dod.5_Zml_0212 Altys<\/a><\/p>\n<p><a href=\"https:\/\/www.zusjcbb.sk\/wp-content\/uploads\/2015\/05\/Zml_Gamo-o-spolupr\u00e1ci.pdf\">Zml_Gamo o spolupr\u00e1ci<\/a><\/p>\n<p><a href=\"https:\/\/www.zusjcbb.sk\/wp-content\/uploads\/2015\/05\/Zml_Gamo-r\u00e1mcov\u00e1-0103.pdf\">Zml_Gamo r\u00e1mcov\u00e1 0103<\/a><\/p>\n<p><a href=\"https:\/\/www.zusjcbb.sk\/wp-content\/uploads\/2015\/05\/Zml_mestoBB-o-v\u00fdpo\u017ei\u010dke-klav\u00edra.pdf\">Zml_mestoBB o v\u00fdpo\u017ei\u010dke klav\u00edra<\/a><\/p>\n<p><a href=\"https:\/\/www.zusjcbb.sk\/wp-content\/uploads\/2015\/05\/Zml_RZ_7.pdf\">Zml_RZ_7<\/a><\/p>\n<p><a href=\"https:\/\/www.zusjcbb.sk\/wp-content\/uploads\/2015\/05\/Zml_o-n\u00e1jme-VKMK.pdf\">Zml_o n\u00e1jme VKMK<\/a><\/p>\n<p><a href=\"https:\/\/www.zusjcbb.sk\/wp-content\/uploads\/2015\/05\/zml-euroawk.pdf\">zml-euroawk<\/a><\/p>\n<p><a href=\"https:\/\/www.zusjcbb.sk\/wp-content\/uploads\/2015\/05\/Zml_o-dielo_Popako.pdf\">Zml_o dielo_Popako<\/a><\/p>\n<p><a href=\"https:\/\/www.zusjcbb.sk\/wp-content\/uploads\/2015\/05\/Dod-\u010c-02_plyn-\u0160tef\u00e1nik.pdf\">Dod \u010c 02_plyn \u0160tef\u00e1nik<\/a><\/p>\n<p><a href=\"https:\/\/www.zusjcbb.sk\/wp-content\/uploads\/2015\/05\/Dod-\u010c-02_plyn-Lazovn\u00e1.pdf\">Dod \u010c 02_plyn Lazovn\u00e1<\/a><\/p>\n<p><a href=\"https:\/\/www.zusjcbb.sk\/wp-content\/uploads\/2015\/05\/Zml_o-dielo_EUROMONT.pdf\">Zml_o dielo_EUROMONT<\/a><\/p>\n<p><a href=\"https:\/\/www.zusjcbb.sk\/wp-content\/uploads\/2015\/05\/Zml_Gamo-r\u00e1mcov\u00e1-0116_servis.pdf\">Zml_Gamo r\u00e1mcov\u00e1 0116_servis<\/a><\/p>\n","protected":false},"excerpt":{"rendered":"<p>ZML_zoznam_2014 Zml_RZ_1 Zml_Hron_1 Zml_Pyroboss Dod.T-com &#8211; Intern\u00e1tna_audiotex KOLEKT\u00cdVNA ZMLUVA_2014 Zml_RZ_2 Zml_RZ_3 Zml_RZ_4 DarZml_NadJCikkera DarZml_MinV_na DUF Zml_RZ_5 N\u00e1jom.zml. \u0160tOpera Zml_RZ_6 Zml_Amicomp_18 Zml_Amicomp_19 Zml_Amicomp_20 Zml_Amicomp_23 Zml_B\u00ednovsk\u00fd_4 Zml_bufet_2 Zml_Hron_3 Zml_o reklme Zml_UMB_prax Zml_Eur\u00f3pska \u00fania vzdel\u00e1vanie Dod.1_Zml_E\u00da vzdel\u00e1vanie Dodatok \u010c 1_Hauerland DarZml_HB Reavis Dod.5_Zml_094 Altys Dod.5_Zml_0180 Altys Dod.5_Zml_0212 Altys Zml_Gamo o spolupr\u00e1ci Zml_Gamo r\u00e1mcov\u00e1 0103 Zml_mestoBB o v\u00fdpo\u017ei\u010dke klav\u00edra&hellip;&nbsp;<a href=\"https:\/\/www.zusjcbb.sk\/?page_id=1756\" class=\"\" rel=\"bookmark\">\u010c\u00edta\u0165 viac &raquo;<span class=\"screen-reader-text\">2014 Zmluvy<\/span><\/a><\/p>\n","protected":false},"author":3,"featured_media":0,"parent":37,"menu_order":0,"comment_status":"closed","ping_status":"open","template":"","meta":{"neve_meta_sidebar":"","neve_meta_container":"","neve_meta_enable_content_width":"","neve_meta_content_width":0,"neve_meta_title_alignment":"","neve_meta_author_avatar":"","neve_post_elements_order":"","neve_meta_disable_header":"","neve_meta_disable_footer":"","neve_meta_disable_title":""},"_links":{"self":[{"href":"https:\/\/www.zusjcbb.sk\/index.php?rest_route=\/wp\/v2\/pages\/1756"}],"collection":[{"href":"https:\/\/www.zusjcbb.sk\/index.php?rest_route=\/wp\/v2\/pages"}],"about":[{"href":"https:\/\/www.zusjcbb.sk\/index.php?rest_route=\/wp\/v2\/types\/page"}],"author":[{"embeddable":true,"href":"https:\/\/www.zusjcbb.sk\/index.php?rest_route=\/wp\/v2\/users\/3"}],"replies":[{"embeddable":true,"href":"https:\/\/www.zusjcbb.sk\/index.php?rest_route=%2Fwp%2Fv2%2Fcomments&post=1756"}],"version-history":[{"count":1,"href":"https:\/\/www.zusjcbb.sk\/index.php?rest_route=\/wp\/v2\/pages\/1756\/revisions"}],"predecessor-version":[{"id":1799,"href":"https:\/\/www.zusjcbb.sk\/index.php?rest_route=\/wp\/v2\/pages\/1756\/revisions\/1799"}],"up":[{"embeddable":true,"href":"https:\/\/www.zusjcbb.sk\/index.php?rest_route=\/wp\/v2\/pages\/37"}],"wp:attachment":[{"href":"https:\/\/www.zusjcbb.sk\/index.php?rest_route=%2Fwp%2Fv2%2Fmedia&parent=1756"}],"curies":[{"name":"wp","href":"https:\/\/api.w.org\/{rel}","templated":true}]}}