{"id":1829,"date":"2015-05-17T22:07:46","date_gmt":"2015-05-17T20:07:46","guid":{"rendered":"http:\/\/www.zusjcbb.sk\/?page_id=1829"},"modified":"2015-05-18T15:29:46","modified_gmt":"2015-05-18T13:29:46","slug":"2013-objednavky","status":"publish","type":"page","link":"https:\/\/www.zusjcbb.sk\/?page_id=1829","title":{"rendered":"2013 Zmluvy"},"content":{"rendered":"<p><a href=\"https:\/\/www.zusjcbb.sk\/wp-content\/uploads\/2015\/05\/KOLEKT_-ZML_2013.pdf\">KOLEKT_ ZML_2013<\/a><\/p>\n<p><a href=\"https:\/\/www.zusjcbb.sk\/wp-content\/uploads\/2015\/05\/Zml_Hron_11.pdf\">Zml_Hron_1<\/a><\/p>\n<p><a href=\"https:\/\/www.zusjcbb.sk\/wp-content\/uploads\/2015\/05\/Dod.-\u010c-112013-Stefe.pdf\">Dod. \u010c 112013 Stefe<\/a><\/p>\n<p><a href=\"https:\/\/www.zusjcbb.sk\/wp-content\/uploads\/2015\/05\/Zml.-o-n\u00e1jme-M\u00fazeum-SNP.pdf\">Zml. o n\u00e1jme M\u00fazeum SNP<\/a><\/p>\n<p><a href=\"https:\/\/www.zusjcbb.sk\/wp-content\/uploads\/2015\/05\/Zml_MV_DUF.pdf\">Zml_MV_DUF<\/a><\/p>\n<p><a href=\"https:\/\/www.zusjcbb.sk\/wp-content\/uploads\/2015\/05\/Zml_RZ_11.pdf\">Zml_RZ_1<\/a><\/p>\n<p><a href=\"https:\/\/www.zusjcbb.sk\/wp-content\/uploads\/2015\/05\/Zml_RZ_21.pdf\">Zml_RZ_2<\/a><\/p>\n<p><a href=\"https:\/\/www.zusjcbb.sk\/wp-content\/uploads\/2015\/05\/Zml_SSE-Inter.pdf\">Zml_SSE Inter<\/a><\/p>\n<p><a href=\"https:\/\/www.zusjcbb.sk\/wp-content\/uploads\/2015\/05\/Zml_SSE-Laz.pdf\">Zml_SSE Laz<\/a><\/p>\n<p><a href=\"https:\/\/www.zusjcbb.sk\/wp-content\/uploads\/2015\/05\/Zml_SSE-\u0160tef.pdf\">Zml_SSE \u0160tef<\/a><\/p>\n<p><a href=\"https:\/\/www.zusjcbb.sk\/wp-content\/uploads\/2015\/05\/DAR_ZML_HB-Reavis.pdf\">DAR_ZML_HB Reavis<\/a><\/p>\n<p><a href=\"https:\/\/www.zusjcbb.sk\/wp-content\/uploads\/2015\/05\/Dodatok-\u010d.-1.SPP_.pdf\">Dodatok \u010d. 1.SPP<\/a><\/p>\n<p><a href=\"https:\/\/www.zusjcbb.sk\/wp-content\/uploads\/2015\/05\/Zml_\u0160t\u00e1t_Op.pdf\">Zml_\u0160t\u00e1t_Op<\/a><\/p>\n<p><a href=\"https:\/\/www.zusjcbb.sk\/wp-content\/uploads\/2015\/05\/Zml_RZ_31.pdf\">Zml_RZ_3<\/a><\/p>\n<p><a href=\"https:\/\/www.zusjcbb.sk\/wp-content\/uploads\/2015\/05\/Zml_Nad\u00e1_JC.pdf\">Zml_Nad\u00e1_JC<\/a><\/p>\n<p><a href=\"https:\/\/www.zusjcbb.sk\/wp-content\/uploads\/2015\/05\/Zml_SSE-\u0160tef_2.pdf\">Zml_SSE \u0160tef_2<\/a><\/p>\n<p><a href=\"https:\/\/www.zusjcbb.sk\/wp-content\/uploads\/2015\/05\/Zml_SSE-Laz_2.pdf\">Zml_SSE Laz_2<\/a><\/p>\n<p><a href=\"https:\/\/www.zusjcbb.sk\/wp-content\/uploads\/2015\/05\/Zml_SSE-Inter_2.pdf\">Zml_SSE Inter_2<\/a><\/p>\n<p><a href=\"https:\/\/www.zusjcbb.sk\/wp-content\/uploads\/2015\/05\/Zml_RZ_41.pdf\">Zml_RZ_4<\/a><\/p>\n<p><a href=\"https:\/\/www.zusjcbb.sk\/wp-content\/uploads\/2015\/05\/Zml_bufet_2_2013.pdf\">Zml_bufet_2_2013<\/a><\/p>\n<p><a href=\"https:\/\/www.zusjcbb.sk\/wp-content\/uploads\/2015\/05\/Zml_Hron_3_2013.pdf\">Zml_Hron_3_2013<\/a><\/p>\n<p><a href=\"https:\/\/www.zusjcbb.sk\/wp-content\/uploads\/2015\/05\/Zml_B\u00ednovsk\u00fd_4_2013.pdf\">Zml_B\u00ednovsk\u00fd_4_2013<\/a><\/p>\n<p><a href=\"https:\/\/www.zusjcbb.sk\/wp-content\/uploads\/2015\/05\/Dod_zml_Amicomp_18.pdf\">Dod_zml_Amicomp_18<\/a><\/p>\n<p><a href=\"https:\/\/www.zusjcbb.sk\/wp-content\/uploads\/2015\/05\/Dod_zml_Amicomp_19.pdf\">Dod_zml_Amicomp_19<\/a><\/p>\n<p><a href=\"https:\/\/www.zusjcbb.sk\/wp-content\/uploads\/2015\/05\/Dod_zml_Amicomp_20.pdf\">Dod_zml_Amicomp_20<\/a><\/p>\n<p><a href=\"https:\/\/www.zusjcbb.sk\/wp-content\/uploads\/2015\/05\/Zml_Hauerland.pdf\">Zml_Hauerland<\/a><\/p>\n<p><a href=\"https:\/\/www.zusjcbb.sk\/wp-content\/uploads\/2015\/05\/Zml_UMB_prax1.pdf\">Zml_UMB_prax<\/a><\/p>\n<p><a href=\"https:\/\/www.zusjcbb.sk\/wp-content\/uploads\/2015\/05\/Zml_RZ_51.pdf\">Zml_RZ_5<\/a><\/p>\n<p><a href=\"https:\/\/www.zusjcbb.sk\/wp-content\/uploads\/2015\/05\/Zml_Elis.pdf\">Zml_Elis<\/a><\/p>\n<p><a href=\"https:\/\/www.zusjcbb.sk\/wp-content\/uploads\/2015\/05\/DAR_ZML_HB-Reavis2.pdf\">DAR_ZML_HB Reavis2<\/a><\/p>\n<p><a href=\"https:\/\/www.zusjcbb.sk\/wp-content\/uploads\/2015\/05\/Dod_zml_Amicomp_23.pdf\">Dod_zml_Amicomp_23<\/a><\/p>\n<p><a href=\"https:\/\/www.zusjcbb.sk\/wp-content\/uploads\/2015\/05\/Zml-o-dielo-Intern\u00e1tna.pdf\">Zml o dielo Intern\u00e1tna<\/a><\/p>\n<p><a href=\"https:\/\/www.zusjcbb.sk\/wp-content\/uploads\/2015\/05\/Zml_euroAWK.pdf\">Zml_euroAWK<\/a><\/p>\n<p><a href=\"https:\/\/www.zusjcbb.sk\/wp-content\/uploads\/2015\/05\/Zml_VKMK_6.pdf\">Zml_VKMK_6<\/a><\/p>\n<p><a href=\"https:\/\/www.zusjcbb.sk\/wp-content\/uploads\/2015\/05\/Zoznam_zml_2013.pdf\">Zoznam_zml_2013<\/a><\/p>\n<p><a href=\"https:\/\/www.zusjcbb.sk\/wp-content\/uploads\/2015\/05\/Zml-o-dielo-Lazovn\u00e1.pdf\">Zml o dielo Lazovn\u00e1<\/a><\/p>\n","protected":false},"excerpt":{"rendered":"<p>KOLEKT_ ZML_2013 Zml_Hron_1 Dod. \u010c 112013 Stefe Zml. o n\u00e1jme M\u00fazeum SNP Zml_MV_DUF Zml_RZ_1 Zml_RZ_2 Zml_SSE Inter Zml_SSE Laz Zml_SSE \u0160tef DAR_ZML_HB Reavis Dodatok \u010d. 1.SPP Zml_\u0160t\u00e1t_Op Zml_RZ_3 Zml_Nad\u00e1_JC Zml_SSE \u0160tef_2 Zml_SSE Laz_2 Zml_SSE Inter_2 Zml_RZ_4 Zml_bufet_2_2013 Zml_Hron_3_2013 Zml_B\u00ednovsk\u00fd_4_2013 Dod_zml_Amicomp_18 Dod_zml_Amicomp_19 Dod_zml_Amicomp_20 Zml_Hauerland Zml_UMB_prax Zml_RZ_5 Zml_Elis DAR_ZML_HB Reavis2 Dod_zml_Amicomp_23 Zml o dielo Intern\u00e1tna Zml_euroAWK Zml_VKMK_6&hellip;&nbsp;<a href=\"https:\/\/www.zusjcbb.sk\/?page_id=1829\" class=\"\" rel=\"bookmark\">\u010c\u00edta\u0165 viac &raquo;<span class=\"screen-reader-text\">2013 Zmluvy<\/span><\/a><\/p>\n","protected":false},"author":3,"featured_media":0,"parent":37,"menu_order":0,"comment_status":"closed","ping_status":"open","template":"","meta":{"neve_meta_sidebar":"","neve_meta_container":"","neve_meta_enable_content_width":"","neve_meta_content_width":0,"neve_meta_title_alignment":"","neve_meta_author_avatar":"","neve_post_elements_order":"","neve_meta_disable_header":"","neve_meta_disable_footer":"","neve_meta_disable_title":""},"_links":{"self":[{"href":"https:\/\/www.zusjcbb.sk\/index.php?rest_route=\/wp\/v2\/pages\/1829"}],"collection":[{"href":"https:\/\/www.zusjcbb.sk\/index.php?rest_route=\/wp\/v2\/pages"}],"about":[{"href":"https:\/\/www.zusjcbb.sk\/index.php?rest_route=\/wp\/v2\/types\/page"}],"author":[{"embeddable":true,"href":"https:\/\/www.zusjcbb.sk\/index.php?rest_route=\/wp\/v2\/users\/3"}],"replies":[{"embeddable":true,"href":"https:\/\/www.zusjcbb.sk\/index.php?rest_route=%2Fwp%2Fv2%2Fcomments&post=1829"}],"version-history":[{"count":2,"href":"https:\/\/www.zusjcbb.sk\/index.php?rest_route=\/wp\/v2\/pages\/1829\/revisions"}],"predecessor-version":[{"id":1881,"href":"https:\/\/www.zusjcbb.sk\/index.php?rest_route=\/wp\/v2\/pages\/1829\/revisions\/1881"}],"up":[{"embeddable":true,"href":"https:\/\/www.zusjcbb.sk\/index.php?rest_route=\/wp\/v2\/pages\/37"}],"wp:attachment":[{"href":"https:\/\/www.zusjcbb.sk\/index.php?rest_route=%2Fwp%2Fv2%2Fmedia&parent=1829"}],"curies":[{"name":"wp","href":"https:\/\/api.w.org\/{rel}","templated":true}]}}