{"id":1867,"date":"2015-05-17T22:10:07","date_gmt":"2015-05-17T20:10:07","guid":{"rendered":"http:\/\/www.zusjcbb.sk\/?page_id=1867"},"modified":"2015-05-18T15:29:46","modified_gmt":"2015-05-18T13:29:46","slug":"2013-objednavky-2","status":"publish","type":"page","link":"https:\/\/www.zusjcbb.sk\/?page_id=1867","title":{"rendered":"2013 Objedn\u00e1vky"},"content":{"rendered":"<p><a href=\"https:\/\/www.zusjcbb.sk\/wp-content\/uploads\/2015\/05\/Objedn\u00e1vky_1_2013.pdf\">Objedn\u00e1vky_1_2013<\/a><\/p>\n<p><a href=\"https:\/\/www.zusjcbb.sk\/wp-content\/uploads\/2015\/05\/Objedn\u00e1vky_3_2013.pdf\">Objedn\u00e1vky_3_2013<\/a><\/p>\n<p><a href=\"https:\/\/www.zusjcbb.sk\/wp-content\/uploads\/2015\/05\/Objedn\u00e1vky_2_2013.pdf\">Objedn\u00e1vky_2_2013<\/a><\/p>\n<p><a href=\"https:\/\/www.zusjcbb.sk\/wp-content\/uploads\/2015\/05\/Objedn\u00e1vky_4_2013.pdf\">Objedn\u00e1vky_4_2013<\/a><\/p>\n<p><a href=\"https:\/\/www.zusjcbb.sk\/wp-content\/uploads\/2015\/05\/Objedn\u00e1vky_5_2013.pdf\">Objedn\u00e1vky_5_2013<\/a><\/p>\n<p><a href=\"https:\/\/www.zusjcbb.sk\/wp-content\/uploads\/2015\/05\/Objedn\u00e1vky_7_2013.pdf\">Objedn\u00e1vky_7_2013<\/a><\/p>\n<p><a href=\"https:\/\/www.zusjcbb.sk\/wp-content\/uploads\/2015\/05\/Objedn\u00e1vky_8_2013.pdf\">Objedn\u00e1vky_8_2013<\/a><\/p>\n<p><a href=\"https:\/\/www.zusjcbb.sk\/wp-content\/uploads\/2015\/05\/Objedn\u00e1vky_9_2013.pdf\">Objedn\u00e1vky_9_2013<\/a><\/p>\n<p><a href=\"https:\/\/www.zusjcbb.sk\/wp-content\/uploads\/2015\/05\/Objedn\u00e1vky_10_2013.pdf\">Objedn\u00e1vky_10_2013<\/a><\/p>\n<p><a href=\"https:\/\/www.zusjcbb.sk\/wp-content\/uploads\/2015\/05\/Objedn\u00e1vky_11_2013.pdf\">Objedn\u00e1vky_11_2013<\/a><\/p>\n<p><a href=\"https:\/\/www.zusjcbb.sk\/wp-content\/uploads\/2015\/05\/Objedn\u00e1vky_12_2013.pdf\">Objedn\u00e1vky_12_2013<\/a><\/p>\n","protected":false},"excerpt":{"rendered":"<p>Objedn\u00e1vky_1_2013 Objedn\u00e1vky_3_2013 Objedn\u00e1vky_2_2013 Objedn\u00e1vky_4_2013 Objedn\u00e1vky_5_2013 Objedn\u00e1vky_7_2013 Objedn\u00e1vky_8_2013 Objedn\u00e1vky_9_2013 Objedn\u00e1vky_10_2013 Objedn\u00e1vky_11_2013 Objedn\u00e1vky_12_2013<\/p>\n","protected":false},"author":3,"featured_media":0,"parent":37,"menu_order":0,"comment_status":"closed","ping_status":"open","template":"","meta":{"neve_meta_sidebar":"","neve_meta_container":"","neve_meta_enable_content_width":"","neve_meta_content_width":0,"neve_meta_title_alignment":"","neve_meta_author_avatar":"","neve_post_elements_order":"","neve_meta_disable_header":"","neve_meta_disable_footer":"","neve_meta_disable_title":""},"_links":{"self":[{"href":"https:\/\/www.zusjcbb.sk\/index.php?rest_route=\/wp\/v2\/pages\/1867"}],"collection":[{"href":"https:\/\/www.zusjcbb.sk\/index.php?rest_route=\/wp\/v2\/pages"}],"about":[{"href":"https:\/\/www.zusjcbb.sk\/index.php?rest_route=\/wp\/v2\/types\/page"}],"author":[{"embeddable":true,"href":"https:\/\/www.zusjcbb.sk\/index.php?rest_route=\/wp\/v2\/users\/3"}],"replies":[{"embeddable":true,"href":"https:\/\/www.zusjcbb.sk\/index.php?rest_route=%2Fwp%2Fv2%2Fcomments&post=1867"}],"version-history":[{"count":1,"href":"https:\/\/www.zusjcbb.sk\/index.php?rest_route=\/wp\/v2\/pages\/1867\/revisions"}],"predecessor-version":[{"id":1879,"href":"https:\/\/www.zusjcbb.sk\/index.php?rest_route=\/wp\/v2\/pages\/1867\/revisions\/1879"}],"up":[{"embeddable":true,"href":"https:\/\/www.zusjcbb.sk\/index.php?rest_route=\/wp\/v2\/pages\/37"}],"wp:attachment":[{"href":"https:\/\/www.zusjcbb.sk\/index.php?rest_route=%2Fwp%2Fv2%2Fmedia&parent=1867"}],"curies":[{"name":"wp","href":"https:\/\/api.w.org\/{rel}","templated":true}]}}