{"id":191,"date":"2011-09-02T11:41:48","date_gmt":"2011-09-02T11:41:48","guid":{"rendered":"http:\/\/www.zusjcbb.php5.sk\/?page_id=191"},"modified":"2024-01-10T09:54:29","modified_gmt":"2024-01-10T07:54:29","slug":"zus-band","status":"publish","type":"page","link":"https:\/\/www.zusjcbb.sk\/?page_id=191","title":{"rendered":"ZU\u0160 Band"},"content":{"rendered":"<p>\u0160kolsk\u00e1 kapela ZU\u0160 Band vznikla v\u00a0roku 2006 a\u00a0je zlo\u017een\u00e1 v\u00fdlu\u010dne zo \u017eiakov na\u0161ej \u0161koly. \u017d\u00e1nrov\u00e9 zameranie skupiny je ve\u013emi pestr\u00e9. Hr\u00e1 skladby jazzov\u00e9, swingov\u00e9, popov\u00e9\u00a0 ale aj\u00a0rockov\u00e9. Form\u00e1cia vystupuje na \u0161kolsk\u00fdch koncertoch a\u00a0r\u00f4znych mimo\u0161kolsk\u00fdch kult\u00farnych podujatiach. V\u00a0roku 2007 sa kapela z\u00fa\u010dastnila celoslovenskej s\u00fa\u0165a\u017ee pop-rockov\u00fdch a\u00a0jazzov\u00fdch skup\u00edn \u017eiakov, kde obsadila 3. miesto.\u00a0V m\u00e1ji 2009 sa predstavila na medzin\u00e1rodnom hudobnom festivale \u201eMlad\u00ed um\u011blci Pra\u017esk\u00e9mu hradu 2009\u201c (Praha \u2013 \u010cesk\u00e1 republika).<\/p>\n<p>In\u0161trument\u00e1lny z\u00e1klad kapely tvor\u00ed rytmick\u00e1 skupina v zlo\u017een\u00ed: klav\u00edr a kl\u00e1vesov\u00e9 n\u00e1stroje &#8211; Laura Merci, elektrick\u00e1 gitara \u2013 Nat\u00e1lia Ryb\u00e1rikov\u00e1, basov\u00e1 gitara \u2013 Alexander Boto\u0161, bicie n\u00e1stroje \u2013 Margar\u00e9ta Ryb\u00e1rikov\u00e1. Tato skupina je dopl\u0148ovan\u00e1 s\u00f3lov\u00fdmi n\u00e1strojmi, ako je saxof\u00f3n (Michaela Turcerov\u00e1, Michal Kraj\u010d), prie\u010dna flauta (Eva Phanvanov\u00e1), ale aj s\u00f3lov\u00fdm zpevom. Pedagogick\u00fdm ved\u00facim je MgA. Matej H\u00e1asz.<\/p>\n<p style=\"text-align: center;\">\n<p style=\"text-align: center;\">\n<p style=\"text-align: left;\"><a href=\"http:\/\/s1215.photobucket.com\/albums\/cc501\/standa2302\/?action=view&amp;current=P5090304.jpg\" target=\"_blank\" rel=\"noopener\"><img loading=\"lazy\" class=\"aligncenter\" style=\"border: 0pt none;\" src=\"http:\/\/i1215.photobucket.com\/albums\/cc501\/standa2302\/P5090304.jpg\" alt=\"Photobucket\" width=\"1024\" height=\"768\" border=\"0\" \/><\/a><\/p>\n<p><center><br \/>\n<iframe loading=\"lazy\" src=\"http:\/\/www.youtube.com\/embed\/IVTIWvu-idw\" width=\"420\" height=\"345\" frameborder=\"0\" allowfullscreen=\"allowfullscreen\"><\/iframe><\/center><\/p>\n","protected":false},"excerpt":{"rendered":"<p>\u0160kolsk\u00e1 kapela ZU\u0160 Band vznikla v\u00a0roku 2006 a\u00a0je zlo\u017een\u00e1 v\u00fdlu\u010dne zo \u017eiakov na\u0161ej \u0161koly. \u017d\u00e1nrov\u00e9 zameranie skupiny je ve\u013emi pestr\u00e9. Hr\u00e1 skladby jazzov\u00e9, swingov\u00e9, popov\u00e9\u00a0 ale aj\u00a0rockov\u00e9. Form\u00e1cia vystupuje na \u0161kolsk\u00fdch koncertoch a\u00a0r\u00f4znych mimo\u0161kolsk\u00fdch kult\u00farnych podujatiach. V\u00a0roku 2007 sa kapela z\u00fa\u010dastnila celoslovenskej s\u00fa\u0165a\u017ee pop-rockov\u00fdch a\u00a0jazzov\u00fdch skup\u00edn \u017eiakov, kde obsadila 3. miesto.\u00a0V m\u00e1ji 2009 sa predstavila&hellip;&nbsp;<a href=\"https:\/\/www.zusjcbb.sk\/?page_id=191\" class=\"\" rel=\"bookmark\">\u010c\u00edta\u0165 viac &raquo;<span class=\"screen-reader-text\">ZU\u0160 Band<\/span><\/a><\/p>\n","protected":false},"author":2,"featured_media":0,"parent":77,"menu_order":0,"comment_status":"closed","ping_status":"closed","template":"","meta":{"neve_meta_sidebar":"","neve_meta_container":"","neve_meta_enable_content_width":"","neve_meta_content_width":0,"neve_meta_title_alignment":"","neve_meta_author_avatar":"","neve_post_elements_order":"","neve_meta_disable_header":"","neve_meta_disable_footer":"","neve_meta_disable_title":""},"_links":{"self":[{"href":"https:\/\/www.zusjcbb.sk\/index.php?rest_route=\/wp\/v2\/pages\/191"}],"collection":[{"href":"https:\/\/www.zusjcbb.sk\/index.php?rest_route=\/wp\/v2\/pages"}],"about":[{"href":"https:\/\/www.zusjcbb.sk\/index.php?rest_route=\/wp\/v2\/types\/page"}],"author":[{"embeddable":true,"href":"https:\/\/www.zusjcbb.sk\/index.php?rest_route=\/wp\/v2\/users\/2"}],"replies":[{"embeddable":true,"href":"https:\/\/www.zusjcbb.sk\/index.php?rest_route=%2Fwp%2Fv2%2Fcomments&post=191"}],"version-history":[{"count":1,"href":"https:\/\/www.zusjcbb.sk\/index.php?rest_route=\/wp\/v2\/pages\/191\/revisions"}],"predecessor-version":[{"id":11137,"href":"https:\/\/www.zusjcbb.sk\/index.php?rest_route=\/wp\/v2\/pages\/191\/revisions\/11137"}],"up":[{"embeddable":true,"href":"https:\/\/www.zusjcbb.sk\/index.php?rest_route=\/wp\/v2\/pages\/77"}],"wp:attachment":[{"href":"https:\/\/www.zusjcbb.sk\/index.php?rest_route=%2Fwp%2Fv2%2Fmedia&parent=191"}],"curies":[{"name":"wp","href":"https:\/\/api.w.org\/{rel}","templated":true}]}}