{"id":194,"date":"2011-09-02T11:45:10","date_gmt":"2011-09-02T11:45:10","guid":{"rendered":"http:\/\/www.zusjcbb.php5.sk\/?page_id=194"},"modified":"2021-11-09T15:27:12","modified_gmt":"2021-11-09T13:27:12","slug":"ludova-hudba-radost","status":"publish","type":"page","link":"https:\/\/www.zusjcbb.sk\/?page_id=194","title":{"rendered":"\u013dudov\u00e1 hudba Rados\u0165"},"content":{"rendered":"<p>Ved\u00faci s\u00faboru: Igor Svetl\u00edk, DiS. art.<\/p>\n<p><a href=\"https:\/\/www.zusjcbb.sk\/wp-content\/uploads\/2011\/09\/\u013eudov\u00e1-hudba-Rados\u0165.jpg\"><img loading=\"lazy\" class=\"aligncenter wp-image-1612 size-large\" src=\"https:\/\/www.zusjcbb.sk\/wp-content\/uploads\/2011\/09\/\u013eudov\u00e1-hudba-Rados\u0165-1024x499.jpg\" alt=\"\u013eudov\u00e1 hudba Rados\u0165\" width=\"590\" height=\"288\" srcset=\"https:\/\/www.zusjcbb.sk\/wp-content\/uploads\/2011\/09\/\u013eudov\u00e1-hudba-Rados\u0165-1024x499.jpg 1024w, https:\/\/www.zusjcbb.sk\/wp-content\/uploads\/2011\/09\/\u013eudov\u00e1-hudba-Rados\u0165-300x146.jpg 300w\" sizes=\"(max-width: 590px) 100vw, 590px\" \/><\/a><\/p>\n","protected":false},"excerpt":{"rendered":"<p>Ved\u00faci s\u00faboru: Igor Svetl\u00edk, DiS. art.<\/p>\n","protected":false},"author":2,"featured_media":0,"parent":77,"menu_order":0,"comment_status":"closed","ping_status":"closed","template":"","meta":{"neve_meta_sidebar":"","neve_meta_container":"","neve_meta_enable_content_width":"","neve_meta_content_width":0,"neve_meta_title_alignment":"","neve_meta_author_avatar":"","neve_post_elements_order":"","neve_meta_disable_header":"","neve_meta_disable_footer":"","neve_meta_disable_title":""},"_links":{"self":[{"href":"https:\/\/www.zusjcbb.sk\/index.php?rest_route=\/wp\/v2\/pages\/194"}],"collection":[{"href":"https:\/\/www.zusjcbb.sk\/index.php?rest_route=\/wp\/v2\/pages"}],"about":[{"href":"https:\/\/www.zusjcbb.sk\/index.php?rest_route=\/wp\/v2\/types\/page"}],"author":[{"embeddable":true,"href":"https:\/\/www.zusjcbb.sk\/index.php?rest_route=\/wp\/v2\/users\/2"}],"replies":[{"embeddable":true,"href":"https:\/\/www.zusjcbb.sk\/index.php?rest_route=%2Fwp%2Fv2%2Fcomments&post=194"}],"version-history":[{"count":8,"href":"https:\/\/www.zusjcbb.sk\/index.php?rest_route=\/wp\/v2\/pages\/194\/revisions"}],"predecessor-version":[{"id":8978,"href":"https:\/\/www.zusjcbb.sk\/index.php?rest_route=\/wp\/v2\/pages\/194\/revisions\/8978"}],"up":[{"embeddable":true,"href":"https:\/\/www.zusjcbb.sk\/index.php?rest_route=\/wp\/v2\/pages\/77"}],"wp:attachment":[{"href":"https:\/\/www.zusjcbb.sk\/index.php?rest_route=%2Fwp%2Fv2%2Fmedia&parent=194"}],"curies":[{"name":"wp","href":"https:\/\/api.w.org\/{rel}","templated":true}]}}