{"id":1942,"date":"2015-05-17T22:28:30","date_gmt":"2015-05-17T20:28:30","guid":{"rendered":"http:\/\/www.zusjcbb.sk\/?page_id=1942"},"modified":"2015-05-18T15:29:46","modified_gmt":"2015-05-18T13:29:46","slug":"2012-faktury","status":"publish","type":"page","link":"https:\/\/www.zusjcbb.sk\/?page_id=1942","title":{"rendered":"2012 Fakt\u00fary"},"content":{"rendered":"<p><a href=\"https:\/\/www.zusjcbb.sk\/wp-content\/uploads\/2015\/05\/fa-za-j\u00fal3.pdf\">fa za j\u00fal3<\/a><\/p>\n<p><a href=\"https:\/\/www.zusjcbb.sk\/wp-content\/uploads\/2015\/05\/fa-za-aug12.pdf\">fa za aug 12<\/a><\/p>\n<p><a href=\"https:\/\/www.zusjcbb.sk\/wp-content\/uploads\/2015\/05\/fa-za-sept12.pdf\">fa za sept 12<\/a><\/p>\n<p><a href=\"https:\/\/www.zusjcbb.sk\/wp-content\/uploads\/2015\/05\/fa-za-nov12.pdf\">fa za nov 12<\/a><\/p>\n<p><a href=\"https:\/\/www.zusjcbb.sk\/wp-content\/uploads\/2015\/05\/Fa-za-decemb12.pdf\">Fa za decemb 12<\/a><\/p>\n<p><a href=\"https:\/\/www.zusjcbb.sk\/wp-content\/uploads\/2015\/05\/Fa-za-oktob12.xls.pdf\">Fa za oktob 12<\/a><\/p>\n<p><a href=\"https:\/\/www.zusjcbb.sk\/wp-content\/uploads\/2015\/05\/FA_01-04_2012.pdf\">FA_01-04_2012<\/a><\/p>\n<p><a href=\"https:\/\/www.zusjcbb.sk\/wp-content\/uploads\/2015\/05\/fa-za-j\u00fan_13.pdf\">fa za j\u00fan_13<\/a><\/p>\n<p><a href=\"https:\/\/www.zusjcbb.sk\/wp-content\/uploads\/2015\/05\/Fakt\u00fary-za-m\u00e1j-2012.pdf\">Fakt\u00fary za m\u00e1j 2012<\/a><\/p>\n","protected":false},"excerpt":{"rendered":"<p>fa za j\u00fal3 fa za aug 12 fa za sept 12 fa za nov 12 Fa za decemb 12 Fa za oktob 12 FA_01-04_2012 fa za j\u00fan_13 Fakt\u00fary za m\u00e1j 2012<\/p>\n","protected":false},"author":3,"featured_media":0,"parent":37,"menu_order":0,"comment_status":"closed","ping_status":"open","template":"","meta":{"neve_meta_sidebar":"","neve_meta_container":"","neve_meta_enable_content_width":"","neve_meta_content_width":0,"neve_meta_title_alignment":"","neve_meta_author_avatar":"","neve_post_elements_order":"","neve_meta_disable_header":"","neve_meta_disable_footer":"","neve_meta_disable_title":""},"_links":{"self":[{"href":"https:\/\/www.zusjcbb.sk\/index.php?rest_route=\/wp\/v2\/pages\/1942"}],"collection":[{"href":"https:\/\/www.zusjcbb.sk\/index.php?rest_route=\/wp\/v2\/pages"}],"about":[{"href":"https:\/\/www.zusjcbb.sk\/index.php?rest_route=\/wp\/v2\/types\/page"}],"author":[{"embeddable":true,"href":"https:\/\/www.zusjcbb.sk\/index.php?rest_route=\/wp\/v2\/users\/3"}],"replies":[{"embeddable":true,"href":"https:\/\/www.zusjcbb.sk\/index.php?rest_route=%2Fwp%2Fv2%2Fcomments&post=1942"}],"version-history":[{"count":1,"href":"https:\/\/www.zusjcbb.sk\/index.php?rest_route=\/wp\/v2\/pages\/1942\/revisions"}],"predecessor-version":[{"id":1952,"href":"https:\/\/www.zusjcbb.sk\/index.php?rest_route=\/wp\/v2\/pages\/1942\/revisions\/1952"}],"up":[{"embeddable":true,"href":"https:\/\/www.zusjcbb.sk\/index.php?rest_route=\/wp\/v2\/pages\/37"}],"wp:attachment":[{"href":"https:\/\/www.zusjcbb.sk\/index.php?rest_route=%2Fwp%2Fv2%2Fmedia&parent=1942"}],"curies":[{"name":"wp","href":"https:\/\/api.w.org\/{rel}","templated":true}]}}