{"id":198,"date":"2011-09-02T11:48:39","date_gmt":"2011-09-02T11:48:39","guid":{"rendered":"http:\/\/www.zusjcbb.php5.sk\/?page_id=198"},"modified":"2024-01-10T09:49:22","modified_gmt":"2024-01-10T07:49:22","slug":"swingovy-orchester","status":"publish","type":"page","link":"https:\/\/www.zusjcbb.sk\/?page_id=198","title":{"rendered":"Swingov\u00fd orchester"},"content":{"rendered":"\n<p>Ved\u00faci s\u00faboru: MgA. Matej H\u00e1asz a Mgr. art. Pavol Pondel\u00edk<\/p>\n\n\n\n<p class=\"has-text-align-center\">&nbsp;<\/p>\n\n\n\n<figure class=\"wp-block-image size-large\"><a href=\"https:\/\/www.zusjcbb.sk\/wp-content\/uploads\/2024\/01\/5O4A6738.jpg\"><img loading=\"lazy\" width=\"1024\" height=\"683\" src=\"https:\/\/www.zusjcbb.sk\/wp-content\/uploads\/2024\/01\/5O4A6738-1024x683.jpg\" alt=\"\" class=\"wp-image-11131\" srcset=\"https:\/\/www.zusjcbb.sk\/wp-content\/uploads\/2024\/01\/5O4A6738-1024x683.jpg 1024w, https:\/\/www.zusjcbb.sk\/wp-content\/uploads\/2024\/01\/5O4A6738-300x200.jpg 300w, https:\/\/www.zusjcbb.sk\/wp-content\/uploads\/2024\/01\/5O4A6738-768x512.jpg 768w, https:\/\/www.zusjcbb.sk\/wp-content\/uploads\/2024\/01\/5O4A6738-1536x1024.jpg 1536w, https:\/\/www.zusjcbb.sk\/wp-content\/uploads\/2024\/01\/5O4A6738-930x620.jpg 930w, https:\/\/www.zusjcbb.sk\/wp-content\/uploads\/2024\/01\/5O4A6738.jpg 2048w\" sizes=\"(max-width: 1024px) 100vw, 1024px\" \/><\/a><figcaption>Viano\u010dn\u00fd koncert ZU\u0160 J\u00e1na Cikkera, 13. 12. 2023<\/figcaption><\/figure>\n\n\n\n<figure class=\"wp-block-image size-large\"><a href=\"https:\/\/www.zusjcbb.sk\/wp-content\/uploads\/2024\/01\/5O4A6745.jpg\"><img loading=\"lazy\" width=\"1024\" height=\"683\" src=\"https:\/\/www.zusjcbb.sk\/wp-content\/uploads\/2024\/01\/5O4A6745-1024x683.jpg\" alt=\"\" class=\"wp-image-11132\" srcset=\"https:\/\/www.zusjcbb.sk\/wp-content\/uploads\/2024\/01\/5O4A6745-1024x683.jpg 1024w, https:\/\/www.zusjcbb.sk\/wp-content\/uploads\/2024\/01\/5O4A6745-300x200.jpg 300w, https:\/\/www.zusjcbb.sk\/wp-content\/uploads\/2024\/01\/5O4A6745-768x512.jpg 768w, https:\/\/www.zusjcbb.sk\/wp-content\/uploads\/2024\/01\/5O4A6745-1536x1024.jpg 1536w, https:\/\/www.zusjcbb.sk\/wp-content\/uploads\/2024\/01\/5O4A6745-930x620.jpg 930w, https:\/\/www.zusjcbb.sk\/wp-content\/uploads\/2024\/01\/5O4A6745.jpg 2048w\" sizes=\"(max-width: 1024px) 100vw, 1024px\" \/><\/a><\/figure>\n\n\n\n<p class=\"has-text-align-center\"><\/p>\n\n\n\n<figure class=\"wp-block-image size-large\"><a href=\"https:\/\/www.zusjcbb.sk\/wp-content\/uploads\/2021\/11\/1-1-swingovy-orchester-pri-zus-j-cikkera-v-bb-3731.jpg\"><img loading=\"lazy\" width=\"1024\" height=\"683\" src=\"https:\/\/www.zusjcbb.sk\/wp-content\/uploads\/2021\/11\/1-1-swingovy-orchester-pri-zus-j-cikkera-v-bb-3731-1024x683.jpg\" alt=\"\" class=\"wp-image-8987\" srcset=\"https:\/\/www.zusjcbb.sk\/wp-content\/uploads\/2021\/11\/1-1-swingovy-orchester-pri-zus-j-cikkera-v-bb-3731-1024x683.jpg 1024w, https:\/\/www.zusjcbb.sk\/wp-content\/uploads\/2021\/11\/1-1-swingovy-orchester-pri-zus-j-cikkera-v-bb-3731-300x200.jpg 300w, https:\/\/www.zusjcbb.sk\/wp-content\/uploads\/2021\/11\/1-1-swingovy-orchester-pri-zus-j-cikkera-v-bb-3731-768x512.jpg 768w, https:\/\/www.zusjcbb.sk\/wp-content\/uploads\/2021\/11\/1-1-swingovy-orchester-pri-zus-j-cikkera-v-bb-3731-1536x1024.jpg 1536w, https:\/\/www.zusjcbb.sk\/wp-content\/uploads\/2021\/11\/1-1-swingovy-orchester-pri-zus-j-cikkera-v-bb-3731-2048x1366.jpg 2048w, https:\/\/www.zusjcbb.sk\/wp-content\/uploads\/2021\/11\/1-1-swingovy-orchester-pri-zus-j-cikkera-v-bb-3731-930x620.jpg 930w\" sizes=\"(max-width: 1024px) 100vw, 1024px\" \/><\/a><\/figure>\n\n\n\n<figure class=\"wp-block-image size-large\"><a href=\"https:\/\/www.zusjcbb.sk\/wp-content\/uploads\/2021\/11\/1-2-swingovy-orchester-pri-zus-j-cikkera-v-bb-2101.jpg\"><img loading=\"lazy\" width=\"1024\" height=\"683\" src=\"https:\/\/www.zusjcbb.sk\/wp-content\/uploads\/2021\/11\/1-2-swingovy-orchester-pri-zus-j-cikkera-v-bb-2101-1024x683.jpg\" alt=\"\" class=\"wp-image-8988\" srcset=\"https:\/\/www.zusjcbb.sk\/wp-content\/uploads\/2021\/11\/1-2-swingovy-orchester-pri-zus-j-cikkera-v-bb-2101-1024x683.jpg 1024w, https:\/\/www.zusjcbb.sk\/wp-content\/uploads\/2021\/11\/1-2-swingovy-orchester-pri-zus-j-cikkera-v-bb-2101-300x200.jpg 300w, https:\/\/www.zusjcbb.sk\/wp-content\/uploads\/2021\/11\/1-2-swingovy-orchester-pri-zus-j-cikkera-v-bb-2101-768x512.jpg 768w, https:\/\/www.zusjcbb.sk\/wp-content\/uploads\/2021\/11\/1-2-swingovy-orchester-pri-zus-j-cikkera-v-bb-2101-1536x1024.jpg 1536w, https:\/\/www.zusjcbb.sk\/wp-content\/uploads\/2021\/11\/1-2-swingovy-orchester-pri-zus-j-cikkera-v-bb-2101-2048x1366.jpg 2048w, https:\/\/www.zusjcbb.sk\/wp-content\/uploads\/2021\/11\/1-2-swingovy-orchester-pri-zus-j-cikkera-v-bb-2101-930x620.jpg 930w\" sizes=\"(max-width: 1024px) 100vw, 1024px\" \/><\/a><\/figure>\n\n\n\n<figure class=\"wp-block-image size-large\"><a href=\"https:\/\/www.zusjcbb.sk\/wp-content\/uploads\/2021\/11\/1-3-swingovy-orchester-pri-zus-j-cikkera-v-bb-2135.jpg\"><img loading=\"lazy\" width=\"1024\" height=\"768\" src=\"https:\/\/www.zusjcbb.sk\/wp-content\/uploads\/2021\/11\/1-3-swingovy-orchester-pri-zus-j-cikkera-v-bb-2135-1024x768.jpg\" alt=\"\" class=\"wp-image-8989\" srcset=\"https:\/\/www.zusjcbb.sk\/wp-content\/uploads\/2021\/11\/1-3-swingovy-orchester-pri-zus-j-cikkera-v-bb-2135-1024x768.jpg 1024w, https:\/\/www.zusjcbb.sk\/wp-content\/uploads\/2021\/11\/1-3-swingovy-orchester-pri-zus-j-cikkera-v-bb-2135-300x225.jpg 300w, https:\/\/www.zusjcbb.sk\/wp-content\/uploads\/2021\/11\/1-3-swingovy-orchester-pri-zus-j-cikkera-v-bb-2135-768x576.jpg 768w, https:\/\/www.zusjcbb.sk\/wp-content\/uploads\/2021\/11\/1-3-swingovy-orchester-pri-zus-j-cikkera-v-bb-2135-1536x1152.jpg 1536w, https:\/\/www.zusjcbb.sk\/wp-content\/uploads\/2021\/11\/1-3-swingovy-orchester-pri-zus-j-cikkera-v-bb-2135-2048x1536.jpg 2048w\" sizes=\"(max-width: 1024px) 100vw, 1024px\" \/><\/a><\/figure>\n\n\n\n<div class=\"wp-block-image\"><figure class=\"aligncenter\"><a href=\"http:\/\/s1215.photobucket.com\/albums\/cc501\/standa2302\/?action=view&amp;current=219625_1351342439158_1699309171_621629_3825373_o.jpg\" target=\"_blank\" rel=\"noopener\"><img src=\"http:\/\/i1215.photobucket.com\/albums\/cc501\/standa2302\/219625_1351342439158_1699309171_621629_3825373_o.jpg\" alt=\"Photobucket\"\/><\/a><\/figure><\/div>\n","protected":false},"excerpt":{"rendered":"<p>Ved\u00faci s\u00faboru: MgA. Matej H\u00e1asz a Mgr. art. Pavol Pondel\u00edk &nbsp;<\/p>\n","protected":false},"author":2,"featured_media":0,"parent":77,"menu_order":0,"comment_status":"closed","ping_status":"closed","template":"","meta":{"neve_meta_sidebar":"","neve_meta_container":"","neve_meta_enable_content_width":"","neve_meta_content_width":0,"neve_meta_title_alignment":"","neve_meta_author_avatar":"","neve_post_elements_order":"","neve_meta_disable_header":"","neve_meta_disable_footer":"","neve_meta_disable_title":""},"_links":{"self":[{"href":"https:\/\/www.zusjcbb.sk\/index.php?rest_route=\/wp\/v2\/pages\/198"}],"collection":[{"href":"https:\/\/www.zusjcbb.sk\/index.php?rest_route=\/wp\/v2\/pages"}],"about":[{"href":"https:\/\/www.zusjcbb.sk\/index.php?rest_route=\/wp\/v2\/types\/page"}],"author":[{"embeddable":true,"href":"https:\/\/www.zusjcbb.sk\/index.php?rest_route=\/wp\/v2\/users\/2"}],"replies":[{"embeddable":true,"href":"https:\/\/www.zusjcbb.sk\/index.php?rest_route=%2Fwp%2Fv2%2Fcomments&post=198"}],"version-history":[{"count":5,"href":"https:\/\/www.zusjcbb.sk\/index.php?rest_route=\/wp\/v2\/pages\/198\/revisions"}],"predecessor-version":[{"id":11135,"href":"https:\/\/www.zusjcbb.sk\/index.php?rest_route=\/wp\/v2\/pages\/198\/revisions\/11135"}],"up":[{"embeddable":true,"href":"https:\/\/www.zusjcbb.sk\/index.php?rest_route=\/wp\/v2\/pages\/77"}],"wp:attachment":[{"href":"https:\/\/www.zusjcbb.sk\/index.php?rest_route=%2Fwp%2Fv2%2Fmedia&parent=198"}],"curies":[{"name":"wp","href":"https:\/\/api.w.org\/{rel}","templated":true}]}}