{"id":2330,"date":"2015-07-20T09:21:49","date_gmt":"2015-07-20T07:21:49","guid":{"rendered":"http:\/\/www.zusjcbb.sk\/?page_id=2330"},"modified":"2016-02-05T12:02:01","modified_gmt":"2016-02-05T10:02:01","slug":"2015-zmluvy-2","status":"publish","type":"page","link":"https:\/\/www.zusjcbb.sk\/?page_id=2330","title":{"rendered":"2015 Zmluvy"},"content":{"rendered":"<p><strong><span style=\"color: #ff00ff;\"><a style=\"color: #ff00ff; text-decoration: underline;\" href=\"https:\/\/www.zusjcbb.sk\/wp-content\/uploads\/2015\/07\/ZML_zoznam_2015-1.pdf\" rel=\"\">ZML_zoznam_2015<\/a><\/span><\/strong><\/p>\n<p><a href=\"https:\/\/www.zusjcbb.sk\/wp-content\/uploads\/2015\/07\/1_Kolekt.zml_2015-1.pdf\" rel=\"\"><span style=\"color: #0066cc;\">1_Kolekt.zml_2015<\/span><\/a><\/p>\n<p><a href=\"https:\/\/www.zusjcbb.sk\/wp-content\/uploads\/2015\/07\/2_Zml.-o-n\u00e1jme-s-OZ-Hron_\u010d.1_2015.pdf\" rel=\"\">2_Zml. o n\u00e1jme s OZ Hron_\u010d.1_2015<\/a><\/p>\n<p><a href=\"https:\/\/www.zusjcbb.sk\/wp-content\/uploads\/2015\/07\/3_DZ-Rodi\u010d.-zdru\u017e._1.pdf\" rel=\"\">3_DZ Rodi\u010d. zdru\u017e._1<\/a><\/p>\n<p><a href=\"https:\/\/www.zusjcbb.sk\/wp-content\/uploads\/2015\/07\/4_Zml._O\u00da_odb.\u0161kol.-DUF-2015.pdf\" rel=\"\"><span style=\"color: #0066cc;\">4_Zml._O\u00da_odb.\u0161kol. DUF -2015<\/span><\/a><\/p>\n<p><a href=\"https:\/\/www.zusjcbb.sk\/wp-content\/uploads\/2015\/07\/5_DZ_ALBA-koberec-do-VKS.pdf\" rel=\"\">5_DZ_ALBA koberec do VKS<\/a><\/p>\n<p><a href=\"https:\/\/www.zusjcbb.sk\/wp-content\/uploads\/2015\/07\/6_DZ-Rodi\u010d.zdru\u017e._2.pdf\" rel=\"\">6_DZ Rodi\u010d.zdru\u017e._2<\/a><\/p>\n<p><a href=\"https:\/\/www.zusjcbb.sk\/wp-content\/uploads\/2015\/07\/7_DZ-Nad\u00e1cia_JC_DUF.pdf\" rel=\"\">7_DZ Nad\u00e1cia_JC_DUF<\/a><\/p>\n<p><a href=\"https:\/\/www.zusjcbb.sk\/wp-content\/uploads\/2015\/07\/8_-Zml.-o-pren\u00e1jme-\u0160t.-opery-na-z\u00e1vere\u010dn\u00fd-koncert-TO.pdf\" rel=\"\">8_ Zml. o pren\u00e1jme \u0160t. opery na z\u00e1vere\u010dn\u00fd koncert TO<\/a><\/p>\n<p><a href=\"https:\/\/www.zusjcbb.sk\/wp-content\/uploads\/2015\/07\/9_DZ-Rodi\u010d.zdru\u017e._3_z\u00e1vere\u010dn\u00fd-koncert-TO-v-\u0160O-1.pdf\" rel=\"\">9_DZ Rodi\u010d.zdru\u017e._3_z\u00e1vere\u010dn\u00fd koncert TO v \u0160O<\/a><\/p>\n<p><a href=\"https:\/\/www.zusjcbb.sk\/wp-content\/uploads\/2015\/07\/10_Zml.-o-slu\u017ebe-s-Mestom-BB-V\u00fdber-dodod\u00e1vate\u013ea-elektriny-VO-1.pdf\" rel=\"\">10_Zml. o slu\u017ebe s Mestom BB &#8211; V\u00fdber dodod\u00e1vate\u013ea elektriny VO<\/a><\/p>\n<p><a href=\"https:\/\/www.zusjcbb.sk\/wp-content\/uploads\/2015\/07\/11_Zml.-o-n\u00e1jme-Bufet_Romanca-1.pdf\" rel=\"\">11_Zml. o n\u00e1jme Bufet_Romanca<\/a><\/p>\n<p><a href=\"https:\/\/www.zusjcbb.sk\/wp-content\/uploads\/2015\/07\/12_Zml.-o-n\u00e1jme-internetov\u00e9ho-termin\u00e1lu_Gamo-1.pdf\" rel=\"\"><span style=\"color: #0066cc;\">12_Zml. o n\u00e1jme internetov\u00e9ho termin\u00e1lu_Gamo<\/span><\/a><\/p>\n<p><a href=\"https:\/\/www.zusjcbb.sk\/wp-content\/uploads\/2015\/07\/13_Zml.-o-n\u00e1jme-miesnosti-na-sk\u00fa\u0161ky_B\u00ednovsk\u00fd-1.pdf\" rel=\"\"><span style=\"color: #0066cc;\">13_Zml. o n\u00e1jme miesnosti na sk\u00fa\u0161ky_B\u00ednovsk\u00fd<\/span><\/a><\/p>\n<p><a href=\"https:\/\/www.zusjcbb.sk\/wp-content\/uploads\/2015\/07\/14_Zml.-o-pedagogickej-praxi-\u0161tudentov-UMB-na-ZU\u0160-1.pdf\" rel=\"\"><span style=\"color: #0066cc;\">14_Zml. o pedagogickej praxi \u0161tudentov UMB na ZU\u0160<\/span><\/a><\/p>\n<p><a href=\"https:\/\/www.zusjcbb.sk\/wp-content\/uploads\/2015\/07\/15_Dod.1-ku-Kolekt.zml_2015_cena-strav.-l\u00edstka-1.pdf\" rel=\"\"><span style=\"color: #0066cc;\">15_Dod.1 ku Kolekt.zml_2015_cena strav. l\u00edstka<\/span><\/a><\/p>\n<p><a href=\"https:\/\/www.zusjcbb.sk\/wp-content\/uploads\/2015\/07\/16_Poist.-zml.UNION_\u00darazov\u00e9-poist.-\u017eiakov-1.pdf\" rel=\"\">16_Poist. zml.UNION_\u00darazov\u00e9 poist. \u017eiakov<\/a><\/p>\n<p><a href=\"https:\/\/www.zusjcbb.sk\/wp-content\/uploads\/2015\/07\/17_Dod.3-ku-zml.18_2012-Amicomp_servis-kop\u00edrky1-1.pdf\" rel=\"\">17_Dod.3 ku zml.<\/a>\u00a0<a href=\"https:\/\/www.zusjcbb.sk\/wp-content\/uploads\/2015\/07\/17_Dod.3-ku-zml.18_2012-Amicomp_servis-kop\u00edrky1-1.pdf\" rel=\"\"><span style=\"color: #0066cc;\">18_2012 Amicomp_servis kop\u00edrky1<\/span><\/a><\/p>\n<p><a href=\"https:\/\/www.zusjcbb.sk\/wp-content\/uploads\/2015\/07\/18_Dod.3-ku-zml.19_2012-Amicomp_servis-kop\u00edrky2-1.pdf\" rel=\"\">18_Dod.3 ku zml.<\/a>\u00a0<a href=\"https:\/\/www.zusjcbb.sk\/wp-content\/uploads\/2015\/07\/18_Dod.3-ku-zml.19_2012-Amicomp_servis-kop\u00edrky2-1.pdf\" rel=\"\"><span style=\"color: #0066cc;\">19_2012 Amicomp_servis kop\u00edrky2<\/span><\/a><\/p>\n<p><a href=\"https:\/\/www.zusjcbb.sk\/wp-content\/uploads\/2015\/07\/19_Dod.3-ku-zml.20_2012-Amicomp_servis-kop\u00edrky3-1.pdf\" rel=\"\">19_Dod.3 ku zml.<\/a>\u00a0<a href=\"https:\/\/www.zusjcbb.sk\/wp-content\/uploads\/2015\/07\/19_Dod.3-ku-zml.20_2012-Amicomp_servis-kop\u00edrky3-1.pdf\" rel=\"\"><span style=\"color: #0066cc;\">20_2012 Amicomp_servis kop\u00edrky3<\/span><\/a><\/p>\n<p><a href=\"https:\/\/www.zusjcbb.sk\/wp-content\/uploads\/2015\/07\/20_Dod.2-ku-Kolekt.zml_2015_tvorba-SF-1.pdf\" rel=\"\">20_Dod.2 ku Kolekt.zml_2015_tvorba SF<\/a><\/p>\n<p><a href=\"https:\/\/www.zusjcbb.sk\/wp-content\/uploads\/2015\/07\/21_DZ-Rodi\u010d.zdru\u017e._4-1.pdf\" rel=\"\">21_DZ Rodi\u010d.zdru\u017e._4<\/a><\/p>\n<p><a href=\"https:\/\/www.zusjcbb.sk\/wp-content\/uploads\/2015\/07\/22_DZ-Rodi\u010d.zdru\u017e._5-1.pdf\" rel=\"\">22_DZ Rodi\u010d.zdru\u017e._5<\/a><\/p>\n<p><a href=\"https:\/\/www.zusjcbb.sk\/wp-content\/uploads\/2015\/07\/23_Dod.-2-k-n\u00e1jom.-zml.-5_2013_Hauerland.pdf\" rel=\"\">23_Dod. 2 k n\u00e1jom. zml. 5_2013_Hauerland<\/a><\/p>\n<p><a href=\"https:\/\/www.zusjcbb.sk\/wp-content\/uploads\/2015\/07\/24_Dod.-4-ku-zml.23_2012-Amicomp_servis-kop\u00edrky4.pdf\" rel=\"\">24_Dod. 4 ku zml.23_2012 Amicomp_servis kop\u00edrky4<\/a><\/p>\n<p><a href=\"https:\/\/www.zusjcbb.sk\/wp-content\/uploads\/2015\/07\/25_Zml.-o-n\u00e1jme-\u010d.-4-2015-s-Verejnou-kni\u017e.-MK.pdf\" rel=\"\">25_Zml. o n\u00e1jme \u010d. 4-2015 s Verejnou kni\u017e. MK<\/a><\/p>\n<p><a href=\"https:\/\/www.zusjcbb.sk\/wp-content\/uploads\/2015\/07\/26_Zml.-o-dielo-s-Euro-Mont-SK-V\u00fdmena-okien-Lazovn\u00e1.pdf\" rel=\"\">26_Zml. o dielo s Euro-Mont SK-V\u00fdmena okien Lazovn\u00e1<\/a><\/p>\n<p><a href=\"https:\/\/www.zusjcbb.sk\/wp-content\/uploads\/2015\/07\/27_Zml.-o-n\u00e1jme-\u010d.-6-2015-s-euroAWK-bo\u010dn\u00e1-fas\u00e1da.pdf\" rel=\"\">27_Zml. o n\u00e1jme \u010d. 6-2015 s euroAWK &#8211; bo\u010dn\u00e1 fas\u00e1da<\/a><\/p>\n<p>&nbsp;<\/p>\n<p>&nbsp;<\/p>\n<p>&nbsp;<\/p>\n<p>&nbsp;<\/p>\n<p>&nbsp;<\/p>\n<p>&nbsp;<\/p>\n<p>&nbsp;<\/p>\n<p>&nbsp;<\/p>\n<p>&nbsp;<\/p>\n<p>&nbsp;<\/p>\n<p>&nbsp;<\/p>\n<p>&nbsp;<\/p>\n<p>&nbsp;<\/p>\n","protected":false},"excerpt":{"rendered":"<p>ZML_zoznam_2015 1_Kolekt.zml_2015 2_Zml. o n\u00e1jme s OZ Hron_\u010d.1_2015 3_DZ Rodi\u010d. zdru\u017e._1 4_Zml._O\u00da_odb.\u0161kol. DUF -2015 5_DZ_ALBA koberec do VKS 6_DZ Rodi\u010d.zdru\u017e._2 7_DZ Nad\u00e1cia_JC_DUF 8_ Zml. o pren\u00e1jme \u0160t. opery na z\u00e1vere\u010dn\u00fd koncert TO 9_DZ Rodi\u010d.zdru\u017e._3_z\u00e1vere\u010dn\u00fd koncert TO v \u0160O 10_Zml. o slu\u017ebe s Mestom BB &#8211; V\u00fdber dodod\u00e1vate\u013ea elektriny VO 11_Zml. o n\u00e1jme Bufet_Romanca 12_Zml. o&hellip;&nbsp;<a href=\"https:\/\/www.zusjcbb.sk\/?page_id=2330\" class=\"\" rel=\"bookmark\">\u010c\u00edta\u0165 viac &raquo;<span class=\"screen-reader-text\">2015 Zmluvy<\/span><\/a><\/p>\n","protected":false},"author":3,"featured_media":0,"parent":37,"menu_order":0,"comment_status":"open","ping_status":"open","template":"","meta":{"neve_meta_sidebar":"","neve_meta_container":"","neve_meta_enable_content_width":"","neve_meta_content_width":0,"neve_meta_title_alignment":"","neve_meta_author_avatar":"","neve_post_elements_order":"","neve_meta_disable_header":"","neve_meta_disable_footer":"","neve_meta_disable_title":""},"_links":{"self":[{"href":"https:\/\/www.zusjcbb.sk\/index.php?rest_route=\/wp\/v2\/pages\/2330"}],"collection":[{"href":"https:\/\/www.zusjcbb.sk\/index.php?rest_route=\/wp\/v2\/pages"}],"about":[{"href":"https:\/\/www.zusjcbb.sk\/index.php?rest_route=\/wp\/v2\/types\/page"}],"author":[{"embeddable":true,"href":"https:\/\/www.zusjcbb.sk\/index.php?rest_route=\/wp\/v2\/users\/3"}],"replies":[{"embeddable":true,"href":"https:\/\/www.zusjcbb.sk\/index.php?rest_route=%2Fwp%2Fv2%2Fcomments&post=2330"}],"version-history":[{"count":13,"href":"https:\/\/www.zusjcbb.sk\/index.php?rest_route=\/wp\/v2\/pages\/2330\/revisions"}],"predecessor-version":[{"id":2621,"href":"https:\/\/www.zusjcbb.sk\/index.php?rest_route=\/wp\/v2\/pages\/2330\/revisions\/2621"}],"up":[{"embeddable":true,"href":"https:\/\/www.zusjcbb.sk\/index.php?rest_route=\/wp\/v2\/pages\/37"}],"wp:attachment":[{"href":"https:\/\/www.zusjcbb.sk\/index.php?rest_route=%2Fwp%2Fv2%2Fmedia&parent=2330"}],"curies":[{"name":"wp","href":"https:\/\/api.w.org\/{rel}","templated":true}]}}