{"id":2402,"date":"2015-10-12T18:29:05","date_gmt":"2015-10-12T16:29:05","guid":{"rendered":"http:\/\/www.zusjcbb.sk\/?page_id=2402"},"modified":"2022-10-06T16:43:13","modified_gmt":"2022-10-06T14:43:13","slug":"propozicie-malovana-zus-ka-2016","status":"publish","type":"page","link":"https:\/\/www.zusjcbb.sk\/?page_id=2402","title":{"rendered":"PROPOZ\u00cdCIE MA\u013dOVAN\u00c1 ZU\u0160-KA 2023"},"content":{"rendered":"\n<figure class=\"wp-block-image size-large\"><a href=\"https:\/\/www.zusjcbb.sk\/wp-content\/uploads\/2022\/10\/Propozicie-Malovana-ZUS-ka-2023.jpg\"><img loading=\"lazy\" width=\"1024\" height=\"736\" src=\"https:\/\/www.zusjcbb.sk\/wp-content\/uploads\/2022\/10\/Propozicie-Malovana-ZUS-ka-2023-1024x736.jpg\" alt=\"\" class=\"wp-image-9708\" srcset=\"https:\/\/www.zusjcbb.sk\/wp-content\/uploads\/2022\/10\/Propozicie-Malovana-ZUS-ka-2023-1024x736.jpg 1024w, https:\/\/www.zusjcbb.sk\/wp-content\/uploads\/2022\/10\/Propozicie-Malovana-ZUS-ka-2023-300x216.jpg 300w, https:\/\/www.zusjcbb.sk\/wp-content\/uploads\/2022\/10\/Propozicie-Malovana-ZUS-ka-2023-768x552.jpg 768w, https:\/\/www.zusjcbb.sk\/wp-content\/uploads\/2022\/10\/Propozicie-Malovana-ZUS-ka-2023.jpg 1453w\" sizes=\"(max-width: 1024px) 100vw, 1024px\" \/><\/a><\/figure>\n\n\n\n\n\n<p><\/p>\n","protected":false},"excerpt":{"rendered":"","protected":false},"author":2,"featured_media":0,"parent":172,"menu_order":0,"comment_status":"open","ping_status":"open","template":"","meta":{"neve_meta_sidebar":"","neve_meta_container":"","neve_meta_enable_content_width":"","neve_meta_content_width":0,"neve_meta_title_alignment":"","neve_meta_author_avatar":"","neve_post_elements_order":"","neve_meta_disable_header":"","neve_meta_disable_footer":"","neve_meta_disable_title":""},"_links":{"self":[{"href":"https:\/\/www.zusjcbb.sk\/index.php?rest_route=\/wp\/v2\/pages\/2402"}],"collection":[{"href":"https:\/\/www.zusjcbb.sk\/index.php?rest_route=\/wp\/v2\/pages"}],"about":[{"href":"https:\/\/www.zusjcbb.sk\/index.php?rest_route=\/wp\/v2\/types\/page"}],"author":[{"embeddable":true,"href":"https:\/\/www.zusjcbb.sk\/index.php?rest_route=\/wp\/v2\/users\/2"}],"replies":[{"embeddable":true,"href":"https:\/\/www.zusjcbb.sk\/index.php?rest_route=%2Fwp%2Fv2%2Fcomments&post=2402"}],"version-history":[{"count":29,"href":"https:\/\/www.zusjcbb.sk\/index.php?rest_route=\/wp\/v2\/pages\/2402\/revisions"}],"predecessor-version":[{"id":9715,"href":"https:\/\/www.zusjcbb.sk\/index.php?rest_route=\/wp\/v2\/pages\/2402\/revisions\/9715"}],"up":[{"embeddable":true,"href":"https:\/\/www.zusjcbb.sk\/index.php?rest_route=\/wp\/v2\/pages\/172"}],"wp:attachment":[{"href":"https:\/\/www.zusjcbb.sk\/index.php?rest_route=%2Fwp%2Fv2%2Fmedia&parent=2402"}],"curies":[{"name":"wp","href":"https:\/\/api.w.org\/{rel}","templated":true}]}}