{"id":2575,"date":"2016-02-04T16:30:42","date_gmt":"2016-02-04T14:30:42","guid":{"rendered":"http:\/\/www.zusjcbb.sk\/?page_id=2575"},"modified":"2017-01-25T14:48:57","modified_gmt":"2017-01-25T12:48:57","slug":"2016-zmluvy","status":"publish","type":"page","link":"https:\/\/www.zusjcbb.sk\/?page_id=2575","title":{"rendered":"2016 Zmluvy"},"content":{"rendered":"<p><strong><span style=\"color: #ff00ff;\"><a style=\"color: #ff00ff;\" href=\"https:\/\/www.zusjcbb.sk\/wp-content\/uploads\/2016\/02\/ZML_zoznam_2016-9.pdf\" rel=\"\">ZML_zoznam_2016<\/a><\/span><\/strong><\/p>\n<p><span style=\"color: #0000ff;\"><a style=\"color: #0000ff;\" href=\"https:\/\/www.zusjcbb.sk\/wp-content\/uploads\/2016\/02\/1_Kolekt\u00edvna-zml_2016.pdf\" rel=\"\">1_Kolekt\u00edvna zml_2016<\/a><\/span><\/p>\n<p><span style=\"color: #0000ff;\"><a style=\"color: #0000ff;\" href=\"https:\/\/www.zusjcbb.sk\/wp-content\/uploads\/2016\/02\/2_Dod.-3-k-zml_SPP-Dod\u00e1vka-plynu-\u0160tef\u00e1nik.-n\u00e1br..pdf\" rel=\"\">2_Dod. 3 k zml_SPP- Dod\u00e1vka plynu \u0160tef\u00e1nik. n\u00e1br.<\/a><\/span><\/p>\n<p><span style=\"color: #0000ff;\"><a style=\"color: #0000ff;\" href=\"https:\/\/www.zusjcbb.sk\/wp-content\/uploads\/2016\/02\/3_Dod.-3-k-zml_SPP-Dod\u00e1vka-plynu-Lazovn\u00e1-ul..pdf\" rel=\"\">3_Dod. 3 k zml_SPP- Dod\u00e1vka plynu Lazovn\u00e1 ul.<\/a><\/span><\/p>\n<p><span style=\"color: #0000ff;\"><a style=\"color: #0000ff;\" href=\"https:\/\/www.zusjcbb.sk\/wp-content\/uploads\/2016\/02\/4_-Servisn\u00e1-zmluva-Gamo-2016.pdf\" rel=\"\">4_ Servisn\u00e1 zmluva Gamo 2016<\/a><\/span><\/p>\n<p><span style=\"color: #0000ff;\"><a style=\"color: #0000ff;\" href=\"https:\/\/www.zusjcbb.sk\/wp-content\/uploads\/2016\/02\/5_Zml.-Telekom-zmena-tel.-programu-Lazovn\u00e1.pdf\" rel=\"\">5_Zml. Telekom zmena tel. programu Lazovn\u00e1<\/a><\/span><\/p>\n<p><span style=\"color: #0000ff;\"><a style=\"color: #0000ff;\" href=\"https:\/\/www.zusjcbb.sk\/wp-content\/uploads\/2016\/02\/6_Zml.-Telekom-zmena-tel.-programu-\u0160tef\u00e1nikovo-n..pdf\" rel=\"\">6_Zml. Telekom zmena tel. programu \u0160tef\u00e1nikovo n.<\/a><\/span><\/p>\n<p><span style=\"color: #0000ff;\"><a style=\"color: #0000ff;\" href=\"https:\/\/www.zusjcbb.sk\/wp-content\/uploads\/2016\/02\/7_Zml.-Telekom-zmena-tel.-programu-Intern\u00e1tna.pdf\" rel=\"\">7_Zml. Telekom zmena tel. programu Intern\u00e1tna<\/a><\/span><\/p>\n<p><span style=\"color: #0000ff;\"><a style=\"color: #0000ff;\" href=\"https:\/\/www.zusjcbb.sk\/wp-content\/uploads\/2016\/02\/8_Zml.-Telekom-mobiln\u00fd-telef\u00f3n-akciov\u00fd.pdf\" rel=\"\">8_Zml. Telekom &#8211; mobiln\u00fd telef\u00f3n akciov\u00fd<\/a><\/span><\/p>\n<p><span style=\"color: #0000ff;\"><a style=\"color: #0000ff;\" href=\"https:\/\/www.zusjcbb.sk\/wp-content\/uploads\/2016\/02\/9_Dod.-k-zml.-Telekom-program-na-mobiln\u00fd-telef\u00f3n-akciov\u00fd.pdf\" rel=\"\">9_Dod. k zml. Telekom -program na mobiln\u00fd telef\u00f3n akciov\u00fd<\/a><\/span><\/p>\n<p><span style=\"color: #0000ff;\"><a style=\"color: #0000ff;\" href=\"https:\/\/www.zusjcbb.sk\/wp-content\/uploads\/2016\/02\/10_Zml.-o-pedagog.-praxi-\u0161tudentov-s-UMB-B.-Bystrica.pdf\" rel=\"\">10_Zml. o pedagog. praxi \u0161tudentov s UMB B. Bystrica<\/a><\/span><\/p>\n<p><span style=\"color: #0000ff;\"><a style=\"color: #0000ff;\" href=\"https:\/\/www.zusjcbb.sk\/wp-content\/uploads\/2016\/02\/11_Dar_zml.-od-Alba-precision_\u00fa\u010das\u0165-na-hus\u013eov\u00fa-s\u00fa\u0165a\u017e.pdf\" rel=\"\">11_Dar_zml. od Alba precision_\u00fa\u010das\u0165 na hus\u013eov\u00fa s\u00fa\u0165a\u017e<\/a><\/span><\/p>\n<p><span style=\"color: #0000ff;\"><a style=\"color: #0000ff;\" href=\"https:\/\/www.zusjcbb.sk\/wp-content\/uploads\/2016\/02\/12_Zml.-o-dielo_Rekon\u0161trukcia-spevnenie-dvora-pri-ZU\u0160-JC-B.-By.pdf\" rel=\"\">12_Zml. o dielo_Rekon\u0161trukcia, spevnenie dvora pri ZU\u0160 JC B. By<\/a><\/span><\/p>\n<p><span style=\"color: #0000ff;\"><a style=\"color: #0000ff;\" href=\"https:\/\/www.zusjcbb.sk\/wp-content\/uploads\/2016\/02\/13_Dar_zml.-od-Rodi\u010d.-zdru\u017e._\u00fa\u010das\u0165-na-s\u00fa\u0165a\u017eich-v-2.-polroku.pdf\" rel=\"\">13_Dar_zml. od Rodi\u010d. zdru\u017e._\u00fa\u010das\u0165 na s\u00fa\u0165a\u017eich v 2. polroku<\/a><\/span><\/p>\n<p><span style=\"color: #0000ff;\"><a style=\"color: #0000ff;\" href=\"https:\/\/www.zusjcbb.sk\/wp-content\/uploads\/2016\/02\/14_Dar_zml.-od-Rodi\u010d.-zdru\u017e._\u00fa\u010das\u0165-na-s\u00fastredeniach-v-2.-polrok.pdf\" rel=\"\">14_Dar_zml. od Rodi\u010d. zdru\u017e._\u00fa\u010das\u0165 na s\u00fastredeniach v 2. polrok<\/a><\/span><\/p>\n<p><span style=\"color: #0000ff;\"><a style=\"color: #0000ff;\" href=\"https:\/\/www.zusjcbb.sk\/wp-content\/uploads\/2016\/02\/15_Zml.-o-financovan\u00ed-DUF-J.-Cikkera-O\u00da-BB.pdf\" rel=\"\">15_Zml. o financovan\u00ed DUF J. Cikkera &#8211; O\u00da BB<\/a><\/span><\/p>\n<p><span style=\"color: #0000ff;\"><a style=\"color: #0000ff;\" href=\"https:\/\/www.zusjcbb.sk\/wp-content\/uploads\/2016\/02\/16_Zml.-o-n\u00e1jme-VKS-na-25.4.2016-pre-ZU\u0160-Tisovec.pdf\" rel=\"\">16_Zml. o n\u00e1jme VKS na 25.4.2016 pre ZU\u0160 Tisovec<\/a><\/span><\/p>\n<p><span style=\"color: #0000ff;\"><a style=\"color: #0000ff;\" href=\"https:\/\/www.zusjcbb.sk\/wp-content\/uploads\/2016\/02\/17_-Dod-1k-zml.-2_2016_-Spevnenie-dvora.pdf\" rel=\"\">1<\/a><a style=\"color: #0000ff;\" href=\"https:\/\/www.zusjcbb.sk\/wp-content\/uploads\/2016\/02\/17_-Dod-1k-zml.-2_2016_-Spevnenie-dvora.pdf\" rel=\"\">7_ Dod. 1 k zml. 2_2016_ Spevnenie dvora<\/a><\/span><\/p>\n<p><span style=\"color: #0000ff;\"><a style=\"color: #0000ff;\" href=\"https:\/\/www.zusjcbb.sk\/wp-content\/uploads\/2016\/02\/18_Zml.-o-v\u00fdpo\u017ei\u010dke-v\u00fdstavy-od-\u0160VK-v-BB.pdf\" rel=\"\">18_Zml. o v\u00fdpo\u017ei\u010dke v\u00fdstavy od \u0160VK v BB<\/a><\/span><\/p>\n<p><span style=\"color: #0000ff;\"><a style=\"color: #0000ff;\" href=\"https:\/\/www.zusjcbb.sk\/wp-content\/uploads\/2016\/02\/19_Dar_zml.-od-Nad\u00e1cie-J.-Cikkera_financovanie-24.-ro\u010d.-DUF.pdf\" rel=\"\">19_Dar_zml. od Nad\u00e1cie J. Cikkera_financovanie 24. ro\u010d. DUF<\/a> <\/span><\/p>\n<p><span style=\"color: #0000ff;\"><a style=\"color: #0000ff;\" href=\"https:\/\/www.zusjcbb.sk\/wp-content\/uploads\/2016\/02\/20_Dar_zml.-od-Rodi\u010d.-zdru\u017e._\u00fa\u010das\u0165-na-s\u00fastredeniach-a-koncert-T.pdf\" rel=\"\">20_Dar_zml. od Rodi\u010d. zdru\u017e._\u00fa\u010das\u0165 na s\u00fastredeniach a koncert T<\/a> <\/span><\/p>\n<p><span style=\"color: #0000ff;\"><a style=\"color: #0000ff;\" href=\"https:\/\/www.zusjcbb.sk\/wp-content\/uploads\/2016\/02\/21_Zml.-o-n\u00e1jme-\u0160t.-opera-na-17.-a-18.6.2016-pre-koncert-TO.pdf\" rel=\"\">21_Zml. o n\u00e1jme \u0160t. opera na 17. a 18.6.2016 pre koncert TO<\/a><\/span><\/p>\n<p><span style=\"color: #0000ff;\"><a style=\"color: #0000ff;\" href=\"https:\/\/www.zusjcbb.sk\/wp-content\/uploads\/2016\/02\/22_Dar_zml.-od-Rodi\u010d.-zdru\u017e._-financovanie-pren\u00e1jom-\u0160O-na-konce.pdf\" rel=\"\">22_Dar_zml. od Rodi\u010d. zdru\u017e._ financovanie pren\u00e1jom \u0160O na konce<\/a><\/span><\/p>\n<p><span style=\"color: #0000ff;\"><a style=\"color: #0000ff;\" href=\"https:\/\/www.zusjcbb.sk\/wp-content\/uploads\/2016\/02\/23_Zml.-o-dielo_Pollux_Otv\u00e1ranie-br\u00e1ny.pdf\" rel=\"\">23_Zml. o dielo_Pollux_Otv\u00e1ranie br\u00e1ny<\/a><\/span><\/p>\n<p><span style=\"color: #0000ff;\"><a style=\"color: #0000ff;\" href=\"https:\/\/www.zusjcbb.sk\/wp-content\/uploads\/2016\/02\/24_Zml.-o-dielo_Krofistav_-podlahy-WC_Lazovn\u00e1.pdf\" rel=\"\">24_Zml. o dielo_Krofistav_ podlahy WC_Lazovn\u00e1<\/a><\/span><\/p>\n<p><span style=\"color: #0000ff;\"><a style=\"color: #0000ff;\" href=\"https:\/\/www.zusjcbb.sk\/wp-content\/uploads\/2016\/02\/25_Zml.-o-dielo_EURO-MONT_v\u00fdmena-okien_Lazovn\u00e1.pdf\" rel=\"\">25_Zml. o dielo_EURO-MONT_v\u00fdmena okien_Lazovn\u00e1<\/a><\/span><\/p>\n<p><span style=\"color: #0000ff;\"><a style=\"color: #0000ff;\" href=\"https:\/\/www.zusjcbb.sk\/wp-content\/uploads\/2016\/02\/26_Zml.-o-n\u00e1jme_ROMANCA_-prev\u00e1dzka-bufetu.pdf\" rel=\"\">26_Zml. o n\u00e1jme_ROMANCA_ prev\u00e1dzka bufetu<\/a><\/span><\/p>\n<p><span style=\"color: #0000ff;\"><a style=\"color: #0000ff;\" href=\"https:\/\/www.zusjcbb.sk\/wp-content\/uploads\/2016\/02\/27_Zml.-o-pripojen\u00ed_Spoje-s.r.o._do-siete-Internet.pdf\" rel=\"\">27_Zml. o pripojen\u00ed_Spoje s.r.o._do siete Internet<\/a><\/span><\/p>\n<p><span style=\"color: #0000ff;\"><a style=\"color: #0000ff;\" href=\"https:\/\/www.zusjcbb.sk\/wp-content\/uploads\/2016\/02\/28_Zml.-sublicen\u010dn\u00e1-o-pou\u017e\u00edvan\u00ed-programu-iZU\u0160.pdf\" rel=\"\">28_Zml. sublicen\u010dn\u00e1 o pou\u017e\u00edvan\u00ed programu iZU\u0160<\/a> <\/span><\/p>\n<p><span style=\"color: #0000ff;\"><a style=\"color: #0000ff;\" href=\"https:\/\/www.zusjcbb.sk\/wp-content\/uploads\/2016\/02\/29_Zml.-o-zabezpe\u010den\u00ed-ochany-os.-\u00fadajov.pdf\" rel=\"\">29_Zml. o zabezpe\u010den\u00ed ochany os. \u00fadajov<\/a> <\/span><\/p>\n<p><span style=\"color: #0000ff;\"><a style=\"color: #0000ff;\" href=\"https:\/\/www.zusjcbb.sk\/wp-content\/uploads\/2016\/02\/30_Zml.-o-n\u00e1jme-triedy_B\u00ednovsk\u00fd_na-sk\u00fa\u0161ky-skupiny.pdf\" rel=\"\">30_Zml. o n\u00e1jme triedy_B\u00ednovsk\u00fd_na sk\u00fa\u0161ky skupiny<\/a> <\/span><\/p>\n<p><span style=\"color: #0000ff;\"><a style=\"color: #0000ff;\" href=\"https:\/\/www.zusjcbb.sk\/wp-content\/uploads\/2016\/02\/31_Dar.-zml.-Continental-Zvolen-Notebooky-a-PC.pdf\" rel=\"\">31_Dar. zml. Continental Zvolen &#8211; Notebooky a PC<\/a> <\/span><\/p>\n<p><span style=\"color: #0000ff;\"><a style=\"color: #0000ff;\" href=\"https:\/\/www.zusjcbb.sk\/wp-content\/uploads\/2016\/02\/32_-Zml.-o-vyu\u017e\u00edvan\u00ed-slu\u017eby-\u010cSOB-Businessbanking-Lite.pdf\" rel=\"\">32_ Zml. o vyu\u017e\u00edvan\u00ed slu\u017eby &#8211; \u010cSOB Businessbanking Lite<\/a> <\/span><\/p>\n<p><span style=\"color: #0000ff;\"><a style=\"color: #0000ff;\" href=\"https:\/\/www.zusjcbb.sk\/wp-content\/uploads\/2016\/02\/33_-Zml.-o-pren\u00e1jme-VKS-na-prezent\u00e1ciu-zvukovej-techniky-20.9.pdf\" rel=\"\">33_ Zml. o pren\u00e1jme VKS na prezent\u00e1ciu zvukovej techniky 20.9<\/a> <\/span><\/p>\n<p><span style=\"color: #0000ff;\"><a style=\"color: #0000ff;\" href=\"https:\/\/www.zusjcbb.sk\/wp-content\/uploads\/2016\/02\/34_-Zml.-o-pedagogickej-praxi-\u0161tudentov-UMB-BB.pdf\" rel=\"\">34_ Zml. o pedagogickej praxi \u0161tudentov UMB BB<\/a> <\/span><\/p>\n<p><span style=\"color: #0000ff;\">3<a style=\"color: #0000ff;\" href=\"https:\/\/www.zusjcbb.sk\/wp-content\/uploads\/2016\/02\/35_Dod.-k-servis.-zml.-18_2012-Amicomp.pdf\" rel=\"\">5_Dod. k servis. zml. 18_2012 Amicomp<\/a> <\/span><\/p>\n<p><span style=\"color: #0000ff;\"><a style=\"color: #0000ff;\" href=\"https:\/\/www.zusjcbb.sk\/wp-content\/uploads\/2016\/02\/36_Dod.-k-servis.-zml.-19_2012-Amicomp.pdf\" rel=\"\">36_Dod. k servis. zml. 19_2012 Amicomp<\/a> <\/span><\/p>\n<p><span style=\"color: #0000ff;\"><a style=\"color: #0000ff;\" href=\"https:\/\/www.zusjcbb.sk\/wp-content\/uploads\/2016\/02\/37_Dod.-k-servis.-zml.-20_2012-Amicomp.pdf\" rel=\"\">37_Dod. k servis. zml. 20_2012 Amicomp<\/a> <\/span><\/p>\n<p><span style=\"color: #0000ff;\"><a style=\"color: #0000ff;\" href=\"https:\/\/www.zusjcbb.sk\/wp-content\/uploads\/2016\/02\/38_Dod.-1-ku-zml.-o-n\u00e1jme-kiosku-Gamo.pdf\" rel=\"\">38_Dod. 1 ku zml. o n\u00e1jme kiosku &#8211; Gamo<\/a> <\/span><\/p>\n<p><span style=\"color: #0000ff;\"><a style=\"color: #0000ff;\" href=\"https:\/\/www.zusjcbb.sk\/wp-content\/uploads\/2016\/02\/39_Dod.-1-ku-KZ-pr\u00edplatok-6-pre-nepedagogick\u00fdch-zamestnancov.pdf\" rel=\"\">39_Dod. 1 ku KZ pr\u00edplatok 6% pre nepedagogick\u00fdch zamestnancov<\/a> <\/span><\/p>\n<p><span style=\"color: #0000ff;\"><a style=\"color: #0000ff;\" href=\"https:\/\/www.zusjcbb.sk\/wp-content\/uploads\/2016\/02\/40_Dar_zml.-od-Rodi\u010d.-zdru\u017e._-financovanie-s\u00fa\u0165a\u017ee-a-s\u00fastreden\u00ed.pdf\" rel=\"\">40_Dar_zml. od Rodi\u010d. zdru\u017e._ financovanie s\u00fa\u0165a\u017ee a s\u00fastreden\u00ed<\/a> <\/span><\/p>\n<p><span style=\"color: #0000ff;\"><a style=\"color: #0000ff;\" href=\"https:\/\/www.zusjcbb.sk\/wp-content\/uploads\/2016\/02\/41_Dod.-k-servis.-zml.-23_2012-Amicomp.pdf\" rel=\"\">41_Dod. k servis. zml. 23_2012 Amicomp<\/a> <\/span><\/p>\n<p><span style=\"color: #333399;\"><a style=\"color: #333399;\" href=\"https:\/\/www.zusjcbb.sk\/wp-content\/uploads\/2016\/02\/42_Zml.-o-dod\u00e1vke-elektriny-dod\u00e1vate\u013e-Pow-en-a.s..pdf\" rel=\"\">42_Zml. o dod\u00e1vke elektriny- dod\u00e1vate\u013e Pow-en a.s.<\/a><\/span><\/p>\n<p><span style=\"color: #333399;\"><a style=\"color: #333399;\" href=\"https:\/\/www.zusjcbb.sk\/wp-content\/uploads\/2016\/02\/43_-Zml.-o-pren\u00e1jme-priestorov-pre-VKMK-na-rok-2017.pdf\" rel=\"\">43_ Zml. o pren\u00e1jme priestorov pre VKMK na rok 2017<\/a><\/span><\/p>\n<p><span style=\"color: #333399;\"><a style=\"color: #333399;\" href=\"https:\/\/www.zusjcbb.sk\/wp-content\/uploads\/2016\/02\/44_Zml.-o-dielo_10_2016_EURO-MONT_II.v\u00fdmena-okien_Lazovn\u00e1.pdf\" rel=\"\">44_Zml. o dielo_10_2016_EURO-MONT_II.v\u00fdmena okien_Lazovn\u00e1<\/a><\/span><\/p>\n<p><span style=\"color: #333399;\"><a style=\"color: #333399;\" href=\"https:\/\/www.zusjcbb.sk\/wp-content\/uploads\/2016\/02\/45_-Zml.-o-pren\u00e1jme-bo\u010dnej-fas\u00e1dy-budovy-pre-euroAWK-na-rok-201.pdf\" rel=\"\">45_ Zml. o pren\u00e1jme bo\u010dnej fas\u00e1dy budovy pre euroAWK na rok 2017<\/a><\/span><\/p>\n<p><span style=\"color: #000080;\"><a style=\"color: #000080;\" href=\"https:\/\/www.zusjcbb.sk\/wp-content\/uploads\/2016\/02\/46_Dod.-k-r\u00e1m.-dohode-Gamo-servis-na-r.-2017.pdf\" rel=\"\">46_Dod. k r\u00e1m. dohode Gamo &#8211; servis na r. 2017<\/a><\/span><\/p>\n<p>&nbsp;<\/p>\n<p>&nbsp;<\/p>\n<p>&nbsp;<\/p>\n<p>&nbsp;<\/p>\n<p>&nbsp;<\/p>\n<p>&nbsp;<\/p>\n<p>&nbsp;<\/p>\n<p>&nbsp;<\/p>\n<p>&nbsp;<\/p>\n<p>&nbsp;<\/p>\n<p>&nbsp;<\/p>\n<p>&nbsp;<\/p>\n","protected":false},"excerpt":{"rendered":"<p>ZML_zoznam_2016 1_Kolekt\u00edvna zml_2016 2_Dod. 3 k zml_SPP- Dod\u00e1vka plynu \u0160tef\u00e1nik. n\u00e1br. 3_Dod. 3 k zml_SPP- Dod\u00e1vka plynu Lazovn\u00e1 ul. 4_ Servisn\u00e1 zmluva Gamo 2016 5_Zml. Telekom zmena tel. programu Lazovn\u00e1 6_Zml. Telekom zmena tel. programu \u0160tef\u00e1nikovo n. 7_Zml. Telekom zmena tel. programu Intern\u00e1tna 8_Zml. Telekom &#8211; mobiln\u00fd telef\u00f3n akciov\u00fd 9_Dod. k zml. Telekom -program na&hellip;&nbsp;<a href=\"https:\/\/www.zusjcbb.sk\/?page_id=2575\" class=\"\" rel=\"bookmark\">\u010c\u00edta\u0165 viac &raquo;<span class=\"screen-reader-text\">2016 Zmluvy<\/span><\/a><\/p>\n","protected":false},"author":3,"featured_media":0,"parent":37,"menu_order":0,"comment_status":"closed","ping_status":"closed","template":"","meta":{"neve_meta_sidebar":"","neve_meta_container":"","neve_meta_enable_content_width":"","neve_meta_content_width":0,"neve_meta_title_alignment":"","neve_meta_author_avatar":"","neve_post_elements_order":"","neve_meta_disable_header":"","neve_meta_disable_footer":"","neve_meta_disable_title":""},"_links":{"self":[{"href":"https:\/\/www.zusjcbb.sk\/index.php?rest_route=\/wp\/v2\/pages\/2575"}],"collection":[{"href":"https:\/\/www.zusjcbb.sk\/index.php?rest_route=\/wp\/v2\/pages"}],"about":[{"href":"https:\/\/www.zusjcbb.sk\/index.php?rest_route=\/wp\/v2\/types\/page"}],"author":[{"embeddable":true,"href":"https:\/\/www.zusjcbb.sk\/index.php?rest_route=\/wp\/v2\/users\/3"}],"replies":[{"embeddable":true,"href":"https:\/\/www.zusjcbb.sk\/index.php?rest_route=%2Fwp%2Fv2%2Fcomments&post=2575"}],"version-history":[{"count":19,"href":"https:\/\/www.zusjcbb.sk\/index.php?rest_route=\/wp\/v2\/pages\/2575\/revisions"}],"predecessor-version":[{"id":3296,"href":"https:\/\/www.zusjcbb.sk\/index.php?rest_route=\/wp\/v2\/pages\/2575\/revisions\/3296"}],"up":[{"embeddable":true,"href":"https:\/\/www.zusjcbb.sk\/index.php?rest_route=\/wp\/v2\/pages\/37"}],"wp:attachment":[{"href":"https:\/\/www.zusjcbb.sk\/index.php?rest_route=%2Fwp%2Fv2%2Fmedia&parent=2575"}],"curies":[{"name":"wp","href":"https:\/\/api.w.org\/{rel}","templated":true}]}}