{"id":2579,"date":"2016-02-04T16:37:22","date_gmt":"2016-02-04T14:37:22","guid":{"rendered":"http:\/\/www.zusjcbb.sk\/?page_id=2579"},"modified":"2017-01-26T14:47:46","modified_gmt":"2017-01-26T12:47:46","slug":"2016-objednavky","status":"publish","type":"page","link":"https:\/\/www.zusjcbb.sk\/?page_id=2579","title":{"rendered":"2016 Objedn\u00e1vky"},"content":{"rendered":"<p><a href=\"https:\/\/www.zusjcbb.sk\/wp-content\/uploads\/2016\/02\/Objedn\u00e1vky_1_2016.pdf\" rel=\"\">Objedn\u00e1vky_1_2016<\/a><\/p>\n<p><a href=\"https:\/\/www.zusjcbb.sk\/wp-content\/uploads\/2016\/02\/Objedn\u00e1vky_2_2016.pdf\" rel=\"\">Objedn\u00e1vky_2_2016<\/a><\/p>\n<p><a href=\"https:\/\/www.zusjcbb.sk\/wp-content\/uploads\/2016\/02\/Objedn\u00e1vky_3_2016.pdf\" rel=\"\">Objedn\u00e1vky_3_2016<\/a><\/p>\n<p><a href=\"https:\/\/www.zusjcbb.sk\/wp-content\/uploads\/2016\/02\/Objedn\u00e1vky_4_2016.pdf\" rel=\"\">Objedn\u00e1vky_4_2016<\/a><\/p>\n<p><a href=\"https:\/\/www.zusjcbb.sk\/wp-content\/uploads\/2016\/02\/Objedn\u00e1vky_5_2016.pdf\" rel=\"\">Objedn\u00e1vky_5_2016<\/a><\/p>\n<p><a href=\"https:\/\/www.zusjcbb.sk\/wp-content\/uploads\/2016\/02\/Objedn\u00e1vky_6_2016.pdf\" rel=\"\">Objedn\u00e1vky_6_2016<\/a><\/p>\n<p><a href=\"https:\/\/www.zusjcbb.sk\/wp-content\/uploads\/2016\/02\/Objedn\u00e1vky_7_2016.pdf\" rel=\"\">Objedn\u00e1vky_7_2016<\/a><\/p>\n<p><a href=\"https:\/\/www.zusjcbb.sk\/wp-content\/uploads\/2016\/02\/Objedn\u00e1vky_8_2016.pdf\" rel=\"\">Objedn\u00e1vky_8_2016<\/a><\/p>\n<p><a href=\"https:\/\/www.zusjcbb.sk\/wp-content\/uploads\/2016\/02\/Objedn\u00e1vky_9_2016.pdf\" rel=\"\">Objedn\u00e1vky_9_2016<\/a><\/p>\n<p><a href=\"https:\/\/www.zusjcbb.sk\/wp-content\/uploads\/2016\/02\/Objedn\u00e1vky_10_2016.pdf\" rel=\"\">Objedn\u00e1vky_10_2016<\/a><\/p>\n<p><a href=\"https:\/\/www.zusjcbb.sk\/wp-content\/uploads\/2016\/02\/Objedn\u00e1vky_11_2016.pdf\" rel=\"\">Objedn\u00e1vky_11_2016<\/a><\/p>\n<p><a href=\"https:\/\/www.zusjcbb.sk\/wp-content\/uploads\/2016\/02\/Objedn\u00e1vky_12_2016.pdf\" rel=\"\">Objedn\u00e1vky_12_2016<\/a><\/p>\n","protected":false},"excerpt":{"rendered":"<p>Objedn\u00e1vky_1_2016 Objedn\u00e1vky_2_2016 Objedn\u00e1vky_3_2016 Objedn\u00e1vky_4_2016 Objedn\u00e1vky_5_2016 Objedn\u00e1vky_6_2016 Objedn\u00e1vky_7_2016 Objedn\u00e1vky_8_2016 Objedn\u00e1vky_9_2016 Objedn\u00e1vky_10_2016 Objedn\u00e1vky_11_2016 Objedn\u00e1vky_12_2016<\/p>\n","protected":false},"author":3,"featured_media":0,"parent":37,"menu_order":0,"comment_status":"closed","ping_status":"closed","template":"","meta":{"neve_meta_sidebar":"","neve_meta_container":"","neve_meta_enable_content_width":"","neve_meta_content_width":0,"neve_meta_title_alignment":"","neve_meta_author_avatar":"","neve_post_elements_order":"","neve_meta_disable_header":"","neve_meta_disable_footer":"","neve_meta_disable_title":""},"_links":{"self":[{"href":"https:\/\/www.zusjcbb.sk\/index.php?rest_route=\/wp\/v2\/pages\/2579"}],"collection":[{"href":"https:\/\/www.zusjcbb.sk\/index.php?rest_route=\/wp\/v2\/pages"}],"about":[{"href":"https:\/\/www.zusjcbb.sk\/index.php?rest_route=\/wp\/v2\/types\/page"}],"author":[{"embeddable":true,"href":"https:\/\/www.zusjcbb.sk\/index.php?rest_route=\/wp\/v2\/users\/3"}],"replies":[{"embeddable":true,"href":"https:\/\/www.zusjcbb.sk\/index.php?rest_route=%2Fwp%2Fv2%2Fcomments&post=2579"}],"version-history":[{"count":8,"href":"https:\/\/www.zusjcbb.sk\/index.php?rest_route=\/wp\/v2\/pages\/2579\/revisions"}],"predecessor-version":[{"id":2771,"href":"https:\/\/www.zusjcbb.sk\/index.php?rest_route=\/wp\/v2\/pages\/2579\/revisions\/2771"}],"up":[{"embeddable":true,"href":"https:\/\/www.zusjcbb.sk\/index.php?rest_route=\/wp\/v2\/pages\/37"}],"wp:attachment":[{"href":"https:\/\/www.zusjcbb.sk\/index.php?rest_route=%2Fwp%2Fv2%2Fmedia&parent=2579"}],"curies":[{"name":"wp","href":"https:\/\/api.w.org\/{rel}","templated":true}]}}