{"id":312,"date":"2011-09-26T11:28:55","date_gmt":"2011-09-26T09:28:55","guid":{"rendered":"http:\/\/www.zusjcbb.php5.sk\/?page_id=312"},"modified":"2021-05-08T22:44:46","modified_gmt":"2021-05-08T20:44:46","slug":"fotky-a-videa","status":"publish","type":"page","link":"https:\/\/www.zusjcbb.sk\/?page_id=312","title":{"rendered":"Fotky a vide\u00e1"},"content":{"rendered":"\n<h2><strong>Divadeln\u00e1 inscen\u00e1cia \u010cierne mlieko<\/strong><\/h2>\n\n\n\n<ul class=\"wp-block-gallery columns-1\"><li class=\"blocks-gallery-item\"><figure><img loading=\"lazy\" width=\"1024\" height=\"678\" src=\"https:\/\/www.zusjcbb.sk\/wp-content\/uploads\/2019\/05\/DSC_0282-1024x678.jpg\" alt=\"\" data-id=\"6026\" data-link=\"https:\/\/www.zusjcbb.sk\/?attachment_id=6026\" class=\"wp-image-6026\" srcset=\"https:\/\/www.zusjcbb.sk\/wp-content\/uploads\/2019\/05\/DSC_0282-1024x678.jpg 1024w, https:\/\/www.zusjcbb.sk\/wp-content\/uploads\/2019\/05\/DSC_0282-300x199.jpg 300w, https:\/\/www.zusjcbb.sk\/wp-content\/uploads\/2019\/05\/DSC_0282-768x509.jpg 768w\" sizes=\"(max-width: 1024px) 100vw, 1024px\" \/><figcaption>\u010cierne mlieko<\/figcaption><\/figure><\/li><li class=\"blocks-gallery-item\"><figure><img loading=\"lazy\" width=\"685\" height=\"1024\" src=\"https:\/\/www.zusjcbb.sk\/wp-content\/uploads\/2019\/05\/DSC_0283-685x1024.jpg\" alt=\"\" data-id=\"6027\" data-link=\"https:\/\/www.zusjcbb.sk\/?attachment_id=6027\" class=\"wp-image-6027\" srcset=\"https:\/\/www.zusjcbb.sk\/wp-content\/uploads\/2019\/05\/DSC_0283-685x1024.jpg 685w, https:\/\/www.zusjcbb.sk\/wp-content\/uploads\/2019\/05\/DSC_0283-201x300.jpg 201w, https:\/\/www.zusjcbb.sk\/wp-content\/uploads\/2019\/05\/DSC_0283-768x1149.jpg 768w\" sizes=\"(max-width: 685px) 100vw, 685px\" \/><figcaption>\u010cierne mlieko<\/figcaption><\/figure><\/li><li class=\"blocks-gallery-item\"><figure><img loading=\"lazy\" width=\"766\" height=\"1024\" src=\"https:\/\/www.zusjcbb.sk\/wp-content\/uploads\/2019\/05\/DSC_0306-766x1024.jpg\" alt=\"\" data-id=\"6028\" data-link=\"https:\/\/www.zusjcbb.sk\/?attachment_id=6028\" class=\"wp-image-6028\" srcset=\"https:\/\/www.zusjcbb.sk\/wp-content\/uploads\/2019\/05\/DSC_0306-766x1024.jpg 766w, https:\/\/www.zusjcbb.sk\/wp-content\/uploads\/2019\/05\/DSC_0306-224x300.jpg 224w, https:\/\/www.zusjcbb.sk\/wp-content\/uploads\/2019\/05\/DSC_0306-768x1027.jpg 768w\" sizes=\"(max-width: 766px) 100vw, 766px\" \/><figcaption>\u010cierne mlieko<\/figcaption><\/figure><\/li><li class=\"blocks-gallery-item\"><figure><img loading=\"lazy\" width=\"691\" height=\"1024\" src=\"https:\/\/www.zusjcbb.sk\/wp-content\/uploads\/2019\/05\/DSC_0308-691x1024.jpg\" alt=\"\" data-id=\"6029\" data-link=\"https:\/\/www.zusjcbb.sk\/?attachment_id=6029\" class=\"wp-image-6029\" srcset=\"https:\/\/www.zusjcbb.sk\/wp-content\/uploads\/2019\/05\/DSC_0308-691x1024.jpg 691w, https:\/\/www.zusjcbb.sk\/wp-content\/uploads\/2019\/05\/DSC_0308-202x300.jpg 202w, https:\/\/www.zusjcbb.sk\/wp-content\/uploads\/2019\/05\/DSC_0308-768x1138.jpg 768w\" sizes=\"(max-width: 691px) 100vw, 691px\" \/><figcaption>\u010cierne mlieko<\/figcaption><\/figure><\/li><li class=\"blocks-gallery-item\"><figure><img loading=\"lazy\" width=\"1024\" height=\"831\" src=\"https:\/\/www.zusjcbb.sk\/wp-content\/uploads\/2019\/05\/DSC_0312-1-1024x831.jpg\" alt=\"\" data-id=\"6030\" data-link=\"https:\/\/www.zusjcbb.sk\/?attachment_id=6030\" class=\"wp-image-6030\" srcset=\"https:\/\/www.zusjcbb.sk\/wp-content\/uploads\/2019\/05\/DSC_0312-1-1024x831.jpg 1024w, https:\/\/www.zusjcbb.sk\/wp-content\/uploads\/2019\/05\/DSC_0312-1-300x243.jpg 300w, https:\/\/www.zusjcbb.sk\/wp-content\/uploads\/2019\/05\/DSC_0312-1-768x623.jpg 768w\" sizes=\"(max-width: 1024px) 100vw, 1024px\" \/><figcaption>\u010cierne mlieko<\/figcaption><\/figure><\/li><li class=\"blocks-gallery-item\"><figure><img loading=\"lazy\" width=\"1024\" height=\"770\" src=\"https:\/\/www.zusjcbb.sk\/wp-content\/uploads\/2019\/05\/DSC_0315-1024x770.jpg\" alt=\"\" data-id=\"6031\" data-link=\"https:\/\/www.zusjcbb.sk\/?attachment_id=6031\" class=\"wp-image-6031\" srcset=\"https:\/\/www.zusjcbb.sk\/wp-content\/uploads\/2019\/05\/DSC_0315-1024x770.jpg 1024w, https:\/\/www.zusjcbb.sk\/wp-content\/uploads\/2019\/05\/DSC_0315-300x225.jpg 300w, https:\/\/www.zusjcbb.sk\/wp-content\/uploads\/2019\/05\/DSC_0315-768x577.jpg 768w\" sizes=\"(max-width: 1024px) 100vw, 1024px\" \/><figcaption>\u010cierne mlieko<\/figcaption><\/figure><\/li><li class=\"blocks-gallery-item\"><figure><img loading=\"lazy\" width=\"676\" height=\"1024\" src=\"https:\/\/www.zusjcbb.sk\/wp-content\/uploads\/2019\/05\/DSC_0318-676x1024.jpg\" alt=\"\" data-id=\"6032\" data-link=\"https:\/\/www.zusjcbb.sk\/?attachment_id=6032\" class=\"wp-image-6032\" srcset=\"https:\/\/www.zusjcbb.sk\/wp-content\/uploads\/2019\/05\/DSC_0318-676x1024.jpg 676w, https:\/\/www.zusjcbb.sk\/wp-content\/uploads\/2019\/05\/DSC_0318-198x300.jpg 198w, https:\/\/www.zusjcbb.sk\/wp-content\/uploads\/2019\/05\/DSC_0318-768x1163.jpg 768w\" sizes=\"(max-width: 676px) 100vw, 676px\" \/><figcaption>\u010cierne mlieko<\/figcaption><\/figure><\/li><li class=\"blocks-gallery-item\"><figure><img loading=\"lazy\" width=\"1024\" height=\"816\" src=\"https:\/\/www.zusjcbb.sk\/wp-content\/uploads\/2019\/05\/f-1024x816.jpg\" alt=\"\" data-id=\"6033\" data-link=\"https:\/\/www.zusjcbb.sk\/?attachment_id=6033\" class=\"wp-image-6033\" srcset=\"https:\/\/www.zusjcbb.sk\/wp-content\/uploads\/2019\/05\/f-1024x816.jpg 1024w, https:\/\/www.zusjcbb.sk\/wp-content\/uploads\/2019\/05\/f-300x239.jpg 300w, https:\/\/www.zusjcbb.sk\/wp-content\/uploads\/2019\/05\/f-768x612.jpg 768w, https:\/\/www.zusjcbb.sk\/wp-content\/uploads\/2019\/05\/f.jpg 1080w\" sizes=\"(max-width: 1024px) 100vw, 1024px\" \/><figcaption>\u010cierne mlieko<\/figcaption><\/figure><\/li><\/ul>\n\n\n<p><div class=\"nv-iframe-embed\"><iframe loading=\"lazy\" title=\"Neposlu\u0161n\u00e9 deti, Divadlo ZU\u0160 J.Cikkera\" width=\"1200\" height=\"675\" src=\"https:\/\/www.youtube.com\/embed\/JY-TJzQlg_M?feature=oembed\" frameborder=\"0\" allow=\"accelerometer; autoplay; clipboard-write; encrypted-media; gyroscope; picture-in-picture\" allowfullscreen><\/iframe><\/div><\/p>\n<p><div class=\"nv-iframe-embed\"><iframe loading=\"lazy\" title=\"Obrazky nesmrtelnej mladosti\" width=\"1200\" height=\"675\" src=\"https:\/\/www.youtube.com\/embed\/z_-jNBGGNc4?feature=oembed\" frameborder=\"0\" allow=\"accelerometer; autoplay; clipboard-write; encrypted-media; gyroscope; picture-in-picture\" allowfullscreen><\/iframe><\/div><\/p>\n<p><div class=\"nv-iframe-embed\"><iframe loading=\"lazy\" title=\"Divadlo ZU\u0160 J.Cikkera B.Bystrica v Zl\u00edne\" width=\"1200\" height=\"675\" src=\"https:\/\/www.youtube.com\/embed\/AKhQRkWIlMU?feature=oembed\" frameborder=\"0\" allow=\"accelerometer; autoplay; clipboard-write; encrypted-media; gyroscope; picture-in-picture\" allowfullscreen><\/iframe><\/div><\/p>\n<p><div class=\"nv-iframe-embed\"><iframe loading=\"lazy\" title=\"Divadlo ZU\u0160 J. Cikkera Bansk\u00e1 Bystrica: Dobi\u0165 svet\" width=\"1200\" height=\"675\" src=\"https:\/\/www.youtube.com\/embed\/_TBcAzitPzU?feature=oembed\" frameborder=\"0\" allow=\"accelerometer; autoplay; clipboard-write; encrypted-media; gyroscope; picture-in-picture\" allowfullscreen><\/iframe><\/div><\/p>\n<p>http:\/\/www.youtube.com\/watch?v=ZyvYpatfvks<br>\n<a href=\"http:\/\/s1215.beta.photobucket.com\/user\/standa2302\/media\/LDO\/babkarska09_zpsc3947e29.jpg.html\" target=\"_blank\" rel=\"noopener\"><img src=\"http:\/\/i1215.photobucket.com\/albums\/cc501\/standa2302\/LDO\/babkarska09_zpsc3947e29.jpg\" alt=\" photo babkarska09_zpsc3947e29.jpg\" border=\"0\"><\/a><\/p>\n<p><a href=\"http:\/\/s1215.beta.photobucket.com\/user\/standa2302\/media\/LDO\/babkarska08_zps321a0ede.jpg.html\" target=\"_blank\" rel=\"noopener\"><img src=\"http:\/\/i1215.photobucket.com\/albums\/cc501\/standa2302\/LDO\/babkarska08_zps321a0ede.jpg\" alt=\" photo babkarska08_zps321a0ede.jpg\" border=\"0\"><\/a><\/p>\n<p><a href=\"http:\/\/s1215.beta.photobucket.com\/user\/standa2302\/media\/LDO\/babkarska07_zps327412d5.jpg.html\" target=\"_blank\" rel=\"noopener\"><img src=\"http:\/\/i1215.photobucket.com\/albums\/cc501\/standa2302\/LDO\/babkarska07_zps327412d5.jpg\" alt=\" photo babkarska07_zps327412d5.jpg\" border=\"0\"><\/a><\/p>\n<p><a href=\"http:\/\/s1215.beta.photobucket.com\/user\/standa2302\/media\/LDO\/babkarska06_zps976d0818.jpg.html\" target=\"_blank\" rel=\"noopener\"><img src=\"http:\/\/i1215.photobucket.com\/albums\/cc501\/standa2302\/LDO\/babkarska06_zps976d0818.jpg\" alt=\" photo babkarska06_zps976d0818.jpg\" border=\"0\"><\/a><\/p>\n<p><a href=\"http:\/\/s1215.beta.photobucket.com\/user\/standa2302\/media\/LDO\/babkarska05_zps46795eb2.jpg.html\" target=\"_blank\" rel=\"noopener\"><img src=\"http:\/\/i1215.photobucket.com\/albums\/cc501\/standa2302\/LDO\/babkarska05_zps46795eb2.jpg\" alt=\" photo babkarska05_zps46795eb2.jpg\" border=\"0\"><\/a><\/p>\n<p><a href=\"http:\/\/s1215.beta.photobucket.com\/user\/standa2302\/media\/LDO\/babkarska04_zps65603945.jpg.html\" target=\"_blank\" rel=\"noopener\"><img src=\"http:\/\/i1215.photobucket.com\/albums\/cc501\/standa2302\/LDO\/babkarska04_zps65603945.jpg\" alt=\" photo babkarska04_zps65603945.jpg\" border=\"0\"><\/a><\/p>\n<p><a href=\"http:\/\/s1215.beta.photobucket.com\/user\/standa2302\/media\/LDO\/babkarska03_zps69f96f3b.jpg.html\" target=\"_blank\" rel=\"noopener\"><img src=\"http:\/\/i1215.photobucket.com\/albums\/cc501\/standa2302\/LDO\/babkarska03_zps69f96f3b.jpg\" alt=\" photo babkarska03_zps69f96f3b.jpg\" border=\"0\"><\/a><\/p>\n<p><a href=\"http:\/\/s1215.beta.photobucket.com\/user\/standa2302\/media\/LDO\/babkarska02_zpse4110641.jpg.html\" target=\"_blank\" rel=\"noopener\"><img src=\"http:\/\/i1215.photobucket.com\/albums\/cc501\/standa2302\/LDO\/babkarska02_zpse4110641.jpg\" alt=\" photo babkarska02_zpse4110641.jpg\" border=\"0\"><\/a><\/p>\n<p><a href=\"http:\/\/s1215.beta.photobucket.com\/user\/standa2302\/media\/LDO\/babkarska01_zps7d82dc3f.jpg.html\" target=\"_blank\" rel=\"noopener\"><img src=\"http:\/\/i1215.photobucket.com\/albums\/cc501\/standa2302\/LDO\/babkarska01_zps7d82dc3f.jpg\" alt=\" photo babkarska01_zps7d82dc3f.jpg\" border=\"0\"><\/a><\/p>\n<p><a href=\"http:\/\/s1215.beta.photobucket.com\/user\/standa2302\/media\/LDO\/P1040791_zps2a8409d0.jpg.html\" target=\"_blank\" rel=\"noopener\"><img src=\"http:\/\/i1215.photobucket.com\/albums\/cc501\/standa2302\/LDO\/P1040791_zps2a8409d0.jpg\" alt=\" photo P1040791_zps2a8409d0.jpg\" border=\"0\"><\/a><\/p>\n<p><a href=\"http:\/\/s1215.beta.photobucket.com\/user\/standa2302\/media\/LDO\/P1040765_zpse8976b85.jpg.html\" target=\"_blank\" rel=\"noopener\"><img src=\"http:\/\/i1215.photobucket.com\/albums\/cc501\/standa2302\/LDO\/P1040765_zpse8976b85.jpg\" alt=\" photo P1040765_zpse8976b85.jpg\" border=\"0\"><\/a><\/p>\n<p><a href=\"http:\/\/s1215.beta.photobucket.com\/user\/standa2302\/media\/LDO\/P1040759_zpsbcd1d1b8.jpg.html\" target=\"_blank\" rel=\"noopener\"><img src=\"http:\/\/i1215.photobucket.com\/albums\/cc501\/standa2302\/LDO\/P1040759_zpsbcd1d1b8.jpg\" alt=\" photo P1040759_zpsbcd1d1b8.jpg\" border=\"0\"><\/a><\/p>\n<p><a href=\"http:\/\/s1215.beta.photobucket.com\/user\/standa2302\/media\/LDO\/P1040615_zpsd5ce6620.jpg.html\" target=\"_blank\" rel=\"noopener\"><img src=\"http:\/\/i1215.photobucket.com\/albums\/cc501\/standa2302\/LDO\/P1040615_zpsd5ce6620.jpg\" alt=\" photo P1040615_zpsd5ce6620.jpg\" border=\"0\"><\/a><\/p>\n<p><a href=\"http:\/\/s1215.beta.photobucket.com\/user\/standa2302\/media\/LDO\/P1040612_zpsfda85456.jpg.html\" target=\"_blank\" rel=\"noopener\"><img src=\"http:\/\/i1215.photobucket.com\/albums\/cc501\/standa2302\/LDO\/P1040612_zpsfda85456.jpg\" alt=\" photo P1040612_zpsfda85456.jpg\" border=\"0\"><\/a><\/p>","protected":false},"excerpt":{"rendered":"<p>Divadeln\u00e1 inscen\u00e1cia \u010cierne mlieko http:\/\/www.youtube.com\/watch?v=ZyvYpatfvks<\/p>\n","protected":false},"author":2,"featured_media":0,"parent":83,"menu_order":0,"comment_status":"closed","ping_status":"closed","template":"","meta":{"neve_meta_sidebar":"","neve_meta_container":"","neve_meta_enable_content_width":"","neve_meta_content_width":0,"neve_meta_title_alignment":"","neve_meta_author_avatar":"","neve_post_elements_order":"","neve_meta_disable_header":"","neve_meta_disable_footer":"","neve_meta_disable_title":""},"_links":{"self":[{"href":"https:\/\/www.zusjcbb.sk\/index.php?rest_route=\/wp\/v2\/pages\/312"}],"collection":[{"href":"https:\/\/www.zusjcbb.sk\/index.php?rest_route=\/wp\/v2\/pages"}],"about":[{"href":"https:\/\/www.zusjcbb.sk\/index.php?rest_route=\/wp\/v2\/types\/page"}],"author":[{"embeddable":true,"href":"https:\/\/www.zusjcbb.sk\/index.php?rest_route=\/wp\/v2\/users\/2"}],"replies":[{"embeddable":true,"href":"https:\/\/www.zusjcbb.sk\/index.php?rest_route=%2Fwp%2Fv2%2Fcomments&post=312"}],"version-history":[{"count":6,"href":"https:\/\/www.zusjcbb.sk\/index.php?rest_route=\/wp\/v2\/pages\/312\/revisions"}],"predecessor-version":[{"id":8659,"href":"https:\/\/www.zusjcbb.sk\/index.php?rest_route=\/wp\/v2\/pages\/312\/revisions\/8659"}],"up":[{"embeddable":true,"href":"https:\/\/www.zusjcbb.sk\/index.php?rest_route=\/wp\/v2\/pages\/83"}],"wp:attachment":[{"href":"https:\/\/www.zusjcbb.sk\/index.php?rest_route=%2Fwp%2Fv2%2Fmedia&parent=312"}],"curies":[{"name":"wp","href":"https:\/\/api.w.org\/{rel}","templated":true}]}}