{"id":3243,"date":"2016-06-19T21:45:26","date_gmt":"2016-06-19T19:45:26","guid":{"rendered":"http:\/\/www.zusjcbb.sk\/?page_id=3243"},"modified":"2016-06-21T17:09:49","modified_gmt":"2016-06-21T15:09:49","slug":"koncert-vitazov-galeria","status":"publish","type":"page","link":"https:\/\/www.zusjcbb.sk\/?page_id=3243","title":{"rendered":"KONCERT V\u00cd\u0164AZOV, gal\u00e9ria"},"content":{"rendered":"<p><u>V\u00ed\u0165az 1. kateg\u00f3rie:<\/u><\/p>\n<p><strong><strong>Nat\u00e1lia MELICHER\u010c\u00cdKOV\u00c1, <\/strong><\/strong>9 rokov<strong>, <\/strong>SZU\u0160 R. Tat\u00e1ra, Bansk\u00e1 Bystrica<\/p>\n<!--[if lt IE 9]><script>document.createElement('audio');<\/script><![endif]-->\n<audio class=\"wp-audio-shortcode\" id=\"audio-3243-1\" preload=\"none\" style=\"width: 100%;\" controls=\"controls\"><source type=\"audio\/mpeg\" src=\"https:\/\/www.zusjcbb.sk\/wp-content\/uploads\/2016\/06\/01-Natalia-Melicherc\u00edkova-J.S.-Bach-Minuet-No-2.mp3?_=1\" \/><a href=\"https:\/\/www.zusjcbb.sk\/wp-content\/uploads\/2016\/06\/01-Natalia-Melicherc\u00edkova-J.S.-Bach-Minuet-No-2.mp3\">https:\/\/www.zusjcbb.sk\/wp-content\/uploads\/2016\/06\/01-Natalia-Melicherc\u00edkova-J.S.-Bach-Minuet-No-2.mp3<\/a><\/audio>\n<p>J.S. BACH: Minuet No.2<\/p>\n<p><a href=\"https:\/\/www.zusjcbb.sk\/wp-content\/uploads\/2016\/06\/Nat\u00e1lia-Melicher\u010d\u00edkov\u00e1-1.jpg\" rel=\"attachment wp-att-3262\"><img loading=\"lazy\" class=\"wp-image-3262 size-large\" src=\"https:\/\/www.zusjcbb.sk\/wp-content\/uploads\/2016\/06\/Nat\u00e1lia-Melicher\u010d\u00edkov\u00e1-1-1024x768.jpg\" alt=\"OLYMPUS DIGITAL CAMERA\" width=\"590\" height=\"443\" srcset=\"https:\/\/www.zusjcbb.sk\/wp-content\/uploads\/2016\/06\/Nat\u00e1lia-Melicher\u010d\u00edkov\u00e1-1-1024x768.jpg 1024w, https:\/\/www.zusjcbb.sk\/wp-content\/uploads\/2016\/06\/Nat\u00e1lia-Melicher\u010d\u00edkov\u00e1-1-300x225.jpg 300w, https:\/\/www.zusjcbb.sk\/wp-content\/uploads\/2016\/06\/Nat\u00e1lia-Melicher\u010d\u00edkov\u00e1-1-768x576.jpg 768w\" sizes=\"(max-width: 590px) 100vw, 590px\" \/><\/a><\/p>\n<p style=\"text-align: center;\"><strong>*<\/strong><\/p>\n<p><u>V\u00ed\u0165az 2. kateg\u00f3rie:<\/u><\/p>\n<p><strong><strong>Monika NEMCOV\u00c1, <\/strong><\/strong>10 rokov, ZU\u0160 Jozefa Kres\u00e1nka, Bratislava<strong>\u00a0 <\/strong><\/p>\n<audio class=\"wp-audio-shortcode\" id=\"audio-3243-2\" preload=\"none\" style=\"width: 100%;\" controls=\"controls\"><source type=\"audio\/mpeg\" src=\"https:\/\/www.zusjcbb.sk\/wp-content\/uploads\/2016\/06\/02-Monika-Nemcova-F.-Kreisler-Polichinelle.mp3?_=2\" \/><a href=\"https:\/\/www.zusjcbb.sk\/wp-content\/uploads\/2016\/06\/02-Monika-Nemcova-F.-Kreisler-Polichinelle.mp3\">https:\/\/www.zusjcbb.sk\/wp-content\/uploads\/2016\/06\/02-Monika-Nemcova-F.-Kreisler-Polichinelle.mp3<\/a><\/audio>\n<p>F. KREISLER: Polichinelle<\/p>\n<p><a href=\"https:\/\/www.zusjcbb.sk\/wp-content\/uploads\/2016\/06\/Monika-Nemcov\u00e1-1.jpg\" rel=\"attachment wp-att-3260\"><img loading=\"lazy\" class=\"alignnone wp-image-3260 size-large\" src=\"https:\/\/www.zusjcbb.sk\/wp-content\/uploads\/2016\/06\/Monika-Nemcov\u00e1-1-1024x576.jpg\" alt=\"Monika Nemcov\u00e1 1\" width=\"590\" height=\"332\" srcset=\"https:\/\/www.zusjcbb.sk\/wp-content\/uploads\/2016\/06\/Monika-Nemcov\u00e1-1-1024x576.jpg 1024w, https:\/\/www.zusjcbb.sk\/wp-content\/uploads\/2016\/06\/Monika-Nemcov\u00e1-1-300x169.jpg 300w, https:\/\/www.zusjcbb.sk\/wp-content\/uploads\/2016\/06\/Monika-Nemcov\u00e1-1-768x432.jpg 768w\" sizes=\"(max-width: 590px) 100vw, 590px\" \/><\/a><\/p>\n<p style=\"text-align: center;\"><strong>*<\/strong><\/p>\n<p><u>V\u00ed\u0165az 3. kateg\u00f3rie a\u00a0Laure\u00e1t festivalu:<\/u><\/p>\n<p><strong><strong>Magdal\u00e9na \u0160TEFANICOV\u00c1<\/strong><\/strong>, 13 rokov, ZU\u0160 Jozefa Kres\u00e1nka, Bratislava<\/p>\n<audio class=\"wp-audio-shortcode\" id=\"audio-3243-3\" preload=\"none\" style=\"width: 100%;\" controls=\"controls\"><source type=\"audio\/mpeg\" src=\"https:\/\/www.zusjcbb.sk\/wp-content\/uploads\/2016\/06\/03-Magdalena-Stefanicova-P.-de-Sarasate-Malaguena.mp3?_=3\" \/><a href=\"https:\/\/www.zusjcbb.sk\/wp-content\/uploads\/2016\/06\/03-Magdalena-Stefanicova-P.-de-Sarasate-Malaguena.mp3\">https:\/\/www.zusjcbb.sk\/wp-content\/uploads\/2016\/06\/03-Magdalena-Stefanicova-P.-de-Sarasate-Malaguena.mp3<\/a><\/audio>\n<p>P. de SARASATE: Malague\u0148a \u010d.1 (Op.21)<\/p>\n<p><a href=\"https:\/\/www.zusjcbb.sk\/wp-content\/uploads\/2016\/06\/Magdal\u00e9na-\u0160tefanicov\u00e1-1.jpg\" rel=\"attachment wp-att-3259\"><img loading=\"lazy\" class=\"alignnone wp-image-3259 size-large\" src=\"https:\/\/www.zusjcbb.sk\/wp-content\/uploads\/2016\/06\/Magdal\u00e9na-\u0160tefanicov\u00e1-1-1024x576.jpg\" alt=\"Magdal\u00e9na \u0160tefanicov\u00e1 1\" width=\"590\" height=\"332\" srcset=\"https:\/\/www.zusjcbb.sk\/wp-content\/uploads\/2016\/06\/Magdal\u00e9na-\u0160tefanicov\u00e1-1-1024x576.jpg 1024w, https:\/\/www.zusjcbb.sk\/wp-content\/uploads\/2016\/06\/Magdal\u00e9na-\u0160tefanicov\u00e1-1-300x169.jpg 300w, https:\/\/www.zusjcbb.sk\/wp-content\/uploads\/2016\/06\/Magdal\u00e9na-\u0160tefanicov\u00e1-1-768x432.jpg 768w\" sizes=\"(max-width: 590px) 100vw, 590px\" \/><\/a><\/p>\n<p style=\"text-align: center;\"><strong>*<\/strong><\/p>\n<p><u>V\u00ed\u0165az 4. kateg\u00f3rie:<\/u><\/p>\n<p><strong><strong>Jakub GIRA\u0160EK, <\/strong><\/strong>15 rokov, ZU\u0160 Jant\u00e1rova , Ko\u0161ice<\/p>\n<audio class=\"wp-audio-shortcode\" id=\"audio-3243-4\" preload=\"none\" style=\"width: 100%;\" controls=\"controls\"><source type=\"audio\/mpeg\" src=\"https:\/\/www.zusjcbb.sk\/wp-content\/uploads\/2016\/06\/04-Jakub-Girasek-H.-Vieuxtemps-Poloneza.mp3?_=4\" \/><a href=\"https:\/\/www.zusjcbb.sk\/wp-content\/uploads\/2016\/06\/04-Jakub-Girasek-H.-Vieuxtemps-Poloneza.mp3\">https:\/\/www.zusjcbb.sk\/wp-content\/uploads\/2016\/06\/04-Jakub-Girasek-H.-Vieuxtemps-Poloneza.mp3<\/a><\/audio>\n<p>H. VIEUXTEMPS: Polon\u00e9za (Op.38)<\/p>\n<p><a href=\"https:\/\/www.zusjcbb.sk\/wp-content\/uploads\/2016\/06\/Jakub-Gira\u0161ek-2.jpg\" rel=\"attachment wp-att-3258\"><img loading=\"lazy\" class=\"alignnone wp-image-3258 size-large\" src=\"https:\/\/www.zusjcbb.sk\/wp-content\/uploads\/2016\/06\/Jakub-Gira\u0161ek-2-1024x576.jpg\" alt=\"Jakub Gira\u0161ek 2\" width=\"590\" height=\"332\" srcset=\"https:\/\/www.zusjcbb.sk\/wp-content\/uploads\/2016\/06\/Jakub-Gira\u0161ek-2-1024x576.jpg 1024w, https:\/\/www.zusjcbb.sk\/wp-content\/uploads\/2016\/06\/Jakub-Gira\u0161ek-2-300x169.jpg 300w, https:\/\/www.zusjcbb.sk\/wp-content\/uploads\/2016\/06\/Jakub-Gira\u0161ek-2-768x432.jpg 768w\" sizes=\"(max-width: 590px) 100vw, 590px\" \/><\/a><\/p>\n<p style=\"text-align: center;\"><strong>*<\/strong><\/p>\n<p style=\"text-align: left;\">Zoskupenie sl\u00e1\u010dikov\u00fdch n\u00e1strojov ZU\u0160 Ivana Ballu Doln\u00fd Kub\u00edn<\/p>\n<audio class=\"wp-audio-shortcode\" id=\"audio-3243-5\" preload=\"none\" style=\"width: 100%;\" controls=\"controls\"><source type=\"audio\/mpeg\" src=\"https:\/\/www.zusjcbb.sk\/wp-content\/uploads\/2016\/06\/05-Zoskupenie-sl\u00e1\u010dikov\u00fdch-n\u00e1strojov-ZU\u0160-Ivana-Ballu-Doln\u00fd-Kub\u00edn.mp3?_=5\" \/><a href=\"https:\/\/www.zusjcbb.sk\/wp-content\/uploads\/2016\/06\/05-Zoskupenie-sl\u00e1\u010dikov\u00fdch-n\u00e1strojov-ZU\u0160-Ivana-Ballu-Doln\u00fd-Kub\u00edn.mp3\">https:\/\/www.zusjcbb.sk\/wp-content\/uploads\/2016\/06\/05-Zoskupenie-sl\u00e1\u010dikov\u00fdch-n\u00e1strojov-ZU\u0160-Ivana-Ballu-Doln\u00fd-Kub\u00edn.mp3<\/a><\/audio>\n<p>V. KUBI\u010cKA: Ke\u010f sme sa prech\u00e1dzali<\/p>\n<p><a href=\"https:\/\/www.zusjcbb.sk\/wp-content\/uploads\/2016\/06\/Zoskupenie-sl\u00e1\u010dikov\u00fdch-n\u00e1strojov-ZU\u0160-Ivana-Ballu-Doln\u00fd-Kub\u00edn.jpg\" rel=\"attachment wp-att-3269\"><img loading=\"lazy\" class=\"alignnone wp-image-3269 size-large\" src=\"https:\/\/www.zusjcbb.sk\/wp-content\/uploads\/2016\/06\/Zoskupenie-sl\u00e1\u010dikov\u00fdch-n\u00e1strojov-ZU\u0160-Ivana-Ballu-Doln\u00fd-Kub\u00edn-1024x576.jpg\" alt=\"Zoskupenie sl\u00e1\u010dikov\u00fdch n\u00e1strojov ZU\u0160 Ivana Ballu Doln\u00fd Kub\u00edn\" width=\"590\" height=\"332\" srcset=\"https:\/\/www.zusjcbb.sk\/wp-content\/uploads\/2016\/06\/Zoskupenie-sl\u00e1\u010dikov\u00fdch-n\u00e1strojov-ZU\u0160-Ivana-Ballu-Doln\u00fd-Kub\u00edn-1024x576.jpg 1024w, https:\/\/www.zusjcbb.sk\/wp-content\/uploads\/2016\/06\/Zoskupenie-sl\u00e1\u010dikov\u00fdch-n\u00e1strojov-ZU\u0160-Ivana-Ballu-Doln\u00fd-Kub\u00edn-300x169.jpg 300w, https:\/\/www.zusjcbb.sk\/wp-content\/uploads\/2016\/06\/Zoskupenie-sl\u00e1\u010dikov\u00fdch-n\u00e1strojov-ZU\u0160-Ivana-Ballu-Doln\u00fd-Kub\u00edn-768x432.jpg 768w\" sizes=\"(max-width: 590px) 100vw, 590px\" \/><\/a><\/p>\n<p style=\"text-align: center;\"><strong>*<\/strong><\/p>\n<h3 style=\"text-align: left;\">Festivalov\u00e9 koncerty<\/h3>\n<p style=\"text-align: left;\"><a href=\"https:\/\/www.zusjcbb.sk\/wp-content\/uploads\/2016\/06\/Ryohei-Hirono-1-.jpg\" rel=\"attachment wp-att-3266\"><img loading=\"lazy\" class=\"alignnone wp-image-3266 size-full\" src=\"https:\/\/www.zusjcbb.sk\/wp-content\/uploads\/2016\/06\/Ryohei-Hirono-1-.jpg\" alt=\"Ryohei Hirono 1\" width=\"800\" height=\"534\" srcset=\"https:\/\/www.zusjcbb.sk\/wp-content\/uploads\/2016\/06\/Ryohei-Hirono-1-.jpg 800w, https:\/\/www.zusjcbb.sk\/wp-content\/uploads\/2016\/06\/Ryohei-Hirono-1--300x200.jpg 300w, https:\/\/www.zusjcbb.sk\/wp-content\/uploads\/2016\/06\/Ryohei-Hirono-1--768x513.jpg 768w\" sizes=\"(max-width: 800px) 100vw, 800px\" \/><\/a>\u00a0<a href=\"https:\/\/www.zusjcbb.sk\/wp-content\/uploads\/2016\/06\/Ryohei-a-profesor-Peter-Michalica.jpg\" rel=\"attachment wp-att-3265\"><img loading=\"lazy\" class=\"alignnone wp-image-3265 size-full\" src=\"https:\/\/www.zusjcbb.sk\/wp-content\/uploads\/2016\/06\/Ryohei-a-profesor-Peter-Michalica.jpg\" alt=\"Ryohei a profesor Peter Michalica\" width=\"772\" height=\"800\" srcset=\"https:\/\/www.zusjcbb.sk\/wp-content\/uploads\/2016\/06\/Ryohei-a-profesor-Peter-Michalica.jpg 772w, https:\/\/www.zusjcbb.sk\/wp-content\/uploads\/2016\/06\/Ryohei-a-profesor-Peter-Michalica-290x300.jpg 290w, https:\/\/www.zusjcbb.sk\/wp-content\/uploads\/2016\/06\/Ryohei-a-profesor-Peter-Michalica-768x796.jpg 768w\" sizes=\"(max-width: 772px) 100vw, 772px\" \/><\/a><\/p>\n<p style=\"text-align: left;\">.<\/p>\n<p style=\"text-align: left;\"><a href=\"https:\/\/www.zusjcbb.sk\/wp-content\/uploads\/2016\/06\/Adventure-Strings-2.jpg\" rel=\"attachment wp-att-3256\"><img loading=\"lazy\" class=\"alignnone wp-image-3256 size-full\" src=\"https:\/\/www.zusjcbb.sk\/wp-content\/uploads\/2016\/06\/Adventure-Strings-2.jpg\" alt=\"Adventure Strings 2\" width=\"800\" height=\"534\" srcset=\"https:\/\/www.zusjcbb.sk\/wp-content\/uploads\/2016\/06\/Adventure-Strings-2.jpg 800w, https:\/\/www.zusjcbb.sk\/wp-content\/uploads\/2016\/06\/Adventure-Strings-2-300x200.jpg 300w, https:\/\/www.zusjcbb.sk\/wp-content\/uploads\/2016\/06\/Adventure-Strings-2-768x513.jpg 768w\" sizes=\"(max-width: 800px) 100vw, 800px\" \/><\/a><\/p>\n<p style=\"text-align: left;\"><a href=\"https:\/\/www.zusjcbb.sk\/wp-content\/uploads\/2016\/06\/Adventures-Strings-1.jpg\" rel=\"attachment wp-att-3249\"><img loading=\"lazy\" class=\"alignnone wp-image-3249 size-full\" src=\"https:\/\/www.zusjcbb.sk\/wp-content\/uploads\/2016\/06\/Adventures-Strings-1.jpg\" alt=\"Adventures Strings 1\" width=\"800\" height=\"561\" srcset=\"https:\/\/www.zusjcbb.sk\/wp-content\/uploads\/2016\/06\/Adventures-Strings-1.jpg 800w, https:\/\/www.zusjcbb.sk\/wp-content\/uploads\/2016\/06\/Adventures-Strings-1-300x210.jpg 300w, https:\/\/www.zusjcbb.sk\/wp-content\/uploads\/2016\/06\/Adventures-Strings-1-768x539.jpg 768w, https:\/\/www.zusjcbb.sk\/wp-content\/uploads\/2016\/06\/Adventures-Strings-1-205x143.jpg 205w\" sizes=\"(max-width: 800px) 100vw, 800px\" \/><\/a><\/p>\n<p style=\"text-align: center;\"><strong>*<\/strong><\/p>\n<p style=\"text-align: left;\"><a href=\"https:\/\/www.zusjcbb.sk\/wp-content\/uploads\/2016\/06\/Odovzd\u00e1vanie-cien.jpg\" rel=\"attachment wp-att-3264\"><img loading=\"lazy\" class=\"alignnone wp-image-3264 size-large\" src=\"https:\/\/www.zusjcbb.sk\/wp-content\/uploads\/2016\/06\/Odovzd\u00e1vanie-cien-1024x576.jpg\" alt=\"Odovzd\u00e1vanie cien\" width=\"590\" height=\"332\" srcset=\"https:\/\/www.zusjcbb.sk\/wp-content\/uploads\/2016\/06\/Odovzd\u00e1vanie-cien-1024x576.jpg 1024w, https:\/\/www.zusjcbb.sk\/wp-content\/uploads\/2016\/06\/Odovzd\u00e1vanie-cien-300x169.jpg 300w, https:\/\/www.zusjcbb.sk\/wp-content\/uploads\/2016\/06\/Odovzd\u00e1vanie-cien-768x432.jpg 768w\" sizes=\"(max-width: 590px) 100vw, 590px\" \/><\/a><\/p>\n<p><a href=\"https:\/\/www.zusjcbb.sk\/wp-content\/uploads\/2016\/06\/VKS-ZU\u0160-JC-BB.jpg\" rel=\"attachment wp-att-3267\"><img loading=\"lazy\" class=\"wp-image-3267 size-large\" src=\"https:\/\/www.zusjcbb.sk\/wp-content\/uploads\/2016\/06\/VKS-ZU\u0160-JC-BB-1024x768.jpg\" alt=\"OLYMPUS DIGITAL CAMERA\" width=\"590\" height=\"443\" srcset=\"https:\/\/www.zusjcbb.sk\/wp-content\/uploads\/2016\/06\/VKS-ZU\u0160-JC-BB-1024x768.jpg 1024w, https:\/\/www.zusjcbb.sk\/wp-content\/uploads\/2016\/06\/VKS-ZU\u0160-JC-BB-300x225.jpg 300w, https:\/\/www.zusjcbb.sk\/wp-content\/uploads\/2016\/06\/VKS-ZU\u0160-JC-BB-768x576.jpg 768w\" sizes=\"(max-width: 590px) 100vw, 590px\" \/><\/a><\/p>\n<p>&nbsp;<\/p>\n","protected":false},"excerpt":{"rendered":"<p>V\u00ed\u0165az 1. kateg\u00f3rie: Nat\u00e1lia MELICHER\u010c\u00cdKOV\u00c1, 9 rokov, SZU\u0160 R. Tat\u00e1ra, Bansk\u00e1 Bystrica J.S. BACH: Minuet No.2 * V\u00ed\u0165az 2. kateg\u00f3rie: Monika NEMCOV\u00c1, 10 rokov, ZU\u0160 Jozefa Kres\u00e1nka, Bratislava\u00a0 F. KREISLER: Polichinelle * V\u00ed\u0165az 3. kateg\u00f3rie a\u00a0Laure\u00e1t festivalu: Magdal\u00e9na \u0160TEFANICOV\u00c1, 13 rokov, ZU\u0160 Jozefa Kres\u00e1nka, Bratislava P. de SARASATE: Malague\u0148a \u010d.1 (Op.21) * V\u00ed\u0165az 4. kateg\u00f3rie:&hellip;&nbsp;<a href=\"https:\/\/www.zusjcbb.sk\/?page_id=3243\" class=\"\" rel=\"bookmark\">\u010c\u00edta\u0165 viac &raquo;<span class=\"screen-reader-text\">KONCERT V\u00cd\u0164AZOV, gal\u00e9ria<\/span><\/a><\/p>\n","protected":false},"author":2,"featured_media":0,"parent":170,"menu_order":0,"comment_status":"closed","ping_status":"closed","template":"","meta":{"neve_meta_sidebar":"","neve_meta_container":"","neve_meta_enable_content_width":"","neve_meta_content_width":0,"neve_meta_title_alignment":"","neve_meta_author_avatar":"","neve_post_elements_order":"","neve_meta_disable_header":"","neve_meta_disable_footer":"","neve_meta_disable_title":""},"_links":{"self":[{"href":"https:\/\/www.zusjcbb.sk\/index.php?rest_route=\/wp\/v2\/pages\/3243"}],"collection":[{"href":"https:\/\/www.zusjcbb.sk\/index.php?rest_route=\/wp\/v2\/pages"}],"about":[{"href":"https:\/\/www.zusjcbb.sk\/index.php?rest_route=\/wp\/v2\/types\/page"}],"author":[{"embeddable":true,"href":"https:\/\/www.zusjcbb.sk\/index.php?rest_route=\/wp\/v2\/users\/2"}],"replies":[{"embeddable":true,"href":"https:\/\/www.zusjcbb.sk\/index.php?rest_route=%2Fwp%2Fv2%2Fcomments&post=3243"}],"version-history":[{"count":12,"href":"https:\/\/www.zusjcbb.sk\/index.php?rest_route=\/wp\/v2\/pages\/3243\/revisions"}],"predecessor-version":[{"id":3278,"href":"https:\/\/www.zusjcbb.sk\/index.php?rest_route=\/wp\/v2\/pages\/3243\/revisions\/3278"}],"up":[{"embeddable":true,"href":"https:\/\/www.zusjcbb.sk\/index.php?rest_route=\/wp\/v2\/pages\/170"}],"wp:attachment":[{"href":"https:\/\/www.zusjcbb.sk\/index.php?rest_route=%2Fwp%2Fv2%2Fmedia&parent=3243"}],"curies":[{"name":"wp","href":"https:\/\/api.w.org\/{rel}","templated":true}]}}