{"id":35,"date":"2011-08-05T18:25:50","date_gmt":"2011-08-05T18:25:50","guid":{"rendered":"http:\/\/www.zusjcbb.php5.sk\/?page_id=35"},"modified":"2023-07-10T10:58:35","modified_gmt":"2023-07-10T08:58:35","slug":"studium","status":"publish","type":"page","link":"https:\/\/www.zusjcbb.sk\/?page_id=35","title":{"rendered":"\u0160t\u00fadium"},"content":{"rendered":"<p>\u0160t\u00fadium na z\u00e1kladnej umeleckej \u0161kole J\u00e1na Cikkera prebieha v 4 odboroch:<\/p>\n<p><strong style=\"font-size: 1.8em;\"><a href=\"https:\/\/www.zusjcbb.sk\/?page_id=77\"><span style=\"color: #333333;\">Hudobn\u00fd odbor<\/span><\/a><\/strong><br \/>\n<strong style=\"font-size: 1.8em;\"><a href=\"https:\/\/www.zusjcbb.sk\/?page_id=80\"><span style=\"color: #333333;\">V\u00fdtvarn\u00fd odbor<\/span><\/a><\/strong><br \/>\n<strong style=\"font-size: 1.8em;\"><a href=\"https:\/\/www.zusjcbb.sk\/?page_id=85\"><span style=\"color: #333333;\">Tane\u010dn\u00fd odbor<\/span><\/a><\/strong><br \/>\n<strong style=\"font-size: 1.8em;\"><a href=\"https:\/\/www.zusjcbb.sk\/?page_id=83\"><span style=\"color: #333333;\">Liter\u00e1rno-dramatick\u00fd odbor<\/span><\/a><\/strong><\/p>\n<p><strong>Prihl\u00e1\u0161ku<span style=\"font-size: 16px;\"> na \u0161t\u00fadium si m\u00f4\u017eete zobrazi\u0165 a vyplni\u0165 kliknut\u00edm <\/span><a href=\"http:\/\/www.izus.sk\/prihlaska_do_zus\/?zus=657\">sem<\/a><span style=\"font-size: 16px;\">.<\/span><\/strong><\/p>\n<h2><strong><span style=\"font-size: 16px;\">\u00a0<\/span><\/strong><\/h2>\n<h2><strong><a style=\"font-size: 16px;\" href=\"https:\/\/www.zusjcbb.sk\/?page_id=376\">Prij\u00edmanie \u017eiaka na \u0161t\u00fadium v ZU\u0160 J\u00e1na Cikkera<\/a><\/strong><\/h2>\n<h2><strong><a style=\"font-size: 16px;\" href=\"https:\/\/www.zusjcbb.sk\/?page_id=379\">Odhl\u00e1senie \u017eiaka zo \u0161t\u00fadia v ZU\u0160 J\u00e1na Cikkera<\/a><\/strong><\/h2>\n<h2 style=\"text-align: center;\"><strong>V\u00dd\u0160KA PR\u00cdSPEVKOV<\/strong><\/h2>\n<h2 style=\"text-align: center;\"><\/h2>\n<table>\n<tbody>\n<tr>\n<td width=\"368\"><strong>Hudobn\u00fd odbor<\/strong><\/td>\n<td width=\"311\"><strong>V\u00fd\u0161ka pr\u00edspevku na jeden polrok \u0161kolsk\u00e9ho roka v Eur*<\/strong><\/td>\n<\/tr>\n<tr>\n<td width=\"368\"><strong>pr\u00edpravn\u00e9 \u0161t\u00fadium <\/strong><\/p>\n<p>pre \u017eiakov vo veku od 5 rokov<\/td>\n<td width=\"311\"><strong>55.-\u00a0 \u00a0 (11,- za jeden mesiac)<\/strong><\/td>\n<\/tr>\n<tr>\n<td width=\"368\"><strong>z\u00e1kladn\u00e9 \u0161t\u00fadium <\/strong><\/p>\n<p>pre \u017eiakov z\u00e1kladn\u00fdch a stredn\u00fdch \u0160k\u00f4l<\/td>\n<td width=\"311\"><strong>75.-\u00a0 \u00a0 (15,- za jeden mesiac)<\/strong><\/td>\n<\/tr>\n<tr>\n<td width=\"368\"><strong>\u0161t\u00fadium pre dospel\u00fdch <\/strong><\/p>\n<p>\u0161tudenti do 25 rokov<\/td>\n<td width=\"311\"><strong>95.-\u00a0 \u00a0 (19,- za jeden mesiac)<\/strong><\/td>\n<\/tr>\n<tr>\n<td width=\"368\"><strong>\u0161t\u00fadium pre dospel\u00fdch <\/strong><\/p>\n<p>pracuj\u00faci do 25 rokov<\/td>\n<td width=\"311\"><strong>140.-\u00a0 \u00a0 (28,- za jeden mesiac)<\/strong><\/td>\n<\/tr>\n<tr>\n<td width=\"368\"><strong>\u0161t\u00fadium pre dospel\u00fdch <\/strong><\/p>\n<p>nad 25 rokov<\/td>\n<td width=\"311\"><strong>580.-\u00a0 \u00a0 (116,- za jeden mesiac)<\/strong><\/td>\n<\/tr>\n<\/tbody>\n<\/table>\n<p>*\u0160koln\u00e9 sa plat\u00ed na jeden polrok \u0161kolsk\u00e9ho roku.<\/p>\n<table>\n<tbody>\n<tr>\n<td width=\"368\"><strong>V\u00fdtvarn\u00fd odbor<\/strong><\/td>\n<td width=\"311\"><strong>V\u00fd\u0161ka pr\u00edspevku na jeden polrok \u0161kolsk\u00e9ho roka v Eur*<\/strong><\/td>\n<\/tr>\n<tr>\n<td width=\"368\"><strong>pr\u00edpravn\u00e9 \u0161t\u00fadium <\/strong><\/p>\n<p>pre \u017eiakov vo veku od 5 rokov<\/td>\n<td width=\"311\"><strong>45.-\u00a0 \u00a0 (9,- za jeden mesiac)<\/strong><\/td>\n<\/tr>\n<tr>\n<td width=\"368\"><strong>z\u00e1kladn\u00e9 \u0161t\u00fadium <\/strong><\/p>\n<p>pre \u017eiakov z\u00e1kladn\u00fdch a stredn\u00fdch \u0160k\u00f4l<\/td>\n<td width=\"311\"><strong>60.-\u00a0 \u00a0 (12,- za jeden mesiac)<\/strong><\/td>\n<\/tr>\n<tr>\n<td width=\"368\"><strong>\u0161t\u00fadium pre dospel\u00fdch <\/strong><\/p>\n<p>\u0161tudenti do 25 rokov<\/td>\n<td width=\"311\"><strong>75.-\u00a0 \u00a0 (15,- za jeden mesiac)<\/strong><\/td>\n<\/tr>\n<tr>\n<td width=\"368\"><strong>\u0161t\u00fadium pre dospel\u00fdch <\/strong><\/p>\n<p>pracuj\u00faci do 25 rokov<\/td>\n<td width=\"311\"><strong>120.-\u00a0 \u00a0 (24,- za jeden mesiac)<\/strong><\/td>\n<\/tr>\n<tr>\n<td width=\"368\"><strong>\u0161t\u00fadium pre dospel\u00fdch <\/strong><\/p>\n<p>nad 25 rokov<\/td>\n<td width=\"311\"><strong>320.-\u00a0 \u00a0 (64,- za jeden mesiac)<\/strong><\/td>\n<\/tr>\n<\/tbody>\n<\/table>\n<p>*\u0160koln\u00e9 sa plat\u00ed na jeden polrok \u0161kolsk\u00e9ho roku.<\/p>\n<table>\n<tbody>\n<tr>\n<td width=\"368\"><strong>Tane\u010dn\u00fd odbor<\/strong><\/td>\n<td width=\"311\"><strong>V\u00fd\u0161ka pr\u00edspevku na jeden polrok \u0161kolsk\u00e9ho roka v Eur*<\/strong><\/td>\n<\/tr>\n<tr>\n<td width=\"368\"><strong>pr\u00edpravn\u00e9 \u0161t\u00fadium <\/strong><\/p>\n<p>pre \u017eiakov vo veku od 5 rokov<\/td>\n<td width=\"311\"><strong>45.-\u00a0 \u00a0 (9,- za jeden mesiac)<\/strong><\/td>\n<\/tr>\n<tr>\n<td width=\"368\"><strong>z\u00e1kladn\u00e9 \u0161t\u00fadium <\/strong><\/p>\n<p>pre \u017eiakov z\u00e1kladn\u00fdch a stredn\u00fdch \u0160k\u00f4l<\/td>\n<td width=\"311\"><strong>60.-\u00a0 \u00a0 (12,- za jeden mesiac)<\/strong><\/td>\n<\/tr>\n<tr>\n<td width=\"368\"><strong>\u0161t\u00fadium pre dospel\u00fdch <\/strong><\/p>\n<p>\u0161tudenti do 25 rokov<\/td>\n<td width=\"311\"><strong>75.-\u00a0 \u00a0 (15,- za jeden mesiac)<\/strong><\/td>\n<\/tr>\n<tr>\n<td width=\"368\"><strong>\u0161t\u00fadium pre dospel\u00fdch <\/strong><\/p>\n<p>pracuj\u00faci do 25 rokov<\/td>\n<td width=\"311\"><strong>120.-\u00a0 \u00a0 (24,- za jeden mesiac)<\/strong><\/td>\n<\/tr>\n<tr>\n<td width=\"368\"><strong>\u0161t\u00fadium pre dospel\u00fdch <\/strong><\/p>\n<p>nad 25 rokov<\/td>\n<td width=\"311\"><strong>200.-\u00a0 \u00a0 (40,- za jeden mesiac)<\/strong><\/td>\n<\/tr>\n<\/tbody>\n<\/table>\n<p>*\u0160koln\u00e9 sa plat\u00ed na jeden polrok \u0161kolsk\u00e9ho roku.<\/p>\n<table>\n<tbody>\n<tr>\n<td width=\"368\"><strong>Liter\u00e1rno-dramatick\u00fd odbor<\/strong><\/td>\n<td width=\"311\"><strong>V\u00fd\u0161ka pr\u00edspevku na jeden polrok \u0161kolsk\u00e9ho roka v Eur*<\/strong><\/td>\n<\/tr>\n<tr>\n<td width=\"368\"><strong>pr\u00edpravn\u00e9 \u0161t\u00fadium <\/strong><\/p>\n<p>pre \u017eiakov vo veku od 5 rokov<\/td>\n<td width=\"311\"><strong>45.-\u00a0 \u00a0 (9,- za jeden mesiac)<\/strong><\/td>\n<\/tr>\n<tr>\n<td width=\"368\"><strong>z\u00e1kladn\u00e9 \u0161t\u00fadium <\/strong><\/p>\n<p>pre \u017eiakov z\u00e1kladn\u00fdch a stredn\u00fdch \u0160k\u00f4l<\/td>\n<td width=\"311\"><strong>60.-\u00a0 \u00a0 (12,- za jeden mesiac)<\/strong><\/td>\n<\/tr>\n<tr>\n<td width=\"368\"><strong>\u0161t\u00fadium pre dospel\u00fdch <\/strong><\/p>\n<p>\u0161tudenti do 25 rokov<\/td>\n<td width=\"311\"><strong>75.-\u00a0 \u00a0 (15,- za jeden mesiac)<\/strong><\/td>\n<\/tr>\n<tr>\n<td width=\"368\"><strong>\u0161t\u00fadium pre dospel\u00fdch <\/strong><\/p>\n<p>pracuj\u00faci do 25 rokov<\/td>\n<td width=\"311\"><strong>120.-\u00a0 \u00a0 (24,- za jeden mesiac)<\/strong><\/td>\n<\/tr>\n<tr>\n<td width=\"368\"><strong>\u0161t\u00fadium pre dospel\u00fdch <\/strong><\/p>\n<p>nad 25 rokov<\/td>\n<td width=\"311\"><strong>200.-\u00a0 \u00a0 (40,- za jeden mesiac)<\/strong><\/td>\n<\/tr>\n<\/tbody>\n<\/table>\n<p>*\u0160koln\u00e9 sa plat\u00ed na jeden polrok \u0161kolsk\u00e9ho roku.<\/p>\n<p>Z\u00e1konn\u00fd z\u00e1stupca \u017eiaka, alebo plnolet\u00fd \u017eiak, ktor\u00fd nav\u0161tevuje viac ako jeden hlavn\u00fd predmet v hudobnom odbore v individu\u00e1lnej forme vzdel\u00e1vania, na \u00fahradu n\u00e1kladov spojen\u00fa s t\u00fdmto vyu\u010dovan\u00edm <strong>mesa\u010dne <\/strong>prispieva sumou <strong>120,- \u20ac<\/strong> za ka\u017ed\u00fd \u010fal\u0161\u00ed hlavn\u00fd predmet.<\/p>\n<p>Z\u00e1konn\u00fd z\u00e1stupca \u017eiaka, alebo plnolet\u00fd \u017eiak, ktor\u00fd nav\u0161tevuje viac ako jeden odbor v skupinovej forme vzdel\u00e1vania, na \u00fahradu n\u00e1kladov spojen\u00fa s t\u00fdmto vyu\u010dovan\u00edm <strong>mesa\u010dne<\/strong> prispieva sumou <strong>45,- <\/strong><strong>\u20ac<\/strong> za ka\u017ed\u00fd \u010fal\u0161\u00ed odbor<\/p>\n<p>Z\u00e1konn\u00fd z\u00e1stupca \u017eiaka, alebo plnolet\u00fd \u017eiak, ktor\u00fd je iba \u010dlenom hudobn\u00fdch zoskupen\u00ed &#8211; sl\u00e1\u010dikov\u00fd orchester, dychov\u00fd orchester, \u013eudov\u00e1 hudba, tane\u010dn\u00e1 a d\u017eezov\u00e1 kapela, spev\u00e1cky zbor, pr\u00edpadne in\u00e9 in\u0161trument\u00e1lne alebo vok\u00e1lne zoskupenie, na \u00fahradu n\u00e1kladov <strong>polro\u010dne <\/strong>prispieva sumou <strong>25,- \u20ac.<\/strong><\/p>\n<p>Z\u00e1kladn\u00e1 umeleck\u00e1 \u0161kola J\u00e1na Cikkera vyber\u00e1 pr\u00edspevok na \u00fahradu n\u00e1kladov spojen\u00fdch so \u0161t\u00fadiom v\u017edy na jeden polrok dan\u00e9ho \u0161kolsk\u00e9ho roka.<\/p>\n<p><u>Term\u00edny \u00fahrad:<\/u> I. polrok do 20. 9. \u0161kolsk\u00e9ho roka, II. polrok do 20. 2. \u0161kolsk\u00e9ho roka<\/p>\n<p style=\"text-align: left;\">Zria\u010fovate\u013e Z\u00e1kladnej umeleckej \u0161koly J\u00e1na Cikkera m\u00f4\u017ee rozhodn\u00fa\u0165 o zn\u00ed\u017een\u00ed alebo odpusten\u00ed pr\u00edspevku, ak plnolet\u00fd \u017eiak alebo z\u00e1konn\u00fd z\u00e1stupca neplnolet\u00e9ho \u017eiaka o to p\u00edsomne po\u017eiada a predlo\u017e\u00ed doklad o tom, \u017ee je poberate\u013eom d\u00e1vky v hmotnej n\u00fadzi a pr\u00edspevkov k d\u00e1vke v hmotnej n\u00fadzi pod\u013ea osobitn\u00e9ho predpisu.<\/p>\n<p><span style=\"color: #000080;\"><strong><a style=\"color: #000080;\" href=\"https:\/\/www.zusjcbb.sk\/wp-content\/uploads\/2023\/01\/Ziadost-o-neuhradzanie-prispevku-v-ZUS.pdf\">\u017diados\u0165 o neuhr\u00e1dzanie pr\u00edspevku v ZU\u0160 (hmotn\u00e1 n\u00fadza)<\/a><\/strong><\/span><\/p>\n<p>Pr\u00edspevok v z\u00e1kladnej umeleckej \u0161kole m\u00f4\u017ee zria\u010fovate\u013e zn\u00ed\u017ei\u0165 o 50% zo stanovenej v\u00fd\u0161ky pr\u00edspevku, ak z\u00e1konn\u00fd z\u00e1stupca o to zria\u010fovate\u013ea p\u00edsomne po\u017eiada prostredn\u00edctvom riadite\u013ea z\u00e1kladnej umeleckej \u0161koly a prilo\u017e\u00ed potvrdenie pr\u00edslu\u0161n\u00e9ho \u00daradu pr\u00e1ce, soci\u00e1lnych vec\u00ed a rodiny o pos\u00faden\u00ed pr\u00edjmu, z ktor\u00e9ho vypl\u00fdva, \u017ee pr\u00edjem dom\u00e1cnosti je najviac vo v\u00fd\u0161ke sumy \u017eivotn\u00e9ho minima ur\u010denej pod\u013ea z\u00e1kona \u010d. 601\/2003 Z. z. o \u017eivotnom minime a o zmene a doplnen\u00ed niektor\u00fdch z\u00e1konov v znen\u00ed neskor\u0161\u00edch predpisov.<\/p>\n<p><span style=\"color: #000080;\"><strong><a style=\"color: #000080;\" href=\"https:\/\/www.zusjcbb.sk\/wp-content\/uploads\/2023\/01\/Ziadost-o-znizenie-prispevku-v-ZUS.pdf\">\u017diados\u0165 o zn\u00ed\u017eenie pr\u00edspevku v ZU\u0160 (\u017eivotn\u00e9 minimum)<\/a><\/strong><\/span><\/p>\n<p style=\"text-align: left;\">Pr\u00edspevok v z\u00e1kladnej umeleckej \u0161kole m\u00f4\u017ee zria\u010fovate\u013e odpusti\u0165 za die\u0165a, ktor\u00e9 viac ako 30 po sebe nasleduj\u00facich kalend\u00e1rnych dn\u00ed nie je sp\u00f4sobil\u00e9 zo zdravotn\u00fdch d\u00f4vodov nav\u0161tevova\u0165 z\u00e1kladn\u00fa umeleck\u00fa \u0161kolu a ak o to z\u00e1konn\u00fd z\u00e1stupca p\u00edsomne po\u017eiada. Dlhodob\u00e9 preru\u0161enie doch\u00e1dzky die\u0165a\u0165a do z\u00e1kladnej umeleckej \u0161koly, z\u00e1konn\u00fd z\u00e1stupca die\u0165a\u0165a bezodkladne ozn\u00e1mi riadite\u013eovi z\u00e1kladnej umeleckej \u0161koly. o odpustenie pr\u00edspevku po\u017eiada z\u00e1konn\u00fd z\u00e1stupca zria\u010fovate\u013ea prostredn\u00edctvom riadite\u013ea z\u00e1kladnej umeleckej \u0161koly na z\u00e1klade p\u00edsomnej \u017eiadosti, ktorej pr\u00edlohou bude lek\u00e1rske potvrdenie o skuto\u010dnosti, \u017ee die\u0165a nie je sp\u00f4sobil\u00e9 zo zdravotn\u00fdch d\u00f4vodov nav\u0161tevova\u0165 z\u00e1kladn\u00fa umeleck\u00fa \u0161kolu viac ako 30 po sebe nasleduj\u00facich kalend\u00e1rnych dn\u00ed. \u017diados\u0165 o odpustenie pr\u00edspevku mus\u00ed by\u0165 podan\u00e1 najnesk\u00f4r do 5 kalend\u00e1rnych dn\u00ed od op\u00e4tovn\u00e9ho n\u00e1stupu die\u0165a\u0165a do z\u00e1kladnej umeleckej \u0161koly.<\/p>\n<p><span style=\"color: #000080;\"><strong><a style=\"color: #000080;\" href=\"https:\/\/www.zusjcbb.sk\/wp-content\/uploads\/2023\/01\/Ziadost-o-odpustenie-prispevku-v-ZUS.pdf\">\u017diados\u0165 o odpustenie pr\u00edspevku v ZU\u0160 (zdravotn\u00e9 d\u00f4vody)<\/a><\/strong><\/span><\/p>\n","protected":false},"excerpt":{"rendered":"<p>\u0160t\u00fadium na z\u00e1kladnej umeleckej \u0161kole J\u00e1na Cikkera prebieha v 4 odboroch: Hudobn\u00fd odbor V\u00fdtvarn\u00fd odbor Tane\u010dn\u00fd odbor Liter\u00e1rno-dramatick\u00fd odbor Prihl\u00e1\u0161ku na \u0161t\u00fadium si m\u00f4\u017eete zobrazi\u0165 a vyplni\u0165 kliknut\u00edm sem. \u00a0 Prij\u00edmanie \u017eiaka na \u0161t\u00fadium v ZU\u0160 J\u00e1na Cikkera Odhl\u00e1senie \u017eiaka zo \u0161t\u00fadia v ZU\u0160 J\u00e1na Cikkera V\u00dd\u0160KA PR\u00cdSPEVKOV Hudobn\u00fd odbor V\u00fd\u0161ka pr\u00edspevku na jeden polrok&hellip;&nbsp;<a href=\"https:\/\/www.zusjcbb.sk\/?page_id=35\" class=\"\" rel=\"bookmark\">\u010c\u00edta\u0165 viac &raquo;<span class=\"screen-reader-text\">\u0160t\u00fadium<\/span><\/a><\/p>\n","protected":false},"author":2,"featured_media":0,"parent":0,"menu_order":0,"comment_status":"closed","ping_status":"closed","template":"","meta":{"neve_meta_sidebar":"","neve_meta_container":"","neve_meta_enable_content_width":"","neve_meta_content_width":0,"neve_meta_title_alignment":"","neve_meta_author_avatar":"","neve_post_elements_order":"","neve_meta_disable_header":"","neve_meta_disable_footer":"","neve_meta_disable_title":""},"_links":{"self":[{"href":"https:\/\/www.zusjcbb.sk\/index.php?rest_route=\/wp\/v2\/pages\/35"}],"collection":[{"href":"https:\/\/www.zusjcbb.sk\/index.php?rest_route=\/wp\/v2\/pages"}],"about":[{"href":"https:\/\/www.zusjcbb.sk\/index.php?rest_route=\/wp\/v2\/types\/page"}],"author":[{"embeddable":true,"href":"https:\/\/www.zusjcbb.sk\/index.php?rest_route=\/wp\/v2\/users\/2"}],"replies":[{"embeddable":true,"href":"https:\/\/www.zusjcbb.sk\/index.php?rest_route=%2Fwp%2Fv2%2Fcomments&post=35"}],"version-history":[{"count":36,"href":"https:\/\/www.zusjcbb.sk\/index.php?rest_route=\/wp\/v2\/pages\/35\/revisions"}],"predecessor-version":[{"id":10715,"href":"https:\/\/www.zusjcbb.sk\/index.php?rest_route=\/wp\/v2\/pages\/35\/revisions\/10715"}],"wp:attachment":[{"href":"https:\/\/www.zusjcbb.sk\/index.php?rest_route=%2Fwp%2Fv2%2Fmedia&parent=35"}],"curies":[{"name":"wp","href":"https:\/\/api.w.org\/{rel}","templated":true}]}}