{"id":3616,"date":"2017-01-26T15:18:08","date_gmt":"2017-01-26T13:18:08","guid":{"rendered":"http:\/\/www.zusjcbb.sk\/?page_id=3616"},"modified":"2018-03-19T10:39:33","modified_gmt":"2018-03-19T08:39:33","slug":"2017-zmluvy-2","status":"publish","type":"page","link":"https:\/\/www.zusjcbb.sk\/?page_id=3616","title":{"rendered":"2017 Zmluvy"},"content":{"rendered":"<p><strong><span style=\"color: #800080;\"><a style=\"color: #800080;\" href=\"https:\/\/www.zusjcbb.sk\/wp-content\/uploads\/2017\/01\/ZML_zoznam_2017-12.pdf\" rel=\"\">ZML_zoznam_2017<\/a><\/span><\/strong><\/p>\n<p><strong><span style=\"color: #800080;\"><a href=\"https:\/\/www.zusjcbb.sk\/wp-content\/uploads\/2017\/01\/1_-KZ-na-rok-2017.pdf\" rel=\"\">1_ KZ na rok 2017<\/a><\/span><\/strong><\/p>\n<p><a href=\"https:\/\/www.zusjcbb.sk\/wp-content\/uploads\/2017\/01\/2_Zml.-o-pedagog.-praxi-\u0161tudentov-s-UMB-B.-Bystrica.pdf\" rel=\"\">2_Zml. o pedagog. praxi \u0161tudentov s UMB B. Bystrica<\/a><\/p>\n<p><a href=\"https:\/\/www.zusjcbb.sk\/wp-content\/uploads\/2017\/01\/3_Poistn\u00e1-zml.-det\u00ed-na-s\u00fa\u0165a\u017eiach-Union.pdf\" rel=\"\"><span style=\"color: #0066cc;\">3_Poistn\u00e1 zml. det\u00ed na s\u00fa\u0165a\u017eiach -Union<\/span><\/a><\/p>\n<p><a href=\"https:\/\/www.zusjcbb.sk\/wp-content\/uploads\/2017\/01\/4_Dar.-zml-RZ_1-fin.-na-podujatia-v-2.-polroku-2017.pdf\" rel=\"\"><span style=\"color: #0066cc;\">4_Dar. zml RZ_1 fin. na podujatia v 2. polroku 2017<\/span><\/a><\/p>\n<p><a href=\"https:\/\/www.zusjcbb.sk\/wp-content\/uploads\/2017\/01\/5_Zml.-MV-SR-O\u00da-BB-financie-na-DUF-JC-BB-2017.pdf\" rel=\"\"><span style=\"color: #0066cc;\">5_Zml. MV SR, O\u00da BB- financie na DUF JC BB 2017<\/span><\/a><\/p>\n<p><a href=\"https:\/\/www.zusjcbb.sk\/wp-content\/uploads\/2017\/01\/6_Dar.-zml-RZ_2-fin.-na-s\u00fastredenia-v-2.-polroku-2017.pdf\" rel=\"\">6_Dar. zml RZ_2 fin. na s\u00fastredenia v 2. polroku 2017<\/a><\/p>\n<p><a href=\"https:\/\/www.zusjcbb.sk\/wp-content\/uploads\/2017\/01\/7_Dar.-zml-RZ_3-fin.-n\u00e1kladov-75.-v\u00fdro\u010die-\u0161koly.pdf\" rel=\"\">7_Dar. zml RZ_3 fin. n\u00e1kladov &#8211; 75. v\u00fdro\u010die \u0161koly<\/a><\/p>\n<p><a href=\"https:\/\/www.zusjcbb.sk\/wp-content\/uploads\/2017\/01\/8_-Dod.-1-ku-KZ-na-rok-2017.pdf\" rel=\"\">8_ Dod. 1 ku KZ na rok 2017<\/a><\/p>\n<p><a href=\"https:\/\/www.zusjcbb.sk\/wp-content\/uploads\/2017\/01\/9_Zml.-o-v\u00fdpo\u017ei\u010dke-priestorov-Ms.-\u00faradu-v\u00fdstava.pdf\" rel=\"\">9_Zml. o v\u00fdpo\u017ei\u010dke priestorov Ms. \u00faradu &#8211; v\u00fdstava<\/a><\/p>\n<p><a href=\"https:\/\/www.zusjcbb.sk\/wp-content\/uploads\/2017\/01\/10_Dar.-zml.-Nad\u00e1cia-J.-Cikkera-fin.-v\u00fddavkov-na-DUF-2017.pdf\" rel=\"\">10_Dar. zml. -Nad\u00e1cia J. Cikkera &#8211; fin. v\u00fddavkov na DUF 2017<\/a><\/p>\n<p><a href=\"https:\/\/www.zusjcbb.sk\/wp-content\/uploads\/2017\/06\/11_N\u00e1j.-zml.-\u0160t\u00e1tna-Opera-j\u00fan-2017.pdf\">11_N\u00e1j. zml. \u0160O j\u00fan 2017<\/a><\/p>\n<p><span style=\"color: #ff00ff;\"><a href=\"https:\/\/www.zusjcbb.sk\/wp-content\/uploads\/2017\/01\/12_Zml.-o-poskyt-slu\u017eby-v\u00fdber-dod\u00e1vate\u013ea-elektriny.pdf\" rel=\"\"><span style=\"color: #0066cc;\">12_Zml. o poskyt slu\u017eby &#8211; v\u00fdber dod\u00e1vate\u013ea elektriny<\/span><\/a><\/span><\/p>\n<p><a href=\"https:\/\/www.zusjcbb.sk\/wp-content\/uploads\/2017\/01\/13_Zml.-o-dielo-v\u00fdmena-okien-Intern\u00e1tna.pdf\" rel=\"\">13_Zml. o dielo &#8211; v\u00fdmena okien Intern\u00e1tna<\/a><\/p>\n<p><a href=\"https:\/\/www.zusjcbb.sk\/wp-content\/uploads\/2017\/01\/14_Zml.-o-dielo-ma\u013eovanie-chodieb-Lazovn\u00e1.pdf\" rel=\"\">14_Zml. o dielo &#8211; ma\u013eovanie chodieb Lazovn\u00e1<\/a><\/p>\n<p><a href=\"https:\/\/www.zusjcbb.sk\/wp-content\/uploads\/2017\/07\/Zml.-o-dielo-\u00daprava-povrchov\u00fdch-stien-VKS-v-ZU\u0160-JC.pdf\">15_Zml. o dielo &#8211; \u00daprava povrchov\u00fdch stien VKS <\/a><\/p>\n<p><a href=\"https:\/\/www.zusjcbb.sk\/wp-content\/uploads\/2017\/01\/16_Dod.-2-k-zml.-O-15-0058-Gamo-kiosk-vzd.-spr\u00e1va.pdf\" rel=\"\">16_Dod. 2 k zml. O-15-0058 Gamo &#8211; kiosk vzd. spr\u00e1va<\/a><\/p>\n<p><a href=\"https:\/\/www.zusjcbb.sk\/wp-content\/uploads\/2017\/01\/17_Poistn\u00e1-zml.-det\u00ed-na-s\u00fa\u0165a\u017eiach-Union-2017_18.pdf\" rel=\"\">17_Poistn\u00e1 zml. det\u00ed na s\u00fa\u0165a\u017eiach -Union 2017_<\/a><\/p>\n<p><a href=\"https:\/\/www.zusjcbb.sk\/wp-content\/uploads\/2017\/01\/17_Poistn\u00e1-zml.-det\u00ed-na-s\u00fa\u0165a\u017eiach-Union-2017_18.pdf\" rel=\"\">18<\/a> <a href=\"https:\/\/www.zusjcbb.sk\/wp-content\/uploads\/2017\/01\/18_Zml.-o-n\u00e1jme-bufet-\u0160tef\u00e1nikovo-n\u00e1br..pdf\" rel=\"\">18_Zml. o n\u00e1jme &#8211; bufet &#8211; \u0160tef\u00e1nikovo n\u00e1br.<\/a><\/p>\n<p><a href=\"https:\/\/www.zusjcbb.sk\/wp-content\/uploads\/2017\/01\/19_Zml.-o-n\u00e1jme-B\u00ednovsk\u00fd-\u0160tef\u00e1nikovo-n\u00e1br..pdf\" rel=\"\">19_Zml. o n\u00e1jme &#8211; B\u00ednovsk\u00fd &#8211; \u0160tef\u00e1nikovo n\u00e1br.<\/a><\/p>\n<p><a href=\"https:\/\/www.zusjcbb.sk\/wp-content\/uploads\/2017\/01\/20_Dar.-zml.-RZ_4.-fin.-ZRP\u0160.pdf\" rel=\"\">20_Dar. zml. RZ_4. fin. ZRP\u0160<\/a><\/p>\n<p><a href=\"https:\/\/www.zusjcbb.sk\/wp-content\/uploads\/2017\/01\/21_Zml.-o-n\u00e1jme-Konzervat\u00f3rium-JLBellu-BB.pdf\" rel=\"\">21_Zml. o n\u00e1jme &#8211; Konzervat\u00f3rium JLBellu BB<\/a><\/p>\n<p><a href=\"https:\/\/www.zusjcbb.sk\/wp-content\/uploads\/2017\/01\/22_Zml.-o-pedagog.-praxi-\u0161tudentov-UMB-v-B.-Bystrici.pdf\" rel=\"\">22_Zml. o pedagog. praxi \u0161tudentov UMB v B. Bystrici<\/a><\/p>\n<p><a href=\"https:\/\/www.zusjcbb.sk\/wp-content\/uploads\/2017\/01\/23_Dod.-5-k-zml.18_2012-Amicomp-servis-kop.-stroja-\u0160tef..pdf\" rel=\"\">23_Dod. 5 k zml.18_2012 Amicomp- servis kop. stroja \u0160tef.<\/a><\/p>\n<p><a href=\"https:\/\/www.zusjcbb.sk\/wp-content\/uploads\/2017\/01\/24_Dod.-5-k-zml.19_2012-Amicomp-servis-kop.-stroja-Lazovn\u00e1.pdf\" rel=\"\">24_Dod. 5 k zml.19_2012 Amicomp- servis kop. stroja Lazovn\u00e1<\/a><\/p>\n<p><a href=\"https:\/\/www.zusjcbb.sk\/wp-content\/uploads\/2017\/01\/25_Dod.-5-k-zml.20_2012-Amicomp-servis-kop.-stroja-Intern\u00e1tna.pdf\" rel=\"\">25_Dod. 5 k zml.20_2012 Amicomp- servis kop. stroja Intern\u00e1tna<\/a><\/p>\n<p><a href=\"https:\/\/www.zusjcbb.sk\/wp-content\/uploads\/2017\/01\/26_Dar.-zml-RZ_5-fin.-na-s\u00fastredenia-v-1.-polroku-2017_18.pdf\" rel=\"\">26_Dar. zml RZ_5 fin. na s\u00fastredenia v 1. polroku 2017_18<\/a><\/p>\n<p><a href=\"https:\/\/www.zusjcbb.sk\/wp-content\/uploads\/2017\/01\/27_Dod.-5-k-zml.23_2012-Amicomp-servis-kop.-stroja-sekret..pdf\" rel=\"\">27_Dod. 5 k zml.23_2012 Amicomp- servis kop. stroja &#8211; sekret.<\/a><\/p>\n<p><a href=\"https:\/\/www.zusjcbb.sk\/wp-content\/uploads\/2017\/01\/28_Zml.-o-n\u00e1jme-priestorov-pre-VK-Mikul\u00e1\u0161a-Kov\u00e1\u010da-BB.pdf\" rel=\"\">28_Zml. o n\u00e1jme priestorov pre VK Mikul\u00e1\u0161a Kov\u00e1\u010da BB<\/a><\/p>\n<p><a href=\"https:\/\/www.zusjcbb.sk\/wp-content\/uploads\/2017\/01\/29_Dohoda-o-pedagog.-praxi-\u0161tudentky-UMB-BB.pdf\" rel=\"\">29_Dohoda o pedagog. praxi \u0161tudentky UMB BB<\/a><\/p>\n<p><a href=\"https:\/\/www.zusjcbb.sk\/wp-content\/uploads\/2017\/01\/30_-Zml.-o-slu\u017eb.-BP-PO-CO-Pyroboss.pdf\" rel=\"\">30_ Zml. o slu\u017eb. BP, PO, CO &#8211; Pyroboss<\/a><\/p>\n<p><a href=\"https:\/\/www.zusjcbb.sk\/wp-content\/uploads\/2017\/01\/31_Zml.-o-n\u00e1jme-priestorov-pre-euroAWK-Bratislava.pdf\" rel=\"\">31_Zml. o n\u00e1jme priestorov pre euroAWK Bratislava<\/a><\/p>\n<p><a href=\"https:\/\/www.zusjcbb.sk\/wp-content\/uploads\/2017\/01\/32_Zml.-o-dod.-el.-s-prevzatou-zodpoved.-za-odchylku-s-PoW-en-a.pdf\" rel=\"\">32_Zml. o dod. el. s prevzatou zodpoved. za odchylku s PoW-en a<\/a><\/p>\n<p><a href=\"https:\/\/www.zusjcbb.sk\/wp-content\/uploads\/2017\/01\/33_Dod.-3-k-zml.-O-14-0116-Gamo-servis-VT.pdf\" rel=\"\">33_Dod. 3 k zml. O-14-0116 Gamo &#8211; servis VT<\/a><\/p>\n<p>&nbsp;<\/p>\n<p>&nbsp;<\/p>\n<p>&nbsp;<\/p>\n<p>&nbsp;<\/p>\n","protected":false},"excerpt":{"rendered":"<p>ZML_zoznam_2017 1_ KZ na rok 2017 2_Zml. o pedagog. praxi \u0161tudentov s UMB B. Bystrica 3_Poistn\u00e1 zml. det\u00ed na s\u00fa\u0165a\u017eiach -Union 4_Dar. zml RZ_1 fin. na podujatia v 2. polroku 2017 5_Zml. MV SR, O\u00da BB- financie na DUF JC BB 2017 6_Dar. zml RZ_2 fin. na s\u00fastredenia v 2. polroku 2017 7_Dar. zml RZ_3&hellip;&nbsp;<a href=\"https:\/\/www.zusjcbb.sk\/?page_id=3616\" class=\"\" rel=\"bookmark\">\u010c\u00edta\u0165 viac &raquo;<span class=\"screen-reader-text\">2017 Zmluvy<\/span><\/a><\/p>\n","protected":false},"author":3,"featured_media":0,"parent":37,"menu_order":0,"comment_status":"closed","ping_status":"closed","template":"","meta":{"neve_meta_sidebar":"","neve_meta_container":"","neve_meta_enable_content_width":"","neve_meta_content_width":0,"neve_meta_title_alignment":"","neve_meta_author_avatar":"","neve_post_elements_order":"","neve_meta_disable_header":"","neve_meta_disable_footer":"","neve_meta_disable_title":""},"_links":{"self":[{"href":"https:\/\/www.zusjcbb.sk\/index.php?rest_route=\/wp\/v2\/pages\/3616"}],"collection":[{"href":"https:\/\/www.zusjcbb.sk\/index.php?rest_route=\/wp\/v2\/pages"}],"about":[{"href":"https:\/\/www.zusjcbb.sk\/index.php?rest_route=\/wp\/v2\/types\/page"}],"author":[{"embeddable":true,"href":"https:\/\/www.zusjcbb.sk\/index.php?rest_route=\/wp\/v2\/users\/3"}],"replies":[{"embeddable":true,"href":"https:\/\/www.zusjcbb.sk\/index.php?rest_route=%2Fwp%2Fv2%2Fcomments&post=3616"}],"version-history":[{"count":25,"href":"https:\/\/www.zusjcbb.sk\/index.php?rest_route=\/wp\/v2\/pages\/3616\/revisions"}],"predecessor-version":[{"id":4636,"href":"https:\/\/www.zusjcbb.sk\/index.php?rest_route=\/wp\/v2\/pages\/3616\/revisions\/4636"}],"up":[{"embeddable":true,"href":"https:\/\/www.zusjcbb.sk\/index.php?rest_route=\/wp\/v2\/pages\/37"}],"wp:attachment":[{"href":"https:\/\/www.zusjcbb.sk\/index.php?rest_route=%2Fwp%2Fv2%2Fmedia&parent=3616"}],"curies":[{"name":"wp","href":"https:\/\/api.w.org\/{rel}","templated":true}]}}