{"id":3617,"date":"2017-01-25T15:56:32","date_gmt":"2017-01-25T13:56:32","guid":{"rendered":"http:\/\/www.zusjcbb.sk\/?page_id=3617"},"modified":"2018-01-05T12:32:38","modified_gmt":"2018-01-05T10:32:38","slug":"2017-objednavky","status":"publish","type":"page","link":"https:\/\/www.zusjcbb.sk\/?page_id=3617","title":{"rendered":"2017 Objedn\u00e1vky"},"content":{"rendered":"<p><a href=\"https:\/\/www.zusjcbb.sk\/wp-content\/uploads\/2017\/01\/Objedn\u00e1vky-1_2017-1.pdf\" rel=\"\">Objedn\u00e1vky 1_2017<\/a><\/p>\n<p><a href=\"https:\/\/www.zusjcbb.sk\/wp-content\/uploads\/2017\/01\/Objedn\u00e1vky-2_2017-1.pdf\" rel=\"\">Objedn\u00e1vky 2_2017<\/a><\/p>\n<p><a href=\"https:\/\/www.zusjcbb.sk\/wp-content\/uploads\/2017\/01\/Objedn\u00e1vky-3_2017.pdf\" rel=\"\">Objedn\u00e1vky 3_2017<\/a><\/p>\n<p><a href=\"https:\/\/www.zusjcbb.sk\/wp-content\/uploads\/2017\/01\/Objedn\u00e1vky-4_2017.pdf\" rel=\"\">Objedn\u00e1vky 4_2017<\/a><\/p>\n<p><a href=\"https:\/\/www.zusjcbb.sk\/wp-content\/uploads\/2017\/01\/Objedn\u00e1vky-5_2017.pdf\" rel=\"\">Objedn\u00e1vky 5_2017<\/a><\/p>\n<p><a href=\"https:\/\/www.zusjcbb.sk\/wp-content\/uploads\/2017\/01\/Objedn\u00e1vky-6_2017.pdf\" rel=\"\">Objedn\u00e1vky 6_2017<\/a><\/p>\n<p><a href=\"https:\/\/www.zusjcbb.sk\/wp-content\/uploads\/2017\/01\/Objedn\u00e1vky-7_2017.pdf\" rel=\"\">Objedn\u00e1vky 7_2017<\/a><\/p>\n<p><a href=\"https:\/\/www.zusjcbb.sk\/wp-content\/uploads\/2017\/01\/Objedn\u00e1vky-8_2017.pdf\" rel=\"\">Objedn\u00e1vky 8_2017<\/a><\/p>\n<p><a href=\"https:\/\/www.zusjcbb.sk\/wp-content\/uploads\/2017\/01\/Objedn\u00e1vky-9_2017.pdf\" rel=\"\">Objedn\u00e1vky 9_2017<\/a><\/p>\n<p><a href=\"https:\/\/www.zusjcbb.sk\/wp-content\/uploads\/2017\/01\/Objedn\u00e1vky-10_2017.pdf\" rel=\"\">Objedn\u00e1vky 10_2017<\/a><\/p>\n<p><a href=\"https:\/\/www.zusjcbb.sk\/wp-content\/uploads\/2017\/01\/Objedn\u00e1vky-11_2017.pdf\" rel=\"\">Objedn\u00e1vky 11_2017<\/a><\/p>\n<p><a href=\"https:\/\/www.zusjcbb.sk\/wp-content\/uploads\/2017\/01\/Objedn\u00e1vky-12_2017.pdf\" rel=\"\">Objedn\u00e1vky 12_<\/a><span style=\"color: #00ccff;\">2017<\/span><\/p>\n","protected":false},"excerpt":{"rendered":"<p>Objedn\u00e1vky 1_2017 Objedn\u00e1vky 2_2017 Objedn\u00e1vky 3_2017 Objedn\u00e1vky 4_2017 Objedn\u00e1vky 5_2017 Objedn\u00e1vky 6_2017 Objedn\u00e1vky 7_2017 Objedn\u00e1vky 8_2017 Objedn\u00e1vky 9_2017 Objedn\u00e1vky 10_2017 Objedn\u00e1vky 11_2017 Objedn\u00e1vky 12_2017<\/p>\n","protected":false},"author":3,"featured_media":0,"parent":37,"menu_order":0,"comment_status":"closed","ping_status":"closed","template":"","meta":{"neve_meta_sidebar":"","neve_meta_container":"","neve_meta_enable_content_width":"","neve_meta_content_width":0,"neve_meta_title_alignment":"","neve_meta_author_avatar":"","neve_post_elements_order":"","neve_meta_disable_header":"","neve_meta_disable_footer":"","neve_meta_disable_title":""},"_links":{"self":[{"href":"https:\/\/www.zusjcbb.sk\/index.php?rest_route=\/wp\/v2\/pages\/3617"}],"collection":[{"href":"https:\/\/www.zusjcbb.sk\/index.php?rest_route=\/wp\/v2\/pages"}],"about":[{"href":"https:\/\/www.zusjcbb.sk\/index.php?rest_route=\/wp\/v2\/types\/page"}],"author":[{"embeddable":true,"href":"https:\/\/www.zusjcbb.sk\/index.php?rest_route=\/wp\/v2\/users\/3"}],"replies":[{"embeddable":true,"href":"https:\/\/www.zusjcbb.sk\/index.php?rest_route=%2Fwp%2Fv2%2Fcomments&post=3617"}],"version-history":[{"count":4,"href":"https:\/\/www.zusjcbb.sk\/index.php?rest_route=\/wp\/v2\/pages\/3617\/revisions"}],"predecessor-version":[{"id":4482,"href":"https:\/\/www.zusjcbb.sk\/index.php?rest_route=\/wp\/v2\/pages\/3617\/revisions\/4482"}],"up":[{"embeddable":true,"href":"https:\/\/www.zusjcbb.sk\/index.php?rest_route=\/wp\/v2\/pages\/37"}],"wp:attachment":[{"href":"https:\/\/www.zusjcbb.sk\/index.php?rest_route=%2Fwp%2Fv2%2Fmedia&parent=3617"}],"curies":[{"name":"wp","href":"https:\/\/api.w.org\/{rel}","templated":true}]}}