{"id":3624,"date":"2017-01-26T09:46:37","date_gmt":"2017-01-26T07:46:37","guid":{"rendered":"http:\/\/www.zusjcbb.sk\/?page_id=3624"},"modified":"2018-01-22T16:05:35","modified_gmt":"2018-01-22T14:05:35","slug":"2017-faktury","status":"publish","type":"page","link":"https:\/\/www.zusjcbb.sk\/?page_id=3624","title":{"rendered":"2017 Fakt\u00fary"},"content":{"rendered":"<p><a href=\"https:\/\/www.zusjcbb.sk\/wp-content\/uploads\/2017\/01\/Fakt\u00fary-1_2017.pdf\" rel=\"\">Fakt\u00fary 1_2017<\/a><\/p>\n<p><a href=\"https:\/\/www.zusjcbb.sk\/wp-content\/uploads\/2017\/01\/Fakt\u00fary-2_2017.pdf\" rel=\"\">Fakt\u00fary 2_2017<\/a><\/p>\n<p><a href=\"https:\/\/www.zusjcbb.sk\/wp-content\/uploads\/2017\/01\/Fakt\u00fary-3_2017.pdf\" rel=\"\">Fakt\u00fary 3_2017<\/a><\/p>\n<p><a href=\"https:\/\/www.zusjcbb.sk\/wp-content\/uploads\/2017\/01\/Fakt\u00fary-4_2017.pdf\" rel=\"\">Fakt\u00fary 4_2017<\/a><\/p>\n<p><a href=\"https:\/\/www.zusjcbb.sk\/wp-content\/uploads\/2017\/01\/Fakt\u00fary-5_2017.pdf\" rel=\"\">Fakt\u00fary 5_2017<\/a><\/p>\n<p><a href=\"https:\/\/www.zusjcbb.sk\/wp-content\/uploads\/2017\/01\/Fakt\u00fary-6_2017.pdf\" rel=\"\">Fakt\u00fary 6_2017<\/a><\/p>\n<p><a href=\"https:\/\/www.zusjcbb.sk\/wp-content\/uploads\/2017\/01\/Fakt\u00fary-7_2017-1.pdf\" rel=\"\">Fakt\u00fary 7_2017<\/a><\/p>\n<p><a href=\"https:\/\/www.zusjcbb.sk\/wp-content\/uploads\/2017\/01\/Fakt\u00fary-8_2017.pdf\" rel=\"\">Fakt\u00fary <\/a><a href=\"https:\/\/www.zusjcbb.sk\/wp-content\/uploads\/2017\/01\/Fakt\u00fary-8_2017.pdf\" rel=\"\">8_2017<\/a><\/p>\n<p><a href=\"https:\/\/www.zusjcbb.sk\/wp-content\/uploads\/2017\/01\/Fakt\u00fary-9_2017.pdf\" rel=\"\">Fakt\u00fary <\/a><a href=\"https:\/\/www.zusjcbb.sk\/wp-content\/uploads\/2017\/01\/Fakt\u00fary-9_2017.pdf\" rel=\"\">9_2017<\/a><\/p>\n<p><a href=\"https:\/\/www.zusjcbb.sk\/wp-content\/uploads\/2017\/01\/Fakt\u00fary-10_2017.pdf\" rel=\"\">Fakt\u00fary <\/a><a href=\"https:\/\/www.zusjcbb.sk\/wp-content\/uploads\/2017\/01\/Fakt\u00fary-10_2017.pdf\" rel=\"\">10_2017<\/a><\/p>\n<p><a href=\"https:\/\/www.zusjcbb.sk\/wp-content\/uploads\/2017\/01\/Fakt\u00fary-11_2017.pdf\" rel=\"\">Fakt\u00fary <\/a><a href=\"https:\/\/www.zusjcbb.sk\/wp-content\/uploads\/2017\/01\/Fakt\u00fary-11_2017.pdf\" rel=\"\">11_2017<\/a><\/p>\n<p><a href=\"https:\/\/www.zusjcbb.sk\/wp-content\/uploads\/2017\/01\/Fakt\u00fary-12_2017.pdf\" rel=\"\">Fakt\u00fary <\/a><a href=\"https:\/\/www.zusjcbb.sk\/wp-content\/uploads\/2017\/01\/Fakt\u00fary-12_2017.pdf\" rel=\"\">12_2017<\/a><\/p>\n<p>&nbsp;<\/p>\n","protected":false},"excerpt":{"rendered":"<p>Fakt\u00fary 1_2017 Fakt\u00fary 2_2017 Fakt\u00fary 3_2017 Fakt\u00fary 4_2017 Fakt\u00fary 5_2017 Fakt\u00fary 6_2017 Fakt\u00fary 7_2017 Fakt\u00fary 8_2017 Fakt\u00fary 9_2017 Fakt\u00fary 10_2017 Fakt\u00fary 11_2017 Fakt\u00fary 12_2017 &nbsp;<\/p>\n","protected":false},"author":3,"featured_media":0,"parent":37,"menu_order":0,"comment_status":"closed","ping_status":"closed","template":"","meta":{"neve_meta_sidebar":"","neve_meta_container":"","neve_meta_enable_content_width":"","neve_meta_content_width":0,"neve_meta_title_alignment":"","neve_meta_author_avatar":"","neve_post_elements_order":"","neve_meta_disable_header":"","neve_meta_disable_footer":"","neve_meta_disable_title":""},"_links":{"self":[{"href":"https:\/\/www.zusjcbb.sk\/index.php?rest_route=\/wp\/v2\/pages\/3624"}],"collection":[{"href":"https:\/\/www.zusjcbb.sk\/index.php?rest_route=\/wp\/v2\/pages"}],"about":[{"href":"https:\/\/www.zusjcbb.sk\/index.php?rest_route=\/wp\/v2\/types\/page"}],"author":[{"embeddable":true,"href":"https:\/\/www.zusjcbb.sk\/index.php?rest_route=\/wp\/v2\/users\/3"}],"replies":[{"embeddable":true,"href":"https:\/\/www.zusjcbb.sk\/index.php?rest_route=%2Fwp%2Fv2%2Fcomments&post=3624"}],"version-history":[{"count":5,"href":"https:\/\/www.zusjcbb.sk\/index.php?rest_route=\/wp\/v2\/pages\/3624\/revisions"}],"predecessor-version":[{"id":4517,"href":"https:\/\/www.zusjcbb.sk\/index.php?rest_route=\/wp\/v2\/pages\/3624\/revisions\/4517"}],"up":[{"embeddable":true,"href":"https:\/\/www.zusjcbb.sk\/index.php?rest_route=\/wp\/v2\/pages\/37"}],"wp:attachment":[{"href":"https:\/\/www.zusjcbb.sk\/index.php?rest_route=%2Fwp%2Fv2%2Fmedia&parent=3624"}],"curies":[{"name":"wp","href":"https:\/\/api.w.org\/{rel}","templated":true}]}}