{"id":3682,"date":"2017-02-20T19:01:33","date_gmt":"2017-02-20T17:01:33","guid":{"rendered":"http:\/\/www.zusjcbb.sk\/?page_id=3682"},"modified":"2024-02-02T10:30:38","modified_gmt":"2024-02-02T08:30:38","slug":"verejne-obstaravanie","status":"publish","type":"page","link":"https:\/\/www.zusjcbb.sk\/?page_id=3682","title":{"rendered":"Verejn\u00e9 obstar\u00e1vanie"},"content":{"rendered":"<h2 style=\"text-align: left;\"><strong>Profil verejn\u00e9ho obstar\u00e1vate\u013ea<\/strong><\/h2>\n<p><strong><strong>Verejn\u00fd obstar\u00e1vate\u013e:\u00a0\u00a0\u00a0\u00a0\u00a0\u00a0\u00a0\u00a0\u00a0 <\/strong><\/strong><em><strong>Z\u00e1kladn\u00e1 umeleck\u00e1 \u0161kola J\u00e1na Cikkera<\/strong><\/em><\/p>\n<p><strong><strong>S\u00eddlo:\u00a0\u00a0\u00a0\u00a0\u00a0\u00a0\u00a0\u00a0\u00a0\u00a0\u00a0\u00a0\u00a0\u00a0\u00a0\u00a0\u00a0\u00a0\u00a0\u00a0\u00a0\u00a0\u00a0\u00a0\u00a0\u00a0\u00a0\u00a0\u00a0\u00a0\u00a0\u00a0\u00a0\u00a0\u00a0\u00a0\u00a0\u00a0 <\/strong><\/strong><em><strong>\u0160tef\u00e1nikovo n\u00e1bre\u017eie \u010d. 6 , 974 01 Bansk\u00e1 Bystrica<\/strong><\/em><\/p>\n<p><strong><strong>\u0160tatut\u00e1rny z\u00e1stupca:\u00a0\u00a0\u00a0\u00a0\u00a0\u00a0\u00a0\u00a0\u00a0\u00a0\u00a0 <\/strong><\/strong><em><strong>Mgr. art. Martin Ka\u0161\u0161a, DiS. art.<\/strong><\/em><\/p>\n<p><strong><em><strong>I\u0106O:\u00a0\u00a0 <\/strong><\/em><\/strong><em><strong>\u00a0\u00a0\u00a0\u00a0\u00a0\u00a0\u00a0\u00a0\u00a0\u00a0\u00a0\u00a0\u00a0\u00a0\u00a0\u00a0\u00a0\u00a0 \u00a0\u00a0\u00a0\u00a0\u00a0\u00a0\u00a0\u00a0 <\/strong><strong>356\u00a0778 64<\/strong><\/em><\/p>\n<p><strong><em><strong>DI\u0106:\u00a0\u00a0 <\/strong><\/em><\/strong><em><strong>\u00a0\u00a0\u00a0\u00a0\u00a0\u00a0\u00a0\u00a0\u00a0\u00a0\u00a0\u00a0\u00a0\u00a0\u00a0\u00a0\u00a0\u00a0 \u00a0\u00a0\u00a0\u00a0\u00a0\u00a0\u00a0 \u00a0<\/strong><strong>2020 957 818\u00a0\u00a0\u00a0\u00a0\u00a0\u00a0\u00a0\u00a0 <\/strong><\/em><\/p>\n<p><strong><em><strong>E-mail:<\/strong><\/em><\/strong><em><strong>\u00a0\u00a0\u00a0\u00a0\u00a0\u00a0\u00a0\u00a0\u00a0\u00a0\u00a0\u00a0\u00a0\u00a0\u00a0\u00a0\u00a0 \u00a0\u00a0\u00a0\u00a0\u00a0\u00a0 <\/strong><strong>zusjanacikkera@gmail.com<\/strong><\/em><\/p>\n<p><strong><em><strong>Telef\u00f3n:\u00a0\u00a0\u00a0\u00a0\u00a0\u00a0\u00a0\u00a0\u00a0\u00a0<\/strong><\/em><\/strong><em><strong>\u00a0\u00a0\u00a0\u00a0\u00a0\u00a0\u00a0\u00a0\u00a0\u00a0\u00a0\u00a0\u00a0<\/strong><strong>+42148 285 80 31\u00a0 \u00a0 \u00a0 \u00a0 \u00a0 \u00a0<\/strong><\/em><\/p>\n<p>Z\u00e1kladn\u00e1 umeleck\u00e1 \u0161kola J\u00e1na Cikkera \u00a0je verejn\u00fdm obstar\u00e1vate\u013eom pod\u013ea \u00a7 6 ods.1 p\u00edsm. d) z\u00e1kona \u010d. 25\/2006 Z. z. O verejnom obstar\u00e1van\u00ed a o zmene a doplnen\u00ed niektor\u00fdch z\u00e1konov v znen\u00ed neskor\u0161\u00edch predpisov a pri zad\u00e1van\u00ed z\u00e1kaziek postupuje v zmysle jednotliv\u00fdch ustanoven\u00ed tohto z\u00e1kona.<\/p>\n<p>Verejn\u00fdm obstar\u00e1van\u00edm s\u00fa postupy pod\u013ea tohto z\u00e1kona, ktor\u00fdm sa zad\u00e1vaj\u00fa z\u00e1kazky na dodanie tovaru, z\u00e1kazky na uskuto\u010dnenie stavebn\u00fdch pr\u00e1c, z\u00e1kazky na poskytnutie slu\u017eieb, s\u00fa\u0165a\u017e n\u00e1vrhov a\u00a0spr\u00e1vu vo verejnom obstar\u00e1van\u00ed.<\/p>\n<p>Z\u00e1kon upravuje pravidl\u00e1 postupu verejn\u00e9ho obstar\u00e1vania pri zad\u00e1van\u00ed nadlimitn\u00fdch z\u00e1kaziek, podlimitn\u00fdch\u00a0z\u00e1kaziek a\u00a0z\u00e1kaziek s\u00a0n\u00edzkou hodnotou.<\/p>\n<p>Z\u00e1kladn\u00e1 umeleck\u00e1 \u0161kola J\u00e1na Cikkera \u00a0vypracovala \u201eIntern\u00fa smernicu o\u00a0verejnom obstar\u00e1van\u00ed. \u00da\u010delom\u00a0tejto smernice\u00a0je vytvorenie r\u00e1mca pre jednotn\u00fd, efekt\u00edvny a hospod\u00e1rny postup pri zad\u00e1van\u00ed z\u00e1kaziek.<\/p>\n<p><span style=\"color: #000080;\"><a style=\"color: #000080;\" href=\"https:\/\/www.zusjcbb.sk\/wp-content\/uploads\/2017\/02\/S\u00fahrnn\u00e1-spr\u00e1va-o-z\u00e1kazk\u00e1ch-2_2016.docx\"><span style=\"color: #3366ff;\">S\u00fahrnn\u00e1 spr\u00e1va o z\u00e1kazk\u00e1ch 2_2016<\/span><\/a><\/span><\/p>\n<p><span style=\"color: #00ccff;\"><a style=\"color: #00ccff;\" href=\"https:\/\/www.zusjcbb.sk\/wp-content\/uploads\/2017\/02\/S\u00fahrnn\u00e1-spr\u00e1va-o-z\u00e1kazk\u00e1ch-3_2017.pdf\" rel=\"\"><span style=\"color: #3366ff;\">S\u00fahrnn\u00e1 spr\u00e1va o z\u00e1kazk\u00e1ch 3_2017<\/span><\/a><\/span><\/p>\n\n\n<div class=\"wp-block-file\"><a id=\"wp-block-file--media-3c60c69f-4448-4519-8f89-93f1cdbf9eb8\" href=\"https:\/\/www.zusjcbb.sk\/wp-content\/uploads\/2020\/08\/S\u00fahrnn\u00e1-spr\u00e1va-o-z\u00e1kazk\u00e1ch-2018.docx\">S\u00fahrnn\u00e1 spr\u00e1va o z\u00e1kazk\u00e1ch 2018<\/a><\/div>\n\n\n\n<div class=\"wp-block-file\"><a id=\"wp-block-file--media-10baf74a-5fca-49f0-902c-09d012e81000\" href=\"https:\/\/www.zusjcbb.sk\/wp-content\/uploads\/2020\/08\/S\u00fahrnn\u00e1-spr\u00e1va-o-z\u00e1kazk\u00e1ch-2019.docx\">S\u00fahrnn\u00e1 spr\u00e1va o z\u00e1kazk\u00e1ch 2019<\/a><\/div>\n\n\n\n<div class=\"wp-block-file\"><a id=\"wp-block-file--media-f9dd57c5-4b3a-4cbe-bf6a-3dee11b31412\" href=\"https:\/\/www.zusjcbb.sk\/wp-content\/uploads\/2021\/12\/Suhrnna-sprava-o-zakazkach-2020.docx\">S\u00fahrnn\u00e1 spr\u00e1va o z\u00e1kazk\u00e1ch 2020<\/a><\/div>\n\n\n\n<div class=\"wp-block-file\"><a id=\"wp-block-file--media-d05d9120-c50f-46b6-9d8f-613ffa882d26\" href=\"https:\/\/www.zusjcbb.sk\/wp-content\/uploads\/2021\/12\/Suhrnna-sprava-o-zakazkach-3.Q.2021.docx\">S\u00fahrnn\u00e1 spr\u00e1va o z\u00e1kazk\u00e1ch 3.Q.2021<\/a><\/div>\n\n\n\n<div class=\"wp-block-file\"><a id=\"wp-block-file--media-e9d8ebe7-3b1f-4bc1-b529-b8334b6fa047\" href=\"https:\/\/www.zusjcbb.sk\/wp-content\/uploads\/2023\/01\/Suhrnna-sprava-o-zakazkach-4.Q.2021.docx\">Suhrnna-sprava-o-zakazkach-4.Q.2021<\/a><\/div>\n\n\n\n<div class=\"wp-block-file\"><a id=\"wp-block-file--media-fa1a726a-6169-48ab-9c78-b500919fa0ff\" href=\"https:\/\/www.zusjcbb.sk\/wp-content\/uploads\/2023\/01\/Suhrnna-sprava-o-zakazkach-3.Q.2022.docx\">Suhrnna-sprava-o-zakazkach-3.Q.2022<\/a><\/div>\n\n\n\n<div class=\"wp-block-file\"><a id=\"wp-block-file--media-3f0d7308-0528-45d5-b5e5-44cad6d90e0f\" href=\"https:\/\/www.zusjcbb.sk\/wp-content\/uploads\/2023\/01\/Suhrnna-sprava-o-zakazkach-4.Q.2022.docx\">Suhrnna-sprava-o-zakazkach-4.Q.2022<\/a><\/div>\n\n\n\n<div class=\"wp-block-file\"><a id=\"wp-block-file--media-6e25c397-5741-4b6f-a9e7-382f2066d7c0\" href=\"https:\/\/www.zusjcbb.sk\/wp-content\/uploads\/2024\/02\/Suhrnna-sprava-o-zakazkach-3.Q.2023.pdf\">Suhrnna-sprava-o-zakazkach-3.Q.2023<\/a><\/div>\n","protected":false},"excerpt":{"rendered":"<p>Profil verejn\u00e9ho obstar\u00e1vate\u013ea Verejn\u00fd obstar\u00e1vate\u013e:\u00a0\u00a0\u00a0\u00a0\u00a0\u00a0\u00a0\u00a0\u00a0 Z\u00e1kladn\u00e1 umeleck\u00e1 \u0161kola J\u00e1na Cikkera S\u00eddlo:\u00a0\u00a0\u00a0\u00a0\u00a0\u00a0\u00a0\u00a0\u00a0\u00a0\u00a0\u00a0\u00a0\u00a0\u00a0\u00a0\u00a0\u00a0\u00a0\u00a0\u00a0\u00a0\u00a0\u00a0\u00a0\u00a0\u00a0\u00a0\u00a0\u00a0\u00a0\u00a0\u00a0\u00a0\u00a0\u00a0\u00a0\u00a0 \u0160tef\u00e1nikovo n\u00e1bre\u017eie \u010d. 6 , 974 01 Bansk\u00e1 Bystrica \u0160tatut\u00e1rny z\u00e1stupca:\u00a0\u00a0\u00a0\u00a0\u00a0\u00a0\u00a0\u00a0\u00a0\u00a0\u00a0 Mgr. art. Martin Ka\u0161\u0161a, DiS. art. I\u0106O:\u00a0\u00a0 \u00a0\u00a0\u00a0\u00a0\u00a0\u00a0\u00a0\u00a0\u00a0\u00a0\u00a0\u00a0\u00a0\u00a0\u00a0\u00a0\u00a0\u00a0 \u00a0\u00a0\u00a0\u00a0\u00a0\u00a0\u00a0\u00a0 356\u00a0778 64 DI\u0106:\u00a0\u00a0 \u00a0\u00a0\u00a0\u00a0\u00a0\u00a0\u00a0\u00a0\u00a0\u00a0\u00a0\u00a0\u00a0\u00a0\u00a0\u00a0\u00a0\u00a0 \u00a0\u00a0\u00a0\u00a0\u00a0\u00a0\u00a0 \u00a02020 957 818\u00a0\u00a0\u00a0\u00a0\u00a0\u00a0\u00a0\u00a0 E-mail:\u00a0\u00a0\u00a0\u00a0\u00a0\u00a0\u00a0\u00a0\u00a0\u00a0\u00a0\u00a0\u00a0\u00a0\u00a0\u00a0\u00a0 \u00a0\u00a0\u00a0\u00a0\u00a0\u00a0 zusjanacikkera@gmail.com Telef\u00f3n:\u00a0\u00a0\u00a0\u00a0\u00a0\u00a0\u00a0\u00a0\u00a0\u00a0\u00a0\u00a0\u00a0\u00a0\u00a0\u00a0\u00a0\u00a0\u00a0\u00a0\u00a0\u00a0\u00a0+42148 285 80 31\u00a0 \u00a0 \u00a0 \u00a0 \u00a0 \u00a0 Z\u00e1kladn\u00e1 umeleck\u00e1 \u0161kola J\u00e1na&hellip;&nbsp;<a href=\"https:\/\/www.zusjcbb.sk\/?page_id=3682\" class=\"\" rel=\"bookmark\">\u010c\u00edta\u0165 viac &raquo;<span class=\"screen-reader-text\">Verejn\u00e9 obstar\u00e1vanie<\/span><\/a><\/p>\n","protected":false},"author":2,"featured_media":0,"parent":37,"menu_order":0,"comment_status":"closed","ping_status":"closed","template":"","meta":{"neve_meta_sidebar":"","neve_meta_container":"","neve_meta_enable_content_width":"","neve_meta_content_width":0,"neve_meta_title_alignment":"","neve_meta_author_avatar":"","neve_post_elements_order":"","neve_meta_disable_header":"","neve_meta_disable_footer":"","neve_meta_disable_title":""},"_links":{"self":[{"href":"https:\/\/www.zusjcbb.sk\/index.php?rest_route=\/wp\/v2\/pages\/3682"}],"collection":[{"href":"https:\/\/www.zusjcbb.sk\/index.php?rest_route=\/wp\/v2\/pages"}],"about":[{"href":"https:\/\/www.zusjcbb.sk\/index.php?rest_route=\/wp\/v2\/types\/page"}],"author":[{"embeddable":true,"href":"https:\/\/www.zusjcbb.sk\/index.php?rest_route=\/wp\/v2\/users\/2"}],"replies":[{"embeddable":true,"href":"https:\/\/www.zusjcbb.sk\/index.php?rest_route=%2Fwp%2Fv2%2Fcomments&post=3682"}],"version-history":[{"count":15,"href":"https:\/\/www.zusjcbb.sk\/index.php?rest_route=\/wp\/v2\/pages\/3682\/revisions"}],"predecessor-version":[{"id":11308,"href":"https:\/\/www.zusjcbb.sk\/index.php?rest_route=\/wp\/v2\/pages\/3682\/revisions\/11308"}],"up":[{"embeddable":true,"href":"https:\/\/www.zusjcbb.sk\/index.php?rest_route=\/wp\/v2\/pages\/37"}],"wp:attachment":[{"href":"https:\/\/www.zusjcbb.sk\/index.php?rest_route=%2Fwp%2Fv2%2Fmedia&parent=3682"}],"curies":[{"name":"wp","href":"https:\/\/api.w.org\/{rel}","templated":true}]}}