{"id":37,"date":"2011-08-05T18:26:06","date_gmt":"2011-08-05T18:26:06","guid":{"rendered":"http:\/\/www.zusjcbb.php5.sk\/?page_id=37"},"modified":"2026-05-12T18:00:07","modified_gmt":"2026-05-12T16:00:07","slug":"dokumenty","status":"publish","type":"page","link":"https:\/\/www.zusjcbb.sk\/?page_id=37","title":{"rendered":"Dokumenty"},"content":{"rendered":"<p><\/p>\n\n\n<\/p><p>\n\n\n<p>\u00a0<\/p>\n<p><span style=\"color: #000080;\"><strong>Tla\u010divo na darovanie 2% z dane z pr\u00edjmu<\/strong><\/span><\/p>\n<p><a style=\"color: #000080;\" href=\"https:\/\/www.zusjcbb.sk\/wp-content\/uploads\/2022\/03\/OZ-RZ-pri-ZUS-JC-2022.pdf\"><strong>Ob\u010dianske zdru\u017eenie rodi\u010dovsk\u00e9ho zdru\u017eenia pri ZU\u0160 J\u00e1na Cikkera v BB <\/strong><\/a><\/p>\n<p style=\"text-align: center;\">*<\/p>\n<p><span style=\"color: #003366;\"><a style=\"color: #003366;\" href=\"https:\/\/www.zusjcbb.sk\/wp-content\/uploads\/2025\/11\/Sprava-o-VVC-ZUS-JC-2024-25.pdf\"><strong>Spr\u00e1va o v\u00fdchovno &#8211;<\/strong><strong>vzdel\u00e1vacej <\/strong><strong>\u010dinnosti 2024\/2025<\/strong><\/a><\/span><\/p>\n<p style=\"text-align: center;\">***<\/p>\n<h5><strong><span style=\"color: #000080;\"><a style=\"color: #000080;\" href=\"https:\/\/www.zusjcbb.sk\/wp-content\/uploads\/2026\/04\/SkVP-ZUS-Jana-Cikkera-2025-26.pdf\">\u0160kolsk\u00fd vzdel\u00e1vac\u00ed program ZU\u0160 J\u00e1na Cikkera 2025\/2026<\/a><\/span><\/strong><\/h5>\n<p style=\"text-align: center;\">***<\/p>\n<h5><span style=\"color: #000080;\"><a style=\"color: #000080;\" href=\"https:\/\/www.zusjcbb.sk\/wp-content\/uploads\/2026\/05\/Skolsky-poriadok-ZUS-JC.pdf\"><strong>\u0160kolsk\u00fd poriadok<\/strong><\/a><\/span><\/h5>\n<p style=\"text-align: center;\">***<\/p>\n<p><span style=\"color: #000080;\"><strong>Z\u00e1pisnice:<\/strong><\/span><\/p>\n<ul>\n<li><span style=\"color: #000080;\"><strong>pedagogick\u00e1 porada<span style=\"color: #000080;\">: <a style=\"color: #000080;\" href=\"https:\/\/www.zusjcbb.sk\/wp-content\/uploads\/2026\/04\/Zapis-z-pedagogickej-porady-25.-august-2025.pdf\">25.8.2025<\/a>, <a style=\"color: #000080;\" href=\"https:\/\/www.zusjcbb.sk\/wp-content\/uploads\/2026\/04\/Zapis-z-klasifikacnej-porady-22.-januar-2026.pdf\">klasifika\u010dn\u00e1 22.1.2026<\/a><\/span><\/strong><\/span><\/li>\n<li><span style=\"color: #000080;\"><strong>umeleck\u00e1 rada: <span style=\"color: #000080;\"><a style=\"color: #000080;\" href=\"https:\/\/www.zusjcbb.sk\/wp-content\/uploads\/2026\/05\/Zapisnica-UR-22.4.2026.pdf\">22.4.2026<\/a>,<\/span>\u00a0<\/strong><\/span><\/li>\n<li><span style=\"color: #000080;\"><strong>PK: <span style=\"color: #000080;\"><a style=\"color: #000080;\" href=\"https:\/\/www.zusjcbb.sk\/wp-content\/uploads\/2026\/05\/LDO-Zapisnica-z-PK-3-2025-26-1.pdf\">1<\/a>, <a style=\"color: #000080;\" href=\"https:\/\/www.zusjcbb.sk\/wp-content\/uploads\/2026\/05\/LDO-Zapisnica-z-PK1-2025-26-1.pdf\">2<\/a>, <a style=\"color: #000080;\" href=\"https:\/\/www.zusjcbb.sk\/wp-content\/uploads\/2026\/05\/LDO-Zapisnica-z-PK2-2025-26-1.pdf\">3<\/a>, <a style=\"color: #000080;\" href=\"https:\/\/www.zusjcbb.sk\/wp-content\/uploads\/2026\/05\/SO-Zapisnica-PK-18.12.2025.pdf\">4<\/a>, <a style=\"color: #000080;\" href=\"https:\/\/www.zusjcbb.sk\/wp-content\/uploads\/2026\/05\/SO-Zapisnica-PK-25.9.2025.pdf\">5<\/a>, <a style=\"color: #000080;\" href=\"https:\/\/www.zusjcbb.sk\/wp-content\/uploads\/2026\/05\/SO-Zapisnica-PK-27.8.2025.pdf\">6<\/a>, <a style=\"color: #000080;\" href=\"https:\/\/www.zusjcbb.sk\/wp-content\/uploads\/2026\/05\/TO-Zapisnica-zo-zasadnutia-PK-26.11.2025.pdf\">7<\/a>, <a style=\"color: #000080;\" href=\"https:\/\/www.zusjcbb.sk\/wp-content\/uploads\/2026\/05\/TO-Zapisnica-zo-zasadnutia-PK-TO-8.10.2025.pdf\">8<\/a>, <a style=\"color: #000080;\" href=\"https:\/\/www.zusjcbb.sk\/wp-content\/uploads\/2026\/05\/TO-Zapisnica-zo-zasadnutia-PK-TO-27.8.2025.pdf\">9<\/a>, <a style=\"color: #000080;\" href=\"https:\/\/www.zusjcbb.sk\/wp-content\/uploads\/2026\/05\/Zapisnica-VO-9.9.2025.pdf\">10<\/a>, <a style=\"color: #000080;\" href=\"https:\/\/www.zusjcbb.sk\/wp-content\/uploads\/2026\/05\/Zapisnica-VO-22.1.2026.pdf\">11<\/a>, <a style=\"color: #000080;\" href=\"https:\/\/www.zusjcbb.sk\/wp-content\/uploads\/2026\/05\/Zapisnica-VO-28.11.2025.pdf\">12<\/a><\/span><\/strong><\/span><\/li>\n<\/ul>\n<p style=\"text-align: center;\"><span style=\"color: #808080;\">***<\/span><\/p>\n<h4><span style=\"color: #000080;\"><a style=\"color: #000080;\" href=\"https:\/\/www.zusjcbb.sk\/wp-content\/uploads\/2024\/04\/Zodpovednosz-za-neoznamenie-trestneho-cinu.pdf\"><strong>Zodpovednos\u0165 za neozn\u00e1menie a neprekazenie trestn\u00e9ho \u010dinu<\/strong><\/a><\/span><\/h4>\n<p style=\"text-align: center;\">***<\/p>\n<h4><a style=\"color: #000080;\" href=\"https:\/\/www.zusjcbb.sk\/wp-content\/uploads\/2023\/11\/Zasady-podavania_preverovania-a-evidovania-oznameni-tykajucich-sa-protispolocenskej-cinnosti.pdf\"><strong>Z\u00e1sady pod\u00e1vania podnetov protispolo\u010denskej \u010dinnosti<\/strong><\/a><\/h4>\n<p style=\"text-align: center;\">*<\/p>\n<h4><span style=\"color: #000080;\"><strong><a style=\"color: #000080;\" href=\"https:\/\/www.zusjcbb.sk\/wp-content\/uploads\/2025\/11\/Ochrana-verejneho-zdravia-a-znizenie-dopadov-koronavirusovej-pandemie-v-MFO-Banska-Bystrica.pdf\">Ochrana verejn\u00e9ho zdravia a zn\u00ed\u017eenie dopadov koronav\u00edrusovej pand\u00e9mie v MFO Bansk\u00e1 Bystrica<\/a><\/strong><\/span><\/h4>\n<p style=\"text-align: center;\">*<\/p>\n<h4><strong><a style=\"color: #000080;\" href=\"https:\/\/www.zusjcbb.sk\/?page_id=3682\">Verejn\u00e9 obstar\u00e1vanie<\/a><\/strong><\/h4>\n<p style=\"text-align: center;\">*<\/p>\n<h4><span style=\"color: #000080;\"><strong>Zmluvy | Fakt\u00fary | Objedn\u00e1vky<\/strong><\/span><\/h4>\n<p>Zverej\u0148ovanie zml\u00fav, objedn\u00e1vok a\u00a0fakt\u00far v\u00a0zmysle z\u00e1kona 211\/2000 Z. z. o\u00a0slobodnom pr\u00edstupe k\u00a0inform\u00e1ci\u00e1m a\u00a0o\u00a0zmene a\u00a0doplnen\u00ed niektor\u00fdch z\u00e1konov v\u00a0znen\u00ed neskor\u0161\u00edch predpisov.<\/p>\n<h2>2026<\/h2>\n<p><a href=\"https:\/\/www.zusjcbb.sk\/?page_id=14142\"><strong>2026 Zmluvy<\/strong><\/a><\/p>\n<p><a href=\"https:\/\/www.zusjcbb.sk\/?page_id=14145\"><strong>2026 Objedn\u00e1vky<\/strong><\/a><\/p>\n<p><a href=\"https:\/\/www.zusjcbb.sk\/?page_id=14148\"><strong>2026 Fakt\u00fary<\/strong><\/a><\/p>\n<h2>2025<\/h2>\n<p><a href=\"https:\/\/www.zusjcbb.sk\/?page_id=12746\"><strong>2025 Zmluvy<\/strong><\/a><\/p>\n<p><a href=\"https:\/\/www.zusjcbb.sk\/?page_id=12749\"><strong>2025 Objedn\u00e1vky<\/strong><\/a><\/p>\n<p><a href=\"https:\/\/www.zusjcbb.sk\/?page_id=12752\"><strong>2025 Fakt\u00fary<\/strong><\/a><\/p>\n<h2>2024<\/h2>\n<p><a href=\"https:\/\/www.zusjcbb.sk\/?page_id=11288\"><strong>2024 Zmluvy<\/strong><\/a><\/p>\n<p><a href=\"https:\/\/www.zusjcbb.sk\/?page_id=11291\"><strong>2024 Objedn\u00e1vky<\/strong><\/a><\/p>\n<p><a href=\"https:\/\/www.zusjcbb.sk\/?page_id=11294\"><strong>2024 Fakt\u00fary<\/strong><\/a><\/p>\n<h2>2023<\/h2>\n<p><a href=\"https:\/\/www.zusjcbb.sk\/?page_id=9955\"><strong>2023 Zmluvy<\/strong><\/a><\/p>\n<p><a href=\"https:\/\/www.zusjcbb.sk\/?page_id=9961\"><strong>2023 Objedn\u00e1vky<\/strong><\/a><\/p>\n<p><a href=\"https:\/\/www.zusjcbb.sk\/?page_id=9958\"><strong>2023 Fakt\u00fary<\/strong><\/a><\/p>\n<h2>2022<\/h2>\n<p><strong><a href=\"https:\/\/www.zusjcbb.sk\/?page_id=9257\">2022 Zmluvy<\/a><\/strong><\/p>\n<p><strong><a href=\"https:\/\/www.zusjcbb.sk\/?page_id=9260\">2022 Objedn\u00e1vky<\/a><\/strong><\/p>\n<p><strong><a href=\"https:\/\/www.zusjcbb.sk\/?page_id=9264\">2022 Fakt\u00fary<\/a><\/strong><\/p>\n<h2>2021<\/h2>\n<p><strong><a href=\"https:\/\/www.zusjcbb.sk\/?page_id=8027\">2021 Zmluvy<\/a><\/strong><\/p>\n<p><strong><a href=\"https:\/\/www.zusjcbb.sk\/?page_id=8030\">2021 Objedn\u00e1vky<\/a><\/strong><\/p>\n<p><strong><a href=\"https:\/\/www.zusjcbb.sk\/?page_id=8033\">2021 Fakt\u00fary<\/a><\/strong><\/p>\n<h2>2020<\/h2>\n<p><a href=\"https:\/\/www.zusjcbb.sk\/?page_id=7444\"><strong>2020 Zmluvy<\/strong><\/a><\/p>\n<p><a href=\"https:\/\/www.zusjcbb.sk\/?page_id=7450\"><strong>2020 Objedn\u00e1vky<\/strong><\/a><\/p>\n<p><a href=\"https:\/\/www.zusjcbb.sk\/?page_id=7447\"><strong>2020 Fakt\u00fary<\/strong><\/a><\/p>\n<h2>2019<\/h2>\n<p><a href=\"https:\/\/www.zusjcbb.sk\/?page_id=5583\"><strong>2019 Zmluvy<\/strong><\/a><\/p>\n<p><a href=\"https:\/\/www.zusjcbb.sk\/?page_id=5587\"><strong>2019 Objedn\u00e1vky<\/strong><\/a><\/p>\n<p><strong><a href=\"https:\/\/www.zusjcbb.sk\/?page_id=5565\">2019 Fakt\u00fary<\/a><\/strong><\/p>\n<h2>\u00a02018<\/h2>\n<p><strong><a href=\"https:\/\/www.zusjcbb.sk\/?page_id=4491\">2018 Zmluvy<\/a><\/strong><\/p>\n<p><strong><a href=\"https:\/\/www.zusjcbb.sk\/?page_id=4496\">2018 Objedn\u00e1vky<\/a><\/strong><\/p>\n<p><strong><a href=\"https:\/\/www.zusjcbb.sk\/?page_id=4499\">2018 Fakt\u00fary<\/a><\/strong><\/p>\n<h2>\u00a02017<\/h2>\n<p><strong><a href=\"https:\/\/www.zusjcbb.sk\/?page_id=3616\">2017 Zmluvy<\/a><\/strong><\/p>\n<p><strong><a href=\"https:\/\/www.zusjcbb.sk\/?page_id=3617\">2017 Objedn\u00e1vky<\/a><\/strong><\/p>\n<p><strong><a href=\"https:\/\/www.zusjcbb.sk\/?page_id=3624\">2017 Fakt\u00fary<\/a><\/strong><\/p>\n<h2><strong>\u00a0<\/strong>2016<\/h2>\n<p><strong><a href=\"https:\/\/www.zusjcbb.sk\/?page_id=2575\">2016 Zmluvy<\/a><\/strong><\/p>\n<p><strong><a href=\"https:\/\/www.zusjcbb.sk\/?page_id=2579\">2016 Objedn\u00e1vky<\/a><\/strong><\/p>\n<p><strong><a href=\"https:\/\/www.zusjcbb.sk\/?page_id=2582\">2016 Fakt\u00fary<\/a><\/strong><\/p>\n<h2>2015<\/h2>\n<p><strong><a href=\"https:\/\/www.zusjcbb.sk\/?page_id=2330\">2015 Zmluvy<\/a><\/strong><\/p>\n<p><strong><a href=\"https:\/\/www.zusjcbb.sk\/?page_id=1742\">2015 Objedn\u00e1vky<\/a><\/strong><\/p>\n<p><strong><a href=\"https:\/\/www.zusjcbb.sk\/?page_id=1747\">2015 Fakt\u00fary<\/a><\/strong><\/p>\n<h2>2014<\/h2>\n<p><strong><a href=\"https:\/\/www.zusjcbb.sk\/?page_id=1756\">2014 Zmluvy<\/a><\/strong><\/p>\n<p><strong><a href=\"https:\/\/www.zusjcbb.sk\/?page_id=1802\">2014 Objedn\u00e1vky<\/a><\/strong><\/p>\n<p><strong><a href=\"https:\/\/www.zusjcbb.sk\/?page_id=1814\">2014 Fakt\u00fary<\/a><\/strong><\/p>\n<h2>2013<\/h2>\n<p><strong><a href=\"https:\/\/www.zusjcbb.sk\/?page_id=1829\">2013 Zmluvy<\/a><\/strong><\/p>\n<p><strong><a href=\"https:\/\/www.zusjcbb.sk\/?page_id=1867\">2013 Objedn\u00e1vky<\/a><\/strong><\/p>\n<p><strong><a href=\"https:\/\/www.zusjcbb.sk\/?page_id=1882\">2013 Fakt\u00fary<\/a><\/strong><\/p>\n<h2>2012<\/h2>\n<p><strong><a href=\"https:\/\/www.zusjcbb.sk\/?page_id=1896\">2012 Zmluvy<\/a><\/strong><\/p>\n<p><strong><a href=\"https:\/\/www.zusjcbb.sk\/?page_id=1936\">2012 Objedn\u00e1vky<\/a><\/strong><\/p>\n<p><strong><a href=\"https:\/\/www.zusjcbb.sk\/?page_id=1942\">2012 Fakt\u00fary<\/a><\/strong><\/p>","protected":false},"excerpt":{"rendered":"<p>\u00a0 Tla\u010divo na darovanie 2% z dane z pr\u00edjmu Ob\u010dianske zdru\u017eenie rodi\u010dovsk\u00e9ho zdru\u017eenia pri ZU\u0160 J\u00e1na Cikkera v BB * Spr\u00e1va o v\u00fdchovno &#8211;vzdel\u00e1vacej \u010dinnosti 2024\/2025 *** \u0160kolsk\u00fd vzdel\u00e1vac\u00ed program ZU\u0160 J\u00e1na Cikkera 2025\/2026 *** \u0160kolsk\u00fd poriadok *** Z\u00e1pisnice: pedagogick\u00e1 porada: 25.8.2025, klasifika\u010dn\u00e1 22.1.2026 umeleck\u00e1 rada: 22.4.2026,\u00a0 PK: 1, 2, 3, 4, 5, 6, 7,&hellip;&nbsp;<a href=\"https:\/\/www.zusjcbb.sk\/?page_id=37\" class=\"\" rel=\"bookmark\">\u010c\u00edta\u0165 viac &raquo;<span class=\"screen-reader-text\">Dokumenty<\/span><\/a><\/p>\n","protected":false},"author":3,"featured_media":0,"parent":32,"menu_order":0,"comment_status":"closed","ping_status":"closed","template":"","meta":{"neve_meta_sidebar":"","neve_meta_container":"","neve_meta_enable_content_width":"","neve_meta_content_width":0,"neve_meta_title_alignment":"","neve_meta_author_avatar":"","neve_post_elements_order":"","neve_meta_disable_header":"","neve_meta_disable_footer":"","neve_meta_disable_title":""},"_links":{"self":[{"href":"https:\/\/www.zusjcbb.sk\/index.php?rest_route=\/wp\/v2\/pages\/37"}],"collection":[{"href":"https:\/\/www.zusjcbb.sk\/index.php?rest_route=\/wp\/v2\/pages"}],"about":[{"href":"https:\/\/www.zusjcbb.sk\/index.php?rest_route=\/wp\/v2\/types\/page"}],"author":[{"embeddable":true,"href":"https:\/\/www.zusjcbb.sk\/index.php?rest_route=\/wp\/v2\/users\/3"}],"replies":[{"embeddable":true,"href":"https:\/\/www.zusjcbb.sk\/index.php?rest_route=%2Fwp%2Fv2%2Fcomments&post=37"}],"version-history":[{"count":175,"href":"https:\/\/www.zusjcbb.sk\/index.php?rest_route=\/wp\/v2\/pages\/37\/revisions"}],"predecessor-version":[{"id":14709,"href":"https:\/\/www.zusjcbb.sk\/index.php?rest_route=\/wp\/v2\/pages\/37\/revisions\/14709"}],"up":[{"embeddable":true,"href":"https:\/\/www.zusjcbb.sk\/index.php?rest_route=\/wp\/v2\/pages\/32"}],"wp:attachment":[{"href":"https:\/\/www.zusjcbb.sk\/index.php?rest_route=%2Fwp%2Fv2%2Fmedia&parent=37"}],"curies":[{"name":"wp","href":"https:\/\/api.w.org\/{rel}","templated":true}]}}