{"id":376,"date":"2011-10-19T11:29:52","date_gmt":"2011-10-19T11:29:52","guid":{"rendered":"http:\/\/www.zusjcbb.php5.sk\/?page_id=376"},"modified":"2021-05-04T10:55:40","modified_gmt":"2021-05-04T08:55:40","slug":"prijimanie-ziaka-na-studium-v-zus-jana-cikkera","status":"publish","type":"page","link":"https:\/\/www.zusjcbb.sk\/?page_id=376","title":{"rendered":"Prij\u00edmanie \u017eiaka na \u0161t\u00fadium v ZU\u0160 J\u00e1na Cikkera"},"content":{"rendered":"<p><a href=\"http:\/\/www.izus.sk\/prihlaska_do_zus\/?zus=657\">Prihl\u00e1\u0161ka na \u0161t\u00fadium v z\u00e1kladnej umeleckej \u0161kole.<\/a><\/p>\n<p>Z\u00e1pis \u017eiakov do ZU\u0160 J\u00e1na Cikkera je v ka\u017edom \u0161kolskom roku vyhl\u00e1sen\u00fd riadite\u013eom \u0161koly pod\u013ea vyhl\u00e1\u0161ky Ministerstva \u0161kolstva SR 324\/2008 Z.z.. o z\u00e1kladn\u00fdch umeleck\u00fdch \u0161kol\u00e1ch.<\/p>\n<p>Z\u00e1ujem o vzdel\u00e1vanie v\u00a0ZU\u0160 J\u00e1na Cikkera mus\u00ed \u017eiak, alebo jeho z\u00e1konn\u00fd z\u00e1stupca potvrdi\u0165 na za\u010diatku KA\u017dD\u00c9HO nov\u00e9ho \u0161kolsk\u00e9ho roka.<\/p>\n<p>Pokia\u013e \u017eiak nepotvrd\u00ed op\u00e4tovn\u00fdm z\u00e1pisom svoj z\u00e1ujem o\u00a0v\u00fdu\u010dbu, bude vyraden\u00fd z\u00a0datab\u00e1zy \u017eiakov a\u00a0nahraden\u00fd in\u00fdm z\u00e1ujemcom.<\/p>\n<p>Nov\u00ed \u017eiaci (resp. z\u00e1konn\u00fd z\u00e1stupca \u017eiaka) prijat\u00ed na z\u00e1klade prij\u00edmac\u00edch sk\u00fa\u0161ok aj po obdr\u017ean\u00ed rozhodnutia o\u00a0prijat\u00ed na \u0161t\u00fadium, taktie\u017e musia potvrdi\u0165 n\u00e1stup die\u0165a\u0165a na \u0161t\u00fadium v\u00a0\u010dase Z\u00c1PISU do ZU\u0160 J\u00e1na Cikkera.<\/p>\n","protected":false},"excerpt":{"rendered":"<p>Prihl\u00e1\u0161ka na \u0161t\u00fadium v z\u00e1kladnej umeleckej \u0161kole. Z\u00e1pis \u017eiakov do ZU\u0160 J\u00e1na Cikkera je v ka\u017edom \u0161kolskom roku vyhl\u00e1sen\u00fd riadite\u013eom \u0161koly pod\u013ea vyhl\u00e1\u0161ky Ministerstva \u0161kolstva SR 324\/2008 Z.z.. o z\u00e1kladn\u00fdch umeleck\u00fdch \u0161kol\u00e1ch. Z\u00e1ujem o vzdel\u00e1vanie v\u00a0ZU\u0160 J\u00e1na Cikkera mus\u00ed \u017eiak, alebo jeho z\u00e1konn\u00fd z\u00e1stupca potvrdi\u0165 na za\u010diatku KA\u017dD\u00c9HO nov\u00e9ho \u0161kolsk\u00e9ho roka. Pokia\u013e \u017eiak nepotvrd\u00ed op\u00e4tovn\u00fdm&hellip;&nbsp;<a href=\"https:\/\/www.zusjcbb.sk\/?page_id=376\" class=\"\" rel=\"bookmark\">\u010c\u00edta\u0165 viac &raquo;<span class=\"screen-reader-text\">Prij\u00edmanie \u017eiaka na \u0161t\u00fadium v ZU\u0160 J\u00e1na Cikkera<\/span><\/a><\/p>\n","protected":false},"author":2,"featured_media":0,"parent":35,"menu_order":0,"comment_status":"closed","ping_status":"closed","template":"","meta":{"neve_meta_sidebar":"","neve_meta_container":"","neve_meta_enable_content_width":"","neve_meta_content_width":0,"neve_meta_title_alignment":"","neve_meta_author_avatar":"","neve_post_elements_order":"","neve_meta_disable_header":"","neve_meta_disable_footer":"","neve_meta_disable_title":""},"_links":{"self":[{"href":"https:\/\/www.zusjcbb.sk\/index.php?rest_route=\/wp\/v2\/pages\/376"}],"collection":[{"href":"https:\/\/www.zusjcbb.sk\/index.php?rest_route=\/wp\/v2\/pages"}],"about":[{"href":"https:\/\/www.zusjcbb.sk\/index.php?rest_route=\/wp\/v2\/types\/page"}],"author":[{"embeddable":true,"href":"https:\/\/www.zusjcbb.sk\/index.php?rest_route=\/wp\/v2\/users\/2"}],"replies":[{"embeddable":true,"href":"https:\/\/www.zusjcbb.sk\/index.php?rest_route=%2Fwp%2Fv2%2Fcomments&post=376"}],"version-history":[{"count":4,"href":"https:\/\/www.zusjcbb.sk\/index.php?rest_route=\/wp\/v2\/pages\/376\/revisions"}],"predecessor-version":[{"id":8611,"href":"https:\/\/www.zusjcbb.sk\/index.php?rest_route=\/wp\/v2\/pages\/376\/revisions\/8611"}],"up":[{"embeddable":true,"href":"https:\/\/www.zusjcbb.sk\/index.php?rest_route=\/wp\/v2\/pages\/35"}],"wp:attachment":[{"href":"https:\/\/www.zusjcbb.sk\/index.php?rest_route=%2Fwp%2Fv2%2Fmedia&parent=376"}],"curies":[{"name":"wp","href":"https:\/\/api.w.org\/{rel}","templated":true}]}}