{"id":39,"date":"2011-08-05T18:26:20","date_gmt":"2011-08-05T18:26:20","guid":{"rendered":"http:\/\/www.zusjcbb.php5.sk\/?page_id=39"},"modified":"2011-08-05T18:26:20","modified_gmt":"2011-08-05T18:26:20","slug":"jan-cikker","status":"publish","type":"page","link":"https:\/\/www.zusjcbb.sk\/?page_id=39","title":{"rendered":"J\u00e1n Cikker"},"content":{"rendered":"<p><a href=\"https:\/\/www.zusjcbb.sk\/wp-content\/uploads\/2011\/08\/jc1.jpg\"><img loading=\"lazy\" class=\"alignright size-full wp-image-60\" title=\"J\u00e1n Cikker\" src=\"https:\/\/www.zusjcbb.sk\/wp-content\/uploads\/2011\/08\/jc1.jpg\" alt=\"\" width=\"300\" height=\"400\" srcset=\"https:\/\/www.zusjcbb.sk\/wp-content\/uploads\/2011\/08\/jc1.jpg 300w, https:\/\/www.zusjcbb.sk\/wp-content\/uploads\/2011\/08\/jc1-225x300.jpg 225w\" sizes=\"(max-width: 300px) 100vw, 300px\" \/><\/a> Banskobystrick\u00fd rod\u00e1k \u2013 <strong>majster J\u00e1n Cikker<\/strong> \u2013 autor ve\u013ek\u00fdch hudobno-dramatick\u00fdch diel medzin\u00e1rodn\u00e9ho form\u00e1tu, vz\u00e1cny \u010dlovek s hlbok\u00fdm duchovn\u00fdm viden\u00edm sveta.<\/p>\n<p>J\u00e1n Cikker sa narodil (r.1911) a vyrastal v na\u0161om meste. Ako chlapec osirel \u2013 otec mu padol vo vojne. Vychov\u00e1vala ho jeho matka, u\u010dite\u013eka hudby. Pani M\u00e1ria Cikkerov\u00e1 p\u00f4sobila aj v tunaj\u0161ej Hudobnej \u0161kole, ktor\u00e1 sa historick\u00fdm v\u00fdvojom rozvinula do dne\u0161nej podoby Z\u00e1kladnej umeleckej \u0161koly J\u00e1na Cikkera.<\/p>\n<p>J\u00e1n Cikker u\u017e ako gymnazista komponoval a vystupoval na koncertoch ako zru\u010dn\u00fd klavirista. Po maturite (1930) sa stal <strong>\u017eiakom pra\u017esk\u00e9ho konzervat\u00f3ria<\/strong>, po jeho absolvovan\u00ed pokra\u010doval v \u0161t\u00fadiu <strong>na Majstrovskej \u0161kole u V\u00edt\u011bzslava Nov\u00e1ka<\/strong>. Prv\u00e9 v\u00fdznamn\u00e9 Cikkerove skladby \u2013 <em>Sonat\u00edna pre klav\u00edr, Symfonick\u00fd prol\u00f3g, dve sl\u00e1\u010dikov\u00e9 kvartet\u00e1, Capriccio pre ve\u013ek\u00fd orchester<\/em> \u2013 vznikli u\u017e po\u010das \u0161t\u00fadi\u00ed v Prahe. Nes\u00fa typick\u00e9 znaky jeho umenia \u2013 spojenie impresionistickej farebnosti so slovenskou melodikou a tane\u010dnos\u0165ou. Ako vynikaj\u00faci \u0161tudent dostal J\u00e1n Cikker \u0161tipendium na ro\u010dn\u00e9 \u0161t\u00fadium dirigovania vo Viedni u Felixa Weingartnera. S viedensk\u00fdm pobytom sa sp\u00e1ja vznik <em>Jarnej symf\u00f3nie<\/em>.<\/p>\n<p>Po n\u00e1vrate z Viedne sa stal J\u00e1n Cikker <strong>profesorom bratislavsk\u00e9ho konzervat\u00f3ria<\/strong>. V tomto obdob\u00ed vznikla Symfonietta (zin\u0161trumentovan\u00e1 Sonat\u00edna pre klav\u00edr), Concertino pre klav\u00edr a orchester (prv\u00fd s\u00f3lov\u00fd koncert v slovenskej hudbe), Slovensk\u00e1 suita a Selanka. Trpk\u00e9 vojnov\u00e9 roky sa sp\u00e1jaj\u00fa so vznikom kant\u00e1ty Cantus filiorum a tril\u00f3gie symfonick\u00fdch skladieb O \u017eivote (Leto, Boj, R\u00e1no).<\/p>\n<p>Po osloboden\u00ed bol J\u00e1n Cikker <strong>dramaturgom opery SND v Bratislave<\/strong> a od r.1951 vyu\u010duje kompoz\u00edciu na V\u0160MU. V jeho tvorbe dominuj\u00fa ve\u013ek\u00e9 hudobnodramatick\u00e9 kompoz\u00edcie.Nap\u00edsal 9 opier. Toto mno\u017estvo je obdivuhodn\u00e9 aj preto, \u017ee Cikker za\u010dal p\u00edsa\u0165 opery a\u017e rok pred svojou \u0161tyridsiatkou. Jeho opern\u00fdmi prvotinami boli Juro J\u00e1no\u0161\u00edk a Beg Bajazid. Tretia opera Mister Serooge (Charles Dickens) m\u00e1 zvl\u00e1\u0161tne postavenie \u2013 po\u010dn\u00fac touto operou sa stal skladate\u013e hlavn\u00fdm libretistom svojich diel, z\u00e1kladom ktor\u00fdch boli v\u00fdznamn\u00e9 diela svetovej literat\u00fary. Vrcholn\u00fdm opern\u00fdm titulom je<em> Vzkriesenie<\/em> (L.N.Tolstoj) po ktorom nasleduje &#8222;tragick\u00e1 idyla v podobe historickej melodr\u00e1my&#8220; (ako ju charakterizoval s\u00e1m autor) s n\u00e1zvom Hra o l\u00e1ske a smrti (R.Rolland), mimoriadne umelecky vyzret\u00fd Coriolan (W.Shakespeare), Rozsudok (H.Kleist), Obliehanie Bystrice, Zo \u017eivota hmyzu. Vo v\u0161etk\u00fdch opern\u00fdch dielach dramaticky silnou hudobnou re\u010dou h\u013ead\u00e1 autor odpove\u010f na z\u00e1kladn\u00e9 ot\u00e1zky zmyslu \u017eivota, ka\u017ed\u00e1 z opier je p\u00f4sobivou hudobnou dr\u00e1mou.\u00a0Medzi p\u00edsan\u00edm opier skomponoval hodnotn\u00e9 symfonick\u00e9 diela \u2013 Dramatick\u00fa fant\u00e1ziu, Vari\u00e1cie na t\u00e9mu chor\u00e1lu H.Sch\u00fctza, Orchestr\u00e1lne \u0161t\u00fadie k \u010dinohre Hommage a\u00b4Beethoven, orat\u00f3rium na b\u00e1se\u0148 M.R\u00fafusa \u00d3da na rados\u0165.<\/p>\n<p>Sumariz\u00e1cia Cikkerov\u00fdch diel, ktor\u00e9 zasahuj\u00fa takmer do v\u0161etk\u00fdch pol\u00f4h v\u00e1\u017enej hudby by vy\u017eadovala ve\u013ea priestoru. Jedno v\u0161ak maj\u00fa spolo\u010dn\u00e9. <em>Odzrkad\u013euj\u00fa bytostn\u00fd vz\u0165ah Cikkera k slovenskej \u013eudovej piesni.<\/em> Priame vyu\u017eitie \u010di cit\u00e1cia \u013eudov\u00fdch piesn\u00ed zaznieva v oper\u00e1ch, zborovej tvorbe, ale aj v klav\u00edrnych skladb\u00e1ch vo vysoko n\u00e1ro\u010dn\u00fdch umeleck\u00fdch form\u00e1ch.<\/p>\n<p>\u017divotn\u00e1 p\u00fa\u0165 majstra Cikkera sa skon\u010dila 21.decembra 1989, v \u010dase euf\u00f3rie z &#8222;Ne\u017enej revol\u00facie&#8220;. J\u00e1n Cikker bol ve\u013ek\u00fd dramatick\u00fd projektant, ktor\u00fd d\u00e1va my\u0161lienkam vzlet a vie neopakovate\u013ene vyspieva\u0165 cel\u00fa epopeju \u013eudsk\u00e9ho \u017eivota.<\/p>\n<p>V jubilejnom roku (1992) 50.v\u00fdro\u010dia existencie na\u0161ej ZU\u0160-ky dostala \u0161kola s\u00fahlas man\u017eelky J\u00e1na Cikkera pani Katar\u00edny Cikkerovej k pomenovaniu \u0161koly menom majstra Cikkera. Ministerstvo \u0161kolstva SR prepo\u017ei\u010diava \u0161kole \u010destn\u00fd n\u00e1zov <strong>Z\u00e1kladn\u00e1 umeleck\u00e1 \u0161kola J\u00e1na Cikkera.<\/strong><\/p>\n<p>Do povedomia \u0161irokej hudobnej verejnosti vst\u00fapila ZU\u0160 J\u00e1na Cikkera poriadan\u00edm <em>Detsk\u00e9ho hudobn\u00e9ho festivalu J\u00e1na Cikkera<\/em>, ktor\u00fd ka\u017edoro\u010dne pril\u00e1ka do Banskej Bystrice muzikantov z cel\u00e9ho Slovenska. Jeho s\u00fa\u010das\u0165ou je aj Detsk\u00e1 interpreta\u010dn\u00e1 s\u00fa\u0165a\u017e. T\u00fdch najlep\u0161\u00edch oce\u0148uje <em>Nad\u00e1cia J\u00e1na Cikkera<\/em>.<br \/>\nPedag\u00f3govia Z\u00e1kladnej umeleckej \u0161koly J\u00e1na Cikkera s\u00fa hrd\u00ed na to, \u017ee \u0161kola nesie superlat\u00edvmi oven\u010den\u00e9 meno majstra Cikkera. V duchu odkazu n\u00e1\u0161ho vz\u00e1cneho, skromn\u00e9ho rod\u00e1ka sa usiluj\u00fa vychov\u00e1va\u0165 umelecky vzdelan\u00fdch, tvoriv\u00fdch, vn\u00edmav\u00fdch, emocion\u00e1lne rozvinut\u00fdch \u013eud\u00ed, ktor\u00ed s\u00fa ve\u013ekou hodnotou ka\u017edej spolo\u010dnosti.<\/p>\n","protected":false},"excerpt":{"rendered":"<p>Banskobystrick\u00fd rod\u00e1k \u2013 majster J\u00e1n Cikker \u2013 autor ve\u013ek\u00fdch hudobno-dramatick\u00fdch diel medzin\u00e1rodn\u00e9ho form\u00e1tu, vz\u00e1cny \u010dlovek s hlbok\u00fdm duchovn\u00fdm viden\u00edm sveta. J\u00e1n Cikker sa narodil (r.1911) a vyrastal v na\u0161om meste. Ako chlapec osirel \u2013 otec mu padol vo vojne. Vychov\u00e1vala ho jeho matka, u\u010dite\u013eka hudby. Pani M\u00e1ria Cikkerov\u00e1 p\u00f4sobila aj v tunaj\u0161ej Hudobnej \u0161kole, ktor\u00e1&hellip;&nbsp;<a href=\"https:\/\/www.zusjcbb.sk\/?page_id=39\" class=\"\" rel=\"bookmark\">\u010c\u00edta\u0165 viac &raquo;<span class=\"screen-reader-text\">J\u00e1n Cikker<\/span><\/a><\/p>\n","protected":false},"author":2,"featured_media":0,"parent":0,"menu_order":0,"comment_status":"closed","ping_status":"closed","template":"page.php","meta":{"neve_meta_sidebar":"","neve_meta_container":"","neve_meta_enable_content_width":"","neve_meta_content_width":0,"neve_meta_title_alignment":"","neve_meta_author_avatar":"","neve_post_elements_order":"","neve_meta_disable_header":"","neve_meta_disable_footer":"","neve_meta_disable_title":""},"_links":{"self":[{"href":"https:\/\/www.zusjcbb.sk\/index.php?rest_route=\/wp\/v2\/pages\/39"}],"collection":[{"href":"https:\/\/www.zusjcbb.sk\/index.php?rest_route=\/wp\/v2\/pages"}],"about":[{"href":"https:\/\/www.zusjcbb.sk\/index.php?rest_route=\/wp\/v2\/types\/page"}],"author":[{"embeddable":true,"href":"https:\/\/www.zusjcbb.sk\/index.php?rest_route=\/wp\/v2\/users\/2"}],"replies":[{"embeddable":true,"href":"https:\/\/www.zusjcbb.sk\/index.php?rest_route=%2Fwp%2Fv2%2Fcomments&post=39"}],"version-history":[{"count":0,"href":"https:\/\/www.zusjcbb.sk\/index.php?rest_route=\/wp\/v2\/pages\/39\/revisions"}],"wp:attachment":[{"href":"https:\/\/www.zusjcbb.sk\/index.php?rest_route=%2Fwp%2Fv2%2Fmedia&parent=39"}],"curies":[{"name":"wp","href":"https:\/\/api.w.org\/{rel}","templated":true}]}}