{"id":41,"date":"2011-08-05T18:26:30","date_gmt":"2011-08-05T18:26:30","guid":{"rendered":"http:\/\/www.zusjcbb.php5.sk\/?page_id=41"},"modified":"2023-10-11T13:45:20","modified_gmt":"2023-10-11T11:45:20","slug":"kontakt","status":"publish","type":"page","link":"https:\/\/www.zusjcbb.sk\/?page_id=41","title":{"rendered":"Kontakt"},"content":{"rendered":"<p>Riadite\u013estvo<strong> a sekretari\u00e1t<\/strong><br \/>\n<iframe loading=\"lazy\" style=\"border: 0px currentColor;\" src=\"https:\/\/www.google.com\/maps\/embed?pb=!1m14!1m8!1m3!1d10526.1754325265!2d19.14921!3d48.733307!3m2!1i1024!2i768!4f13.1!3m3!1m2!1s0x0%3A0x793f6e4bf062016b!2zWsOha2xhZG7DoSBVbWVsZWNrw6EgxaBrb2xhIErDoW5hIENpa2tlcmE!5e0!3m2!1ssk!2ssk!4v1429954205263\" width=\"300\" height=\"227\" frameborder=\"0\"><\/iframe><\/p>\n<p>\u0160tef\u00e1nikovo n\u00e1bre\u017eie 6<br \/>\n974 01 Bansk\u00e1 Bystrica<\/p>\n<p><em>sekretari\u00e1t: <\/em>048\/285 80 31<\/p>\n<p><em>e-mail: sekretari\u00e1t<\/em>\u00a0<a href=\"mailto:zusjanacikkera@gmail.com\">zusjanacikkera@gmail.com<\/a><\/p>\n<p><strong>elokovan\u00e9 pracovisko Lazovn\u00e1 62<\/strong><br \/>\n<iframe loading=\"lazy\" style=\"border: 0px currentColor;\" src=\"https:\/\/www.google.com\/maps\/embed?pb=!1m18!1m12!1m3!1d2631.018258365343!2d19.14246000000001!3d48.743348000000005!2m3!1f0!2f0!3f0!3m2!1i1024!2i768!4f13.1!3m3!1m2!1s0x4715161c15ac18b5%3A0xc5e2c6f5f8cf97b2!2zWsOha2xhZG7DoSBVbWVsZWNrw6EgxaBrb2xhIEouIENpa2tlcmE!5e0!3m2!1ssk!2ssk!4v1429954568678\" width=\"300\" height=\"227\" frameborder=\"0\"><\/iframe><\/p>\n<p>Lazovn\u00e1 62<br \/>\n974 01 Bansk\u00e1 Bystrica<\/p>\n<p><em>tel.:<\/em> 048\/285 80 37<\/p>\n<p><strong>elokovan\u00e9 pracovisko Intern\u00e1tna 2<\/strong><\/p>\n<p><iframe loading=\"lazy\" style=\"border: 0px currentColor;\" src=\"https:\/\/www.google.com\/maps\/embed?pb=!1m18!1m12!1m3!1d10527.334262465563!2d19.123347999999986!3d48.72777179999999!2m3!1f0!2f0!3f0!3m2!1i1024!2i768!4f13.1!3m3!1m2!1s0x47153decba82b0d5%3A0x3ebf4acc3ad9b3d9!2zWsOha2xhZG7DoSBVbWVsZWNrw6EgxaBrb2xhIEouIENpa2tlcmE!5e0!3m2!1ssk!2ssk!4v1429954719719\" width=\"300\" height=\"227\" frameborder=\"0\"><\/iframe><\/p>\n<p>Intern\u00e1tna 2<br \/>\n974 04 Bansk\u00e1 Bystrica<\/p>\n<p><em>tel.<\/em>: 048\/285 80 32<\/p>\n<p><strong>ostan\u00e9 e-mailov\u00e9 adresy:<\/strong><\/p>\n<ul>\n<li><a href=\"mailto:kassa.zusjc@gmail.com\">kassa.zusjc@gmail.com<\/a> &#8211; riadite\u013e \u0161koly: <strong>Mgr. art. Martin Ka\u0161\u0161a, DiS. art.<\/strong><\/li>\n<li>matasaksa@gmail.com &#8211; z\u00e1stupky\u0148a riadite\u013ea \u0161koly: <strong>Mgr. Martina Saksov\u00e1, DiS. art.<\/strong> &#8211; klav\u00edrne oddelenie a organ, keyboardov\u00e9 a akorde\u00f3nov\u00e9 oddelenie, oddelenie sl\u00e1\u010dikov\u00fdch n\u00e1strojov<\/li>\n<li>maria.necesana@gmail.com &#8211; z\u00e1stupky\u0148a riadite\u013ea \u0161koly: <strong>Mgr. art. M\u00e1ria Ne\u010desan\u00e1, PhD.<\/strong> &#8211; oddelenie hudobnej n\u00e1uky, V\u00fdtvarn\u00fd odbor, Tane\u010dn\u00fd odbor a Liter\u00e1rno-dramatick\u00fd odbor<\/li>\n<li><a href=\"mailto:prievalsky@zusjcbb.sk\">prievalsky@zusjcbb.sk<\/a> &#8211;\u00a0 z\u00e1stupca riadite\u013ea \u0161koly: <strong>Mgr. art. Anton Prievalsk\u00fd<\/strong> &#8211; oddelenie dychov\u00fdch a bic\u00edch n\u00e1strojov, gitarov\u00e9 oddelenie, oddelenie s\u00f3lov\u00e9ho a zborov\u00e9ho spevu<\/li>\n<\/ul>\n","protected":false},"excerpt":{"rendered":"<p>Riadite\u013estvo a sekretari\u00e1t \u0160tef\u00e1nikovo n\u00e1bre\u017eie 6 974 01 Bansk\u00e1 Bystrica sekretari\u00e1t: 048\/285 80 31 e-mail: sekretari\u00e1t\u00a0zusjanacikkera@gmail.com elokovan\u00e9 pracovisko Lazovn\u00e1 62 Lazovn\u00e1 62 974 01 Bansk\u00e1 Bystrica tel.: 048\/285 80 37 elokovan\u00e9 pracovisko Intern\u00e1tna 2 Intern\u00e1tna 2 974 04 Bansk\u00e1 Bystrica tel.: 048\/285 80 32 ostan\u00e9 e-mailov\u00e9 adresy: kassa.zusjc@gmail.com &#8211; riadite\u013e \u0161koly: Mgr. art. Martin Ka\u0161\u0161a,&hellip;&nbsp;<a href=\"https:\/\/www.zusjcbb.sk\/?page_id=41\" class=\"\" rel=\"bookmark\">\u010c\u00edta\u0165 viac &raquo;<span class=\"screen-reader-text\">Kontakt<\/span><\/a><\/p>\n","protected":false},"author":2,"featured_media":0,"parent":0,"menu_order":0,"comment_status":"closed","ping_status":"closed","template":"","meta":{"neve_meta_sidebar":"","neve_meta_container":"","neve_meta_enable_content_width":"","neve_meta_content_width":0,"neve_meta_title_alignment":"","neve_meta_author_avatar":"","neve_post_elements_order":"","neve_meta_disable_header":"","neve_meta_disable_footer":"","neve_meta_disable_title":""},"_links":{"self":[{"href":"https:\/\/www.zusjcbb.sk\/index.php?rest_route=\/wp\/v2\/pages\/41"}],"collection":[{"href":"https:\/\/www.zusjcbb.sk\/index.php?rest_route=\/wp\/v2\/pages"}],"about":[{"href":"https:\/\/www.zusjcbb.sk\/index.php?rest_route=\/wp\/v2\/types\/page"}],"author":[{"embeddable":true,"href":"https:\/\/www.zusjcbb.sk\/index.php?rest_route=\/wp\/v2\/users\/2"}],"replies":[{"embeddable":true,"href":"https:\/\/www.zusjcbb.sk\/index.php?rest_route=%2Fwp%2Fv2%2Fcomments&post=41"}],"version-history":[{"count":32,"href":"https:\/\/www.zusjcbb.sk\/index.php?rest_route=\/wp\/v2\/pages\/41\/revisions"}],"predecessor-version":[{"id":10862,"href":"https:\/\/www.zusjcbb.sk\/index.php?rest_route=\/wp\/v2\/pages\/41\/revisions\/10862"}],"wp:attachment":[{"href":"https:\/\/www.zusjcbb.sk\/index.php?rest_route=%2Fwp%2Fv2%2Fmedia&parent=41"}],"curies":[{"name":"wp","href":"https:\/\/api.w.org\/{rel}","templated":true}]}}