{"id":4491,"date":"2018-01-16T16:02:20","date_gmt":"2018-01-16T14:02:20","guid":{"rendered":"http:\/\/www.zusjcbb.sk\/?page_id=4491"},"modified":"2019-03-27T16:46:07","modified_gmt":"2019-03-27T14:46:07","slug":"2018-zmluvy","status":"publish","type":"page","link":"https:\/\/www.zusjcbb.sk\/?page_id=4491","title":{"rendered":"2018 Zmluvy"},"content":{"rendered":"<p><\/p>\n<p><span style=\"color: rgb(128, 0, 128);\"><span style=\"text-decoration: underline;\"><span style=\"text-decoration: underline;\"><a style=\"color: rgb(128, 0, 128); text-decoration: underline;\" href=\"https:\/\/www.zusjcbb.sk\/wp-content\/uploads\/2018\/01\/ZML_zoznam_2018-7.pdf\" rel=\"\"><u>ZML_zoznam_2018<\/u><\/a><\/span><\/span><\/span><\/p>\n<p><span style=\"color: rgb(0, 0, 128);\"><a style=\"color: rgb(0, 0, 128);\" href=\"https:\/\/www.zusjcbb.sk\/wp-content\/uploads\/2018\/01\/1_Zml.-o-pedagog.-praxi-\u0161tudentov-s-UMB-B.-Bystrica.pdf\" rel=\"\">1_Zml. o pedagog. praxi \u0161tudentov s UMB B. Bystrica<\/a><\/span><\/p>\n<p><span style=\"color: rgb(0, 0, 128);\"><a style=\"color: rgb(0, 0, 128);\" href=\"https:\/\/www.zusjcbb.sk\/wp-content\/uploads\/2018\/01\/2_Dod-k-zml.-internet-telef.-Lazovna.pdf\" rel=\"\">2_Dod k zml. internet + telef. Lazovna<\/a><\/span><\/p>\n<p><span style=\"color: rgb(0, 0, 128);\"><a style=\"color: rgb(0, 0, 128);\" href=\"https:\/\/www.zusjcbb.sk\/wp-content\/uploads\/2018\/01\/3_Dod-k-zml.-T-com-internet-telef.-\u0160tef\u00e1nik.-n\u00e1br..pdf\" rel=\"\">3_Dod k zml. T-com &#8211; internet + telef. \u0160tef\u00e1nik. n\u00e1br.<\/a><\/span><\/p>\n<p><span style=\"color: rgb(0, 0, 128);\"><a style=\"color: rgb(0, 0, 128);\" href=\"https:\/\/www.zusjcbb.sk\/wp-content\/uploads\/2018\/01\/4_Dod-k-zml.-T-com-internet-telef.-Intern\u00e1tna.pdf\" rel=\"\">4_Dod k zml. T-com &#8211; internet + telef. Intern\u00e1tna<\/a><\/span><\/p>\n<p><span style=\"color: rgb(0, 0, 128);\"><a style=\"color: rgb(0, 0, 128);\" href=\"https:\/\/www.zusjcbb.sk\/wp-content\/uploads\/2018\/01\/5_Zru\u0161enie-zml.-na-mobil.-telef.-T-com.pdf\" rel=\"\">5_Zru\u0161enie zml. na mobil. telef. T-com<\/a><\/span><\/p>\n<p><span style=\"color: rgb(0, 0, 128);\"><a style=\"color: rgb(0, 0, 128);\" href=\"https:\/\/www.zusjcbb.sk\/wp-content\/uploads\/2018\/01\/6_K\u00fap.-zml.-T-com-akciv\u00fd-telef\u00f3n.pdf\" rel=\"\">6_K\u00fap. zml. T-com &#8211; akciv\u00fd telef\u00f3n<\/a><\/span><\/p>\n<p><span style=\"color: rgb(0, 0, 128);\">7<a style=\"color: rgb(0, 0, 128);\" href=\"https:\/\/www.zusjcbb.sk\/wp-content\/uploads\/2018\/01\/7_K\u00fap.-zml.-T-com-akciv\u00fd-telef\u00f3n.pdf\" rel=\"\">_K\u00fap. zml. T-com &#8211; akciv\u00fd telef\u00f3n<\/a><\/span><\/p>\n<p><span style=\"color: rgb(0, 0, 128);\"><a style=\"color: rgb(0, 0, 128);\" href=\"https:\/\/www.zusjcbb.sk\/wp-content\/uploads\/2018\/01\/8_K\u00fap.-zml.-T-com-akciv\u00fd-telef\u00f3n.pdf\" rel=\"\">8_K\u00fap. zml. T-com &#8211; akciv\u00fd telef\u00f3n<\/a><\/span><\/p>\n<p><span style=\"color: rgb(0, 0, 128);\"><a style=\"color: rgb(0, 0, 128);\" href=\"https:\/\/www.zusjcbb.sk\/wp-content\/uploads\/2018\/01\/10_dod.-4-k-zml.-o-dod.-plynu-SPP-\u0160tef\u00e1nik.n..pdf\" rel=\"\">10_dod. 4 k zml. o dod. plynu SPP \u0160tef\u00e1nik.n.<\/a><\/span><\/p>\n<p><span style=\"color: rgb(0, 0, 128);\"><a style=\"color: rgb(0, 0, 128);\" href=\"https:\/\/www.zusjcbb.sk\/wp-content\/uploads\/2018\/01\/11_dod.-4-k-zml.-o-dod.-plynu-SPP-Lazovn\u00e1.pdf\" rel=\"\">11_dod. 4 k zml. o dod. plynu SPP Lazovn\u00e1<\/a><\/span><\/p>\n<p><span style=\"color: rgb(0, 0, 128);\"><a style=\"color: rgb(0, 0, 128);\" href=\"https:\/\/www.zusjcbb.sk\/wp-content\/uploads\/2018\/01\/12_Dar.-zml.-RZ_1.pdf\" rel=\"\"><strong>12_Dar. zml. RZ_1<\/strong><\/a> <\/span><\/p>\n<p><span style=\"color: rgb(0, 0, 128);\"><a style=\"color: rgb(0, 0, 128);\" href=\"https:\/\/www.zusjcbb.sk\/wp-content\/uploads\/2018\/01\/13_Dar.-zml.-RZ_2.pdf\" rel=\"\"><strong>13_Dar. zml. RZ_2<\/strong><\/a><\/span><\/p>\n<p><a href=\"https:\/\/www.zusjcbb.sk\/wp-content\/uploads\/2018\/01\/14_Dar.-zml.-Nad\u00e1cia-J.-Cikkera.pdf\" rel=\"\">14_Dar. zml. Nad\u00e1cia J. Cikkera<\/a><\/p>\n<p><a href=\"https:\/\/www.zusjcbb.sk\/wp-content\/uploads\/2018\/01\/15_Zml.-o-sprac\u00favan\u00ed-O\u00da-IZU\u0160.pdf\" rel=\"\">15_Zml. o sprac\u00favan\u00ed O\u00da &#8211; IZU\u0160<\/a><\/p>\n<p><a href=\"https:\/\/www.zusjcbb.sk\/wp-content\/uploads\/2018\/01\/16_Zml.-o-n\u00e1jme-\u0160O-koncert-TO.pdf\" rel=\"\">16_Zml. o n\u00e1jme \u0160O &#8211; koncert TO<\/a><\/p>\n<p><a href=\"https:\/\/www.zusjcbb.sk\/wp-content\/uploads\/2018\/01\/17_Dar.-zml.-RZ_3_pre-TO.pdf\" rel=\"\">17_Dar. zml. RZ_3_pre TO<\/a><\/p>\n<p><a href=\"https:\/\/www.zusjcbb.sk\/wp-content\/uploads\/2018\/01\/18_Zml.-o-zabezpe\u010den\u00ed-OO\u00da-pod\u013ea-GDPR.pdf\" rel=\"\">18_Zml. o zabezpe\u010den\u00ed OO\u00da pod\u013ea GDPR<\/a><\/p>\n<p><a href=\"https:\/\/www.zusjcbb.sk\/wp-content\/uploads\/2018\/01\/19_Zml.-sprostredkovate\u013esk\u00e1-GDPR-HOUR-\u017dilina.pdf\" rel=\"\">19_Zml. sprostredkovate\u013esk\u00e1 GDPR &#8211; HOUR \u017dilina<\/a><\/p>\n<p><a href=\"https:\/\/www.zusjcbb.sk\/wp-content\/uploads\/2018\/01\/20_Zml.-o-n\u00e1jme-bufet-Zacharov\u00e1-\u0160tef\u00e1nikovo-n\u00e1bre\u017eie.pdf\" rel=\"\">20_Zml. o n\u00e1jme &#8211; bufet Zacharov\u00e1 &#8211; \u0160tef\u00e1nikovo n\u00e1bre\u017eie<\/a><\/p>\n<p><a href=\"https:\/\/www.zusjcbb.sk\/wp-content\/uploads\/2018\/01\/21_Zml.-o-n\u00e1jme-B\u00ednovsk\u00fd-\u0160tef\u00e1nikovo-n\u00e1bre\u017eie.pdf\" rel=\"\">21_Zml. o n\u00e1jme &#8211; B\u00ednovsk\u00fd &#8211; \u0160tef\u00e1nikovo n\u00e1bre\u017eie<\/a><\/p>\n<p><span style=\"color: rgb(128, 0, 128);\"><a href=\"https:\/\/www.zusjcbb.sk\/wp-content\/uploads\/2018\/01\/22_Zml.-o-pedagogickej-praxi-\u0161tudentov-s-UMB-Bansk\u00e1-Bystrica.pdf\" rel=\"\"><span style=\"color: rgb(0, 102, 204);\">22_Zml. o pedagogickej praxi \u0161tudentov s UMB Bansk\u00e1 Bystrica<\/span><\/a><\/span><\/p>\n<p><a href=\"https:\/\/www.zusjcbb.sk\/wp-content\/uploads\/2018\/01\/23_Zml.-o-pripojen\u00ed-Metronet-Biznis.pdf\" rel=\"\">23_Zml. o pripojen\u00ed Metronet Biznis<\/a><\/p>\n<p><span style=\"color: rgb(128, 0, 128);\"><span style=\"text-decoration: underline;\"><a href=\"https:\/\/www.zusjcbb.sk\/wp-content\/uploads\/2018\/01\/24_Dodatok-\u010d.1-k-Zmluve-\u010d.1-2018-o-n\u00e1jme-Bufet-Zacharov\u00e1.pdf\" rel=\"\"><span style=\"color: rgb(0, 102, 204);\">24_Dodatok \u010d.1 k Zmluve \u010d.1-2018 o n\u00e1jme &#8211; Bufet Zacharov\u00e1<\/span><\/a><\/span><\/span><\/p>\n<p><span style=\"color: rgb(128, 0, 128);\"><span style=\"text-decoration: underline;\"><a href=\"https:\/\/www.zusjcbb.sk\/wp-content\/uploads\/2018\/01\/25_Poistn\u00e1-zmluva-\u010d.3930165288-Kooperativa-27.9.2018.pdf\" rel=\"\"><span style=\"color: rgb(0, 102, 204);\">25_Poistn\u00e1 zmluva \u010d.3930165288 Kooperativa 27.9.2018<\/span><\/a><\/span><\/span><\/p>\n<p><a href=\"https:\/\/www.zusjcbb.sk\/wp-content\/uploads\/2018\/01\/26_Dod.-6-k-zml.18_2012-Amicomp-servis-kop.-stroja-\u0160tef..pdf\" rel=\"\">26_Dod. 6 k zml.18_2012 Amicomp- servis kop. stroja \u0160tef.<\/a><\/p>\n<p><span style=\"color: rgb(128, 0, 128);\"><span style=\"text-decoration: underline;\"><a href=\"https:\/\/www.zusjcbb.sk\/wp-content\/uploads\/2018\/01\/27_Dod.-6-k-zml.19_2012-Amicomp-servis-kop.-stroja-Lazovn\u00e1.pdf\" rel=\"\"><span style=\"color: rgb(0, 102, 204);\">27_Dod. 6 k zml.19_2012 Amicomp- servis kop. stroja Lazovn\u00e1<\/span><\/a><\/span><\/span><\/p>\n<p><a href=\"https:\/\/www.zusjcbb.sk\/wp-content\/uploads\/2018\/01\/28_Dod.-6-k-zml.20_2012-Amicomp-servis-kop.-stroja-Intern\u00e1tna.pdf\" rel=\"\">28_Dod. 6 k zml.20_2012 Amicomp- servis kop. stroja Intern\u00e1tna<\/a><\/p>\n<p><a href=\"https:\/\/www.zusjcbb.sk\/wp-content\/uploads\/2018\/01\/29_Poistn\u00e1-zmluva-\u010d.3930169304-Kooperativa-26.10.2018.pdf\" rel=\"\">29_Poistn\u00e1 zmluva \u010d.3930169304 Kooperativa 26.10.2018<\/a><\/p>\n<p><span style=\"color: rgb(128, 0, 128);\"><span style=\"text-decoration: underline;\"><a href=\"https:\/\/www.zusjcbb.sk\/wp-content\/uploads\/2018\/01\/30_Poistn\u00e1-zmluva-\u010d.4619008192-Hromadn\u00e9-cestovn\u00e9-a-\u00farazov\u00e9-poistenie-\u017eiakov-a-pedag\u00f3gov-ZU\u0160-1.11.2018-31.10.2019.pdf\" rel=\"\"><span style=\"color: rgb(0, 102, 204);\">30_Poistn\u00e1 zmluva \u010d.4619008192 &#8211; Hromadn\u00e9 cestovn\u00e9 a \u00farazov\u00e9 poistenie \u017eiakov a pedag\u00f3gov ZU\u0160 1.11.2018-31.10.2019<\/span><\/a><\/span><\/span><\/p>\n\n\n<div class=\"wp-block-file\"><a href=\"https:\/\/www.zusjcbb.sk\/wp-content\/uploads\/2019\/01\/31_Dodatok-\u010d.2_2018-ku-Kolekt\u00edvnej-zmluve-na-rok-2018-zv\u00fd\u0161enie-hodnoty-stravovac\u00edch-pouk\u00e1\u017eok.pdf\">31_Dodatok \u010d.2_2018 ku Kolekt\u00edvnej zmluve na rok 2018 &#8211; zv\u00fd\u0161enie hodnoty stravovac\u00edch pouk\u00e1\u017eok<\/a><a href=\"https:\/\/www.zusjcbb.sk\/wp-content\/uploads\/2019\/01\/31_Dodatok-\u010d.2_2018-ku-Kolekt\u00edvnej-zmluve-na-rok-2018-zv\u00fd\u0161enie-hodnoty-stravovac\u00edch-pouk\u00e1\u017eok.pdf\" class=\"wp-block-file__button\" download>Download<\/a><\/div>\n\n\n\n<div class=\"wp-block-file\"><a href=\"https:\/\/www.zusjcbb.sk\/wp-content\/uploads\/2019\/01\/32_-Darovacia-zmluva-\u010d.4-2018-Rodi\u010dovsk\u00e9-zdru\u017eenie-pri-Z\u00e1klad.pdf\">32_ Darovacia zmluva \u010d.4-2018 &#8211; Rodi\u010dovsk\u00e9 zdru\u017eenie pri Z\u00e1klad<\/a><a href=\"https:\/\/www.zusjcbb.sk\/wp-content\/uploads\/2019\/01\/32_-Darovacia-zmluva-\u010d.4-2018-Rodi\u010dovsk\u00e9-zdru\u017eenie-pri-Z\u00e1klad.pdf\" class=\"wp-block-file__button\" download>Download<\/a><\/div>\n\n\n\n<div class=\"wp-block-file\"><a href=\"https:\/\/www.zusjcbb.sk\/wp-content\/uploads\/2019\/01\/33_Zmluva-o-dielo-KOMPAS-BB-vstavan\u00e9-skrine.pdf\">33_Zmluva o dielo &#8211; KOMPAS BB &#8211; vstavan\u00e9 skrine<\/a><a href=\"https:\/\/www.zusjcbb.sk\/wp-content\/uploads\/2019\/01\/33_Zmluva-o-dielo-KOMPAS-BB-vstavan\u00e9-skrine.pdf\" class=\"wp-block-file__button\" download>Download<\/a><\/div>\n\n\n\n<div class=\"wp-block-file\"><a href=\"https:\/\/www.zusjcbb.sk\/wp-content\/uploads\/2019\/01\/34_Zmluva-\u010d.-3_2018-o-n\u00e1jme-nebytov\u00fdch-priestorov-s-Verejnou-kni\u017e.-MK.pdf\">34_Zmluva \u010d. 3_2018 o n\u00e1jme nebytov\u00fdch priestorov s Verejnou kni\u017e. MK<\/a><a href=\"https:\/\/www.zusjcbb.sk\/wp-content\/uploads\/2019\/01\/34_Zmluva-\u010d.-3_2018-o-n\u00e1jme-nebytov\u00fdch-priestorov-s-Verejnou-kni\u017e.-MK.pdf\" class=\"wp-block-file__button\" download>Download<\/a><\/div>\n\n\n\n<div class=\"wp-block-file\"><a href=\"https:\/\/www.zusjcbb.sk\/wp-content\/uploads\/2019\/01\/35_Servisno-materi\u00e1lna-zmluva-24_2018-servis-kop\u00edrovacieho-stroja-Minolta-Bizhub-364e.pdf\">35_Servisno-materi\u00e1lna zmluva 24_2018 &#8211; servis kop\u00edrovacieho stroja Minolta Bizhub 364e<\/a><a href=\"https:\/\/www.zusjcbb.sk\/wp-content\/uploads\/2019\/01\/35_Servisno-materi\u00e1lna-zmluva-24_2018-servis-kop\u00edrovacieho-stroja-Minolta-Bizhub-364e.pdf\" class=\"wp-block-file__button\" download>Download<\/a><\/div>\n\n\n\n<div class=\"wp-block-file\"><a href=\"https:\/\/www.zusjcbb.sk\/wp-content\/uploads\/2019\/01\/36_Pr\u00edkazn\u00e1-zmluva-Rudolf-Kucka-oprava-\u0161ijac\u00edch-strojov.pdf\">36_Pr\u00edkazn\u00e1 zmluva &#8211; Rudolf Kucka &#8211; oprava \u0161ijac\u00edch strojov<\/a><a href=\"https:\/\/www.zusjcbb.sk\/wp-content\/uploads\/2019\/01\/36_Pr\u00edkazn\u00e1-zmluva-Rudolf-Kucka-oprava-\u0161ijac\u00edch-strojov.pdf\" class=\"wp-block-file__button\" download>Download<\/a><\/div>\n\n\n\n<div class=\"wp-block-file\"><a href=\"https:\/\/www.zusjcbb.sk\/wp-content\/uploads\/2019\/01\/37_Dodatok-\u010d.7-k-zml.-23_2012-Amicomp-servis-kop.-stroja-\u0160tef.pdf\">37_Dodatok \u010d.7 k zml. 23_2012 Amicomp &#8211; servis kop. stroja \u0160tef<\/a><a href=\"https:\/\/www.zusjcbb.sk\/wp-content\/uploads\/2019\/01\/37_Dodatok-\u010d.7-k-zml.-23_2012-Amicomp-servis-kop.-stroja-\u0160tef.pdf\" class=\"wp-block-file__button\" download>Download<\/a><\/div>\n\n\n\n<div class=\"wp-block-file\"><a href=\"https:\/\/www.zusjcbb.sk\/wp-content\/uploads\/2019\/01\/38_Zmluva-o-poskytnut\u00ed-spr\u00e1vcovstva-servisu-na-po\u010d\u00edta\u010dov\u00e9-zostavy-Elis-s.r.o.-1.pdf\">38_Zmluva o poskytnut\u00ed spr\u00e1vcovstva, servisu na po\u010d\u00edta\u010dov\u00e9 zostavy &#8211; Elis s.r.o.<\/a><a href=\"https:\/\/www.zusjcbb.sk\/wp-content\/uploads\/2019\/01\/38_Zmluva-o-poskytnut\u00ed-spr\u00e1vcovstva-servisu-na-po\u010d\u00edta\u010dov\u00e9-zostavy-Elis-s.r.o.-1.pdf\" class=\"wp-block-file__button\" download>Download<\/a><\/div>\n\n\n\n<div class=\"wp-block-file\"><a href=\"https:\/\/www.zusjcbb.sk\/wp-content\/uploads\/2019\/02\/39_Zml.-o-n\u00e1jme-nebytov\u00fdch-priestorov-euroAWK.pdf\">39_Zml. o n\u00e1jme nebytov\u00fdch priestorov euroAWK<\/a><a href=\"https:\/\/www.zusjcbb.sk\/wp-content\/uploads\/2019\/02\/39_Zml.-o-n\u00e1jme-nebytov\u00fdch-priestorov-euroAWK.pdf\" class=\"wp-block-file__button\" download>Download<\/a><\/div>\n\n\n\n<div class=\"wp-block-file\"><a href=\"https:\/\/www.zusjcbb.sk\/wp-content\/uploads\/2019\/03\/40_Kolekt\u00edvna-zmluva-na-rok-2019-2020.pdf\">40_Kolekt\u00edvna zmluva na rok 2019, 2020<\/a><a href=\"https:\/\/www.zusjcbb.sk\/wp-content\/uploads\/2019\/03\/40_Kolekt\u00edvna-zmluva-na-rok-2019-2020.pdf\" class=\"wp-block-file__button\" download>Stiahnu\u0165<\/a><\/div>\n\n\n\n<div class=\"wp-block-file\"><a href=\"https:\/\/www.zusjcbb.sk\/wp-content\/uploads\/2019\/03\/41_Dohoda-o-tvorbe-a-\u010derpan\u00ed-soci\u00e1lneho-fondu.pdf\">41_Dohoda o tvorbe a \u010derpan\u00ed soci\u00e1lneho fondu<\/a><a href=\"https:\/\/www.zusjcbb.sk\/wp-content\/uploads\/2019\/03\/41_Dohoda-o-tvorbe-a-\u010derpan\u00ed-soci\u00e1lneho-fondu.pdf\" class=\"wp-block-file__button\" download>Stiahnu\u0165<\/a><\/div>\n","protected":false},"excerpt":{"rendered":"<p>ZML_zoznam_2018 1_Zml. o pedagog. praxi \u0161tudentov s UMB B. Bystrica 2_Dod k zml. internet + telef. Lazovna 3_Dod k zml. T-com &#8211; internet + telef. \u0160tef\u00e1nik. n\u00e1br. 4_Dod k zml. T-com &#8211; internet + telef. Intern\u00e1tna 5_Zru\u0161enie zml. na mobil. telef. T-com 6_K\u00fap. zml. T-com &#8211; akciv\u00fd telef\u00f3n 7_K\u00fap. zml. T-com &#8211; akciv\u00fd telef\u00f3n 8_K\u00fap.&hellip;&nbsp;<a href=\"https:\/\/www.zusjcbb.sk\/?page_id=4491\" class=\"\" rel=\"bookmark\">\u010c\u00edta\u0165 viac &raquo;<span class=\"screen-reader-text\">2018 Zmluvy<\/span><\/a><\/p>\n","protected":false},"author":2,"featured_media":0,"parent":37,"menu_order":0,"comment_status":"closed","ping_status":"closed","template":"","meta":{"neve_meta_sidebar":"","neve_meta_container":"","neve_meta_enable_content_width":"","neve_meta_content_width":0,"neve_meta_title_alignment":"","neve_meta_author_avatar":"","neve_post_elements_order":"","neve_meta_disable_header":"","neve_meta_disable_footer":"","neve_meta_disable_title":""},"_links":{"self":[{"href":"https:\/\/www.zusjcbb.sk\/index.php?rest_route=\/wp\/v2\/pages\/4491"}],"collection":[{"href":"https:\/\/www.zusjcbb.sk\/index.php?rest_route=\/wp\/v2\/pages"}],"about":[{"href":"https:\/\/www.zusjcbb.sk\/index.php?rest_route=\/wp\/v2\/types\/page"}],"author":[{"embeddable":true,"href":"https:\/\/www.zusjcbb.sk\/index.php?rest_route=\/wp\/v2\/users\/2"}],"replies":[{"embeddable":true,"href":"https:\/\/www.zusjcbb.sk\/index.php?rest_route=%2Fwp%2Fv2%2Fcomments&post=4491"}],"version-history":[{"count":24,"href":"https:\/\/www.zusjcbb.sk\/index.php?rest_route=\/wp\/v2\/pages\/4491\/revisions"}],"predecessor-version":[{"id":5674,"href":"https:\/\/www.zusjcbb.sk\/index.php?rest_route=\/wp\/v2\/pages\/4491\/revisions\/5674"}],"up":[{"embeddable":true,"href":"https:\/\/www.zusjcbb.sk\/index.php?rest_route=\/wp\/v2\/pages\/37"}],"wp:attachment":[{"href":"https:\/\/www.zusjcbb.sk\/index.php?rest_route=%2Fwp%2Fv2%2Fmedia&parent=4491"}],"curies":[{"name":"wp","href":"https:\/\/api.w.org\/{rel}","templated":true}]}}