{"id":4496,"date":"2018-01-16T16:03:26","date_gmt":"2018-01-16T14:03:26","guid":{"rendered":"http:\/\/www.zusjcbb.sk\/?page_id=4496"},"modified":"2019-02-11T14:59:59","modified_gmt":"2019-02-11T12:59:59","slug":"2018-objednavky","status":"publish","type":"page","link":"https:\/\/www.zusjcbb.sk\/?page_id=4496","title":{"rendered":"2018 Objedn\u00e1vky"},"content":{"rendered":"<p><a href=\"https:\/\/www.zusjcbb.sk\/wp-content\/uploads\/2018\/01\/Objedn\u00e1vky-1_2018-1.pdf\" rel=\"\">Objedn\u00e1vky 1_2018<\/a><\/p>\n<p><a href=\"https:\/\/www.zusjcbb.sk\/wp-content\/uploads\/2018\/01\/Objedn\u00e1vky-2_2018.pdf\" rel=\"\">Objedn\u00e1vky 2_2018<\/a><\/p>\n<p><a href=\"https:\/\/www.zusjcbb.sk\/wp-content\/uploads\/2018\/01\/Objedn\u00e1vky-3_2018.pdf\" rel=\"\">Objedn\u00e1vky 3_2018<\/a><\/p>\n<p><a href=\"https:\/\/www.zusjcbb.sk\/wp-content\/uploads\/2018\/01\/Objedn\u00e1vky-4_2018.pdf\" rel=\"\">Objedn\u00e1vky 4_2018<\/a><\/p>\n<p><a href=\"https:\/\/www.zusjcbb.sk\/wp-content\/uploads\/2018\/01\/Objedn\u00e1vky-5_2018.pdf\" rel=\"\">Objedn\u00e1vky 5_2018<\/a><\/p>\n<p><a href=\"https:\/\/www.zusjcbb.sk\/wp-content\/uploads\/2018\/01\/Objedn\u00e1vky-6_2018.pdf\" rel=\"\">Objedn\u00e1vky 6_2018<\/a><\/p>\n<p><a href=\"https:\/\/www.zusjcbb.sk\/wp-content\/uploads\/2018\/01\/Objedn\u00e1vky-7_2018.pdf\" rel=\"\">Objedn\u00e1vky 7_2018<\/a><\/p>\n<p><a href=\"https:\/\/www.zusjcbb.sk\/wp-content\/uploads\/2018\/01\/Objedn\u00e1vky-8_2018.pdf\" rel=\"\"><u><span style=\"color: rgb(0, 102, 204);\">Objedn\u00e1vky 8_2018<\/span><\/u><\/a><\/p>\n\n\n<div class=\"wp-block-file\"><a href=\"https:\/\/www.zusjcbb.sk\/wp-content\/uploads\/2018\/12\/Objedn\u00e1vky-9_2018.pdf\">Objedn\u00e1vky 9_2018<\/a><a href=\"https:\/\/www.zusjcbb.sk\/wp-content\/uploads\/2018\/12\/Objedn\u00e1vky-9_2018.pdf\" class=\"wp-block-file__button\" download>Download<\/a><\/div>\n\n\n\n<div class=\"wp-block-file\"><a href=\"https:\/\/www.zusjcbb.sk\/wp-content\/uploads\/2018\/12\/Objedn\u00e1vky-10_2018-1.pdf\">Objedn\u00e1vky 10_2018<\/a><a href=\"https:\/\/www.zusjcbb.sk\/wp-content\/uploads\/2018\/12\/Objedn\u00e1vky-10_2018-1.pdf\" class=\"wp-block-file__button\" download>Download<\/a><\/div>\n\n\n\n<div class=\"wp-block-file\"><a href=\"https:\/\/www.zusjcbb.sk\/wp-content\/uploads\/2019\/01\/Objedn\u00e1vky-11_2018.pdf\">Objedn\u00e1vky 11_2018<\/a><a href=\"https:\/\/www.zusjcbb.sk\/wp-content\/uploads\/2019\/01\/Objedn\u00e1vky-11_2018.pdf\" class=\"wp-block-file__button\" download>Download<\/a><\/div>\n\n\n\n<div class=\"wp-block-file\"><a href=\"https:\/\/www.zusjcbb.sk\/wp-content\/uploads\/2019\/02\/Objedn\u00e1vky-12_2018.pdf\">Objedn\u00e1vky 12_2018<\/a><a href=\"https:\/\/www.zusjcbb.sk\/wp-content\/uploads\/2019\/02\/Objedn\u00e1vky-12_2018.pdf\" class=\"wp-block-file__button\" download>Download<\/a><\/div>\n","protected":false},"excerpt":{"rendered":"<p>Objedn\u00e1vky 1_2018 Objedn\u00e1vky 2_2018 Objedn\u00e1vky 3_2018 Objedn\u00e1vky 4_2018 Objedn\u00e1vky 5_2018 Objedn\u00e1vky 6_2018 Objedn\u00e1vky 7_2018 Objedn\u00e1vky 8_2018<\/p>\n","protected":false},"author":2,"featured_media":0,"parent":37,"menu_order":0,"comment_status":"closed","ping_status":"closed","template":"","meta":{"neve_meta_sidebar":"","neve_meta_container":"","neve_meta_enable_content_width":"","neve_meta_content_width":0,"neve_meta_title_alignment":"","neve_meta_author_avatar":"","neve_post_elements_order":"","neve_meta_disable_header":"","neve_meta_disable_footer":"","neve_meta_disable_title":""},"_links":{"self":[{"href":"https:\/\/www.zusjcbb.sk\/index.php?rest_route=\/wp\/v2\/pages\/4496"}],"collection":[{"href":"https:\/\/www.zusjcbb.sk\/index.php?rest_route=\/wp\/v2\/pages"}],"about":[{"href":"https:\/\/www.zusjcbb.sk\/index.php?rest_route=\/wp\/v2\/types\/page"}],"author":[{"embeddable":true,"href":"https:\/\/www.zusjcbb.sk\/index.php?rest_route=\/wp\/v2\/users\/2"}],"replies":[{"embeddable":true,"href":"https:\/\/www.zusjcbb.sk\/index.php?rest_route=%2Fwp%2Fv2%2Fcomments&post=4496"}],"version-history":[{"count":14,"href":"https:\/\/www.zusjcbb.sk\/index.php?rest_route=\/wp\/v2\/pages\/4496\/revisions"}],"predecessor-version":[{"id":5599,"href":"https:\/\/www.zusjcbb.sk\/index.php?rest_route=\/wp\/v2\/pages\/4496\/revisions\/5599"}],"up":[{"embeddable":true,"href":"https:\/\/www.zusjcbb.sk\/index.php?rest_route=\/wp\/v2\/pages\/37"}],"wp:attachment":[{"href":"https:\/\/www.zusjcbb.sk\/index.php?rest_route=%2Fwp%2Fv2%2Fmedia&parent=4496"}],"curies":[{"name":"wp","href":"https:\/\/api.w.org\/{rel}","templated":true}]}}