{"id":4499,"date":"2018-01-16T16:04:24","date_gmt":"2018-01-16T14:04:24","guid":{"rendered":"http:\/\/www.zusjcbb.sk\/?page_id=4499"},"modified":"2019-01-23T16:08:04","modified_gmt":"2019-01-23T14:08:04","slug":"2018-faktury","status":"publish","type":"page","link":"https:\/\/www.zusjcbb.sk\/?page_id=4499","title":{"rendered":"2018 Fakt\u00fary"},"content":{"rendered":"<p><a href=\"https:\/\/www.zusjcbb.sk\/wp-content\/uploads\/2018\/01\/Fakt\u00fary-1_2018.pdf\" rel=\"\">Fakt\u00fary 1_2018<\/a><\/p>\n<p><a href=\"https:\/\/www.zusjcbb.sk\/wp-content\/uploads\/2018\/01\/Fakt\u00fary-2_2018.pdf\" rel=\"\">Fakt\u00fary 2_2018<\/a><\/p>\n<p><a href=\"https:\/\/www.zusjcbb.sk\/wp-content\/uploads\/2018\/01\/Fakt\u00fary-3_2018.pdf\" rel=\"\">Fakt\u00fary 3_2018<\/a><\/p>\n<p><a href=\"https:\/\/www.zusjcbb.sk\/wp-content\/uploads\/2018\/01\/Fakt\u00fary-4_2018.pdf\" rel=\"\">Fakt\u00fary 4_2018<\/a><\/p>\n<p><a href=\"https:\/\/www.zusjcbb.sk\/wp-content\/uploads\/2018\/01\/Fakt\u00fary-5_2018.pdf\" rel=\"\">Fakt\u00fary 5_2018<\/a><\/p>\n<p><a href=\"https:\/\/www.zusjcbb.sk\/wp-content\/uploads\/2018\/08\/Fakt\u00fary-6_2018.pdf\" rel=\"\">Fakt\u00fary 6_2018<\/a><\/p>\n<p><a href=\"https:\/\/www.zusjcbb.sk\/wp-content\/uploads\/2018\/01\/Fakt\u00fary-7_2018.pdf\" rel=\"\">Fakt\u00fary 7_2018<\/a><\/p>\n<p><a href=\"https:\/\/www.zusjcbb.sk\/wp-content\/uploads\/2018\/01\/Fakt\u00fary-8_2018.pdf\" rel=\"\"><u><span style=\"color: rgb(0, 102, 204);\">Fakt\u00fary 8_2018<\/span><\/u><\/a><\/p>\n\n\n<div class=\"wp-block-file\"><a href=\"https:\/\/www.zusjcbb.sk\/wp-content\/uploads\/2019\/01\/Fakt\u00fary-9_2018.pdf\">Fakt\u00fary 9_2018<\/a><a href=\"https:\/\/www.zusjcbb.sk\/wp-content\/uploads\/2019\/01\/Fakt\u00fary-9_2018.pdf\" class=\"wp-block-file__button\" download>Download<\/a><\/div>\n\n\n\n<div class=\"wp-block-file\"><a href=\"https:\/\/www.zusjcbb.sk\/wp-content\/uploads\/2019\/01\/Fakt\u00fary-10_2018.pdf\">Fakt\u00fary 10_2018<\/a><a href=\"https:\/\/www.zusjcbb.sk\/wp-content\/uploads\/2019\/01\/Fakt\u00fary-10_2018.pdf\" class=\"wp-block-file__button\" download>Download<\/a><\/div>\n\n\n\n<div class=\"wp-block-file\"><a href=\"https:\/\/www.zusjcbb.sk\/wp-content\/uploads\/2019\/01\/Fakt\u00fary-11_2018.pdf\">Fakt\u00fary 11_2018<\/a><a href=\"https:\/\/www.zusjcbb.sk\/wp-content\/uploads\/2019\/01\/Fakt\u00fary-11_2018.pdf\" class=\"wp-block-file__button\" download>Download<\/a><\/div>\n\n\n\n<div class=\"wp-block-file\"><a href=\"https:\/\/www.zusjcbb.sk\/wp-content\/uploads\/2019\/01\/Fakt\u00fary-12_2018.pdf\">Fakt\u00fary 12_2018<\/a><a href=\"https:\/\/www.zusjcbb.sk\/wp-content\/uploads\/2019\/01\/Fakt\u00fary-12_2018.pdf\" class=\"wp-block-file__button\" download>Download<\/a><\/div>\n","protected":false},"excerpt":{"rendered":"<p>Fakt\u00fary 1_2018 Fakt\u00fary 2_2018 Fakt\u00fary 3_2018 Fakt\u00fary 4_2018 Fakt\u00fary 5_2018 Fakt\u00fary 6_2018 Fakt\u00fary 7_2018 Fakt\u00fary 8_2018<\/p>\n","protected":false},"author":2,"featured_media":0,"parent":37,"menu_order":0,"comment_status":"closed","ping_status":"closed","template":"","meta":{"neve_meta_sidebar":"","neve_meta_container":"","neve_meta_enable_content_width":"","neve_meta_content_width":0,"neve_meta_title_alignment":"","neve_meta_author_avatar":"","neve_post_elements_order":"","neve_meta_disable_header":"","neve_meta_disable_footer":"","neve_meta_disable_title":""},"_links":{"self":[{"href":"https:\/\/www.zusjcbb.sk\/index.php?rest_route=\/wp\/v2\/pages\/4499"}],"collection":[{"href":"https:\/\/www.zusjcbb.sk\/index.php?rest_route=\/wp\/v2\/pages"}],"about":[{"href":"https:\/\/www.zusjcbb.sk\/index.php?rest_route=\/wp\/v2\/types\/page"}],"author":[{"embeddable":true,"href":"https:\/\/www.zusjcbb.sk\/index.php?rest_route=\/wp\/v2\/users\/2"}],"replies":[{"embeddable":true,"href":"https:\/\/www.zusjcbb.sk\/index.php?rest_route=%2Fwp%2Fv2%2Fcomments&post=4499"}],"version-history":[{"count":8,"href":"https:\/\/www.zusjcbb.sk\/index.php?rest_route=\/wp\/v2\/pages\/4499\/revisions"}],"predecessor-version":[{"id":5570,"href":"https:\/\/www.zusjcbb.sk\/index.php?rest_route=\/wp\/v2\/pages\/4499\/revisions\/5570"}],"up":[{"embeddable":true,"href":"https:\/\/www.zusjcbb.sk\/index.php?rest_route=\/wp\/v2\/pages\/37"}],"wp:attachment":[{"href":"https:\/\/www.zusjcbb.sk\/index.php?rest_route=%2Fwp%2Fv2%2Fmedia&parent=4499"}],"curies":[{"name":"wp","href":"https:\/\/api.w.org\/{rel}","templated":true}]}}