{"id":4709,"date":"2018-04-09T15:42:30","date_gmt":"2018-04-09T13:42:30","guid":{"rendered":"http:\/\/www.zusjcbb.sk\/?page_id=4709"},"modified":"2018-04-12T13:40:32","modified_gmt":"2018-04-12T11:40:32","slug":"galeria-malovana-zus-ka-2018","status":"publish","type":"page","link":"https:\/\/www.zusjcbb.sk\/?page_id=4709","title":{"rendered":"Gal\u00e9ria Ma\u013eovan\u00e1 ZU\u0160-ka 2018"},"content":{"rendered":"<p>&nbsp;<\/p>\n<p><a href=\"https:\/\/www.zusjcbb.sk\/?page_id=4770\">odkaz na Zlat\u00e9 p\u00e1smo 1.\u00a0a 2. kateg\u00f3ria<\/a><\/p>\n<p style=\"text-align: left;\"><a href=\"https:\/\/www.zusjcbb.sk\/?page_id=4896\">odkaz na Zlat\u00e9 p\u00e1smo 3. a 4. kateg\u00f3ria<\/a><\/p>\n<h2 style=\"text-align: center;\"><strong>Hlavn\u00e1 cena<\/strong><\/h2>\n<p><strong><strong>Al\u017ebeta Maty\u0161\u00e1kov\u00e1, 9 <\/strong><\/strong>rokov, ZU\u0160 Pie\u0161\u0165any<\/p>\n<p>Pedag\u00f3g: Jana Roj\u00edkov\u00e1<\/p>\n<p><a href=\"https:\/\/www.zusjcbb.sk\/wp-content\/uploads\/2018\/04\/MZ2018-ceny-1.jpg\" rel=\"attachment wp-att-4748\"><img loading=\"lazy\" class=\"alignnone wp-image-4748 size-full\" src=\"https:\/\/www.zusjcbb.sk\/wp-content\/uploads\/2018\/04\/MZ2018-ceny-1.jpg\" alt=\"MZ2018 ceny-1\" width=\"1500\" height=\"1012\" srcset=\"https:\/\/www.zusjcbb.sk\/wp-content\/uploads\/2018\/04\/MZ2018-ceny-1.jpg 1500w, https:\/\/www.zusjcbb.sk\/wp-content\/uploads\/2018\/04\/MZ2018-ceny-1-300x202.jpg 300w, https:\/\/www.zusjcbb.sk\/wp-content\/uploads\/2018\/04\/MZ2018-ceny-1-768x518.jpg 768w, https:\/\/www.zusjcbb.sk\/wp-content\/uploads\/2018\/04\/MZ2018-ceny-1-1024x691.jpg 1024w\" sizes=\"(max-width: 1500px) 100vw, 1500px\" \/><\/a><\/p>\n<p>&nbsp;<\/p>\n<h2 style=\"text-align: center;\"><strong><strong>Cena predsedu poroty<\/strong><\/strong><\/h2>\n<p><strong><strong>Nela Kochov\u00e1, 7 <\/strong><\/strong>rokov, ZU\u0160 Istrijsk\u00e1, Bratislava<\/p>\n<p>Pedag\u00f3g: T\u00e1\u0148a Kuzmov\u00e1<\/p>\n<p><a href=\"https:\/\/www.zusjcbb.sk\/wp-content\/uploads\/2018\/04\/MZ2018-ceny-3.jpg\" rel=\"attachment wp-att-4749\"><img loading=\"lazy\" class=\"alignnone wp-image-4749 size-full\" src=\"https:\/\/www.zusjcbb.sk\/wp-content\/uploads\/2018\/04\/MZ2018-ceny-3.jpg\" alt=\"MZ2018 ceny-3\" width=\"1500\" height=\"1044\" srcset=\"https:\/\/www.zusjcbb.sk\/wp-content\/uploads\/2018\/04\/MZ2018-ceny-3.jpg 1500w, https:\/\/www.zusjcbb.sk\/wp-content\/uploads\/2018\/04\/MZ2018-ceny-3-300x209.jpg 300w, https:\/\/www.zusjcbb.sk\/wp-content\/uploads\/2018\/04\/MZ2018-ceny-3-768x535.jpg 768w, https:\/\/www.zusjcbb.sk\/wp-content\/uploads\/2018\/04\/MZ2018-ceny-3-1024x713.jpg 1024w, https:\/\/www.zusjcbb.sk\/wp-content\/uploads\/2018\/04\/MZ2018-ceny-3-205x143.jpg 205w\" sizes=\"(max-width: 1500px) 100vw, 1500px\" \/><\/a><\/p>\n<p>&nbsp;<\/p>\n<h2 style=\"text-align: center;\"><strong><strong>Zvl\u00e1\u0161tna cena<\/strong><\/strong><\/h2>\n<p><strong><strong>Paul\u00edna Rajecov\u00e1, 10 <\/strong><\/strong>rokov, ZU\u0160 Bernol\u00e1kovo<\/p>\n<p>Pedag\u00f3g: Mgr. Em\u00edlia Steinh\u0171belov\u00e1<\/p>\n<p><a href=\"https:\/\/www.zusjcbb.sk\/wp-content\/uploads\/2018\/04\/MZ2018-ceny-5.jpg\" rel=\"attachment wp-att-4750\"><img loading=\"lazy\" class=\"alignnone wp-image-4750 size-large\" src=\"https:\/\/www.zusjcbb.sk\/wp-content\/uploads\/2018\/04\/MZ2018-ceny-5-681x1024.jpg\" alt=\"MZ2018 ceny-5\" width=\"590\" height=\"887\" srcset=\"https:\/\/www.zusjcbb.sk\/wp-content\/uploads\/2018\/04\/MZ2018-ceny-5-681x1024.jpg 681w, https:\/\/www.zusjcbb.sk\/wp-content\/uploads\/2018\/04\/MZ2018-ceny-5-200x300.jpg 200w, https:\/\/www.zusjcbb.sk\/wp-content\/uploads\/2018\/04\/MZ2018-ceny-5-768x1154.jpg 768w, https:\/\/www.zusjcbb.sk\/wp-content\/uploads\/2018\/04\/MZ2018-ceny-5.jpg 998w\" sizes=\"(max-width: 590px) 100vw, 590px\" \/><\/a><\/p>\n<p>&nbsp;<\/p>\n<p>&nbsp;<\/p>\n<h2 style=\"text-align: center;\"><strong><strong>Ceny EX AEQUE<\/strong><\/strong><\/h2>\n<p><strong><strong>Zuzana Mikl\u00e1\u0161ov\u00e1, 9 <\/strong><\/strong>rokov, SZU\u0160 Lozorno<\/p>\n<p>Pedag\u00f3g: Liana Rosinov\u00e1<\/p>\n<p><strong><strong>\u00a0<a href=\"https:\/\/www.zusjcbb.sk\/wp-content\/uploads\/2018\/04\/MZ2018-ceny-9.jpg\" rel=\"attachment wp-att-4752\"><img loading=\"lazy\" class=\"alignnone wp-image-4752 size-large\" src=\"https:\/\/www.zusjcbb.sk\/wp-content\/uploads\/2018\/04\/MZ2018-ceny-9-864x1024.jpg\" alt=\"MZ2018 ceny-9\" width=\"590\" height=\"699\" srcset=\"https:\/\/www.zusjcbb.sk\/wp-content\/uploads\/2018\/04\/MZ2018-ceny-9-864x1024.jpg 864w, https:\/\/www.zusjcbb.sk\/wp-content\/uploads\/2018\/04\/MZ2018-ceny-9-253x300.jpg 253w, https:\/\/www.zusjcbb.sk\/wp-content\/uploads\/2018\/04\/MZ2018-ceny-9-768x911.jpg 768w, https:\/\/www.zusjcbb.sk\/wp-content\/uploads\/2018\/04\/MZ2018-ceny-9.jpg 1265w\" sizes=\"(max-width: 590px) 100vw, 590px\" \/><\/a><\/strong><\/strong><\/p>\n<p><strong><strong>\u00a0<\/strong><\/strong><\/p>\n<p><strong><strong>Andrej Luk\u00e1\u010d, 13 <\/strong><\/strong>rokov, ZU\u0160 Sv\u00e4t\u00fd Jur<\/p>\n<p>Pedag\u00f3g: Mgr. Gabriela Hercegov\u00e1<\/p>\n<p><strong><strong>\u00a0<a href=\"https:\/\/www.zusjcbb.sk\/wp-content\/uploads\/2018\/04\/MZ2018-ceny-11.jpg\" rel=\"attachment wp-att-4753\"><img loading=\"lazy\" class=\"alignnone wp-image-4753 size-large\" src=\"https:\/\/www.zusjcbb.sk\/wp-content\/uploads\/2018\/04\/MZ2018-ceny-11-745x1024.jpg\" alt=\"MZ2018 ceny-11\" width=\"590\" height=\"811\" srcset=\"https:\/\/www.zusjcbb.sk\/wp-content\/uploads\/2018\/04\/MZ2018-ceny-11-745x1024.jpg 745w, https:\/\/www.zusjcbb.sk\/wp-content\/uploads\/2018\/04\/MZ2018-ceny-11-218x300.jpg 218w, https:\/\/www.zusjcbb.sk\/wp-content\/uploads\/2018\/04\/MZ2018-ceny-11-768x1056.jpg 768w, https:\/\/www.zusjcbb.sk\/wp-content\/uploads\/2018\/04\/MZ2018-ceny-11.jpg 1091w\" sizes=\"(max-width: 590px) 100vw, 590px\" \/><\/a><\/strong><\/strong><\/p>\n<p><strong><strong>\u00a0<\/strong><\/strong><\/p>\n<p><strong><strong>Al\u017ebeta Ko\u0161\u010d\u00e1kov\u00e1, 9 <\/strong><\/strong>rokov, ZU\u0160 Lendak<\/p>\n<p>Pedag\u00f3g: Milada Kotorov\u00e1<\/p>\n<p><strong><strong>\u00a0<a href=\"https:\/\/www.zusjcbb.sk\/wp-content\/uploads\/2018\/04\/MZ2018-ceny-13.jpg\" rel=\"attachment wp-att-4754\"><img loading=\"lazy\" class=\"alignnone wp-image-4754 size-large\" src=\"https:\/\/www.zusjcbb.sk\/wp-content\/uploads\/2018\/04\/MZ2018-ceny-13-722x1024.jpg\" alt=\"MZ2018 ceny-13\" width=\"590\" height=\"837\" srcset=\"https:\/\/www.zusjcbb.sk\/wp-content\/uploads\/2018\/04\/MZ2018-ceny-13-722x1024.jpg 722w, https:\/\/www.zusjcbb.sk\/wp-content\/uploads\/2018\/04\/MZ2018-ceny-13-211x300.jpg 211w, https:\/\/www.zusjcbb.sk\/wp-content\/uploads\/2018\/04\/MZ2018-ceny-13-768x1090.jpg 768w, https:\/\/www.zusjcbb.sk\/wp-content\/uploads\/2018\/04\/MZ2018-ceny-13.jpg 1057w\" sizes=\"(max-width: 590px) 100vw, 590px\" \/><\/a><\/strong><\/strong><\/p>\n<p><strong><strong>\u00a0<\/strong><\/strong><\/p>\n<p><strong><strong>J\u00falia Hud\u00e1kov\u00e1, 11 <\/strong><\/strong>rokov, ZU\u0160 K. P\u00e1div\u00e9ho, Tren\u010d\u00edn<\/p>\n<p>Pedag\u00f3g: neuveden\u00fd<\/p>\n<p><a href=\"https:\/\/www.zusjcbb.sk\/wp-content\/uploads\/2018\/04\/MZ2018-ceny-15.jpg\" rel=\"attachment wp-att-4755\"><img loading=\"lazy\" class=\"alignnone wp-image-4755 size-full\" src=\"https:\/\/www.zusjcbb.sk\/wp-content\/uploads\/2018\/04\/MZ2018-ceny-15.jpg\" alt=\"MZ2018 ceny-15\" width=\"1500\" height=\"1061\" srcset=\"https:\/\/www.zusjcbb.sk\/wp-content\/uploads\/2018\/04\/MZ2018-ceny-15.jpg 1500w, https:\/\/www.zusjcbb.sk\/wp-content\/uploads\/2018\/04\/MZ2018-ceny-15-300x212.jpg 300w, https:\/\/www.zusjcbb.sk\/wp-content\/uploads\/2018\/04\/MZ2018-ceny-15-768x543.jpg 768w, https:\/\/www.zusjcbb.sk\/wp-content\/uploads\/2018\/04\/MZ2018-ceny-15-1024x724.jpg 1024w\" sizes=\"(max-width: 1500px) 100vw, 1500px\" \/><\/a><\/p>\n<p>&nbsp;<\/p>\n<p><strong><strong>Monika Olejov\u00e1, 11 <\/strong><\/strong>rokov, ZU\u0160 Istrijsk\u00e1, Bratislava<\/p>\n<p>Pedag\u00f3g: Patr\u00edcia P\u00e1le\u0161ov\u00e1<\/p>\n<p><strong><strong>\u00a0<a href=\"https:\/\/www.zusjcbb.sk\/wp-content\/uploads\/2018\/04\/MZ2018-ceny-23.jpg\" rel=\"attachment wp-att-4759\"><img loading=\"lazy\" class=\"alignnone wp-image-4759 size-full\" src=\"https:\/\/www.zusjcbb.sk\/wp-content\/uploads\/2018\/04\/MZ2018-ceny-23.jpg\" alt=\"MZ2018 ceny-23\" width=\"1500\" height=\"1061\" srcset=\"https:\/\/www.zusjcbb.sk\/wp-content\/uploads\/2018\/04\/MZ2018-ceny-23.jpg 1500w, https:\/\/www.zusjcbb.sk\/wp-content\/uploads\/2018\/04\/MZ2018-ceny-23-300x212.jpg 300w, https:\/\/www.zusjcbb.sk\/wp-content\/uploads\/2018\/04\/MZ2018-ceny-23-768x543.jpg 768w, https:\/\/www.zusjcbb.sk\/wp-content\/uploads\/2018\/04\/MZ2018-ceny-23-1024x724.jpg 1024w\" sizes=\"(max-width: 1500px) 100vw, 1500px\" \/><\/a><\/strong><\/strong><\/p>\n<p><strong><strong>\u00a0<\/strong><\/strong><\/p>\n<p><strong><strong>Miriam Bartkov\u00e1, 16 <\/strong><\/strong>rokov, ZU\u0160 E. Sucho\u0148a, Bratislava<\/p>\n<p>Pedag\u00f3g: Mgr. Barbora Nev\u0159elov\u00e1<\/p>\n<p><a href=\"https:\/\/www.zusjcbb.sk\/wp-content\/uploads\/2018\/04\/MZ2018-ceny-19.jpg\" rel=\"attachment wp-att-4757\"><img loading=\"lazy\" class=\"alignnone wp-image-4757 size-full\" src=\"https:\/\/www.zusjcbb.sk\/wp-content\/uploads\/2018\/04\/MZ2018-ceny-19.jpg\" alt=\"MZ2018 ceny-19\" width=\"1500\" height=\"1000\" srcset=\"https:\/\/www.zusjcbb.sk\/wp-content\/uploads\/2018\/04\/MZ2018-ceny-19.jpg 1500w, https:\/\/www.zusjcbb.sk\/wp-content\/uploads\/2018\/04\/MZ2018-ceny-19-300x200.jpg 300w, https:\/\/www.zusjcbb.sk\/wp-content\/uploads\/2018\/04\/MZ2018-ceny-19-768x512.jpg 768w, https:\/\/www.zusjcbb.sk\/wp-content\/uploads\/2018\/04\/MZ2018-ceny-19-1024x683.jpg 1024w\" sizes=\"(max-width: 1500px) 100vw, 1500px\" \/><\/a><\/p>\n<p>&nbsp;<\/p>\n<p><strong><strong>Nikola Turkov\u00e1, 15 <\/strong><\/strong>rokov, ZU\u0160 \u0160. Bal\u00e1\u017ea, Nov\u00e1 Dubnica<\/p>\n<p>Pedag\u00f3g: Mgr. M\u00e1ria \u010euri\u0161ov\u00e1<\/p>\n<p><strong><strong>\u00a0<a href=\"https:\/\/www.zusjcbb.sk\/wp-content\/uploads\/2018\/04\/MZ2018-ceny-17.jpg\" rel=\"attachment wp-att-4756\"><img loading=\"lazy\" class=\"alignnone wp-image-4756 size-large\" src=\"https:\/\/www.zusjcbb.sk\/wp-content\/uploads\/2018\/04\/MZ2018-ceny-17-683x1024.jpg\" alt=\"MZ2018 ceny-17\" width=\"590\" height=\"885\" srcset=\"https:\/\/www.zusjcbb.sk\/wp-content\/uploads\/2018\/04\/MZ2018-ceny-17-683x1024.jpg 683w, https:\/\/www.zusjcbb.sk\/wp-content\/uploads\/2018\/04\/MZ2018-ceny-17-200x300.jpg 200w, https:\/\/www.zusjcbb.sk\/wp-content\/uploads\/2018\/04\/MZ2018-ceny-17-768x1152.jpg 768w, https:\/\/www.zusjcbb.sk\/wp-content\/uploads\/2018\/04\/MZ2018-ceny-17.jpg 1000w\" sizes=\"(max-width: 590px) 100vw, 590px\" \/><\/a><\/strong><\/strong><\/p>\n<p><strong><strong>\u00a0<\/strong><\/strong><\/p>\n<p><strong><strong>Dominika Badurov\u00e1, 15 <\/strong><\/strong>rokov, ZU\u0160 J\u00e1na Cikkera Bansk\u00e1 Bystrica<\/p>\n<p>Pedag\u00f3g: Mgr. Jozef\u00edna Krn\u00e1\u010dov\u00e1<\/p>\n<p><strong><strong>\u00a0<a href=\"https:\/\/www.zusjcbb.sk\/wp-content\/uploads\/2018\/04\/MZ2018-ceny-7.jpg\" rel=\"attachment wp-att-4751\"><img loading=\"lazy\" class=\"alignnone wp-image-4751 size-full\" src=\"https:\/\/www.zusjcbb.sk\/wp-content\/uploads\/2018\/04\/MZ2018-ceny-7.jpg\" alt=\"MZ2018 ceny-7\" width=\"1500\" height=\"1000\" srcset=\"https:\/\/www.zusjcbb.sk\/wp-content\/uploads\/2018\/04\/MZ2018-ceny-7.jpg 1500w, https:\/\/www.zusjcbb.sk\/wp-content\/uploads\/2018\/04\/MZ2018-ceny-7-300x200.jpg 300w, https:\/\/www.zusjcbb.sk\/wp-content\/uploads\/2018\/04\/MZ2018-ceny-7-768x512.jpg 768w, https:\/\/www.zusjcbb.sk\/wp-content\/uploads\/2018\/04\/MZ2018-ceny-7-1024x683.jpg 1024w\" sizes=\"(max-width: 1500px) 100vw, 1500px\" \/><\/a><\/strong><\/strong><\/p>\n<p><strong><strong>\u00a0<\/strong><\/strong><\/p>\n<p><strong><strong>Tamara Ferencov\u00e1, 7 <\/strong><\/strong>rokov, ZU\u0160 J\u00e1na Cikkera Bansk\u00e1 Bystrica<\/p>\n<p>Pedag\u00f3g: Mgr. Jozef\u00edna Krn\u00e1\u010dov\u00e1<\/p>\n<p><strong><strong>\u00a0<a href=\"https:\/\/www.zusjcbb.sk\/wp-content\/uploads\/2018\/04\/MZ2018-ceny-21.jpg\" rel=\"attachment wp-att-4758\"><img loading=\"lazy\" class=\"alignnone wp-image-4758 size-full\" src=\"https:\/\/www.zusjcbb.sk\/wp-content\/uploads\/2018\/04\/MZ2018-ceny-21.jpg\" alt=\"MZ2018 ceny-21\" width=\"1500\" height=\"1000\" srcset=\"https:\/\/www.zusjcbb.sk\/wp-content\/uploads\/2018\/04\/MZ2018-ceny-21.jpg 1500w, https:\/\/www.zusjcbb.sk\/wp-content\/uploads\/2018\/04\/MZ2018-ceny-21-300x200.jpg 300w, https:\/\/www.zusjcbb.sk\/wp-content\/uploads\/2018\/04\/MZ2018-ceny-21-768x512.jpg 768w, https:\/\/www.zusjcbb.sk\/wp-content\/uploads\/2018\/04\/MZ2018-ceny-21-1024x683.jpg 1024w\" sizes=\"(max-width: 1500px) 100vw, 1500px\" \/><\/a><\/strong><\/strong><\/p>\n<p><strong><strong>\u00a0<\/strong><\/strong><\/p>\n<p><strong><strong>Filip Freundenfeld, 4 <\/strong><\/strong>rokov, ZU\u0160 J\u00e1na Cikkera Bansk\u00e1 Bystrica<\/p>\n<p>Pedag\u00f3g: Mgr. Lucia Demuthov\u00e1<\/p>\n<p><strong><strong>\u00a0<a href=\"https:\/\/www.zusjcbb.sk\/wp-content\/uploads\/2018\/04\/MZ2018-ceny-27.jpg\" rel=\"attachment wp-att-4761\"><img loading=\"lazy\" class=\"alignnone wp-image-4761 size-large\" src=\"https:\/\/www.zusjcbb.sk\/wp-content\/uploads\/2018\/04\/MZ2018-ceny-27-683x1024.jpg\" alt=\"MZ2018 ceny-27\" width=\"590\" height=\"885\" srcset=\"https:\/\/www.zusjcbb.sk\/wp-content\/uploads\/2018\/04\/MZ2018-ceny-27-683x1024.jpg 683w, https:\/\/www.zusjcbb.sk\/wp-content\/uploads\/2018\/04\/MZ2018-ceny-27-200x300.jpg 200w, https:\/\/www.zusjcbb.sk\/wp-content\/uploads\/2018\/04\/MZ2018-ceny-27-768x1152.jpg 768w, https:\/\/www.zusjcbb.sk\/wp-content\/uploads\/2018\/04\/MZ2018-ceny-27.jpg 1000w\" sizes=\"(max-width: 590px) 100vw, 590px\" \/><\/a><\/strong><\/strong><\/p>\n<p><strong><strong>\u00a0<\/strong><\/strong><\/p>\n<p><strong><strong>Krist\u00edna Haarov\u00e1, 10 <\/strong><\/strong>rokov, ZU\u0160 Bernol\u00e1kovo<\/p>\n<p>Pedag\u00f3g: \u0160tef\u00e1nia \u00c1belov\u00e1, akad. mal.<\/p>\n<p><strong><strong>\u00a0<a href=\"https:\/\/www.zusjcbb.sk\/wp-content\/uploads\/2018\/04\/MZ2018-ceny-25.jpg\" rel=\"attachment wp-att-4760\"><img loading=\"lazy\" class=\"alignnone wp-image-4760 size-large\" src=\"https:\/\/www.zusjcbb.sk\/wp-content\/uploads\/2018\/04\/MZ2018-ceny-25-728x1024.jpg\" alt=\"MZ2018 ceny-25\" width=\"590\" height=\"830\" srcset=\"https:\/\/www.zusjcbb.sk\/wp-content\/uploads\/2018\/04\/MZ2018-ceny-25-728x1024.jpg 728w, https:\/\/www.zusjcbb.sk\/wp-content\/uploads\/2018\/04\/MZ2018-ceny-25-213x300.jpg 213w, https:\/\/www.zusjcbb.sk\/wp-content\/uploads\/2018\/04\/MZ2018-ceny-25-768x1080.jpg 768w, https:\/\/www.zusjcbb.sk\/wp-content\/uploads\/2018\/04\/MZ2018-ceny-25.jpg 1067w\" sizes=\"(max-width: 590px) 100vw, 590px\" \/><\/a><\/strong><\/strong><\/p>\n<p><strong><strong>\u00a0<\/strong><\/strong><\/p>\n<p><strong><strong>Vanesa Littvov\u00e1, 12 <\/strong><\/strong>rokov, ZU\u0160 Tvrdo\u0161\u00edn<\/p>\n<p>Pedag\u00f3g: Mgr. J\u00falia Ga\u0161perov\u00e1<\/p>\n<p><a href=\"https:\/\/www.zusjcbb.sk\/wp-content\/uploads\/2018\/04\/MZ2018-ceny-29.jpg\" rel=\"attachment wp-att-4762\"><img loading=\"lazy\" class=\"alignnone wp-image-4762 size-full\" src=\"https:\/\/www.zusjcbb.sk\/wp-content\/uploads\/2018\/04\/MZ2018-ceny-29.jpg\" alt=\"MZ2018 ceny-29\" width=\"1500\" height=\"1000\" srcset=\"https:\/\/www.zusjcbb.sk\/wp-content\/uploads\/2018\/04\/MZ2018-ceny-29.jpg 1500w, https:\/\/www.zusjcbb.sk\/wp-content\/uploads\/2018\/04\/MZ2018-ceny-29-300x200.jpg 300w, https:\/\/www.zusjcbb.sk\/wp-content\/uploads\/2018\/04\/MZ2018-ceny-29-768x512.jpg 768w, https:\/\/www.zusjcbb.sk\/wp-content\/uploads\/2018\/04\/MZ2018-ceny-29-1024x683.jpg 1024w\" sizes=\"(max-width: 1500px) 100vw, 1500px\" \/><\/a><\/p>\n<p>&nbsp;<\/p>\n<p><strong><strong>Richard Oller, 13 <\/strong><\/strong>rokov, ZU\u0160 Nitrianske Pravno<\/p>\n<p>Pedag\u00f3g: Mgr. Z. \u010ceryov\u00e1<\/p>\n<p><strong><strong>\u00a0<a href=\"https:\/\/www.zusjcbb.sk\/wp-content\/uploads\/2018\/04\/MZ2018-ceny-31.jpg\" rel=\"attachment wp-att-4763\"><img loading=\"lazy\" class=\"alignnone wp-image-4763 size-full\" src=\"https:\/\/www.zusjcbb.sk\/wp-content\/uploads\/2018\/04\/MZ2018-ceny-31.jpg\" alt=\"MZ2018 ceny-31\" width=\"1500\" height=\"1495\" srcset=\"https:\/\/www.zusjcbb.sk\/wp-content\/uploads\/2018\/04\/MZ2018-ceny-31.jpg 1500w, https:\/\/www.zusjcbb.sk\/wp-content\/uploads\/2018\/04\/MZ2018-ceny-31-150x150.jpg 150w, https:\/\/www.zusjcbb.sk\/wp-content\/uploads\/2018\/04\/MZ2018-ceny-31-300x300.jpg 300w, https:\/\/www.zusjcbb.sk\/wp-content\/uploads\/2018\/04\/MZ2018-ceny-31-768x765.jpg 768w, https:\/\/www.zusjcbb.sk\/wp-content\/uploads\/2018\/04\/MZ2018-ceny-31-1024x1021.jpg 1024w\" sizes=\"(max-width: 1500px) 100vw, 1500px\" \/><\/a><\/strong><\/strong><\/p>\n<p><strong><strong>\u00a0<\/strong><\/strong><\/p>\n<p><a href=\"https:\/\/www.zusjcbb.sk\/?page_id=4770\">odkaz na Zlat\u00e9 p\u00e1smo 1. a 2. kateg\u00f3ria<\/a><\/p>\n<p><a href=\"https:\/\/www.zusjcbb.sk\/?page_id=4896\">odkaz na Zlat\u00e9 p\u00e1smo 3. a 4. kateg\u00f3ria<\/a><\/p>\n<p>&nbsp;<\/p>\n","protected":false},"excerpt":{"rendered":"<p>&nbsp; odkaz na Zlat\u00e9 p\u00e1smo 1.\u00a0a 2. kateg\u00f3ria odkaz na Zlat\u00e9 p\u00e1smo 3. a 4. kateg\u00f3ria Hlavn\u00e1 cena Al\u017ebeta Maty\u0161\u00e1kov\u00e1, 9 rokov, ZU\u0160 Pie\u0161\u0165any Pedag\u00f3g: Jana Roj\u00edkov\u00e1 &nbsp; Cena predsedu poroty Nela Kochov\u00e1, 7 rokov, ZU\u0160 Istrijsk\u00e1, Bratislava Pedag\u00f3g: T\u00e1\u0148a Kuzmov\u00e1 &nbsp; Zvl\u00e1\u0161tna cena Paul\u00edna Rajecov\u00e1, 10 rokov, ZU\u0160 Bernol\u00e1kovo Pedag\u00f3g: Mgr. Em\u00edlia Steinh\u0171belov\u00e1 &nbsp;&hellip;&nbsp;<a href=\"https:\/\/www.zusjcbb.sk\/?page_id=4709\" class=\"\" rel=\"bookmark\">\u010c\u00edta\u0165 viac &raquo;<span class=\"screen-reader-text\">Gal\u00e9ria Ma\u013eovan\u00e1 ZU\u0160-ka 2018<\/span><\/a><\/p>\n","protected":false},"author":2,"featured_media":0,"parent":172,"menu_order":0,"comment_status":"closed","ping_status":"closed","template":"","meta":{"neve_meta_sidebar":"","neve_meta_container":"","neve_meta_enable_content_width":"","neve_meta_content_width":0,"neve_meta_title_alignment":"","neve_meta_author_avatar":"","neve_post_elements_order":"","neve_meta_disable_header":"","neve_meta_disable_footer":"","neve_meta_disable_title":""},"_links":{"self":[{"href":"https:\/\/www.zusjcbb.sk\/index.php?rest_route=\/wp\/v2\/pages\/4709"}],"collection":[{"href":"https:\/\/www.zusjcbb.sk\/index.php?rest_route=\/wp\/v2\/pages"}],"about":[{"href":"https:\/\/www.zusjcbb.sk\/index.php?rest_route=\/wp\/v2\/types\/page"}],"author":[{"embeddable":true,"href":"https:\/\/www.zusjcbb.sk\/index.php?rest_route=\/wp\/v2\/users\/2"}],"replies":[{"embeddable":true,"href":"https:\/\/www.zusjcbb.sk\/index.php?rest_route=%2Fwp%2Fv2%2Fcomments&post=4709"}],"version-history":[{"count":10,"href":"https:\/\/www.zusjcbb.sk\/index.php?rest_route=\/wp\/v2\/pages\/4709\/revisions"}],"predecessor-version":[{"id":4898,"href":"https:\/\/www.zusjcbb.sk\/index.php?rest_route=\/wp\/v2\/pages\/4709\/revisions\/4898"}],"up":[{"embeddable":true,"href":"https:\/\/www.zusjcbb.sk\/index.php?rest_route=\/wp\/v2\/pages\/172"}],"wp:attachment":[{"href":"https:\/\/www.zusjcbb.sk\/index.php?rest_route=%2Fwp%2Fv2%2Fmedia&parent=4709"}],"curies":[{"name":"wp","href":"https:\/\/api.w.org\/{rel}","templated":true}]}}