{"id":5168,"date":"2018-05-22T17:53:43","date_gmt":"2018-05-22T15:53:43","guid":{"rendered":"http:\/\/www.zusjcbb.sk\/?page_id=5168"},"modified":"2018-05-22T18:18:34","modified_gmt":"2018-05-22T16:18:34","slug":"vysledky-dis-jana-cikkera-2018","status":"publish","type":"page","link":"https:\/\/www.zusjcbb.sk\/?page_id=5168","title":{"rendered":"V\u00fdsledky DIS J\u00e1na Cikkera 2018"},"content":{"rendered":"<h1 style=\"text-align: center;\"><strong>VYHODNOTENIE<\/strong><\/h1>\n<h2 style=\"text-align: center;\"><strong>Detskej interpreta\u010dnej s\u00fa\u0165a\u017ee<\/strong><\/h2>\n<h2 style=\"text-align: center;\"><strong>\u00a0v\u00a0s\u00f3lovej a komornej hre na\u00a0akorde\u00f3ne<\/strong><\/h2>\n<h2 style=\"text-align: center;\"><strong>v r\u00e1mci XXVI. ro\u010dn\u00edka Detsk\u00e9ho hudobn\u00e9ho festivalu <\/strong><\/h2>\n<h2 style=\"text-align: center;\"><strong>J\u00e1na Cikkera v\u00a0Banskej Bystrici <\/strong><\/h2>\n<h2 style=\"text-align: center;\"><strong><span style=\"font-family: Trebuchet MS;\">27. <\/span><strong>\u2013 28.\u00a0apr\u00edl 2018<\/strong><\/strong><\/h2>\n<p>&nbsp;<\/p>\n<h2 style=\"text-align: center;\"><strong>TITUL<\/strong><\/h2>\n<h2 style=\"text-align: center;\"><strong><strong>LAURE\u00c1T FESTIVALU<\/strong><\/strong><\/h2>\n<p><strong>Jakub MALI\u0160KA, ZU\u0160 J\u00e1na Cikkera Bansk\u00e1 Bystrica<\/strong><\/p>\n<p><strong>Pedag\u00f3g: Zdenka NEME\u0160OV\u00c1, DiS. art.<\/strong><\/p>\n<h2 style=\"text-align: center;\"><strong>MIMORIADNE OCENENIA<\/strong><\/h2>\n<h2 style=\"text-align: center;\"><strong>CENA J\u00c1NA CIKKERA<\/strong><\/h2>\n<p style=\"text-align: center;\"><strong>za p\u00f4vodn\u00fa skladbu slovensk\u00e9ho autora<\/strong><\/p>\n<p style=\"text-align: left;\"><strong>Patrik G\u00c1BOR, ZU\u0160 \u017diar nad Hronom\u00a0za skladbu\u00a0od Dezidera Hrvana: Tanec zo \u0160umiaca<\/strong><\/p>\n<h2 style=\"text-align: center;\"><strong>CENA PRIM\u00c1TORA MESTA BANSK\u00c1 BYSTRICA<\/strong><\/h2>\n<p><strong>Jakub MALI\u0160KA, ZU\u0160 J\u00e1na Cikkera Bansk\u00e1 Bystrica<\/strong><\/p>\n<h2 style=\"text-align: center;\"><strong>CENA PRE NAJMLAD\u0160IEHO \u00da\u010cASTN\u00cdKA<\/strong><\/h2>\n<p><strong>Marianna HUR\u00c1KOV\u00c1, ZU\u0160 Trsten\u00e1<\/strong><\/p>\n<h2 style=\"text-align: center;\"><strong>DIPLOM ZA \u00daSPE\u0160N\u00da PEDAGOGICK\u00da PR\u00cdPRAVU \u017dIAKOV<\/strong><\/h2>\n<p><strong>Zdenka NEME\u0160OV\u00c1, DiS. art., ZU\u0160 J\u00e1na Cikkera Bansk\u00e1 Bystrica<\/strong><\/p>\n<p style=\"text-align: center;\"><strong><u>1. kateg\u00f3ria<\/u><\/strong><\/p>\n<p><strong><strong>BRONZOV\u00c9 P\u00c1SMO\u00a0<\/strong><u> <\/u><\/strong><\/p>\n<p>Igor PLE\u0160KO, SZU\u0160 Kremnica<\/p>\n<p>Marianna HUR\u00c1KOV\u00c1, ZU\u0160 Trsten\u00e1<\/p>\n<p><strong><strong>STRIEBORN\u00c9 P\u00c1SMO<\/strong><u> <\/u><\/strong><\/p>\n<p>Marek HOL\u00cdNEC, SZU\u0160 \u017dilina<\/p>\n<p><strong><strong>ZLAT\u00c9 P\u00c1SMO<\/strong><\/strong>\u00a0<u> <\/u><\/p>\n<p>Patrik G\u00c1BOR, ZU\u0160 \u017diar nad Hronom<\/p>\n<p>Maro\u0161 KRO\u010cKA, ZU\u0160 J\u00e1na Cikkera Bansk\u00e1 Bystrica<\/p>\n<p style=\"text-align: center;\"><strong><u><strong>2. kateg\u00f3ria <\/strong><\/u><\/strong><\/p>\n<p><strong><strong>BRONZOV\u00c9 P\u00c1SMO<\/strong><\/strong><\/p>\n<p>Mat\u00fa\u0161 MES\u00c1RO\u0160, ZU\u0160 J\u00e1na Cikkera Bansk\u00e1 Bystrica<\/p>\n<p>Sofia TRUBANOV\u00c1, ZU\u0160 Nov\u00e1 Ba\u0148a<\/p>\n<p><strong><strong>STRIEBORN\u00c9 P\u00c1SMO<\/strong><\/strong><\/p>\n<p>M\u00e1rio GECA\u0160EK, ZU\u0160 Bojnice<\/p>\n<p><strong><strong>ZLAT\u00c9 P\u00c1SMO<\/strong><\/strong><\/p>\n<p>Richard KUTE\u0160, ZU\u0160 J\u00e1na Cikkera Bansk\u00e1 Bystrica<\/p>\n<p>Jakub MALI\u0160KA, ZU\u0160 J\u00e1na Cikkera Bansk\u00e1 Bystrica<\/p>\n<p style=\"text-align: center;\"><strong><u><strong>3. kateg\u00f3ria<\/strong><\/u><\/strong><\/p>\n<p><strong><strong>BRONZOV\u00c9 P\u00c1SMO<\/strong><\/strong><\/p>\n<p>Michal SURMA, SZU\u0160 Kremnica<\/p>\n<p><strong><strong>STRIEBORN\u00c9 P\u00c1SMO<\/strong><u> <\/u><\/strong><\/p>\n<p>M\u00e1rio HRD\u00dd, ZU\u0160 Bojnice<\/p>\n<p><strong><strong>ZLAT\u00c9 P\u00c1SMO<\/strong><\/strong><\/p>\n<p>Martin P\u00da\u010cEK, ZU\u0160 Dubnica nad V\u00e1hom<\/p>\n<p style=\"text-align: center;\"><span style=\"text-decoration: underline;\"><strong>4<\/strong>. <strong><strong>kateg\u00f3ria<\/strong><\/strong><\/span><\/p>\n<p><strong><strong>BRONZOV\u00c9 P\u00c1SMO<\/strong><u> <\/u><\/strong><\/p>\n<p>Martina \u0160UPEJOV\u00c1, ZU\u0160 L. \u00c1rvaya, \u017dilina<\/p>\n<p><strong><strong>STRIEBORN\u00c9 P\u00c1SMO<\/strong><u> <\/u><\/strong><\/p>\n<p>Veronika BELANCOV\u00c1, ZU\u0160 Bojnice<\/p>\n<p><strong><strong>ZLAT\u00c9 P\u00c1SMO<\/strong><\/strong><\/p>\n<p>Martin BESEDA, ZU\u0160 Bojnice<\/p>\n<p><strong><u><strong>\u00a0<\/strong><\/u><\/strong><\/p>\n<p><strong><u><strong>Vyhodnotenie Detskej interpreta\u010dnej s\u00fa\u0165a\u017ee J\u00e1na Cikkera v\u00a0komornej hre na akorde\u00f3ne<\/strong><\/u><\/strong><\/p>\n<p style=\"text-align: center;\"><strong><u><strong>1. kateg\u00f3ria<\/strong><\/u><\/strong><\/p>\n<p><strong><strong>STRIEBORN\u00c9 P\u00c1SMO\u00a0<\/strong><u> <\/u><\/strong><\/p>\n<p><strong>SZU\u0160 Kremnica, Akorde\u00f3nov\u00e9 duo<\/strong><\/p>\n<p>Igor PLE\u0160KO, Kvetoslav GORAL<\/p>\n<p style=\"text-align: center;\"><strong><u><strong>3. kateg\u00f3ria<\/strong><\/u><\/strong><\/p>\n<p><strong><strong>Diplom za \u00fa\u010das\u0165<\/strong><\/strong><\/p>\n<p><strong>SZU\u0160 Kremnica a\u00a0ZU\u0160 Sl\u00e1dkovi\u010dovo, Akorde\u00f3nov\u00e9 duo<\/strong><\/p>\n<p>Michal SURMA, Vivien FEH\u00c9ROV\u00c1<\/p>\n<p><strong><strong>BRONZOV\u00c9 P\u00c1SMO<\/strong><\/strong><\/p>\n<p><strong>ZU\u0160 Bojnice, Akorde\u00f3nov\u00e9 duo<\/strong><\/p>\n<p>Martin BESEDA, M\u00e1rio HRD\u00dd<\/p>\n<p><strong>ZU\u0160 Bojnice, Akorde\u00f3nov\u00e9 trio<\/strong><\/p>\n<p>M\u00e1rio GECA\u0160EK, Andrej BESEDA, Roland \u010cISCO\u0147<\/p>\n","protected":false},"excerpt":{"rendered":"<p>VYHODNOTENIE Detskej interpreta\u010dnej s\u00fa\u0165a\u017ee \u00a0v\u00a0s\u00f3lovej a komornej hre na\u00a0akorde\u00f3ne v r\u00e1mci XXVI. ro\u010dn\u00edka Detsk\u00e9ho hudobn\u00e9ho festivalu J\u00e1na Cikkera v\u00a0Banskej Bystrici 27. \u2013 28.\u00a0apr\u00edl 2018 &nbsp; TITUL LAURE\u00c1T FESTIVALU Jakub MALI\u0160KA, ZU\u0160 J\u00e1na Cikkera Bansk\u00e1 Bystrica Pedag\u00f3g: Zdenka NEME\u0160OV\u00c1, DiS. art. MIMORIADNE OCENENIA CENA J\u00c1NA CIKKERA za p\u00f4vodn\u00fa skladbu slovensk\u00e9ho autora Patrik G\u00c1BOR, ZU\u0160 \u017diar nad&hellip;&nbsp;<a href=\"https:\/\/www.zusjcbb.sk\/?page_id=5168\" class=\"\" rel=\"bookmark\">\u010c\u00edta\u0165 viac &raquo;<span class=\"screen-reader-text\">V\u00fdsledky DIS J\u00e1na Cikkera 2018<\/span><\/a><\/p>\n","protected":false},"author":2,"featured_media":0,"parent":170,"menu_order":0,"comment_status":"closed","ping_status":"closed","template":"","meta":{"neve_meta_sidebar":"","neve_meta_container":"","neve_meta_enable_content_width":"","neve_meta_content_width":0,"neve_meta_title_alignment":"","neve_meta_author_avatar":"","neve_post_elements_order":"","neve_meta_disable_header":"","neve_meta_disable_footer":"","neve_meta_disable_title":""},"_links":{"self":[{"href":"https:\/\/www.zusjcbb.sk\/index.php?rest_route=\/wp\/v2\/pages\/5168"}],"collection":[{"href":"https:\/\/www.zusjcbb.sk\/index.php?rest_route=\/wp\/v2\/pages"}],"about":[{"href":"https:\/\/www.zusjcbb.sk\/index.php?rest_route=\/wp\/v2\/types\/page"}],"author":[{"embeddable":true,"href":"https:\/\/www.zusjcbb.sk\/index.php?rest_route=\/wp\/v2\/users\/2"}],"replies":[{"embeddable":true,"href":"https:\/\/www.zusjcbb.sk\/index.php?rest_route=%2Fwp%2Fv2%2Fcomments&post=5168"}],"version-history":[{"count":9,"href":"https:\/\/www.zusjcbb.sk\/index.php?rest_route=\/wp\/v2\/pages\/5168\/revisions"}],"predecessor-version":[{"id":5182,"href":"https:\/\/www.zusjcbb.sk\/index.php?rest_route=\/wp\/v2\/pages\/5168\/revisions\/5182"}],"up":[{"embeddable":true,"href":"https:\/\/www.zusjcbb.sk\/index.php?rest_route=\/wp\/v2\/pages\/170"}],"wp:attachment":[{"href":"https:\/\/www.zusjcbb.sk\/index.php?rest_route=%2Fwp%2Fv2%2Fmedia&parent=5168"}],"curies":[{"name":"wp","href":"https:\/\/api.w.org\/{rel}","templated":true}]}}