{"id":5583,"date":"2019-02-04T16:57:17","date_gmt":"2019-02-04T14:57:17","guid":{"rendered":"http:\/\/www.zusjcbb.sk\/?page_id=5583"},"modified":"2021-01-25T09:36:33","modified_gmt":"2021-01-25T07:36:33","slug":"2019-zmluvy","status":"publish","type":"page","link":"https:\/\/www.zusjcbb.sk\/?page_id=5583","title":{"rendered":"2019 Zmluvy"},"content":{"rendered":"\n<div class=\"wp-block-file\"><a href=\"https:\/\/www.zusjcbb.sk\/wp-content\/uploads\/2019\/02\/1_Zmluva-o-pren\u00e1jme-priestorov-\u0160t\u00e1tnej-opery-14.1.2019.pdf\">1_Zmluva o pren\u00e1jme priestorov \u0160t\u00e1tnej opery 14.1.2019<\/a><a href=\"https:\/\/www.zusjcbb.sk\/wp-content\/uploads\/2019\/02\/1_Zmluva-o-pren\u00e1jme-priestorov-\u0160t\u00e1tnej-opery-14.1.2019.pdf\" class=\"wp-block-file__button\" download>Download<\/a><\/div>\n\n\n\n<div class=\"wp-block-file\"><a href=\"https:\/\/www.zusjcbb.sk\/wp-content\/uploads\/2019\/02\/2_-Zmluva-o-pedagogickej-praxi-\u0161tudentov-PF-UMB.pdf\">2_ Zmluva o pedagogickej praxi \u0161tudentov PF UMB<\/a><a href=\"https:\/\/www.zusjcbb.sk\/wp-content\/uploads\/2019\/02\/2_-Zmluva-o-pedagogickej-praxi-\u0161tudentov-PF-UMB.pdf\" class=\"wp-block-file__button\" download>Download<\/a><\/div>\n\n\n\n<div class=\"wp-block-file\"><a href=\"https:\/\/www.zusjcbb.sk\/wp-content\/uploads\/2019\/02\/3_-Dodatok-\u010d.05-k-Zmluve-o-dod\u00e1vke-plynu-\u0160tef\u00e1nikovo-n\u00e1bre\u017eie.pdf\">3_ Dodatok \u010d.05 k Zmluve o dod\u00e1vke plynu \u0160tef\u00e1nikovo n\u00e1bre\u017eie<\/a><a href=\"https:\/\/www.zusjcbb.sk\/wp-content\/uploads\/2019\/02\/3_-Dodatok-\u010d.05-k-Zmluve-o-dod\u00e1vke-plynu-\u0160tef\u00e1nikovo-n\u00e1bre\u017eie.pdf\" class=\"wp-block-file__button\" download>Download<\/a><\/div>\n\n\n\n<div class=\"wp-block-file\"><a href=\"https:\/\/www.zusjcbb.sk\/wp-content\/uploads\/2019\/02\/4_Dodatok-\u010d.05-k-Zmluve-o-dod\u00e1vke-plynu-Lazovn\u00e1.pdf\">4_Dodatok \u010d.05 k Zmluve o dod\u00e1vke plynu Lazovn\u00e1<\/a><a href=\"https:\/\/www.zusjcbb.sk\/wp-content\/uploads\/2019\/02\/4_Dodatok-\u010d.05-k-Zmluve-o-dod\u00e1vke-plynu-Lazovn\u00e1.pdf\" class=\"wp-block-file__button\" download>Download<\/a><\/div>\n\n\n\n<div class=\"wp-block-file\"><a href=\"https:\/\/www.zusjcbb.sk\/wp-content\/uploads\/2019\/03\/5_-Darovacia-zmluva-Klav\u00edr-Petrof-\u0160t\u00e1tna-opera-BB.pdf\">5_ Darovacia zmluva &#8211; Klav\u00edr Petrof &#8211; \u0160t\u00e1tna opera BB<\/a><a href=\"https:\/\/www.zusjcbb.sk\/wp-content\/uploads\/2019\/03\/5_-Darovacia-zmluva-Klav\u00edr-Petrof-\u0160t\u00e1tna-opera-BB.pdf\" class=\"wp-block-file__button\" download>Stiahnu\u0165<\/a><\/div>\n\n\n\n<div class=\"wp-block-file\"><a href=\"https:\/\/www.zusjcbb.sk\/wp-content\/uploads\/2019\/03\/6_-Zmluva-34.2019-o-financovan\u00ed-Detsk\u00e9ho-umeleck\u00e9ho-festivalu-Bansk\u00e1-Bystrica-Ministerstvo-vn\u00fatra.pdf\">6_ Zmluva 34.2019 o financovan\u00ed Detsk\u00e9ho umeleck\u00e9ho festivalu Bansk\u00e1 Bystrica &#8211; Ministerstvo vn\u00fatra<\/a><a href=\"https:\/\/www.zusjcbb.sk\/wp-content\/uploads\/2019\/03\/6_-Zmluva-34.2019-o-financovan\u00ed-Detsk\u00e9ho-umeleck\u00e9ho-festivalu-Bansk\u00e1-Bystrica-Ministerstvo-vn\u00fatra.pdf\" class=\"wp-block-file__button\" download>Stiahnu\u0165<\/a><\/div>\n\n\n\n<div class=\"wp-block-file\"><a href=\"https:\/\/www.zusjcbb.sk\/wp-content\/uploads\/2019\/03\/7_-Dodatok-\u010d.6-k-zmluve-o-zabezpe\u010den\u00ed-ochrany-majetku-\u010d.0212-ALTYS-s.r.o..pdf\">7_ Dodatok \u010d.6 k zmluve o zabezpe\u010den\u00ed ochrany majetku \u010d.0212 &#8211; ALTYS s.r.o.<\/a><a href=\"https:\/\/www.zusjcbb.sk\/wp-content\/uploads\/2019\/03\/7_-Dodatok-\u010d.6-k-zmluve-o-zabezpe\u010den\u00ed-ochrany-majetku-\u010d.0212-ALTYS-s.r.o..pdf\" class=\"wp-block-file__button\" download>Stiahnu\u0165<\/a><\/div>\n\n\n\n<div class=\"wp-block-file\"><a href=\"https:\/\/www.zusjcbb.sk\/wp-content\/uploads\/2019\/03\/8_-Dodatok-\u010d.6-k-zmluve-o-zabezpe\u010den\u00ed-ochrany-majetku-\u010d.0180-ALTYS-s.r.o..pdf\">8_ Dodatok \u010d.6 k zmluve o zabezpe\u010den\u00ed ochrany majetku \u010d.0180 &#8211; ALTYS s.r.o.<\/a><a href=\"https:\/\/www.zusjcbb.sk\/wp-content\/uploads\/2019\/03\/8_-Dodatok-\u010d.6-k-zmluve-o-zabezpe\u010den\u00ed-ochrany-majetku-\u010d.0180-ALTYS-s.r.o..pdf\" class=\"wp-block-file__button\" download>Stiahnu\u0165<\/a><\/div>\n\n\n\n<div class=\"wp-block-file\"><a href=\"https:\/\/www.zusjcbb.sk\/wp-content\/uploads\/2019\/03\/9_-Dodatok-\u010d.6-k-zmluve-o-zabezpe\u010den\u00ed-ochrany-majetku-\u010d.-094-ALTYS-s.r.o..pdf\">9_ Dodatok \u010d.6 k zmluve o zabezpe\u010den\u00ed ochrany majetku \u010d. 094 &#8211; ALTYS s.r.o.<\/a><a href=\"https:\/\/www.zusjcbb.sk\/wp-content\/uploads\/2019\/03\/9_-Dodatok-\u010d.6-k-zmluve-o-zabezpe\u010den\u00ed-ochrany-majetku-\u010d.-094-ALTYS-s.r.o..pdf\" class=\"wp-block-file__button\" download>Stiahnu\u0165<\/a><\/div>\n\n\n\n<div class=\"wp-block-file\"><a href=\"https:\/\/www.zusjcbb.sk\/wp-content\/uploads\/2019\/03\/10_-Zmluva-o-spracovan\u00ed-a-veden\u00ed-mzdovej-a-person\u00e1lnej-agendy-Ing.-H\u00fdblov\u00e1.pdf\">10_ Zmluva o spracovan\u00ed a veden\u00ed mzdovej a person\u00e1lnej agendy &#8211; Ing. H\u00fdblov\u00e1<\/a><a href=\"https:\/\/www.zusjcbb.sk\/wp-content\/uploads\/2019\/03\/10_-Zmluva-o-spracovan\u00ed-a-veden\u00ed-mzdovej-a-person\u00e1lnej-agendy-Ing.-H\u00fdblov\u00e1.pdf\" class=\"wp-block-file__button\" download>Stiahnu\u0165<\/a><\/div>\n\n\n\n<div class=\"wp-block-file\"><a href=\"https:\/\/www.zusjcbb.sk\/wp-content\/uploads\/2019\/04\/11-16-_-Pr\u00edkazn\u00e1-zmluva-\u010d.1-6-2019-Prenos-darovan\u00e9ho-klav\u00edra-zo-\u0160t\u00e1tnej-opery-BB.pdf\">11-16 _ Pr\u00edkazn\u00e1 zmluva \u010d.1-6 &#8211; 2019 &#8211; Prenos darovan\u00e9ho klav\u00edra zo \u0160t\u00e1tnej opery BB<\/a><a href=\"https:\/\/www.zusjcbb.sk\/wp-content\/uploads\/2019\/04\/11-16-_-Pr\u00edkazn\u00e1-zmluva-\u010d.1-6-2019-Prenos-darovan\u00e9ho-klav\u00edra-zo-\u0160t\u00e1tnej-opery-BB.pdf\" class=\"wp-block-file__button\" download>Stiahnu\u0165<\/a><\/div>\n\n\n\n<div class=\"wp-block-file\"><a href=\"https:\/\/www.zusjcbb.sk\/wp-content\/uploads\/2019\/04\/17_Darovacia-zmluva-\u010d.1-2019-Rodi\u010dovsk\u00e9-zdru\u017eenie-pri-ZU\u0160-J.-Cikkera.pdf\">17_Darovacia zmluva \u010d.1-2019 &#8211; Rodi\u010dovsk\u00e9 zdru\u017eenie pri ZU\u0160 J. Cikkera<\/a><a href=\"https:\/\/www.zusjcbb.sk\/wp-content\/uploads\/2019\/04\/17_Darovacia-zmluva-\u010d.1-2019-Rodi\u010dovsk\u00e9-zdru\u017eenie-pri-ZU\u0160-J.-Cikkera.pdf\" class=\"wp-block-file__button\" download>Stiahnu\u0165<\/a><\/div>\n\n\n\n<div class=\"wp-block-file\"><a href=\"https:\/\/www.zusjcbb.sk\/wp-content\/uploads\/2019\/05\/20_Darovacia-zmluva-DUF-2019-Nad\u00e1cia-J\u00e1na-Cikkera.pdf\">20_Darovacia zmluva &#8211; DUF 2019 &#8211; Nad\u00e1cia J\u00e1na Cikkera<\/a><a href=\"https:\/\/www.zusjcbb.sk\/wp-content\/uploads\/2019\/05\/20_Darovacia-zmluva-DUF-2019-Nad\u00e1cia-J\u00e1na-Cikkera.pdf\" class=\"wp-block-file__button\" download>Stiahnu\u0165<\/a><\/div>\n\n\n\n<div class=\"wp-block-file\"><a href=\"https:\/\/www.zusjcbb.sk\/wp-content\/uploads\/2019\/07\/21_-Zmluva-o-pren\u00e1jme-priestorov-\u0160t\u00e1tnej-opery-Z\u00e1vere\u010dn\u00e9-koncerty-tane\u010dn\u00e9ho-oddelenia-21-22.6.2019.pdf\">21_ Zmluva o pren\u00e1jme priestorov \u0160t\u00e1tnej opery &#8211; Z\u00e1vere\u010dn\u00e9 koncerty tane\u010dn\u00e9ho oddelenia 21-22.6.2019<\/a><a href=\"https:\/\/www.zusjcbb.sk\/wp-content\/uploads\/2019\/07\/21_-Zmluva-o-pren\u00e1jme-priestorov-\u0160t\u00e1tnej-opery-Z\u00e1vere\u010dn\u00e9-koncerty-tane\u010dn\u00e9ho-oddelenia-21-22.6.2019.pdf\" class=\"wp-block-file__button\" download>Stiahnu\u0165<\/a><\/div>\n\n\n\n<div class=\"wp-block-file\"><a href=\"https:\/\/www.zusjcbb.sk\/wp-content\/uploads\/2019\/09\/22_Darovacia-zmluva-\u010d.2-2019-Rodi\u010dovsk\u00e9-zdru\u017eenie-pri-Z\u00e1kladnej-umeleckej-\u0161kole-J\u00e1na-Cikkera.pdf\">22_Darovacia zmluva \u010d.2-2019 &#8211; Rodi\u010dovsk\u00e9 zdru\u017eenie pri Z\u00e1kladnej umeleckej \u0161kole J\u00e1na Cikkera<\/a><a href=\"https:\/\/www.zusjcbb.sk\/wp-content\/uploads\/2019\/09\/22_Darovacia-zmluva-\u010d.2-2019-Rodi\u010dovsk\u00e9-zdru\u017eenie-pri-Z\u00e1kladnej-umeleckej-\u0161kole-J\u00e1na-Cikkera.pdf\" class=\"wp-block-file__button\" download>Stiahnu\u0165<\/a><\/div>\n\n\n\n<div class=\"wp-block-file\"><a href=\"https:\/\/www.zusjcbb.sk\/wp-content\/uploads\/2019\/09\/23_Zmluva-\u010d.1-2019-o-n\u00e1jme-nebytov\u00fdch-priestorov-bufet-Beata-Zacharov\u00e1.pdf\">23_Zmluva \u010d.1-2019 o n\u00e1jme nebytov\u00fdch priestorov &#8211; bufet &#8211; Beata Zacharov\u00e1<\/a><a href=\"https:\/\/www.zusjcbb.sk\/wp-content\/uploads\/2019\/09\/23_Zmluva-\u010d.1-2019-o-n\u00e1jme-nebytov\u00fdch-priestorov-bufet-Beata-Zacharov\u00e1.pdf\" class=\"wp-block-file__button\" download>Stiahnu\u0165<\/a><\/div>\n\n\n\n<div class=\"wp-block-file\"><a href=\"https:\/\/www.zusjcbb.sk\/wp-content\/uploads\/2019\/10\/24_Zmluva-o-pedagogickej-praxi-\u0161tudentov-PF-UMB.pdf\">24_Zmluva o pedagogickej praxi \u0161tudentov PF UMB<\/a><a href=\"https:\/\/www.zusjcbb.sk\/wp-content\/uploads\/2019\/10\/24_Zmluva-o-pedagogickej-praxi-\u0161tudentov-PF-UMB.pdf\" class=\"wp-block-file__button\" download>Stiahnu\u0165<\/a><\/div>\n\n\n\n<div class=\"wp-block-file\"><a href=\"https:\/\/www.zusjcbb.sk\/wp-content\/uploads\/2019\/10\/25_Servisn\u00e1-a-materi\u00e1lov\u00e1-zmluva-\u010d.-33-2019-Amicomp-BB-s.r.o.-pren\u00e1jom-a-servis-kop\u00edrovacieho-zariadenia.pdf\">25_Servisn\u00e1 a materi\u00e1lov\u00e1 zmluva \u010d. 33-2019 &#8211; Amicomp BB s.r.o. &#8211; pren\u00e1jom a servis kop\u00edrovacieho zariadenia<\/a><a href=\"https:\/\/www.zusjcbb.sk\/wp-content\/uploads\/2019\/10\/25_Servisn\u00e1-a-materi\u00e1lov\u00e1-zmluva-\u010d.-33-2019-Amicomp-BB-s.r.o.-pren\u00e1jom-a-servis-kop\u00edrovacieho-zariadenia.pdf\" class=\"wp-block-file__button\" download>Stiahnu\u0165<\/a><\/div>\n\n\n\n<div class=\"wp-block-file\"><a href=\"https:\/\/www.zusjcbb.sk\/wp-content\/uploads\/2019\/10\/26_Servisn\u00e1-a-materi\u00e1lov\u00e1-zmluva-\u010d.-34-2019-Amicomp-BB-s.r.o.-pren\u00e1jom-a-servis-kop\u00edrovacieho-zariadenia.pdf\">26_Servisn\u00e1 a materi\u00e1lov\u00e1 zmluva \u010d. 34-2019 &#8211; Amicomp BB s.r.o. &#8211; pren\u00e1jom a servis kop\u00edrovacieho zariadenia<\/a><a href=\"https:\/\/www.zusjcbb.sk\/wp-content\/uploads\/2019\/10\/26_Servisn\u00e1-a-materi\u00e1lov\u00e1-zmluva-\u010d.-34-2019-Amicomp-BB-s.r.o.-pren\u00e1jom-a-servis-kop\u00edrovacieho-zariadenia.pdf\" class=\"wp-block-file__button\" download>Stiahnu\u0165<\/a><\/div>\n\n\n\n<div class=\"wp-block-file\"><a href=\"https:\/\/www.zusjcbb.sk\/wp-content\/uploads\/2019\/10\/27_Servisn\u00e1-a-materi\u00e1lov\u00e1-zmluva-\u010d.-35-2019-Amicomp-BB-s.r.o.-pren\u00e1jom-a-servis-kop\u00edrovacieho-zariadenia.pdf\">27_Servisn\u00e1 a materi\u00e1lov\u00e1 zmluva \u010d. 35-2019 &#8211; Amicomp BB s.r.o. &#8211; pren\u00e1jom a servis kop\u00edrovacieho zariadenia<\/a><a href=\"https:\/\/www.zusjcbb.sk\/wp-content\/uploads\/2019\/10\/27_Servisn\u00e1-a-materi\u00e1lov\u00e1-zmluva-\u010d.-35-2019-Amicomp-BB-s.r.o.-pren\u00e1jom-a-servis-kop\u00edrovacieho-zariadenia.pdf\" class=\"wp-block-file__button\" download>Stiahnu\u0165<\/a><\/div>\n\n\n\n<div class=\"wp-block-file\"><a href=\"https:\/\/www.zusjcbb.sk\/wp-content\/uploads\/2019\/10\/28_Dohoda-o-spolupr\u00e1ci-UMB-BB-Rektor\u00e1t-pedagogick\u00e1-prax-\u0161tudentky-DP\u0160.pdf\">28_Dohoda o spolupr\u00e1ci &#8211; UMB BB Rektor\u00e1t &#8211; pedagogick\u00e1 prax \u0161tudentky DP\u0160<\/a><a href=\"https:\/\/www.zusjcbb.sk\/wp-content\/uploads\/2019\/10\/28_Dohoda-o-spolupr\u00e1ci-UMB-BB-Rektor\u00e1t-pedagogick\u00e1-prax-\u0161tudentky-DP\u0160.pdf\" class=\"wp-block-file__button\" download>Stiahnu\u0165<\/a><\/div>\n\n\n\n<div class=\"wp-block-file\"><a href=\"https:\/\/www.zusjcbb.sk\/wp-content\/uploads\/2019\/12\/29_Zmluva-o-zabezpe\u010den\u00ed-stravovania-zamestnancov-Katra-Ticket-Restaurant.pdf\">29_Zmluva o zabezpe\u010den\u00ed stravovania zamestnancov &#8211; Katra Ticket Restaurant<\/a><a href=\"https:\/\/www.zusjcbb.sk\/wp-content\/uploads\/2019\/12\/29_Zmluva-o-zabezpe\u010den\u00ed-stravovania-zamestnancov-Katra-Ticket-Restaurant.pdf\" class=\"wp-block-file__button\" download>Stiahnu\u0165<\/a><\/div>\n\n\n\n<div class=\"wp-block-file\"><a href=\"https:\/\/www.zusjcbb.sk\/wp-content\/uploads\/2019\/12\/30_Zmluva-o-sprostredkovan\u00ed-pr\u00edstupu-do-siete-Internet-prostredn\u00edctvom-el.-komunika\u010dnej-siete-Internet-Bansk\u00e1-Bystrica-s.r.o..pdf\">30_Zmluva o sprostredkovan\u00ed pr\u00edstupu do siete Internet prostredn\u00edctvom el. komunika\u010dnej siete Internet Bansk\u00e1 Bystrica s.r.o.<\/a><a href=\"https:\/\/www.zusjcbb.sk\/wp-content\/uploads\/2019\/12\/30_Zmluva-o-sprostredkovan\u00ed-pr\u00edstupu-do-siete-Internet-prostredn\u00edctvom-el.-komunika\u010dnej-siete-Internet-Bansk\u00e1-Bystrica-s.r.o..pdf\" class=\"wp-block-file__button\" download>Stiahnu\u0165<\/a><\/div>\n\n\n\n<div class=\"wp-block-file\"><a href=\"https:\/\/www.zusjcbb.sk\/wp-content\/uploads\/2019\/12\/31-34_-Ukon\u010denie-zml\u00fav-o-poskytovan\u00ed-verejn\u00fdch-slu\u017eieb-Pevn\u00fd-internet-a-tel.-linky-Telekom-a.s..pdf\">31-34_ Ukon\u010denie zml\u00fav o poskytovan\u00ed verejn\u00fdch slu\u017eieb &#8211; Pevn\u00fd internet a tel. linky &#8211; Telekom a.s.<\/a><a href=\"https:\/\/www.zusjcbb.sk\/wp-content\/uploads\/2019\/12\/31-34_-Ukon\u010denie-zml\u00fav-o-poskytovan\u00ed-verejn\u00fdch-slu\u017eieb-Pevn\u00fd-internet-a-tel.-linky-Telekom-a.s..pdf\" class=\"wp-block-file__button\" download>Stiahnu\u0165<\/a><\/div>\n\n\n\n<p>35_Zmluva o dod\u00e1vke elektriny s prevzatou zodpovednos\u0165ou za odch\u00fdlku a distrib\u00facii elektriny \u010d. 2463-2019-PS-UMK &#8211; Powen a.s., zverejnen\u00e9 na str\u00e1nke Mesta Bansk\u00e1 Bystrica<br><\/p>\n\n\n\n<div class=\"wp-block-file\"><a href=\"https:\/\/www.zusjcbb.sk\/wp-content\/uploads\/2019\/12\/36_Zmluva-\u010d.-2_2019-o-n\u00e1jme-nebytov\u00fdch-priestorov-s-Verejnou-kni\u017e.-MK.pdf\">36_Zmluva \u010d. 2_2019 o n\u00e1jme nebytov\u00fdch priestorov s Verejnou kni\u017e. MK<\/a><a href=\"https:\/\/www.zusjcbb.sk\/wp-content\/uploads\/2019\/12\/36_Zmluva-\u010d.-2_2019-o-n\u00e1jme-nebytov\u00fdch-priestorov-s-Verejnou-kni\u017e.-MK.pdf\" class=\"wp-block-file__button\" download>Stiahnu\u0165<\/a><\/div>\n\n\n\n<div class=\"wp-block-file\"><a href=\"https:\/\/www.zusjcbb.sk\/wp-content\/uploads\/2019\/12\/37_Zmluva-o-poskytovan\u00ed-verejnej-slu\u017eby-tel.-linky-Spoje-s.r.o.-Metronet.pdf\">37_Zmluva o poskytovan\u00ed verejnej slu\u017eby &#8211; tel. linky &#8211; Spoje s.r.o.  Metronet<\/a><a href=\"https:\/\/www.zusjcbb.sk\/wp-content\/uploads\/2019\/12\/37_Zmluva-o-poskytovan\u00ed-verejnej-slu\u017eby-tel.-linky-Spoje-s.r.o.-Metronet.pdf\" class=\"wp-block-file__button\" download>Stiahnu\u0165<\/a><\/div>\n\n\n\n<div class=\"wp-block-file\"><a href=\"https:\/\/www.zusjcbb.sk\/wp-content\/uploads\/2021\/01\/38_Darovacia-zmluva-\u010d.3-2019-Rodi\u010dovsk\u00e9-zdru\u017eenie-pri-Z\u00e1kladnej-umeleckej-\u0161kole-J\u00e1na-Cikkera.pdf\">38_Darovacia zmluva \u010d.3-2019 &#8211; Rodi\u010dovsk\u00e9 zdru\u017eenie pri Z\u00e1kladnej umeleckej \u0161kole J\u00e1na Cikkera<\/a><a href=\"https:\/\/www.zusjcbb.sk\/wp-content\/uploads\/2021\/01\/38_Darovacia-zmluva-\u010d.3-2019-Rodi\u010dovsk\u00e9-zdru\u017eenie-pri-Z\u00e1kladnej-umeleckej-\u0161kole-J\u00e1na-Cikkera.pdf\" class=\"wp-block-file__button\" download>Stiahnu\u0165<\/a><\/div>\n\n\n\n<div class=\"wp-block-file\"><a href=\"https:\/\/www.zusjcbb.sk\/wp-content\/uploads\/2021\/01\/39_Darovacia-zmluva-\u010d.4-2019-Rodi\u010dovsk\u00e9-zdru\u017eenie-pri-Z\u00e1kladnej-umeleckej-\u0161kole-J\u00e1na-Cikkera.pdf\">39_Darovacia zmluva \u010d.4-2019 &#8211; Rodi\u010dovsk\u00e9 zdru\u017eenie pri Z\u00e1kladnej umeleckej \u0161kole J\u00e1na Cikkera<\/a><a href=\"https:\/\/www.zusjcbb.sk\/wp-content\/uploads\/2021\/01\/39_Darovacia-zmluva-\u010d.4-2019-Rodi\u010dovsk\u00e9-zdru\u017eenie-pri-Z\u00e1kladnej-umeleckej-\u0161kole-J\u00e1na-Cikkera.pdf\" class=\"wp-block-file__button\" download>Stiahnu\u0165<\/a><\/div>\n\n\n\n<div class=\"wp-block-file\"><a href=\"https:\/\/www.zusjcbb.sk\/wp-content\/uploads\/2021\/01\/40_Zmluva-\u010d.-06-01-2020-685-RO-vykon\u00e1vanie-slu\u017eieb-BOZP-PO-CO-Pyroboss-s.r.o..pdf\">40_Zmluva \u010d. 06-01-2020-685-RO &#8211; vykon\u00e1vanie slu\u017eieb BOZP, PO CO &#8211; Pyroboss s.r.o.<\/a><a href=\"https:\/\/www.zusjcbb.sk\/wp-content\/uploads\/2021\/01\/40_Zmluva-\u010d.-06-01-2020-685-RO-vykon\u00e1vanie-slu\u017eieb-BOZP-PO-CO-Pyroboss-s.r.o..pdf\" class=\"wp-block-file__button\" download>Stiahnu\u0165<\/a><\/div>\n\n\n\n<div class=\"wp-block-file\"><a href=\"https:\/\/www.zusjcbb.sk\/wp-content\/uploads\/2021\/01\/41_Zmluva-o-poskytnut\u00ed-spr\u00e1vcovstva-servisu-na-po\u010d\u00edta\u010dov\u00e9-zostavy-Elis-s.r.o..pdf\">41_Zmluva o poskytnut\u00ed spr\u00e1vcovstva, servisu na po\u010d\u00edta\u010dov\u00e9 zostavy &#8211; Elis s.r.o.<\/a><a href=\"https:\/\/www.zusjcbb.sk\/wp-content\/uploads\/2021\/01\/41_Zmluva-o-poskytnut\u00ed-spr\u00e1vcovstva-servisu-na-po\u010d\u00edta\u010dov\u00e9-zostavy-Elis-s.r.o..pdf\" class=\"wp-block-file__button\" download>Stiahnu\u0165<\/a><\/div>\n","protected":false},"excerpt":{"rendered":"<p>35_Zmluva o dod\u00e1vke elektriny s prevzatou zodpovednos\u0165ou za odch\u00fdlku a distrib\u00facii elektriny \u010d. 2463-2019-PS-UMK &#8211; Powen a.s., zverejnen\u00e9 na str\u00e1nke Mesta Bansk\u00e1 Bystrica<\/p>\n","protected":false},"author":3,"featured_media":0,"parent":0,"menu_order":0,"comment_status":"closed","ping_status":"closed","template":"","meta":{"neve_meta_sidebar":"","neve_meta_container":"","neve_meta_enable_content_width":"","neve_meta_content_width":0,"neve_meta_title_alignment":"","neve_meta_author_avatar":"","neve_post_elements_order":"","neve_meta_disable_header":"","neve_meta_disable_footer":"","neve_meta_disable_title":""},"_links":{"self":[{"href":"https:\/\/www.zusjcbb.sk\/index.php?rest_route=\/wp\/v2\/pages\/5583"}],"collection":[{"href":"https:\/\/www.zusjcbb.sk\/index.php?rest_route=\/wp\/v2\/pages"}],"about":[{"href":"https:\/\/www.zusjcbb.sk\/index.php?rest_route=\/wp\/v2\/types\/page"}],"author":[{"embeddable":true,"href":"https:\/\/www.zusjcbb.sk\/index.php?rest_route=\/wp\/v2\/users\/3"}],"replies":[{"embeddable":true,"href":"https:\/\/www.zusjcbb.sk\/index.php?rest_route=%2Fwp%2Fv2%2Fcomments&post=5583"}],"version-history":[{"count":13,"href":"https:\/\/www.zusjcbb.sk\/index.php?rest_route=\/wp\/v2\/pages\/5583\/revisions"}],"predecessor-version":[{"id":7911,"href":"https:\/\/www.zusjcbb.sk\/index.php?rest_route=\/wp\/v2\/pages\/5583\/revisions\/7911"}],"wp:attachment":[{"href":"https:\/\/www.zusjcbb.sk\/index.php?rest_route=%2Fwp%2Fv2%2Fmedia&parent=5583"}],"curies":[{"name":"wp","href":"https:\/\/api.w.org\/{rel}","templated":true}]}}