{"id":6077,"date":"2019-05-23T09:38:50","date_gmt":"2019-05-23T07:38:50","guid":{"rendered":"http:\/\/www.zusjcbb.sk\/?page_id=6077"},"modified":"2019-05-23T11:13:08","modified_gmt":"2019-05-23T09:13:08","slug":"vysledky-dis-2019-v-solovom-speve","status":"publish","type":"page","link":"https:\/\/www.zusjcbb.sk\/?page_id=6077","title":{"rendered":"V\u00ddSLEDKY DIS 2019 V S\u00d3LOVOM SPEVE"},"content":{"rendered":"\n<h2 style=\"text-align:center\"><strong>VYHODNOTENIE<\/strong><\/h2>\n\n\n\n<h2 style=\"text-align:center\"><strong>Detskej interpreta\u010dnej s\u00fa\u0165a\u017ee<\/strong><\/h2>\n\n\n\n<h2 style=\"text-align:center\"><strong>&nbsp;v&nbsp;s\u00f3lovom speve<\/strong><\/h2>\n\n\n\n<p style=\"text-align:center\"><strong>v r\u00e1mci XXVII. ro\u010dn\u00edka Detsk\u00e9ho hudobn\u00e9ho festivalu<\/strong><\/p>\n\n\n\n<p style=\"text-align:center\"><strong>J\u00e1na Cikkera v&nbsp;Banskej Bystrici<\/strong><\/p>\n\n\n\n<p style=\"text-align:center\"><strong>15.&nbsp;\u2013 17.&nbsp;m\u00e1j 2019<\/strong><\/p>\n\n\n\n<p style=\"text-align:center\">*<\/p>\n\n\n\n<h2 style=\"text-align:center\"><strong>TITUL<\/strong><\/h2>\n\n\n\n<h2 style=\"text-align:center\"><strong>LAURE\u00c1T FESTIVALU<\/strong><\/h2>\n\n\n\n<p><strong>Kristi\u00e1n GUTTEK, ZU\u0160 M. Vileca, Bardejov <\/strong><\/p>\n\n\n\n<p><strong>Pedag\u00f3g: Mgr. Anna CHODEKOV\u00c1<\/strong><\/p>\n\n\n\n<p style=\"text-align:center\">*<\/p>\n\n\n\n<h2 style=\"text-align:center\"><strong>MIMORIADNE OCENENIA<\/strong><\/h2>\n\n\n\n<h2 style=\"text-align:center\"><strong>CENA J\u00c1NA CIKKERA<\/strong><\/h2>\n\n\n\n<p><strong>za p\u00f4vodn\u00fa skladbu slovensk\u00e9ho autora<\/strong><\/p>\n\n\n\n<p><strong>Rebeka HEN\u017dE\u013dOV\u00c1, ZU\u0160 Polt\u00e1r&nbsp;za skladbu&nbsp;od Pavla Kr\u0161ku: Fialka<\/strong><\/p>\n\n\n\n<h2 style=\"text-align:center\"><strong>CENA PRIM\u00c1TORA MESTA\nBANSK\u00c1 BYSTRICA<\/strong><\/h2>\n\n\n\n<p><strong>Tade\u00e1\u0161 KO\u0160\u00cdK, ZU\u0160 J\u00e1na Cikkera Bansk\u00e1\nBystrica<\/strong><\/p>\n\n\n\n<h2 style=\"text-align:center\"><strong>DIPLOM ZA NAJLEP\u0160IU\nDRAMATURGIU S\u00da\u0164A\u017dN\u00c9HO PROGRAMU<\/strong><\/h2>\n\n\n\n<p><strong>Mgr. Sl\u00e1vka KOVAL\u00cdKOV\u00c1, DiS. art., ZU\u0160 Sabinov<\/strong><\/p>\n\n\n\n<h2 style=\"text-align:center\"><strong>CENA DARINKY TUR\u0147OVEJ ZA NAJLEP\u0160IU KLAV\u00cdRNU SPOLUPR\u00c1CU<\/strong><\/h2>\n\n\n\n<p><strong>Mgr. art. Zuzana SOCHU\u013d\u00c1KOV\u00c1, ZU\u0160 J\u00e1na Cikkera Bansk\u00e1 Bystrica<\/strong><\/p>\n\n\n\n<h2 style=\"text-align:center\"><strong>CENA PRE NAJMLAD\u0160IEHO \u00da\u010cASTN\u00cdKA<\/strong><\/h2>\n\n\n\n<p><strong>Nat\u00e1lia FUJKOV\u00c1, ZU\u0160 J\u00e1na Cikkera Bansk\u00e1 Bystrica<\/strong><\/p>\n\n\n\n<h2 style=\"text-align:center\"><strong>DIPLOM ZA \u00daSPE\u0160N\u00da PEDAGOGICK\u00da PR\u00cdPRAVU \u017dIAKOV<\/strong><\/h2>\n\n\n\n<p><strong>Mgr. Dagmar V\u00ddVLEKOV\u00c1, DiS. art., ZU\u0160 Polt\u00e1r<\/strong><\/p>\n\n\n\n<p style=\"text-align:center\">*<\/p>\n\n\n\n<h2 style=\"text-align:center\"><strong>1. kateg\u00f3ria<\/strong><\/h2>\n\n\n\n<p style=\"text-align:center\"><strong>BRONZOV\u00c9 P\u00c1SMO<\/strong><\/p>\n\n\n\n<p>Matias\nKola\u010dkovsk\u00fd, ZU\u0160 J.Melkovi\u010da, Star\u00e1 \u013dubov\u0148a <\/p>\n\n\n\n<p style=\"text-align:center\"><strong>STRIEBORN\u00c9 P\u00c1SMO<\/strong><\/p>\n\n\n\n<p>Nat\u00e1lia\nHolicov\u00e1, ZU\u0160 J. Cikkera, Bansk\u00e1 Bystrica&nbsp;&nbsp;&nbsp;&nbsp;\n<\/p>\n\n\n\n<p>Simona\nBystrianska, ZU\u0160 J. Cikkera, Bansk\u00e1 Bystrica <\/p>\n\n\n\n<p>Lujza\nL\u00f6rincz, ZU\u0160 J. Cikkera, Bansk\u00e1 Bystrica&nbsp;&nbsp;&nbsp;&nbsp;&nbsp;&nbsp;&nbsp;&nbsp;&nbsp; <\/p>\n\n\n\n<p>M\u00e1ria\nBudayov\u00e1, ZU\u0160 J. Cikkera, Bansk\u00e1 Bystrica&nbsp;&nbsp;&nbsp;&nbsp;&nbsp;\n<\/p>\n\n\n\n<p>Nat\u00e1lia\nFujkov\u00e1, ZU\u0160 J. Cikkera, Bansk\u00e1 Bystrica&nbsp;&nbsp;&nbsp;&nbsp;&nbsp;&nbsp;\n<\/p>\n\n\n\n<p>Jozef\nV\u00e1clav\u00edk, ZU\u0160 \u0160a\u013ea&nbsp;&nbsp;&nbsp;&nbsp;&nbsp;&nbsp;&nbsp;&nbsp;&nbsp;&nbsp;&nbsp;&nbsp;&nbsp;&nbsp;&nbsp; <\/p>\n\n\n\n<p>Nela\nHyriakov\u00e1 , ZU\u0160 J. Cikkera, Bansk\u00e1 Bystrica&nbsp;&nbsp;&nbsp;&nbsp;&nbsp;\n<\/p>\n\n\n\n<p style=\"text-align:center\"><strong>ZLAT\u00c9 P\u00c1SMO<\/strong><\/p>\n\n\n\n<p>Benjam\u00edn\nKo\u0161\u00edk, ZU\u0160 J. Cikkera, Bansk\u00e1 Bystrica&nbsp;&nbsp;&nbsp;&nbsp;&nbsp;&nbsp;\n<\/p>\n\n\n\n<p>Sebasti\u00e1n\nMoln\u00e1r, ZU\u0160 Senec&nbsp;&nbsp;&nbsp;&nbsp;&nbsp;&nbsp;&nbsp;&nbsp;&nbsp;&nbsp;&nbsp;&nbsp;&nbsp;&nbsp;&nbsp;&nbsp;&nbsp;&nbsp;&nbsp;&nbsp;&nbsp;&nbsp;&nbsp;&nbsp;&nbsp;&nbsp;&nbsp;&nbsp;&nbsp;&nbsp;&nbsp;&nbsp;&nbsp;&nbsp;&nbsp; <\/p>\n\n\n\n<p>Rebeka\nHen\u017ee\u013eov\u00e1, ZU\u0160 Polt\u00e1r&nbsp;&nbsp;&nbsp;&nbsp;&nbsp;&nbsp;&nbsp;&nbsp;&nbsp;&nbsp;&nbsp;&nbsp;&nbsp;&nbsp;&nbsp;&nbsp;&nbsp;&nbsp;&nbsp;&nbsp;&nbsp;&nbsp;&nbsp;&nbsp;&nbsp;&nbsp;&nbsp;&nbsp;&nbsp;&nbsp;&nbsp;&nbsp;&nbsp; <\/p>\n\n\n\n<p>Vanesa\nMichal\u00edkov\u00e1, ZU\u0160 Sabinov&nbsp;&nbsp;&nbsp;&nbsp;&nbsp;&nbsp;&nbsp;&nbsp;&nbsp;&nbsp;&nbsp;&nbsp;&nbsp;&nbsp;&nbsp;&nbsp;&nbsp;&nbsp;&nbsp;&nbsp;&nbsp;&nbsp;&nbsp;&nbsp;&nbsp;&nbsp;&nbsp;&nbsp;&nbsp;&nbsp; <\/p>\n\n\n\n<p>Luk\u00e1\u0161 \u010cerven\u00fd, ZU\u0160 Nov\u00e9 Z\u00e1mky&nbsp;&nbsp;&nbsp;&nbsp;&nbsp;&nbsp;&nbsp;&nbsp;&nbsp;&nbsp;&nbsp;&nbsp;&nbsp;&nbsp;&nbsp;&nbsp;&nbsp;&nbsp;&nbsp;&nbsp;&nbsp;&nbsp;&nbsp;&nbsp;&nbsp;&nbsp;&nbsp;&nbsp;&nbsp;&nbsp; <\/p>\n\n\n\n<p>Petra\nTuro\u0148ov\u00e1, ZU\u0160 Polt\u00e1r&nbsp;&nbsp;&nbsp;&nbsp;&nbsp;&nbsp;&nbsp;&nbsp;&nbsp;&nbsp;&nbsp;&nbsp;&nbsp;&nbsp;&nbsp;&nbsp;&nbsp;&nbsp;&nbsp;&nbsp;&nbsp;&nbsp;&nbsp;&nbsp;&nbsp;&nbsp;&nbsp;&nbsp;&nbsp;&nbsp;&nbsp;&nbsp;&nbsp;&nbsp;&nbsp;&nbsp;&nbsp;&nbsp; <\/p>\n\n\n\n<h2 style=\"text-align:center\"><strong>2. kateg\u00f3ria<\/strong><\/h2>\n\n\n\n<p style=\"text-align:center\"><strong>BRONZOV\u00c9 P\u00c1SMO<\/strong><\/p>\n\n\n\n<p>Aneta\nVargov\u00e1, ZU\u0160 Sabinov&nbsp;&nbsp;&nbsp;&nbsp;&nbsp;&nbsp;&nbsp;&nbsp;&nbsp;&nbsp;&nbsp;&nbsp;&nbsp;&nbsp;&nbsp;&nbsp;&nbsp;&nbsp;&nbsp;&nbsp;&nbsp;&nbsp;&nbsp;&nbsp;\n&nbsp;&nbsp;&nbsp;&nbsp;&nbsp;&nbsp;&nbsp;&nbsp;&nbsp;&nbsp;&nbsp;&nbsp;&nbsp;&nbsp;&nbsp;&nbsp;&nbsp;<\/p>\n\n\n\n<p>Evan\nEr\u00f6s, ZU\u0160 Nov\u00e9 Z\u00e1mky&nbsp;&nbsp;&nbsp;&nbsp;&nbsp;&nbsp;&nbsp;&nbsp;&nbsp;&nbsp;&nbsp;&nbsp;&nbsp;&nbsp;&nbsp;&nbsp;&nbsp;&nbsp;&nbsp;&nbsp;&nbsp;&nbsp;&nbsp;&nbsp;&nbsp;&nbsp;&nbsp;&nbsp;&nbsp;&nbsp;&nbsp;&nbsp;&nbsp;&nbsp;&nbsp;&nbsp;&nbsp;&nbsp;&nbsp;&nbsp;&nbsp; <\/p>\n\n\n\n<p>Hana\nZelinkov\u00e1, ZU\u0160 J. Cikkera, Bansk\u00e1 Bystrica&nbsp;&nbsp;&nbsp;&nbsp;&nbsp;&nbsp;&nbsp;&nbsp;&nbsp;&nbsp; <\/p>\n\n\n\n<p>Barborka\nOndrejkov\u00e1, ZU\u0160 J. Cikkera, Bansk\u00e1 Bystrica <\/p>\n\n\n\n<p>Zuzana \u0160kurlov\u00e1, ZU\u0160 Sabinov&nbsp;&nbsp;&nbsp;&nbsp;&nbsp;&nbsp;&nbsp;&nbsp;&nbsp;&nbsp;&nbsp;&nbsp;&nbsp;&nbsp;&nbsp;&nbsp;&nbsp;&nbsp;&nbsp;&nbsp;&nbsp;&nbsp;&nbsp;&nbsp;&nbsp;&nbsp;&nbsp;&nbsp;&nbsp;&nbsp;&nbsp;&nbsp;&nbsp;&nbsp;&nbsp;&nbsp;&nbsp;&nbsp; <\/p>\n\n\n\n<p style=\"text-align:center\"><strong>STRIEBORN\u00c9 P\u00c1SMO<\/strong><\/p>\n\n\n\n<p>Nela\nKolivo\u0161kov\u00e1, CZU\u0160 Sv. Mikul\u00e1\u0161a, Pre\u0161ov&nbsp;&nbsp;&nbsp;&nbsp;&nbsp;&nbsp;&nbsp;&nbsp;&nbsp;&nbsp;&nbsp;&nbsp;&nbsp;&nbsp;&nbsp;&nbsp;&nbsp; <\/p>\n\n\n\n<p>Sofia\nMelicher\u010d\u00edkov\u00e1, ZU\u0160 O\u010dov\u00e1&nbsp;&nbsp;&nbsp;&nbsp;&nbsp;&nbsp;&nbsp;&nbsp;&nbsp;&nbsp;&nbsp;&nbsp;&nbsp;&nbsp;&nbsp;&nbsp;&nbsp;&nbsp;&nbsp;&nbsp;&nbsp;&nbsp;&nbsp;&nbsp;&nbsp;&nbsp;&nbsp;&nbsp;&nbsp;&nbsp;&nbsp;&nbsp;&nbsp; <\/p>\n\n\n\n<p>Ema\nKo\u0161tialov\u00e1, ZU\u0160 J. Cikkera, Bansk\u00e1 Bystrica&nbsp;&nbsp;&nbsp;&nbsp;&nbsp;&nbsp;&nbsp;&nbsp;&nbsp;&nbsp; <\/p>\n\n\n\n<p>Emily\nBudayov\u00e1, ZU\u0160 J. Cikkera, Bansk\u00e1 Bystrica&nbsp;&nbsp;&nbsp;&nbsp;&nbsp;&nbsp;&nbsp;&nbsp;&nbsp; <\/p>\n\n\n\n<p>Veronika\nKov\u00e1\u010dov\u00e1, CZU\u0160 Sv. Mikul\u00e1\u0161a, Pre\u0161ov&nbsp;&nbsp;&nbsp;&nbsp;&nbsp;&nbsp;&nbsp;&nbsp;&nbsp;&nbsp;&nbsp;&nbsp;&nbsp;&nbsp; <\/p>\n\n\n\n<p>Tobi\u00e1\u0161\nFa\u0161anok, ZU\u0160 \u0160a\u013ea&nbsp;&nbsp;&nbsp;&nbsp;&nbsp;&nbsp;&nbsp;&nbsp;&nbsp;&nbsp;&nbsp;&nbsp;&nbsp;&nbsp;&nbsp;&nbsp;&nbsp;&nbsp;&nbsp;&nbsp;&nbsp;&nbsp;&nbsp;&nbsp;&nbsp;&nbsp;&nbsp;&nbsp;&nbsp;&nbsp;&nbsp;&nbsp;&nbsp;&nbsp;&nbsp;&nbsp;&nbsp;&nbsp;&nbsp;&nbsp;&nbsp;&nbsp;&nbsp;&nbsp;&nbsp; <\/p>\n\n\n\n<p>Marek\nDiko\u0161, ZU\u0160 L. \u00c1rvaya, \u017dilina&nbsp;&nbsp;&nbsp;&nbsp;&nbsp;&nbsp;&nbsp;&nbsp;&nbsp;&nbsp;&nbsp;&nbsp;&nbsp;&nbsp;&nbsp;&nbsp;&nbsp;&nbsp;&nbsp;&nbsp;&nbsp;&nbsp;&nbsp;&nbsp;&nbsp;&nbsp;&nbsp;&nbsp;&nbsp;&nbsp;&nbsp; <\/p>\n\n\n\n<p>Hana Nejedl\u00edkov\u00e1, ZU\u0160 \u0160a\u013ea<strong>&nbsp;&nbsp;&nbsp;&nbsp;&nbsp;&nbsp;&nbsp;&nbsp;&nbsp;&nbsp;&nbsp;&nbsp;&nbsp;&nbsp;&nbsp;&nbsp;&nbsp;&nbsp;&nbsp;&nbsp;&nbsp; <\/strong><\/p>\n\n\n\n<p style=\"text-align:center\"><strong>ZLAT\u00c9 P\u00c1SMO<\/strong><\/p>\n\n\n\n<p>Tade\u00e1\u0161 Ko\u0161\u00edk, ZU\u0160 J. Cikkera, Bansk\u00e1 Bystrica&nbsp;&nbsp;&nbsp;&nbsp;&nbsp;&nbsp;&nbsp;&nbsp;&nbsp;&nbsp;&nbsp;&nbsp;&nbsp; <\/p>\n\n\n\n<p>Karol\u00edna Pavl\u00ed\u010dkov\u00e1, ZU\u0160 H\u00e1lkova,\nBratislava<strong>&nbsp;&nbsp;&nbsp;&nbsp;&nbsp;&nbsp;&nbsp;&nbsp;&nbsp;&nbsp;&nbsp;\n<\/strong><\/p>\n\n\n\n<h2 style=\"text-align:center\"><strong>3. kateg\u00f3ria<\/strong><\/h2>\n\n\n\n<p style=\"text-align:center\"><strong>BRONZOV\u00c9 P\u00c1SMO<\/strong><\/p>\n\n\n\n<p>Milan\nGeri\u010d, ZU\u0160 Senec&nbsp;&nbsp;&nbsp;&nbsp;&nbsp;&nbsp;&nbsp;&nbsp;&nbsp;&nbsp;&nbsp;&nbsp;&nbsp;&nbsp;&nbsp;&nbsp;&nbsp;&nbsp;&nbsp;&nbsp;&nbsp;&nbsp;&nbsp;&nbsp;&nbsp;&nbsp;&nbsp;&nbsp;&nbsp;&nbsp;&nbsp;&nbsp;&nbsp;&nbsp;&nbsp;&nbsp;&nbsp;&nbsp;&nbsp;&nbsp;&nbsp;&nbsp;&nbsp; <\/p>\n\n\n\n<p>Aneta\nKubincov\u00e1, ZU\u0160 J. Cikkera, Bansk\u00e1 Bystrica&nbsp;&nbsp;\n<\/p>\n\n\n\n<p>Timotej\nKova\u010dech, ZU\u0160 J. Cikkera, Bansk\u00e1 Bystrica <\/p>\n\n\n\n<p>Ela \u0160ullov\u00e1, ZU\u0160 J. Cikkera, Bansk\u00e1 Bystrica\u00a0\u00a0\u00a0\u00a0\u00a0\u00a0\u00a0\u00a0\u00a0\u00a0 <\/p>\n\n\n\n<p>Katar\u00edna Str\u00e1ska, ZU\u0160 Ni\u017en\u00e9 Kamence&nbsp;&nbsp;&nbsp;&nbsp;&nbsp;&nbsp;&nbsp;&nbsp;&nbsp;&nbsp;&nbsp;&nbsp;&nbsp;&nbsp;&nbsp;&nbsp;&nbsp;&nbsp;&nbsp; <\/p>\n\n\n\n<p style=\"text-align:center\"><strong>STRIEBORN\u00c9 P\u00c1SMO<\/strong><\/p>\n\n\n\n<p>Katar\u00edna\nSadlo\u0148ov\u00e1, ZU\u0160 Senica&nbsp;&nbsp;&nbsp;&nbsp;&nbsp;&nbsp;&nbsp;&nbsp;&nbsp;&nbsp;&nbsp;&nbsp;&nbsp;&nbsp;&nbsp;&nbsp;&nbsp;&nbsp;&nbsp;&nbsp;&nbsp;&nbsp;&nbsp;&nbsp;&nbsp;&nbsp;&nbsp;&nbsp;&nbsp;&nbsp;&nbsp;&nbsp; <\/p>\n\n\n\n<p>Michaela\nVr\u00e1blikov\u00e1, ZU\u0160 H\u00e1lkova, Bratislava&nbsp;&nbsp;&nbsp;&nbsp;&nbsp;&nbsp;&nbsp;&nbsp;&nbsp;&nbsp;&nbsp;\n<\/p>\n\n\n\n<p>Vivien\n\u010conkov\u00e1, ZU\u0160 L. \u00c1rvaya, \u017dilina&nbsp;&nbsp;&nbsp;&nbsp;&nbsp;&nbsp;&nbsp;&nbsp;&nbsp;&nbsp;&nbsp;&nbsp;&nbsp;&nbsp;&nbsp;&nbsp;&nbsp;&nbsp;&nbsp;&nbsp;&nbsp;&nbsp;&nbsp;&nbsp; <\/p>\n\n\n\n<p>Pavel\nB\u00edzik, ZU\u0160 O\u010dov\u00e1&nbsp;&nbsp;&nbsp;&nbsp;&nbsp;&nbsp;&nbsp;&nbsp;&nbsp;&nbsp;&nbsp;&nbsp;&nbsp;&nbsp;&nbsp;&nbsp;&nbsp;&nbsp;&nbsp;&nbsp; &nbsp;&nbsp;&nbsp;&nbsp;&nbsp;&nbsp;&nbsp;&nbsp;&nbsp;&nbsp;&nbsp;&nbsp;&nbsp;&nbsp;&nbsp;&nbsp;&nbsp;&nbsp;&nbsp;&nbsp;&nbsp;&nbsp;&nbsp;&nbsp;&nbsp;&nbsp;<\/p>\n\n\n\n<p>Vikt\u00f3ria Strakov\u00e1, ZU\u0160 \u0160irok\u00e9&nbsp;&nbsp;&nbsp;&nbsp;&nbsp;&nbsp;&nbsp;&nbsp;&nbsp;&nbsp;&nbsp;&nbsp;&nbsp;&nbsp;&nbsp;&nbsp;&nbsp;&nbsp;&nbsp;&nbsp;&nbsp;&nbsp;&nbsp;&nbsp;&nbsp;&nbsp;&nbsp;&nbsp;&nbsp;&nbsp;&nbsp;&nbsp;&nbsp;&nbsp; <\/p>\n\n\n\n<p style=\"text-align:center\"><strong>ZLAT\u00c9 P\u00c1SMO<\/strong><\/p>\n\n\n\n<p>Andrea\nHol\u00e1, ZU\u0160 L. \u00c1rvaya, \u017dilina&nbsp;&nbsp;&nbsp;&nbsp;&nbsp;&nbsp;&nbsp;&nbsp;&nbsp;&nbsp;&nbsp;&nbsp;&nbsp;&nbsp;&nbsp;&nbsp;&nbsp;&nbsp;&nbsp;&nbsp;&nbsp;&nbsp;&nbsp;&nbsp;&nbsp;&nbsp;&nbsp; <\/p>\n\n\n\n<p>Ter\u00e9zia\nBa\u0148asov\u00e1, ZU\u0160 Sabinov&nbsp;&nbsp;&nbsp;&nbsp;&nbsp;&nbsp;&nbsp;&nbsp;&nbsp;&nbsp;&nbsp;&nbsp;&nbsp;&nbsp;&nbsp;&nbsp;&nbsp;&nbsp;&nbsp;&nbsp;&nbsp;&nbsp;&nbsp;&nbsp;&nbsp;&nbsp;&nbsp;&nbsp;&nbsp;&nbsp;&nbsp;&nbsp; <\/p>\n\n\n\n<p>Samuel\nChromiak, ZU\u0160 L. \u00c1rvaya, \u017dilina &nbsp;&nbsp;&nbsp;&nbsp;&nbsp;&nbsp;&nbsp;&nbsp;&nbsp;&nbsp;&nbsp;&nbsp;&nbsp;&nbsp;&nbsp;&nbsp;&nbsp;&nbsp;&nbsp;&nbsp;<\/p>\n\n\n\n<p>S\u00e1ra\nPartlov\u00e1, ZU\u0160 Polt\u00e1r&nbsp;&nbsp;&nbsp;&nbsp;&nbsp;&nbsp;&nbsp;&nbsp;&nbsp;&nbsp;&nbsp;&nbsp;&nbsp;&nbsp;&nbsp;&nbsp;&nbsp;&nbsp;&nbsp;&nbsp;&nbsp;&nbsp;&nbsp;&nbsp;&nbsp;&nbsp;&nbsp;&nbsp;&nbsp;&nbsp;&nbsp;&nbsp;&nbsp;&nbsp;&nbsp;&nbsp;&nbsp;&nbsp;&nbsp;&nbsp;&nbsp; <\/p>\n\n\n\n<p>Kristi\u00e1n Guttek, ZU\u0160 M. Vileca, Bardejov&nbsp;&nbsp;&nbsp;&nbsp;&nbsp;&nbsp;&nbsp;&nbsp;&nbsp; <\/p>\n\n\n\n<h2 style=\"text-align:center\"><strong>4<\/strong>.&nbsp;<strong>kateg\u00f3ria<\/strong><\/h2>\n\n\n\n<p style=\"text-align:center\"><strong>STRIEBORN\u00c9 P\u00c1SMO<\/strong><\/p>\n\n\n\n<p>Adri\u00e1na\n\u0160imkov\u00e1, ZU\u0160 L. \u00c1rvaya, \u017dilina&nbsp;&nbsp;&nbsp;&nbsp;&nbsp;&nbsp;&nbsp;&nbsp;&nbsp;&nbsp;&nbsp;&nbsp;&nbsp;&nbsp;&nbsp;&nbsp;&nbsp;&nbsp;&nbsp;&nbsp;&nbsp;&nbsp;&nbsp;&nbsp; <\/p>\n\n\n\n<p>Benjam\u00edn\nRud\u00edk, ZU\u0160 O\u010dov\u00e1&nbsp;&nbsp;&nbsp;&nbsp;&nbsp;&nbsp;&nbsp;&nbsp;&nbsp;&nbsp;&nbsp;&nbsp;&nbsp;&nbsp;&nbsp;&nbsp;&nbsp;&nbsp;&nbsp;&nbsp;&nbsp;&nbsp;&nbsp;&nbsp;&nbsp;&nbsp;&nbsp;&nbsp;&nbsp;&nbsp;&nbsp;&nbsp;&nbsp;&nbsp;&nbsp;&nbsp;&nbsp;&nbsp;&nbsp;&nbsp;&nbsp; <\/p>\n\n\n\n<p>Tom\u00e1\u0161\nTrutz, ZU\u0160 J. Kres\u00e1nka, Bratislava&nbsp;&nbsp;&nbsp;&nbsp;&nbsp;&nbsp;&nbsp;&nbsp;&nbsp;&nbsp;&nbsp;&nbsp;&nbsp;&nbsp;&nbsp;&nbsp;&nbsp;&nbsp;&nbsp; <\/p>\n\n\n\n<p>Andrea\nSnopkov\u00e1, ZU\u0160 J. Cikkera, Bansk\u00e1 Bystrica&nbsp;&nbsp;&nbsp;&nbsp;&nbsp;\n<\/p>\n\n\n\n<p style=\"text-align:center\">*<\/p>\n\n\n\n<h2 style=\"text-align:center\"><strong>Koncert v\u00ed\u0165azov DIS <\/strong><\/h2>\n\n\n\n<p><strong>1. kateg\u00f3ria<\/strong><\/p>\n\n\n\n<p>&nbsp;Petra Turo\u0148ov\u00e1, ZU\u0160 Polt\u00e1r, korep. Oleg Kov\u00e1\u010d,DiS. art.<\/p>\n\n\n\n<ul><li>I.\nHorv\u00e1th: Sedmokr\u00e1ska<\/li><\/ul>\n\n\n\n<figure class=\"wp-block-embed-youtube wp-block-embed is-type-video is-provider-youtube wp-embed-aspect-16-9 wp-has-aspect-ratio\"><div class=\"wp-block-embed__wrapper\">\n<div class=\"nv-iframe-embed\"><iframe loading=\"lazy\" title=\"Koncert v\u00ed\u0165azov DIS 2019 ZU\u0160 J. Cikkera Bansk\u00e1 Bystrica\" width=\"1200\" height=\"675\" src=\"https:\/\/www.youtube.com\/embed\/Py6s71GWbeQ?feature=oembed\" frameborder=\"0\" allow=\"accelerometer; autoplay; clipboard-write; encrypted-media; gyroscope; picture-in-picture\" allowfullscreen><\/iframe><\/div>\n<\/div><\/figure>\n\n\n\n<p><strong>2. kateg\u00f3ria<\/strong><\/p>\n\n\n\n<p>Tade\u00e1\u0161\nKo\u0161\u00edk , ZU\u0160 J: Cikkera, Bansk\u00e1 Bystrica : korep. Mgr. art. Zuzana Sochu\u013e\u00e1kov\u00e1<\/p>\n\n\n\n<ul><li>Peter\nGu\u013eas: Kino<\/li><\/ul>\n\n\n\n<figure class=\"wp-block-embed-youtube wp-block-embed is-type-video is-provider-youtube wp-embed-aspect-16-9 wp-has-aspect-ratio\"><div class=\"wp-block-embed__wrapper\">\n<div class=\"nv-iframe-embed\"><iframe loading=\"lazy\" title=\"Koncert v\u00ed\u0165azov DIS 2019 ZU\u0160 J. Cikkera Bansk\u00e1 Bystrica\" width=\"1200\" height=\"675\" src=\"https:\/\/www.youtube.com\/embed\/ZMpn4aT4P5U?feature=oembed\" frameborder=\"0\" allow=\"accelerometer; autoplay; clipboard-write; encrypted-media; gyroscope; picture-in-picture\" allowfullscreen><\/iframe><\/div>\n<\/div><\/figure>\n\n\n\n<p>Karol\u00ednaPavl\u00ed\u010dkov\u00e1, ZU\u0160 H\u00e1lkova, Bratislava,&nbsp; korep. Val\u00e9r Miko<\/p>\n\n\n\n<ul><li>Igor\nB\u00e1zlik: SOS<\/li><\/ul>\n\n\n\n<figure class=\"wp-block-embed-youtube wp-block-embed is-type-video is-provider-youtube wp-embed-aspect-16-9 wp-has-aspect-ratio\"><div class=\"wp-block-embed__wrapper\">\n<div class=\"nv-iframe-embed\"><iframe loading=\"lazy\" title=\"Koncert v\u00ed\u0165azov DIS 2019 ZU\u0160 J. Cikkera Bansk\u00e1 Bystrica\" width=\"1200\" height=\"675\" src=\"https:\/\/www.youtube.com\/embed\/WSNVNcaPo9Y?feature=oembed\" frameborder=\"0\" allow=\"accelerometer; autoplay; clipboard-write; encrypted-media; gyroscope; picture-in-picture\" allowfullscreen><\/iframe><\/div>\n<\/div><\/figure>\n\n\n\n<p><strong>3. kateg\u00f3ria<\/strong><\/p>\n\n\n\n<p>&nbsp;Kristi\u00e1n Guttek, ZU\u0160 M. Vileca, Bardejov, korep. Franti\u0161ek Pal\u0161a<\/p>\n\n\n\n<p>&nbsp;&nbsp;&nbsp;&nbsp; &nbsp;\u2013 Bed\u0159ich Smetana:&nbsp; Nekamenujte proroky <\/p>\n\n\n\n<p><\/p>\n\n\n\n<p><strong>4. kateg\u00f3ria<\/strong><\/p>\n\n\n\n<p>AndreaSnopkov\u00e1, ZU\u0160 J. Cikkera, Bansk\u00e1 Bystrica, korep. Peter Dekr\u00e9t<\/p>\n\n\n\n<ul><li>V\u00edt\u011bzslav\nNov\u00e1k: Ru\u017ei\u010dka<\/li><\/ul>\n\n\n\n<figure class=\"wp-block-embed-youtube wp-block-embed is-type-video is-provider-youtube wp-embed-aspect-16-9 wp-has-aspect-ratio\"><div class=\"wp-block-embed__wrapper\">\n<div class=\"nv-iframe-embed\"><iframe loading=\"lazy\" title=\"Koncert v\u00ed\u0165azov DIS 2019 ZU\u0160 J. Cikkera Bansk\u00e1 Bystrica\" width=\"1200\" height=\"675\" src=\"https:\/\/www.youtube.com\/embed\/eKC3LLUZWDY?feature=oembed\" frameborder=\"0\" allow=\"accelerometer; autoplay; clipboard-write; encrypted-media; gyroscope; picture-in-picture\" allowfullscreen><\/iframe><\/div>\n<\/div><\/figure>\n","protected":false},"excerpt":{"rendered":"<p>VYHODNOTENIE Detskej interpreta\u010dnej s\u00fa\u0165a\u017ee &nbsp;v&nbsp;s\u00f3lovom speve v r\u00e1mci XXVII. ro\u010dn\u00edka Detsk\u00e9ho hudobn\u00e9ho festivalu J\u00e1na Cikkera v&nbsp;Banskej Bystrici 15.&nbsp;\u2013 17.&nbsp;m\u00e1j 2019 * TITUL LAURE\u00c1T FESTIVALU Kristi\u00e1n GUTTEK, ZU\u0160 M. Vileca, Bardejov Pedag\u00f3g: Mgr. Anna CHODEKOV\u00c1 * MIMORIADNE OCENENIA CENA J\u00c1NA CIKKERA za p\u00f4vodn\u00fa skladbu slovensk\u00e9ho autora Rebeka HEN\u017dE\u013dOV\u00c1, ZU\u0160 Polt\u00e1r&nbsp;za skladbu&nbsp;od Pavla Kr\u0161ku: Fialka CENA PRIM\u00c1TORA&hellip;&nbsp;<a href=\"https:\/\/www.zusjcbb.sk\/?page_id=6077\" class=\"\" rel=\"bookmark\">\u010c\u00edta\u0165 viac &raquo;<span class=\"screen-reader-text\">V\u00ddSLEDKY DIS 2019 V S\u00d3LOVOM SPEVE<\/span><\/a><\/p>\n","protected":false},"author":2,"featured_media":0,"parent":170,"menu_order":0,"comment_status":"closed","ping_status":"closed","template":"","meta":{"neve_meta_sidebar":"","neve_meta_container":"","neve_meta_enable_content_width":"","neve_meta_content_width":0,"neve_meta_title_alignment":"","neve_meta_author_avatar":"","neve_post_elements_order":"","neve_meta_disable_header":"","neve_meta_disable_footer":"","neve_meta_disable_title":""},"_links":{"self":[{"href":"https:\/\/www.zusjcbb.sk\/index.php?rest_route=\/wp\/v2\/pages\/6077"}],"collection":[{"href":"https:\/\/www.zusjcbb.sk\/index.php?rest_route=\/wp\/v2\/pages"}],"about":[{"href":"https:\/\/www.zusjcbb.sk\/index.php?rest_route=\/wp\/v2\/types\/page"}],"author":[{"embeddable":true,"href":"https:\/\/www.zusjcbb.sk\/index.php?rest_route=\/wp\/v2\/users\/2"}],"replies":[{"embeddable":true,"href":"https:\/\/www.zusjcbb.sk\/index.php?rest_route=%2Fwp%2Fv2%2Fcomments&post=6077"}],"version-history":[{"count":22,"href":"https:\/\/www.zusjcbb.sk\/index.php?rest_route=\/wp\/v2\/pages\/6077\/revisions"}],"predecessor-version":[{"id":6108,"href":"https:\/\/www.zusjcbb.sk\/index.php?rest_route=\/wp\/v2\/pages\/6077\/revisions\/6108"}],"up":[{"embeddable":true,"href":"https:\/\/www.zusjcbb.sk\/index.php?rest_route=\/wp\/v2\/pages\/170"}],"wp:attachment":[{"href":"https:\/\/www.zusjcbb.sk\/index.php?rest_route=%2Fwp%2Fv2%2Fmedia&parent=6077"}],"curies":[{"name":"wp","href":"https:\/\/api.w.org\/{rel}","templated":true}]}}