{"id":77,"date":"2011-08-14T10:36:51","date_gmt":"2011-08-14T10:36:51","guid":{"rendered":"http:\/\/www.zusjcbb.php5.sk\/?page_id=77"},"modified":"2024-01-11T14:41:59","modified_gmt":"2024-01-11T12:41:59","slug":"hudobny-odbor","status":"publish","type":"page","link":"https:\/\/www.zusjcbb.sk\/?page_id=77","title":{"rendered":"Hudobn\u00fd odbor"},"content":{"rendered":"<p>Hudobn\u00fd odbor pon\u00faka <em>komplexn\u00e9 hudobn\u00e9 vzdelanie<\/em>, orient\u00e1ciu v umen\u00ed a kult\u00fare, preh\u013ead vo v\u00fdvoji eur\u00f3pskej hudby a jednotliv\u00fdch \u0161t\u00fdlov\u00fdch obdob\u00ed, rozvoj predstavivosti, kreativity, racion\u00e1lneho myslenia.<\/p>\n<p>Prepracovan\u00e1 metodika v\u00fdu\u010dby so zrete\u013eom na <strong>individu\u00e1lny pr\u00edstup k \u017eiakovi<\/strong>, mo\u017enos\u0165 roz\u0161\u00edren\u00e9ho \u0161t\u00fadia pre nadpriemerne talentovan\u00fdch \u017eiakov, \u0161irok\u00e1 ponuka hudobn\u00e9ho zamerania:<\/p>\n<ul>\n<li><em>kl\u00e1vesov\u00e9 n\u00e1stroje <\/em>(klav\u00edr, organ, keyboard, akorde\u00f3n),<\/li>\n<li><em>dychov\u00e9 n\u00e1stroje<\/em> (zobcov\u00e1 a prie\u010dna flauta, klarinet, saxof\u00f3n, tr\u00fabka, pozauna),<\/li>\n<li><em>strunov\u00e9 n\u00e1stroje<\/em> (husle, viola, violon\u010delo, kontrabas, cimbal, gitara &#8211; klasick\u00e1, elektrick\u00e1, basov\u00e1),<\/li>\n<li><em>bicie n\u00e1stroje<\/em>,<\/li>\n<li><em>s\u00f3lov\u00fd a zborov\u00fd spev<\/em> &#8211;\u00a0 Banskobystrick\u00fd detsk\u00fd spev\u00e1cky zbor, so svojimi zlo\u017ekami &#8211; Zvon\u010dek, Vodop\u00e1dik a Vodop\u00e1d<\/li>\n<li>sl\u00e1\u010dikov\u00fd orchester &#8211; z\u00e1bavn\u00fd orchester &#8211; komorn\u00e9 zoskupenia r\u00f4znych hudobn\u00fdch \u017e\u00e1nrov &#8211; bohat\u00e1 produkcia koncertn\u00fdch vyst\u00fapen\u00ed &#8211; \u00fa\u010das\u0165 na hudobn\u00fdch festivaloch a s\u00fa\u0165a\u017eiach na Slovensku i v zahrani\u010d\u00ed<\/li>\n<\/ul>\n<h2><a href=\"https:\/\/www.zusjcbb.sk\/?page_id=11113\">Banskobystrick\u00fd detsk\u00fd spev\u00e1cky zbor:<\/a><\/h2>\n<ul>\n<li><a href=\"https:\/\/www.zusjcbb.sk\/?page_id=123\">Pr\u00edpravn\u00fd spev\u00e1cky zbor BBDSZ<\/a><\/li>\n<li><a href=\"https:\/\/www.zusjcbb.sk\/?page_id=127\">Mlad\u0161ia vekov\u00e1 zlo\u017eka BBDSZ<\/a><\/li>\n<li><a href=\"https:\/\/www.zusjcbb.sk\/?page_id=8999\">Star\u0161ia vekov\u00e1 zlo\u017eka BBDSZ<\/a><\/li>\n<li>Diev\u010densk\u00fd spev\u00e1cky zbor Dolce Canto &#8211; moment\u00e1lne s\u00fa\u010das\u0165 Star\u0161ej vekovej zlo\u017eky BBDSZ<\/li>\n<\/ul>\n<h2>In\u0161trument\u00e1lne zoskupenia:<\/h2>\n<ul>\n<li><a href=\"https:\/\/www.zusjcbb.sk\/?page_id=364\">Sl\u00e1\u010dikov\u00fd orchester ZU\u0160 J\u00e1na Cikkera<\/a><\/li>\n<li><a href=\"https:\/\/www.zusjcbb.sk\/?page_id=198\">Swingov\u00fd orchester ZU\u0160 J\u00e1na Cikkera<\/a><\/li>\n<li><a href=\"https:\/\/www.zusjcbb.sk\/?page_id=8868\">Flautisimmo<\/a><\/li>\n<li><a href=\"https:\/\/www.zusjcbb.sk\/?page_id=191\">ZU\u0160 Band<\/a><\/li>\n<li><a href=\"https:\/\/www.zusjcbb.sk\/?page_id=194\">\u013dudov\u00e1 hudba Rados\u0165<\/a><\/li>\n<li><a href=\"https:\/\/www.zusjcbb.sk\/?page_id=3365\">Musica Camerata<\/a><\/li>\n<li><a href=\"https:\/\/www.zusjcbb.sk\/?page_id=11121\">Gitarov\u00fd orchester<\/a><\/li>\n<li><a href=\"https:\/\/www.zusjcbb.sk\/?page_id=8992\">Saxof\u00f3nov\u00e9 kvarteto<\/a><\/li>\n<\/ul>\n","protected":false},"excerpt":{"rendered":"<p>Hudobn\u00fd odbor pon\u00faka komplexn\u00e9 hudobn\u00e9 vzdelanie, orient\u00e1ciu v umen\u00ed a kult\u00fare, preh\u013ead vo v\u00fdvoji eur\u00f3pskej hudby a jednotliv\u00fdch \u0161t\u00fdlov\u00fdch obdob\u00ed, rozvoj predstavivosti, kreativity, racion\u00e1lneho myslenia. Prepracovan\u00e1 metodika v\u00fdu\u010dby so zrete\u013eom na individu\u00e1lny pr\u00edstup k \u017eiakovi, mo\u017enos\u0165 roz\u0161\u00edren\u00e9ho \u0161t\u00fadia pre nadpriemerne talentovan\u00fdch \u017eiakov, \u0161irok\u00e1 ponuka hudobn\u00e9ho zamerania: kl\u00e1vesov\u00e9 n\u00e1stroje (klav\u00edr, organ, keyboard, akorde\u00f3n), dychov\u00e9 n\u00e1stroje (zobcov\u00e1&hellip;&nbsp;<a href=\"https:\/\/www.zusjcbb.sk\/?page_id=77\" class=\"\" rel=\"bookmark\">\u010c\u00edta\u0165 viac &raquo;<span class=\"screen-reader-text\">Hudobn\u00fd odbor<\/span><\/a><\/p>\n","protected":false},"author":2,"featured_media":0,"parent":35,"menu_order":0,"comment_status":"closed","ping_status":"closed","template":"","meta":{"neve_meta_sidebar":"","neve_meta_container":"","neve_meta_enable_content_width":"","neve_meta_content_width":0,"neve_meta_title_alignment":"","neve_meta_author_avatar":"","neve_post_elements_order":"","neve_meta_disable_header":"","neve_meta_disable_footer":"","neve_meta_disable_title":""},"_links":{"self":[{"href":"https:\/\/www.zusjcbb.sk\/index.php?rest_route=\/wp\/v2\/pages\/77"}],"collection":[{"href":"https:\/\/www.zusjcbb.sk\/index.php?rest_route=\/wp\/v2\/pages"}],"about":[{"href":"https:\/\/www.zusjcbb.sk\/index.php?rest_route=\/wp\/v2\/types\/page"}],"author":[{"embeddable":true,"href":"https:\/\/www.zusjcbb.sk\/index.php?rest_route=\/wp\/v2\/users\/2"}],"replies":[{"embeddable":true,"href":"https:\/\/www.zusjcbb.sk\/index.php?rest_route=%2Fwp%2Fv2%2Fcomments&post=77"}],"version-history":[{"count":28,"href":"https:\/\/www.zusjcbb.sk\/index.php?rest_route=\/wp\/v2\/pages\/77\/revisions"}],"predecessor-version":[{"id":11214,"href":"https:\/\/www.zusjcbb.sk\/index.php?rest_route=\/wp\/v2\/pages\/77\/revisions\/11214"}],"up":[{"embeddable":true,"href":"https:\/\/www.zusjcbb.sk\/index.php?rest_route=\/wp\/v2\/pages\/35"}],"wp:attachment":[{"href":"https:\/\/www.zusjcbb.sk\/index.php?rest_route=%2Fwp%2Fv2%2Fmedia&parent=77"}],"curies":[{"name":"wp","href":"https:\/\/api.w.org\/{rel}","templated":true}]}}