{"id":7776,"date":"2020-10-13T16:32:10","date_gmt":"2020-10-13T14:32:10","guid":{"rendered":"http:\/\/www.zusjcbb.sk\/?page_id=7776"},"modified":"2021-07-01T08:58:00","modified_gmt":"2021-07-01T06:58:00","slug":"uspechy-2020-2021","status":"publish","type":"page","link":"https:\/\/www.zusjcbb.sk\/?page_id=7776","title":{"rendered":"\u00daspechy 2020 \/ 2021"},"content":{"rendered":"\n<p class=\"has-text-align-center has-medium-font-size\"><strong>ZU\u0160 J\u00e1na Cikkera Bansk\u00e1 Bystrica 2020 \/ 2021<\/strong><\/p>\n\n\n\n<p class=\"has-text-align-center\">*<\/p>\n\n\n\n<p class=\"has-text-align-center\"><strong>J\u00fan 2021<\/strong><\/p>\n\n\n\n<p>Medzin\u00e1rodn\u00e1 klav\u00edrna s\u00fa\u0165a\u017e \u201eKlav\u00edrne talenty pre Eur\u00f3pu\u201c, Doln\u00fd Kub\u00edn<\/p>\n\n\n\n<p><strong>Filip Lacko \u2013 2. miesto<\/strong><\/p>\n\n\n\n<p><strong><a href=\"https:\/\/www.zusjcbb.sk\/wp-content\/uploads\/2021\/06\/Filip-Prievalsky-2.-miesto-PTfE-2021-scaled.jpg\">Filip Prievalsk\u00fd \u2013 2. miesto<\/a> a&nbsp;<a href=\"https:\/\/www.zusjcbb.sk\/wp-content\/uploads\/2021\/06\/Filip-Prievalsky-prevedenie-vlastnych-diel-PTfE-2021-scaled.jpg\">Cena za prevedenie diela skladate\u013ea 21. storo\u010dia (vlastn\u00e9 kompoz\u00edcie)<\/a><\/strong><\/p>\n\n\n\n<p><strong>pedagogick\u00e9 vedenie \u2013 Mgr. art. Nat\u00e1lia Serdyukov\u00e1<\/strong><\/p>\n\n\n\n<p class=\"has-text-align-center\"><strong>*<\/strong><\/p>\n\n\n\n<p>67. Hviezdoslavov Kub\u00edn, Bansk\u00e1 Bystrica<\/p>\n\n\n\n<p><strong><a href=\"https:\/\/www.zusjcbb.sk\/wp-content\/uploads\/2021\/06\/Vladimira-Malcekova-3.-miesto-Hviezdoslavov-Kubin.jpg\">Vladim\u00edra Mal\u010dekov\u00e1 \u2013 3. miesto<\/a><\/strong><\/p>\n\n\n\n<p><strong>pedagogick\u00e9 vedenie \u2013 Mgr. art. Boris Kov\u00e1\u010d<\/strong><\/p>\n\n\n\n<p class=\"has-text-align-center\"><strong>*<\/strong><\/p>\n\n\n\n<p class=\"has-text-align-center\"><strong>J\u00fan 2021<\/strong><\/p>\n\n\n\n<p>Celoslovensk\u00e1 v\u00fdtvarn\u00e1 s\u00fa\u0165a\u017e Fullova Paleta 2021, Ru\u017eomberok<\/p>\n\n\n\n<p><strong><a href=\"https:\/\/www.zusjcbb.sk\/wp-content\/uploads\/2021\/06\/Dominik-Belopotocan-1.-miesto-Fullova-Paleta-2021-scaled.jpg\">Dominik Belopoto\u010dan \u2013 1. miesto<\/a><\/strong><\/p>\n\n\n\n<p><strong><a href=\"https:\/\/www.zusjcbb.sk\/wp-content\/uploads\/2021\/06\/Deborah-Gazova-2.-miesto-Fullova-Paleta-2021-scaled.jpg\">Deborah Ga\u017eov\u00e1 \u2013 2. miesto<\/a><\/strong><\/p>\n\n\n\n<p><strong>pedagogick\u00e9 vedenie \u2013 Mgr. Adri\u00e1na Kosceln\u00edkov\u00e1, PhD.<\/strong><\/p>\n\n\n\n<p class=\"has-text-align-center\"><strong>*<\/strong><\/p>\n\n\n\n<p>13. medzin\u00e1rodn\u00e1 s\u00fa\u0165a\u017en\u00e1 prehliadka ZU\u0160 SR a&nbsp;\u010cR v&nbsp;hre na keyboard, Pova\u017esk\u00e1 Bystrica<\/p>\n\n\n\n<p><strong><a href=\"https:\/\/www.zusjcbb.sk\/wp-content\/uploads\/2021\/06\/Michal-Siman-Striebro-Povazska-scaled.jpg\">Michal Siman \u2013 strieborn\u00e9 p\u00e1smo<\/a><\/strong><\/p>\n\n\n\n<p><strong><a href=\"https:\/\/www.zusjcbb.sk\/wp-content\/uploads\/2021\/06\/Martin-Moncol-Bronz-Povazska-scaled.jpg\">Martin Monco\u013e \u2013 bronzov\u00e9 p\u00e1smo<\/a><\/strong><\/p>\n\n\n\n<p><strong>pedagogick\u00e9 vedenie \u2013 Mgr. Zlatica Rebov\u00e1, DiS. art.<\/strong><\/p>\n\n\n\n<p class=\"has-text-align-center\"><strong>*<\/strong><\/p>\n\n\n\n<p>Celoslovensk\u00e1 gitarov\u00e1 online s\u00fa\u0165a\u017e LA GUITAROMANIE 2021, Martin<\/p>\n\n\n\n<p><strong><a href=\"https:\/\/www.zusjcbb.sk\/wp-content\/uploads\/2021\/07\/Martina-Vancova-zlate-pasmo-La-Guitaromanie-2021-scaled.jpg\">Martina Van\u010dov\u00e1 \u2013 zlat\u00e9 p\u00e1smo<\/a><\/strong><\/p>\n\n\n\n<p><strong>pedagogick\u00e9 vedenie \u2013 Mgr. art. Vikt\u00f3ria Didi\u010dov\u00e1<\/strong><\/p>\n\n\n\n<p class=\"has-text-align-center\"><strong>*<\/strong><\/p>\n\n\n\n<p>67. Hviezdoslavov Kub\u00edn, Bansk\u00e1 Bystrica<\/p>\n\n\n\n<p><strong><a href=\"https:\/\/www.zusjcbb.sk\/wp-content\/uploads\/2021\/06\/Barbora-Balazova-1.-miesto-HK-rk.jpg\">Barbora Bal\u00e1\u017eov\u00e1 \u2013 1. miesto<\/a><\/strong><\/p>\n\n\n\n<p><strong>pedagogick\u00e9 vedenie \u2013 Mgr. art. Boris Kov\u00e1\u010d<\/strong><\/p>\n\n\n\n<p class=\"has-text-align-center\"><strong>*<\/strong><\/p>\n\n\n\n<p>Umeleck\u00e1 s\u00fa\u0165a\u017e &#8211; vo vlastnej liter\u00e1rnej tvorbe v&nbsp;po\u00e9zii Kov\u00e1\u010dova Bystrica, Bansk\u00e1 Bystrica<\/p>\n\n\n\n<p><strong><a href=\"https:\/\/www.zusjcbb.sk\/wp-content\/uploads\/2021\/06\/Karin-Sabolova-1.-miesto-KB-2021.jpg\">Karin Sabolov\u00e1 \u2013 1. miesto<\/a><\/strong><\/p>\n\n\n\n<p><strong>pedagogick\u00e9 vedenie \u2013 Mgr. art. Boris Kov\u00e1\u010d<\/strong><\/p>\n\n\n\n<p class=\"has-text-align-center\"><strong>*<\/strong><\/p>\n\n\n\n<p class=\"has-text-align-center\"><strong>M\u00e1j 2021<\/strong><\/p>\n\n\n\n<p>48. Medzin\u00e1rodn\u00e1 detsk\u00e1 v\u00fdtvarn\u00e1 v\u00fdstava Lidice (\u010cR)<\/p>\n\n\n\n<p><strong><a href=\"https:\/\/www.zusjcbb.sk\/wp-content\/uploads\/2021\/05\/Dorota-Golhova-Cestne-uznanie-Lidice-2020-scaled.jpg\">Dorota Golhov\u00e1 \u2013 \u010cestn\u00e9 uznanie<\/a><\/strong><\/p>\n\n\n\n<p><strong><a href=\"https:\/\/www.zusjcbb.sk\/wp-content\/uploads\/2021\/05\/Agata-Svecova-Cestne-uznanie-Lidice-2020-scaled.jpg\">Ag\u00e1ta \u0160vecov\u00e1 \u2013 \u010cestn\u00e9 uznanie<\/a><\/strong><\/p>\n\n\n\n<p><strong>pedagogick\u00e9 vedenie \u2013 Mgr. Sandra Popa\u010f\u00e1kov\u00e1, PhD.<\/strong><\/p>\n\n\n\n<p class=\"has-text-align-center\"><strong>*<\/strong><\/p>\n\n\n\n<p>Celoslovensk\u00e1 hudobno-interpreta\u010dn\u00e1 s\u00fa\u0165a\u017e v&nbsp;hre na sl\u00e1\u010dikov\u00fdch n\u00e1strojoch<\/p>\n\n\n\n<p>Nitrianska Lutna 2021, Nitra<\/p>\n\n\n\n<p><strong><a href=\"https:\/\/www.zusjcbb.sk\/wp-content\/uploads\/2021\/06\/Luboslava-Jasencakova-2.-miesto-Nitrianska-Lutna-scaled.jpg\">\u013duboslava Jasen\u010d\u00e1kov\u00e1 \u2013 2. miesto<\/a><\/strong><\/p>\n\n\n\n<p><strong><a href=\"https:\/\/www.zusjcbb.sk\/wp-content\/uploads\/2021\/06\/Ivan-Prievalsky-1.-miesto-Nitrianska-Lutna-scaled.jpg\">Ivan Prievalsk\u00fd \u2013 1. miesto<\/a><\/strong><\/p>\n\n\n\n<p><strong><a href=\"https:\/\/www.zusjcbb.sk\/wp-content\/uploads\/2021\/06\/Samuel-Minka-3.-miesto-Nitrianska-Lutna-scaled.jpg\">Samuel Benedikt Minka \u2013 3. miesto<\/a><\/strong><\/p>\n\n\n\n<p><strong>pedagogick\u00e9 vedenie \u2013 Mgr. art. Evgenia Prievalsk\u00e1<\/strong><\/p>\n\n\n\n<p><strong>klav\u00edrna spolupr\u00e1ca \u2013 Mgr. art. Nat\u00e1lia Serdyukov\u00e1<\/strong><\/p>\n\n\n\n<p class=\"has-text-align-center\"><strong>*<\/strong><\/p>\n\n\n\n<p>XVII. ro\u010dn\u00edk umeleckej s\u00fa\u0165a\u017ee v prednese po\u00e9zie a&nbsp;pr\u00f3zy<\/p>\n\n\n\n<p>\u201eKov\u00e1\u010dova Bystrica 2021\u201c, Bansk\u00e1 Bystrica<\/p>\n\n\n\n<p><strong><a href=\"https:\/\/www.zusjcbb.sk\/wp-content\/uploads\/2021\/05\/Erik-Rusko-Laureat-sutaze-Kovacova-Bystrica-2021.jpg\">Erik Rusko \u2013 Laure\u00e1t s\u00fa\u0165a\u017ee<\/a><\/strong><\/p>\n\n\n\n<p><strong><a href=\"https:\/\/www.zusjcbb.sk\/wp-content\/uploads\/2021\/05\/Barbora-Balazova-1.-miesto-Kovacova-Bystrica-2021.jpg\">Barbora Bal\u00e1\u017eov\u00e1 \u2013 1. miesto<\/a><\/strong><\/p>\n\n\n\n<p><strong>pedagogick\u00e9 vedenie \u2013 Mgr. art. Boris Kov\u00e1\u010d<\/strong><\/p>\n\n\n\n<p class=\"has-text-align-center\"><strong>*<\/strong><\/p>\n\n\n\n<p>10. ro\u010dn\u00edk celoslovenskej s\u00fa\u0165a\u017ee v&nbsp;s\u00f3lovom klasickom speve a&nbsp;s\u00f3lovom popul\u00e1rnom speve<\/p>\n\n\n\n<p>PINK SONG 2021, Zvolen<\/p>\n\n\n\n<p><strong><a href=\"https:\/\/www.zusjcbb.sk\/wp-content\/uploads\/2021\/05\/Diplom-N.-Hyriakova-scaled.jpg\">Nela Hyriakov\u00e1 \u2013 zlat\u00e9 p\u00e1smo<\/a><\/strong><\/p>\n\n\n\n<p><strong><a href=\"https:\/\/www.zusjcbb.sk\/wp-content\/uploads\/2021\/05\/Diplom-T.-Holikova-scaled.jpg\">Tereza Hol\u00edkov\u00e1 \u2013 strieborn\u00e9 p\u00e1smo<\/a><\/strong><\/p>\n\n\n\n<p><strong>pedagogick\u00e9 vedenie \u2013 Mgr. art. Anna Ka\u0161\u0161ov\u00e1, DiS. art.<\/strong><\/p>\n\n\n\n<p class=\"has-text-align-center\"><strong>*<\/strong><\/p>\n\n\n\n<p class=\"has-text-align-center\"><strong>Apr\u00edl 2021<\/strong><\/p>\n\n\n\n<p>XXXVI. ro\u010dn\u00edk v\u00fdtvarnej s\u00fa\u0165a\u017ee \u201eVesm\u00edr o\u010dami det\u00ed\u201c, okresn\u00e9 kolo<\/p>\n\n\n\n<p><strong><a href=\"https:\/\/www.zusjcbb.sk\/wp-content\/uploads\/2021\/06\/Peter-Chalupek-VOD-scaled.jpg\">Peter Chalupek \u2013 postup do celoslovensk\u00e9ho kola<\/a><\/strong><\/p>\n\n\n\n<p><strong><a href=\"https:\/\/www.zusjcbb.sk\/wp-content\/uploads\/2021\/06\/Damian-Lubellan-VOD-scaled.jpg\">Dami\u00e1n Lubellan \u2013 postup do celoslovensk\u00e9ho kola<\/a><\/strong><\/p>\n\n\n\n<p><strong><a href=\"https:\/\/www.zusjcbb.sk\/wp-content\/uploads\/2021\/06\/Nina-Kubisova-VOD-scaled.jpg\">Nina Kubi\u0161ov\u00e1 \u2013 postup do celoslovensk\u00e9ho kola<\/a><\/strong><\/p>\n\n\n\n<p><strong><a href=\"https:\/\/www.zusjcbb.sk\/wp-content\/uploads\/2021\/06\/Samuel-Mojzita-VOD-scaled.jpg\">Samuel Moj\u017eita \u2013 postup do celoslovensk\u00e9ho kola<\/a><\/strong><\/p>\n\n\n\n<p><strong><a href=\"https:\/\/www.zusjcbb.sk\/wp-content\/uploads\/2021\/06\/Timea-Kunakova-VOD-scaled.jpg\">Timea Ku\u0148\u00e1kov\u00e1 \u2013 postup do celoslovensk\u00e9ho kola<\/a><\/strong><\/p>\n\n\n\n<p><strong><a href=\"https:\/\/www.zusjcbb.sk\/wp-content\/uploads\/2021\/06\/Lea-Lapinova-VOD-scaled.jpg\">Lea Lap\u00ednov\u00e1 \u2013 postup do celoslovensk\u00e9ho kola<\/a><\/strong><\/p>\n\n\n\n<p><strong><a href=\"https:\/\/www.zusjcbb.sk\/wp-content\/uploads\/2021\/06\/Jasmine-Ridene-VOD-scaled.jpg\">Jasmine Ridene \u2013 postup do celoslovensk\u00e9ho kola<\/a><\/strong><\/p>\n\n\n\n<p><strong><a href=\"https:\/\/www.zusjcbb.sk\/wp-content\/uploads\/2021\/05\/Diplom-ZUS-JC-VOD-2021.jpg\">pedagogick\u00e9 vedenie \u2013 Mgr. Monika Barjakov\u00e1<\/a><\/strong><\/p>\n\n\n\n<p class=\"has-text-align-center\"><strong>*<\/strong><\/p>\n\n\n\n<p class=\"has-text-align-center\"><strong>Febru\u00e1r 2021<\/strong><\/p>\n\n\n\n<p>Celoslovensk\u00e1 v\u00fdtvarn\u00e1 s\u00fa\u0165a\u017e Gal\u00e9rie mesta Bratislavy \u201eUmenie zbl\u00edzka 8\u201c, Bratislava<\/p>\n\n\n\n<p><strong><a href=\"https:\/\/www.zusjcbb.sk\/wp-content\/uploads\/2021\/03\/Jakub-Halu\u0161ka-Umenie-zbl\u00edzka-8.jpg\">Jakub Halu\u0161ka \u2013 ocenen\u00e1 pr\u00e1ca<\/a><\/strong><\/p>\n\n\n\n<p><strong>pedagogick\u00e9 vedenie \u2013 Mgr. Adri\u00e1na Kosceln\u00edkov\u00e1, PhD.<\/strong><\/p>\n\n\n\n<p><strong><a href=\"https:\/\/www.zusjcbb.sk\/wp-content\/uploads\/2021\/04\/Hanka-Va\u0161kov\u00e1-Umenie-zbl\u00edzka-8.jpg\">Hana Va\u0161kov\u00e1 \u2013 ocenen\u00e1 pr\u00e1ca<\/a><\/strong><\/p>\n\n\n\n<p><strong><a href=\"https:\/\/www.zusjcbb.sk\/wp-content\/uploads\/2021\/04\/Hanka-\u0164avodov\u00e1-Umenie-zbl\u00edzka-8.jpg\">Hana \u0164avodov\u00e1 \u2013 pr\u00e1ca uverejnen\u00e1 v&nbsp;katal\u00f3gu k&nbsp;projektu Umenie zbl\u00edzka 8<\/a><\/strong><\/p>\n\n\n\n<p><strong>pedagogick\u00e9 vedenie \u2013 Mgr. Monika\nBarjakov\u00e1<\/strong><\/p>\n\n\n\n<p class=\"has-text-align-center\"><strong>*<\/strong><\/p>\n\n\n\n<p class=\"has-text-align-center\"><strong>Janu\u00e1r 2021<\/strong><\/p>\n\n\n\n<p>19. ro\u010dn\u00edk celoslovenskej s\u00fa\u0165a\u017ee v hre na zobcovej flaute a dreven\u00fdch dychov\u00fdch n\u00e1strojoch \u201e\u010carovn\u00e1 flauta 2020\u201c, Ni\u017en\u00e1<\/p>\n\n\n\n<p><strong><a href=\"https:\/\/www.zusjcbb.sk\/wp-content\/uploads\/2021\/05\/Dominika-Orsagova-2.-miesto-Carovna-flauta-Nizna-scaled.jpg\">Dominika Ors\u00e1gov\u00e1 \u2013 2. miesto<\/a><\/strong><\/p>\n\n\n\n<p><strong>pedagogick\u00e9 vedenie \u2013 Mgr. art. Anton Prievalsk\u00fd<\/strong><\/p>\n\n\n\n<p><strong>klav\u00edrna spolupr\u00e1ca \u2013 Mgr. art. Nat\u00e1lia Serdyukov\u00e1<\/strong><\/p>\n\n\n\n<p class=\"has-text-align-center\"><strong>*<\/strong><\/p>\n\n\n\n<p class=\"has-text-align-center\"><strong>December 2020<\/strong><\/p>\n\n\n\n<p>Medzin\u00e1rodn\u00e1 v\u00fdtvarn\u00e1 s\u00fa\u0165a\u017e pre deti a ml\u00e1de\u017e Vy\u0161ehradsk\u00e1 \u0161tvorka\n\u2013 V4: Po\u013esko, Slovensko, Ma\u010farsko, \u010cesko (Po\u013esk\u00fd in\u0161tit\u00fat v&nbsp;Bratislave)<\/p>\n\n\n\n<p><strong>Paul\u00edna \u010cadekov\u00e1 \u2013 3. miesto<\/strong><\/p>\n\n\n\n<p><strong>pedagogick\u00e9 vedenie \u2013 Mgr. Sandra Popa\u010f\u00e1kov\u00e1, PhD.<\/strong><\/p>\n\n\n\n<p class=\"has-text-align-center\"><strong>*<\/strong><strong><\/strong><\/p>\n\n\n\n<p>I. medzin\u00e1rodn\u00e1 hus\u013eov\u00e1 s\u00fa\u0165a\u017e \u201ePRIME VIOLIN\u201c, Bansk\u00e1\nBystrica<\/p>\n\n\n\n<p><strong><a href=\"https:\/\/www.zusjcbb.sk\/wp-content\/uploads\/2020\/12\/\u013duboslava-Jasen\u010d\u00e1kov\u00e1-3-miesto-Prime-Violin-2020.jpg\">\u013duboslava Jasen\u010d\u00e1kov\u00e1 \u2013 3. miesto<\/a><\/strong><\/p>\n\n\n\n<p><strong><a href=\"https:\/\/www.zusjcbb.sk\/wp-content\/uploads\/2020\/12\/Ivan-Prievalsk\u00fd-2-miesto-Prime-Violin-2020.jpg\">Ivan Prievalsk\u00fd \u2013 2. miesto<\/a><\/strong><\/p>\n\n\n\n<p><strong>pedagogick\u00e9 vedenie \u2013 Mgr. art. Evgenia Prievalsk\u00e1<\/strong><\/p>\n\n\n\n<p><strong>klav\u00edrna spolupr\u00e1ca \u2013 Mgr. art. Nat\u00e1lia Serdyukov\u00e1<\/strong><\/p>\n\n\n\n<p class=\"has-text-align-center\"><strong>*<\/strong><\/p>\n\n\n\n<p class=\"has-text-align-center\"><strong>November 2020<\/strong><\/p>\n\n\n\n<p>Celoslovensk\u00e1 prehliadka s\u00f3lovej hry na cimbal \u017eiakov ZU\u0160, Cimbalov\u00fd Pre\u0161porok 2020, Bratislava<\/p>\n\n\n\n<p><strong><a href=\"https:\/\/www.zusjcbb.sk\/wp-content\/uploads\/2020\/12\/Andrej-Miklo\u0161\u00edk-Zlato-Cimbalov\u00fd-Pre\u0161porok-2020.jpg\">Andrej Miklo\u0161\u00edk \u2013 Zlat\u00e9 p\u00e1smo<\/a><\/strong><\/p>\n\n\n\n<p><strong>pedagogick\u00e9 vedenie \u2013 <a href=\"https:\/\/www.zusjcbb.sk\/wp-content\/uploads\/2020\/12\/J\u00e1n-\u0160ufliarsk\u00fd-Cimbalov\u00fd-Pre\u0161porok-2020.jpg\">Mgr. art. J\u00e1n \u0160ufliarsk\u00fd<\/a><\/strong><\/p>\n\n\n\n<p><strong>klav\u00edrna spolupr\u00e1ca \u2013 <a href=\"https:\/\/www.zusjcbb.sk\/wp-content\/uploads\/2020\/12\/Helena-Miklo\u0161\u00edkov\u00e1-Cimbalov\u00fd-Pre\u0161porok-2020.jpg\">Helena Miklo\u0161\u00edkov\u00e1<\/a><\/strong><\/p>\n\n\n\n<p class=\"has-text-align-center\"><strong>*<\/strong><\/p>\n\n\n\n<p class=\"has-text-align-center\"><strong>Okt\u00f3ber 2020<\/strong><\/p>\n\n\n\n<p>Medzin\u00e1rodn\u00e1 v\u00fdtvarn\u00e1 s\u00fa\u0165a\u017e XXI. \u017ditnoostrovsk\u00e9 pastelky, Dunajsk\u00e1 Streda<\/p>\n\n\n\n<p><strong><a href=\"https:\/\/www.zusjcbb.sk\/wp-content\/uploads\/2020\/10\/Ol\u00edvia-Orsz\u00e1ghov\u00e1-Zlat\u00e1-medaila-\u017dP-2020.jpg\">Ol\u00edvia Orsz\u00e1gov\u00e1 \u2013 Zlat\u00e1 medaila, v\u00ed\u0165azn\u00e1 pr\u00e1ca<\/a><\/strong><\/p>\n\n\n\n<p><strong><a href=\"https:\/\/www.zusjcbb.sk\/wp-content\/uploads\/2020\/10\/Lilla-\u0165a\u017ek\u00e1-Zlat\u00e1-medaila-\u017dP-2020.jpg\">Lilly \u0164a\u017ek\u00e1 \u2013 Zlat\u00e1 medaila, v\u00ed\u0165azn\u00e1 pr\u00e1ca<\/a><\/strong><\/p>\n\n\n\n<p><strong>pedagogick\u00e9 vedenie \u2013 <a href=\"https:\/\/www.zusjcbb.sk\/wp-content\/uploads\/2020\/10\/Eve-Be\u0148a\u010dkovej-\u017ditnoostrovsk\u00e9-pastelky-2020.jpg\">Mgr. Eva Be\u0148a\u010dkov\u00e1, PhD. \u2013 Diplom za vysoko odborn\u00fa pr\u00edpravu mlad\u00fdch v\u00fdtvarn\u00edkov a zaslanie jedine\u010dn\u00fdch kolekci\u00ed v\u00fdtvarn\u00fdch pr\u00e1c do s\u00fa\u0165a\u017ee<\/a><\/strong><\/p>\n\n\n\n<p class=\"has-text-align-center\">*<\/p>\n\n\n\n<p>Celoslovensk\u00e1 s\u00fa\u0165a\u017en\u00e1 prehliadka v\u00fdtvarn\u00fdch\npr\u00e1c det\u00ed a&nbsp;ml\u00e1de\u017ee \u201eMal\u00e9 grafick\u00e9 formy\u201c 2020, Vr\u00fatky<\/p>\n\n\n\n<p><strong><a href=\"https:\/\/www.zusjcbb.sk\/wp-content\/uploads\/2020\/10\/Marcel-Kajba-Mimoriadna-cena-MGF20.jpg\">Marcel Kajba \u2013 Mimoriadna cena<\/a><\/strong><\/p>\n\n\n\n<p><strong>Laura Blahov\u00e1 \u2013 pr\u00e1ca uverejnen\u00e1 v&nbsp;bulletine<\/strong><\/p>\n\n\n\n<p><strong>pedagogick\u00e9 vedenie \u2013 Mgr. Monika Barjakov\u00e1<\/strong><\/p>\n\n\n\n<p><strong>Zoja Gajdo\u0161ov\u00e1 \u2013 2. miesto<\/strong><\/p>\n\n\n\n<p><strong>Ivana Pova\u017eanov\u00e1 \u2013 3. miesto<\/strong><\/p>\n\n\n\n<p><strong>pedagogick\u00e9 vedenie \u2013 Mgr. Jozef\u00edna Krn\u00e1\u010dov\u00e1<\/strong><\/p>\n\n\n\n<p><strong>Nina Gre\u0161ov\u00e1 \u2013 3. miesto<\/strong><\/p>\n\n\n\n<p><strong>Jasmine Mikulov\u00e1 \u2013 Cena riadite\u013ea ZU\u0160 J. Kafendu, Vr\u00fatky<\/strong><\/p>\n\n\n\n<p><strong>Zara \u010eure\u010dkov\u00e1 \u2013 pr\u00e1ca uverejnen\u00e1 v&nbsp;bulletine <\/strong><\/p>\n\n\n\n<p><strong>Martin Vavrek \u2013 pr\u00e1ca uverejnen\u00e1 v&nbsp;bulletine <\/strong><\/p>\n\n\n\n<p><strong>pedagogick\u00e9 vedenie \u2013 Mgr. Eva Be\u0148a\u010dkov\u00e1, PhD.<\/strong><\/p>\n\n\n\n<p><strong>Marianna Kasov\u00e1 \u2013 pr\u00e1ca uverejnen\u00e1 v&nbsp;bulletine<\/strong><\/p>\n\n\n\n<p><strong>pedagogick\u00e9 vedenie \u2013 Mgr. Adri\u00e1na Kosceln\u00edkov\u00e1, PhD.<\/strong><\/p>\n\n\n\n<p><strong><a href=\"https:\/\/www.zusjcbb.sk\/wp-content\/uploads\/2020\/10\/Mal\u00e9-grafick\u00e9-formy-2020-cena-riadite\u013ea.jpg\">ZU\u0160 J\u00e1na Cikkera \u2013 Cena riadite\u013ea O\u00da \u017dilina<\/a><\/strong><\/p>\n\n\n\n<p class=\"has-text-align-center\"><strong>*<\/strong><\/p>\n\n\n\n<p class=\"has-text-align-center\"><strong>September\n2020<\/strong><\/p>\n\n\n\n<p>Medzin\u00e1rodn\u00e1 V\u00fdtvarn\u00e1 s\u00fa\u0165a\u017e \u201eJa a&nbsp;Coronav\u00edrus\u201c,\nDunajsk\u00e1 Streda<\/p>\n\n\n\n<p><strong><a href=\"https:\/\/www.zusjcbb.sk\/wp-content\/uploads\/2020\/10\/Matej-Kubi\u0161-Barjakov\u00e1.jpg\">Matej Kubi\u0161 \u2013 ocenen\u00e1 pr\u00e1ca<\/a><\/strong><\/p>\n\n\n\n<p><strong>pedagogick\u00e9 vedenie \u2013 Mgr. Monika\nBarjakov\u00e1<\/strong><\/p>\n\n\n\n<p class=\"has-text-align-center\"><strong>*<\/strong><\/p>\n","protected":false},"excerpt":{"rendered":"<p>ZU\u0160 J\u00e1na Cikkera Bansk\u00e1 Bystrica 2020 \/ 2021 * J\u00fan 2021 Medzin\u00e1rodn\u00e1 klav\u00edrna s\u00fa\u0165a\u017e \u201eKlav\u00edrne talenty pre Eur\u00f3pu\u201c, Doln\u00fd Kub\u00edn Filip Lacko \u2013 2. miesto Filip Prievalsk\u00fd \u2013 2. miesto a&nbsp;Cena za prevedenie diela skladate\u013ea 21. storo\u010dia (vlastn\u00e9 kompoz\u00edcie) pedagogick\u00e9 vedenie \u2013 Mgr. art. Nat\u00e1lia Serdyukov\u00e1 * 67. Hviezdoslavov Kub\u00edn, Bansk\u00e1 Bystrica Vladim\u00edra Mal\u010dekov\u00e1 \u2013&hellip;&nbsp;<a href=\"https:\/\/www.zusjcbb.sk\/?page_id=7776\" class=\"\" rel=\"bookmark\">\u010c\u00edta\u0165 viac &raquo;<span class=\"screen-reader-text\">\u00daspechy 2020 \/ 2021<\/span><\/a><\/p>\n","protected":false},"author":2,"featured_media":0,"parent":0,"menu_order":0,"comment_status":"closed","ping_status":"closed","template":"","meta":{"neve_meta_sidebar":"","neve_meta_container":"","neve_meta_enable_content_width":"","neve_meta_content_width":0,"neve_meta_title_alignment":"","neve_meta_author_avatar":"","neve_post_elements_order":"","neve_meta_disable_header":"","neve_meta_disable_footer":"","neve_meta_disable_title":""},"_links":{"self":[{"href":"https:\/\/www.zusjcbb.sk\/index.php?rest_route=\/wp\/v2\/pages\/7776"}],"collection":[{"href":"https:\/\/www.zusjcbb.sk\/index.php?rest_route=\/wp\/v2\/pages"}],"about":[{"href":"https:\/\/www.zusjcbb.sk\/index.php?rest_route=\/wp\/v2\/types\/page"}],"author":[{"embeddable":true,"href":"https:\/\/www.zusjcbb.sk\/index.php?rest_route=\/wp\/v2\/users\/2"}],"replies":[{"embeddable":true,"href":"https:\/\/www.zusjcbb.sk\/index.php?rest_route=%2Fwp%2Fv2%2Fcomments&post=7776"}],"version-history":[{"count":82,"href":"https:\/\/www.zusjcbb.sk\/index.php?rest_route=\/wp\/v2\/pages\/7776\/revisions"}],"predecessor-version":[{"id":8800,"href":"https:\/\/www.zusjcbb.sk\/index.php?rest_route=\/wp\/v2\/pages\/7776\/revisions\/8800"}],"wp:attachment":[{"href":"https:\/\/www.zusjcbb.sk\/index.php?rest_route=%2Fwp%2Fv2%2Fmedia&parent=7776"}],"curies":[{"name":"wp","href":"https:\/\/api.w.org\/{rel}","templated":true}]}}