{"id":80,"date":"2011-08-14T10:40:13","date_gmt":"2011-08-14T10:40:13","guid":{"rendered":"http:\/\/www.zusjcbb.php5.sk\/?page_id=80"},"modified":"2022-06-23T19:57:18","modified_gmt":"2022-06-23T17:57:18","slug":"vytvarny-odbor","status":"publish","type":"page","link":"https:\/\/www.zusjcbb.sk\/?page_id=80","title":{"rendered":"V\u00fdtvarn\u00fd odbor"},"content":{"rendered":"<p>Pon\u00faka komplexn\u00fd sp\u00f4sob pozn\u00e1vania sveta, <em>v\u00fdchova k samostatnej tvorivosti<\/em> pod\u013ea otvorenej metodiky v\u00fdtvarnej v\u00fdchovy, rozvoj senzibility, racionality, intu\u00edcie, intelektu, fant\u00e1zie, temperamentu, mo\u017enos\u0165 \u0161t\u00fadia v pred\u0161kolskom veku, pr\u00edprava na profesion\u00e1lnu kreat\u00edvnu orient\u00e1ciu.<\/p>\n<p>V\u00fdu\u010dba z\u00e1kladn\u00fdch v\u00fdtvarn\u00fdch discipl\u00edn:<\/p>\n<ul>\n<li>kresba,<\/li>\n<li>ma\u013eba,<\/li>\n<li>grafika,<\/li>\n<li>dekorat\u00edvna \u010dinnos\u0165,<\/li>\n<li>pr\u00e1ca s materi\u00e1lom<\/li>\n<li>roz\u0161\u00edren\u00e9 vyu\u010dovanie: po\u010d\u00edta\u010dov\u00e1 anim\u00e1cia, fotografia, keramika,<\/li>\n<li>pr\u00e1ca s textilom<\/li>\n<li>n\u00e1v\u0161tevy gal\u00e9ri\u00ed a in\u00fdch v\u00fdtvarn\u00fdch \u00a0podujat\u00ed<\/li>\n<li>oboznamovanie sa s dejinami v\u00fdtvarn\u00e9ho umenia a s\u00fa\u010dasn\u00fdmi umeleck\u00fdmi trendmi<\/li>\n<li>pravideln\u00e1 \u00fa\u010das\u0165 na dom\u00e1cich a zahrani\u010dn\u00fdch v\u00fdtvarn\u00fdch s\u00fa\u0165a\u017eiach<\/li>\n<li>pravideln\u00e9 v\u00fdstavy v priestoroch ZU\u0160, \u0160t\u00e1tnej opery a \u00a0Pam\u00e4tn\u00edka SNP<\/li>\n<\/ul>\n\n\n<h2><strong>V\u00fdsledky \u0161kolsk\u00e9ho kola s\u00fa\u0165a\u017ee Ma\u013eovan\u00e1 ZU\u0160-ka 2022<\/strong> <\/h2>\n\n\n\n<p><strong>CENY MA\u013dOVAN\u00c1 ZU\u0160 \u2013 \u0160KOLSK\u00c9 KOLO<\/strong><\/p>\n\n\n\n<p><strong>Kateg\u00f3ria \u2013 do 7rokov<\/strong><\/p>\n\n\n\n<p>1.&nbsp;&nbsp;&nbsp;&nbsp;&nbsp;&nbsp;&nbsp;Miesto : Alica Gajdo\u0161ov\u00e1, 6r. (J. Krn\u00e1\u010dov\u00e1)<\/p>\n\n\n\n<p>2.&nbsp;&nbsp;&nbsp;&nbsp;&nbsp;&nbsp;&nbsp;Miesto: Barbora Mac\u00edkov\u00e1, 7r. (V. Babjakov\u00e1)<\/p>\n\n\n\n<p>3.&nbsp;&nbsp;&nbsp;&nbsp;&nbsp;&nbsp;&nbsp;Miesto: Zuzana Matejkov\u00e1, 6r. (M. Barjakov\u00e1)<\/p>\n\n\n\n<p><strong>Kateg\u00f3ria \u2013 8-11 rokov<\/strong><\/p>\n\n\n\n<p>1.&nbsp;&nbsp;&nbsp;&nbsp;&nbsp;&nbsp;&nbsp;Miesto: Anna Ko\u0161\u0165\u00e1lov\u00e1, 9r. (J. Krn\u00e1\u010dov\u00e1)<\/p>\n\n\n\n<p>2.&nbsp;&nbsp;&nbsp;&nbsp;&nbsp;&nbsp;&nbsp;Miesto: Nela V\u00edglask\u00e1 , 11r. (V. Babjakov\u00e1)<\/p>\n\n\n\n<p>3.&nbsp;&nbsp;&nbsp;&nbsp;&nbsp;&nbsp;&nbsp;Miesto: Karol\u00edna Koval\u010d\u00edkov\u00e1, 9r. (L. Demuthov\u00e1)<\/p>\n\n\n\n<p><strong>Kateg\u00f3ria \u2013 12-15 rokov<\/strong><\/p>\n\n\n\n<p>1.&nbsp;&nbsp;&nbsp;&nbsp;&nbsp;&nbsp;&nbsp;Miesto: Andrej Luk\u00e1\u010d, 13r. (J. Krn\u00e1\u010dov\u00e1)<\/p>\n\n\n\n<p>2.&nbsp;&nbsp;&nbsp;&nbsp;&nbsp;&nbsp;&nbsp;Miesto: Svetlana \u010cervienkov\u00e1, 13r. (S. Popa\u010f\u00e1kov\u00e1)<\/p>\n\n\n\n<p>3.&nbsp;&nbsp;&nbsp;&nbsp;&nbsp;&nbsp;&nbsp;Miesto:Emma Fotopulosov\u00e1, 14r. (B. Mackov)<\/p>\n\n\n\n<p><strong>Kateg\u00f3ria&nbsp; 16- 19 rokov<\/strong><\/p>\n\n\n\n<p>1.&nbsp;&nbsp;&nbsp;&nbsp;&nbsp;&nbsp;&nbsp;Miesto: Katar\u00edna Me\u010diarov\u00e1, 18r. (S. Popa\u010f\u00e1kov\u00e1)<\/p>\n\n\n\n<p>2.&nbsp;&nbsp;&nbsp;&nbsp;&nbsp;&nbsp;&nbsp;Miesto: Ema Paul\u00ednyov\u00e1, 19r. (S. Popa\u010f\u00e1kov\u00e1)<\/p>\n\n\n\n<p>3.&nbsp;&nbsp;&nbsp;&nbsp;&nbsp;&nbsp;&nbsp;Miesto: Lara \u015aramkov\u00e1, 16r. (J. Krn\u00e1\u010dov\u00e1)<\/p>\n\n\n\n<p><strong>HLAVN\u00c1 CENA: Michal Ren\u010do 9r. ( M. Barjakov\u00e1)<\/strong><\/p>\n\n\n\n<p><strong>ZVL\u00c1\u0160TNA CENA: Ema Paul\u00ednyov\u00e1 19 r. (S. Popa\u010f\u00e1kov\u00e1)<\/strong><\/p>\n\n\n\n<p><strong>CENA PREDSEDU POROTY: Anna Opravilov\u00e1 7r. (M. Barjakov\u00e1)<\/strong><\/p>\n\n\n\n<p><strong>CENA STREDOSLOVENSKEJ GAL\u00c9RIE: Tatiana \u013dupt\u00e1kov\u00e1 10 r. (L. Demuthov\u00e1)<\/strong><\/p>\n\n\n\n<p><strong>CENY EX AEQUE :<\/strong><\/p>\n\n\n\n<p>Tereza Zbo\u0159ilov\u00e1 7r (L. Demuthov\u00e1)<\/p>\n\n\n\n<p>Tereza Martincov\u00e1 10r. (M. Barjakov\u00e1)<\/p>\n\n\n\n<p>Al\u017ebeta Ujhelyiov\u00e1 12r. (M. Barjakov\u00e1)<\/p>\n\n\n\n<p>Zuzana Hur\u0148ansk\u00e1 10r (L. Demuthov\u00e1)<\/p>\n\n\n\n<p>Helena Strme\u0148ov\u00e1 8r (M. Barjakov\u00e1)<\/p>\n\n\n\n<p>Karol\u00edna Koval\u010d\u00edkov\u00e1 9r (L. Demuthov\u00e1)<\/p>\n\n\n\n<p>Lilien Izabela Bott 9r (V. Babjakov\u00e1)<\/p>\n\n\n\n<p>Radovan Pi\u0161ko 7r (A. Kosceln\u00edkov\u00e1)<\/p>\n\n\n\n<p>Hana \u0164avodov\u00e1 10r (M. Barjakov\u00e1)<\/p>\n\n\n\n<p>Anna Ko\u0161\u0165alov\u00e1 9r (J. Krn\u00e1\u010dov\u00e1)<\/p>\n\n\n\n<p>Katar\u00edna K\u00fadelov\u00e1 13r (S. Popa\u010f\u00e1kov\u00e1)<\/p>\n\n\n\n<p>Ema Kocianov\u00e1 16r (A. Kosceln\u00edkov\u00e1)<\/p>\n\n\n\n<p>Lea Lap\u00ednov\u00e1 14r (M. Barjakov\u00e1 )<\/p>\n\n\n\n<p>Ema Sihelsk\u00e1 14r (J. Krn\u00e1\u010dov\u00e1)<\/p>\n\n\n\n<p>Matej Kubi\u0161 15r (M. Barjakov\u00e1)<\/p>\n\n\n\n<p>Daniela Salajov\u00e1 15r (A. Kosceln\u00edkov\u00e1 )<\/p>\n","protected":false},"excerpt":{"rendered":"<p>Pon\u00faka komplexn\u00fd sp\u00f4sob pozn\u00e1vania sveta, v\u00fdchova k samostatnej tvorivosti pod\u013ea otvorenej metodiky v\u00fdtvarnej v\u00fdchovy, rozvoj senzibility, racionality, intu\u00edcie, intelektu, fant\u00e1zie, temperamentu, mo\u017enos\u0165 \u0161t\u00fadia v pred\u0161kolskom veku, pr\u00edprava na profesion\u00e1lnu kreat\u00edvnu orient\u00e1ciu. V\u00fdu\u010dba z\u00e1kladn\u00fdch v\u00fdtvarn\u00fdch discipl\u00edn: kresba, ma\u013eba, grafika, dekorat\u00edvna \u010dinnos\u0165, pr\u00e1ca s materi\u00e1lom roz\u0161\u00edren\u00e9 vyu\u010dovanie: po\u010d\u00edta\u010dov\u00e1 anim\u00e1cia, fotografia, keramika, pr\u00e1ca s textilom n\u00e1v\u0161tevy gal\u00e9ri\u00ed a&hellip;&nbsp;<a href=\"https:\/\/www.zusjcbb.sk\/?page_id=80\" class=\"\" rel=\"bookmark\">\u010c\u00edta\u0165 viac &raquo;<span class=\"screen-reader-text\">V\u00fdtvarn\u00fd odbor<\/span><\/a><\/p>\n","protected":false},"author":2,"featured_media":0,"parent":35,"menu_order":0,"comment_status":"closed","ping_status":"closed","template":"","meta":{"neve_meta_sidebar":"","neve_meta_container":"","neve_meta_enable_content_width":"","neve_meta_content_width":0,"neve_meta_title_alignment":"","neve_meta_author_avatar":"","neve_post_elements_order":"","neve_meta_disable_header":"","neve_meta_disable_footer":"","neve_meta_disable_title":""},"_links":{"self":[{"href":"https:\/\/www.zusjcbb.sk\/index.php?rest_route=\/wp\/v2\/pages\/80"}],"collection":[{"href":"https:\/\/www.zusjcbb.sk\/index.php?rest_route=\/wp\/v2\/pages"}],"about":[{"href":"https:\/\/www.zusjcbb.sk\/index.php?rest_route=\/wp\/v2\/types\/page"}],"author":[{"embeddable":true,"href":"https:\/\/www.zusjcbb.sk\/index.php?rest_route=\/wp\/v2\/users\/2"}],"replies":[{"embeddable":true,"href":"https:\/\/www.zusjcbb.sk\/index.php?rest_route=%2Fwp%2Fv2%2Fcomments&post=80"}],"version-history":[{"count":1,"href":"https:\/\/www.zusjcbb.sk\/index.php?rest_route=\/wp\/v2\/pages\/80\/revisions"}],"predecessor-version":[{"id":9602,"href":"https:\/\/www.zusjcbb.sk\/index.php?rest_route=\/wp\/v2\/pages\/80\/revisions\/9602"}],"up":[{"embeddable":true,"href":"https:\/\/www.zusjcbb.sk\/index.php?rest_route=\/wp\/v2\/pages\/35"}],"wp:attachment":[{"href":"https:\/\/www.zusjcbb.sk\/index.php?rest_route=%2Fwp%2Fv2%2Fmedia&parent=80"}],"curies":[{"name":"wp","href":"https:\/\/api.w.org\/{rel}","templated":true}]}}