{"id":8027,"date":"2021-01-25T15:22:23","date_gmt":"2021-01-25T13:22:23","guid":{"rendered":"http:\/\/www.zusjcbb.sk\/?page_id=8027"},"modified":"2023-01-04T12:02:16","modified_gmt":"2023-01-04T10:02:16","slug":"zmluvy-2021","status":"publish","type":"page","link":"https:\/\/www.zusjcbb.sk\/?page_id=8027","title":{"rendered":"Zmluvy 2021"},"content":{"rendered":"\n<div class=\"wp-block-file\"><a id=\"wp-block-file--media-13e63aae-1741-4150-a032-b2921f99e2d3\" href=\"https:\/\/www.zusjcbb.sk\/wp-content\/uploads\/2021\/02\/1_Zmluva-o-poskytovan\u00ed-verejn\u00fdch-slu\u017eieb-Orange-Slovensko-a.s.-Sim-karta.pdf\">1_Zmluva o poskytovan\u00ed verejn\u00fdch slu\u017eieb &#8211; Orange Slovensko a.s. &#8211; Sim karta<\/a><a href=\"https:\/\/www.zusjcbb.sk\/wp-content\/uploads\/2021\/02\/1_Zmluva-o-poskytovan\u00ed-verejn\u00fdch-slu\u017eieb-Orange-Slovensko-a.s.-Sim-karta.pdf\" class=\"wp-block-file__button\" download aria-describedby=\"wp-block-file--media-13e63aae-1741-4150-a032-b2921f99e2d3\">Stiahnu\u0165<\/a><\/div>\n\n\n\n<div class=\"wp-block-file\"><a id=\"wp-block-file--media-dbe14db4-e756-4c01-a063-f4b938c23e80\" href=\"https:\/\/www.zusjcbb.sk\/wp-content\/uploads\/2021\/05\/2_Zmluva-o-poskytovani-verejnych-sluzieb-Oragne-Slovensko-a.s.-Sim-karta-zriadenie.pdf\">2_Zmluva-o-poskytovani-verejnych-sluzieb-Oragne-Slovensko-a.s.-Sim-karta-zriadenie<\/a><a href=\"https:\/\/www.zusjcbb.sk\/wp-content\/uploads\/2021\/05\/2_Zmluva-o-poskytovani-verejnych-sluzieb-Oragne-Slovensko-a.s.-Sim-karta-zriadenie.pdf\" class=\"wp-block-file__button\" download aria-describedby=\"wp-block-file--media-dbe14db4-e756-4c01-a063-f4b938c23e80\">Stiahnu\u0165<\/a><\/div>\n\n\n\n<div class=\"wp-block-file\"><a id=\"wp-block-file--media-9094305c-dff5-4b16-aa1d-7d8702d91c6e\" href=\"https:\/\/www.zusjcbb.sk\/wp-content\/uploads\/2021\/12\/3_Zmluva-o-dielo-c.-1-2021-Oprava-staticky-poskodenych-nenoskych-priecok-a-podlah-v-priestoroch-Foyer-pred-Velkou-koncertnou-salou-Stef.-nabrezie-MH-Stav-s.r.o..pdf\">3_Zmluva-o-dielo-c.-1-2021-Oprava-staticky-poskodenych-nenoskych-priecok-a-podlah-v-priestoroch-Foyer-pred-Velkou-koncertnou-salou-Stef.-nabrezie-MH-Stav-s.r.o.<\/a><a href=\"https:\/\/www.zusjcbb.sk\/wp-content\/uploads\/2021\/12\/3_Zmluva-o-dielo-c.-1-2021-Oprava-staticky-poskodenych-nenoskych-priecok-a-podlah-v-priestoroch-Foyer-pred-Velkou-koncertnou-salou-Stef.-nabrezie-MH-Stav-s.r.o..pdf\" class=\"wp-block-file__button\" download aria-describedby=\"wp-block-file--media-9094305c-dff5-4b16-aa1d-7d8702d91c6e\">Stiahnu\u0165<\/a><\/div>\n\n\n\n<div class=\"wp-block-file\"><a id=\"wp-block-file--media-624262fe-1fa4-4860-a1fc-f146320e9d0b\" href=\"https:\/\/www.zusjcbb.sk\/wp-content\/uploads\/2021\/12\/4_Zmluva-o-spolupraci-c.-250-2021-UMB-PP-pedagogicka-prax-studentov-Univerzita-Mateja-Bela-v-Banskej-Bystrici.pdf\">4_Zmluva-o-spolupraci-c.-250-2021-UMB-PP-pedagogicka-prax-studentov-Univerzita-Mateja-Bela-v-Banskej-Bystrici<\/a><a href=\"https:\/\/www.zusjcbb.sk\/wp-content\/uploads\/2021\/12\/4_Zmluva-o-spolupraci-c.-250-2021-UMB-PP-pedagogicka-prax-studentov-Univerzita-Mateja-Bela-v-Banskej-Bystrici.pdf\" class=\"wp-block-file__button\" download aria-describedby=\"wp-block-file--media-624262fe-1fa4-4860-a1fc-f146320e9d0b\">Stiahnu\u0165<\/a><\/div>\n\n\n\n<div class=\"wp-block-file\"><a id=\"wp-block-file--media-d29c3c70-4db5-4a01-a740-67e3a2d99a35\" href=\"https:\/\/www.zusjcbb.sk\/wp-content\/uploads\/2021\/12\/5_Zmluva-o-zabezpeceni-a-vykonani-umelecko-pedagogickej-praxe-studenta-1-2021-Sukromna-spojena-skola-Martin.pdf\">5_Zmluva-o-zabezpeceni-a-vykonani-umelecko-pedagogickej-praxe-studenta-1-2021-Sukromna-spojena-skola-Martin<\/a><a href=\"https:\/\/www.zusjcbb.sk\/wp-content\/uploads\/2021\/12\/5_Zmluva-o-zabezpeceni-a-vykonani-umelecko-pedagogickej-praxe-studenta-1-2021-Sukromna-spojena-skola-Martin.pdf\" class=\"wp-block-file__button\" download aria-describedby=\"wp-block-file--media-d29c3c70-4db5-4a01-a740-67e3a2d99a35\">Stiahnu\u0165<\/a><\/div>\n\n\n\n<div class=\"wp-block-file\"><a id=\"wp-block-file--media-3a34e044-4fdd-476e-bd31-95b10dfe4cf0\" href=\"https:\/\/www.zusjcbb.sk\/wp-content\/uploads\/2021\/12\/6_Zmluva-o-zabezpeceni-a-vykonani-umelecko-pedagogickej-praxe-studenta-2-2021-Sukromna-spojena-skola-Martin.pdf\">6_Zmluva-o-zabezpeceni-a-vykonani-umelecko-pedagogickej-praxe-studenta-2-2021-Sukromna-spojena-skola-Martin<\/a><a href=\"https:\/\/www.zusjcbb.sk\/wp-content\/uploads\/2021\/12\/6_Zmluva-o-zabezpeceni-a-vykonani-umelecko-pedagogickej-praxe-studenta-2-2021-Sukromna-spojena-skola-Martin.pdf\" class=\"wp-block-file__button\" download aria-describedby=\"wp-block-file--media-3a34e044-4fdd-476e-bd31-95b10dfe4cf0\">Stiahnu\u0165<\/a><\/div>\n\n\n\n<div class=\"wp-block-file\"><a id=\"wp-block-file--media-027a197b-8c01-4c06-a261-57703aa6095f\" href=\"https:\/\/www.zusjcbb.sk\/wp-content\/uploads\/2021\/12\/7_Zmluva-o-poskytovani-verejnych-sluzieb-cez-pevne-pripojenie-A13885094-Pevny-internet-tanecne-oddelenie-Orange-Slovensko-a.s..pdf\">7_Zmluva-o-poskytovani-verejnych-sluzieb-cez-pevne-pripojenie-A13885094-Pevny-internet-tanecne-oddelenie-Orange-Slovensko-a.s.<\/a><a href=\"https:\/\/www.zusjcbb.sk\/wp-content\/uploads\/2021\/12\/7_Zmluva-o-poskytovani-verejnych-sluzieb-cez-pevne-pripojenie-A13885094-Pevny-internet-tanecne-oddelenie-Orange-Slovensko-a.s..pdf\" class=\"wp-block-file__button\" download aria-describedby=\"wp-block-file--media-027a197b-8c01-4c06-a261-57703aa6095f\">Stiahnu\u0165<\/a><\/div>\n\n\n\n<div class=\"wp-block-file\"><a id=\"wp-block-file--media-894b95fc-e500-496d-9bb1-cb3bb65dad1a\" href=\"https:\/\/www.zusjcbb.sk\/wp-content\/uploads\/2022\/03\/8_Zmluva-c.-1-2021-o-vypozicke-nebytovych-priestorov-VKMK-3.pdf\">8_Zmluva-c.-1-2021-o-vypozicke-nebytovych-priestorov-VKMK-3<\/a><a href=\"https:\/\/www.zusjcbb.sk\/wp-content\/uploads\/2022\/03\/8_Zmluva-c.-1-2021-o-vypozicke-nebytovych-priestorov-VKMK-3.pdf\" class=\"wp-block-file__button\" download aria-describedby=\"wp-block-file--media-894b95fc-e500-496d-9bb1-cb3bb65dad1a\">Stiahnu\u0165<\/a><\/div>\n\n\n\n<div class=\"wp-block-file\"><a id=\"wp-block-file--media-6bd309f2-8528-4d54-814d-309f6f247732\" href=\"https:\/\/www.zusjcbb.sk\/wp-content\/uploads\/2023\/01\/9_Zmluva-o-dielo-c.-2-2021-Oprava-a-zjednotenie-dizajnu-vestibulovych-priestorov-v-budove-ZUS-Jana-Cikkera-Stefanikovo-nabrezie-6-974-01-Banska-Bystrica-stavRaVa-s.r.o..pdf\">9_Zmluva-o-dielo-c.-2-2021-Oprava-a-zjednotenie-dizajnu-vestibulovych-priestorov-v-budove-ZUS-Jana-Cikkera-Stefanikovo-nabrezie-6-974-01-Banska-Bystrica-stavRaVa-s.r.o.<\/a><a href=\"https:\/\/www.zusjcbb.sk\/wp-content\/uploads\/2023\/01\/9_Zmluva-o-dielo-c.-2-2021-Oprava-a-zjednotenie-dizajnu-vestibulovych-priestorov-v-budove-ZUS-Jana-Cikkera-Stefanikovo-nabrezie-6-974-01-Banska-Bystrica-stavRaVa-s.r.o..pdf\" class=\"wp-block-file__button\" download aria-describedby=\"wp-block-file--media-6bd309f2-8528-4d54-814d-309f6f247732\">Stiahnu\u0165<\/a><\/div>\n\n\n\n<div class=\"wp-block-file\"><a id=\"wp-block-file--media-40239550-599c-4c46-94ba-4d1f0d842e36\" href=\"https:\/\/www.zusjcbb.sk\/wp-content\/uploads\/2023\/01\/10_Zmluva-o-dielo-c.-3-2021-Oprava-a-zjednotenie-dizajnu-vestibulovych-priestorov-v-budove-ZUS-Jana-Cikkera.-Internatna-2A-974-04-Banska-Bystrica-stavRaVa-s.r.o..pdf\">10_Zmluva-o-dielo-c.-3-2021-Oprava-a-zjednotenie-dizajnu-vestibulovych-priestorov-v-budove-ZUS-Jana-Cikkera.-Internatna-2A-974-04-Banska-Bystrica-stavRaVa-s.r.o.<\/a><a href=\"https:\/\/www.zusjcbb.sk\/wp-content\/uploads\/2023\/01\/10_Zmluva-o-dielo-c.-3-2021-Oprava-a-zjednotenie-dizajnu-vestibulovych-priestorov-v-budove-ZUS-Jana-Cikkera.-Internatna-2A-974-04-Banska-Bystrica-stavRaVa-s.r.o..pdf\" class=\"wp-block-file__button\" download aria-describedby=\"wp-block-file--media-40239550-599c-4c46-94ba-4d1f0d842e36\">Stiahnu\u0165<\/a><\/div>\n\n\n\n<div class=\"wp-block-file\"><a id=\"wp-block-file--media-9ca1705a-7d06-4361-ab5d-5b59c3b56a3e\" href=\"https:\/\/www.zusjcbb.sk\/wp-content\/uploads\/2023\/01\/11_Zmluva-o-dielo-c.-4-2021-Oprava-a-vyrovnanie-vonkajsieho-chodniku-pri-budove-ZUS-Jana-Cikkera-974-01-Banska-Bystrica-stavRaVa-s.r.o..pdf\">11_Zmluva-o-dielo-c.-4-2021-Oprava-a-vyrovnanie-vonkajsieho-chodniku-pri-budove-ZUS-Jana-Cikkera-974-01-Banska-Bystrica-stavRaVa-s.r.o.<\/a><a href=\"https:\/\/www.zusjcbb.sk\/wp-content\/uploads\/2023\/01\/11_Zmluva-o-dielo-c.-4-2021-Oprava-a-vyrovnanie-vonkajsieho-chodniku-pri-budove-ZUS-Jana-Cikkera-974-01-Banska-Bystrica-stavRaVa-s.r.o..pdf\" class=\"wp-block-file__button\" download aria-describedby=\"wp-block-file--media-9ca1705a-7d06-4361-ab5d-5b59c3b56a3e\">Stiahnu\u0165<\/a><\/div>\n\n\n\n<div class=\"wp-block-file\"><a id=\"wp-block-file--media-88a00e38-3b6b-4417-b91e-e88570ed3f7d\" href=\"https:\/\/www.zusjcbb.sk\/wp-content\/uploads\/2023\/01\/12_Zmluva-c.-07-01-2022-685-RO-vykonavanie-sluzieb-BOZP-PO-CO-Pyroboss-s.r.o..pdf\">12_Zmluva-c.-07-01-2022-685-RO-vykonavanie-sluzieb-BOZP-PO-CO-Pyroboss-s.r.o.<\/a><a href=\"https:\/\/www.zusjcbb.sk\/wp-content\/uploads\/2023\/01\/12_Zmluva-c.-07-01-2022-685-RO-vykonavanie-sluzieb-BOZP-PO-CO-Pyroboss-s.r.o..pdf\" class=\"wp-block-file__button\" download aria-describedby=\"wp-block-file--media-88a00e38-3b6b-4417-b91e-e88570ed3f7d\">Stiahnu\u0165<\/a><\/div>\n\n\n\n<div class=\"wp-block-file\"><a id=\"wp-block-file--media-b89bacf1-9b9f-437d-8b19-1a618e3c9e93\" href=\"https:\/\/www.zusjcbb.sk\/wp-content\/uploads\/2023\/01\/13_Zmluva-o-poskytnuti-spravcovstva-servisu-na-pocitacove-zostavy-Elis-s.r.o..pdf\">13_Zmluva-o-poskytnuti-spravcovstva-servisu-na-pocitacove-zostavy-Elis-s.r.o.<\/a><a href=\"https:\/\/www.zusjcbb.sk\/wp-content\/uploads\/2023\/01\/13_Zmluva-o-poskytnuti-spravcovstva-servisu-na-pocitacove-zostavy-Elis-s.r.o..pdf\" class=\"wp-block-file__button\" download aria-describedby=\"wp-block-file--media-b89bacf1-9b9f-437d-8b19-1a618e3c9e93\">Stiahnu\u0165<\/a><\/div>\n\n\n\n<div class=\"wp-block-file\"><a id=\"wp-block-file--media-39b9c080-0945-4d27-826b-750cc90692a6\" href=\"https:\/\/www.zusjcbb.sk\/wp-content\/uploads\/2023\/01\/14_Zmluva-o-dodavke-a-distribucii-el.-energie-c.-2360-2021-ORA.pdf\">14_Zmluva-o-dodavke-a-distribucii-el.-energie-c.-2360-2021-ORA<\/a><a href=\"https:\/\/www.zusjcbb.sk\/wp-content\/uploads\/2023\/01\/14_Zmluva-o-dodavke-a-distribucii-el.-energie-c.-2360-2021-ORA.pdf\" class=\"wp-block-file__button\" download aria-describedby=\"wp-block-file--media-39b9c080-0945-4d27-826b-750cc90692a6\">Stiahnu\u0165<\/a><\/div>\n","protected":false},"excerpt":{"rendered":"","protected":false},"author":2,"featured_media":0,"parent":37,"menu_order":0,"comment_status":"closed","ping_status":"closed","template":"","meta":{"neve_meta_sidebar":"","neve_meta_container":"","neve_meta_enable_content_width":"","neve_meta_content_width":0,"neve_meta_title_alignment":"","neve_meta_author_avatar":"","neve_post_elements_order":"","neve_meta_disable_header":"","neve_meta_disable_footer":"","neve_meta_disable_title":""},"_links":{"self":[{"href":"https:\/\/www.zusjcbb.sk\/index.php?rest_route=\/wp\/v2\/pages\/8027"}],"collection":[{"href":"https:\/\/www.zusjcbb.sk\/index.php?rest_route=\/wp\/v2\/pages"}],"about":[{"href":"https:\/\/www.zusjcbb.sk\/index.php?rest_route=\/wp\/v2\/types\/page"}],"author":[{"embeddable":true,"href":"https:\/\/www.zusjcbb.sk\/index.php?rest_route=\/wp\/v2\/users\/2"}],"replies":[{"embeddable":true,"href":"https:\/\/www.zusjcbb.sk\/index.php?rest_route=%2Fwp%2Fv2%2Fcomments&post=8027"}],"version-history":[{"count":11,"href":"https:\/\/www.zusjcbb.sk\/index.php?rest_route=\/wp\/v2\/pages\/8027\/revisions"}],"predecessor-version":[{"id":9947,"href":"https:\/\/www.zusjcbb.sk\/index.php?rest_route=\/wp\/v2\/pages\/8027\/revisions\/9947"}],"up":[{"embeddable":true,"href":"https:\/\/www.zusjcbb.sk\/index.php?rest_route=\/wp\/v2\/pages\/37"}],"wp:attachment":[{"href":"https:\/\/www.zusjcbb.sk\/index.php?rest_route=%2Fwp%2Fv2%2Fmedia&parent=8027"}],"curies":[{"name":"wp","href":"https:\/\/api.w.org\/{rel}","templated":true}]}}