{"id":8868,"date":"2021-09-21T14:31:32","date_gmt":"2021-09-21T12:31:32","guid":{"rendered":"https:\/\/www.zusjcbb.sk\/?page_id=8868"},"modified":"2021-09-23T18:13:28","modified_gmt":"2021-09-23T16:13:28","slug":"flautisimmo","status":"publish","type":"page","link":"https:\/\/www.zusjcbb.sk\/?page_id=8868","title":{"rendered":"Flautisimmo"},"content":{"rendered":"\n<div class=\"wp-block-themeisle-blocks-advanced-columns has-1-columns has-desktop-equal-layout has-tablet-equal-layout has-mobile-equal-layout has-default-gap has-vertical-unset\" id=\"wp-block-themeisle-blocks-advanced-columns-8d088751\"><div class=\"wp-block-themeisle-blocks-advanced-columns-overlay\"><\/div><div class=\"innerblocks-wrap\">\n<div class=\"wp-block-themeisle-blocks-advanced-column\" id=\"wp-block-themeisle-blocks-advanced-column-1c3c4994\">\n<p>S\u00fabor zobcov\u00fdch fl\u00e1ut Flautisimmo vznikol v&nbsp;septembri 2019 z&nbsp;iniciat\u00edvy Anny Izakovi\u010dovej, pedagogi\u010dky flautovej hry Z\u00e1kladnej umeleckej \u0161koly J\u00e1na Cikkera. Za v\u00fdraznej podpory riadite\u013ea ZU\u0160 JC Mgr. art. Martina Ka\u0161\u0161u, DiS. art., ako aj ostatn\u00fdch kolegov dychov\u00e9ho oddelenia vzniklo teleso, ktor\u00e9 je svojom n\u00e1strojov\u00fdm obsaden\u00edm predur\u010den\u00e9 venova\u0165 sa prioritne hudbe renesancie a&nbsp;baroka. Spozn\u00e1vanie renesan\u010dn\u00fdch tancov, ich rytmika a&nbsp;melodika s&nbsp;typickou harm\u00f3niou, zakladaj\u00facim \u010dlenk\u00e1m doslova u\u010darovalo. Rados\u0165 zo spolo\u010dn\u00e9ho tvorenia zvuku ans\u00e1mblovej hudby je c\u00edti\u0165 z ka\u017edej sk\u00fa\u0161ky, \u010di verejnej prezent\u00e1cie.<\/p>\n\n\n\n<p>Sopr\u00e1nov\u00e9, altov\u00e9 a&nbsp;tenorov\u00e9 flauty s\u00fa \u0161tandardn\u00fdm zvukom, ktor\u00e9 znej\u00fa z p\u00f3dia. V&nbsp;bl\u00edzkej bud\u00facnosti o\u010dak\u00e1vame zaradenie basovej zobcovej flauty. Pr\u00edle\u017eitostne s\u00fa skladby obohaten\u00e9 zvukom \u010dembala, \u010di r\u00f4znych rytmick\u00fdch n\u00e1strojov.<\/p>\n\n\n\n<figure class=\"wp-block-image size-large is-style-default\"><a href=\"https:\/\/www.zusjcbb.sk\/wp-content\/uploads\/2021\/09\/Flautisimmo.jpg\"><img loading=\"lazy\" width=\"1024\" height=\"683\" src=\"https:\/\/www.zusjcbb.sk\/wp-content\/uploads\/2021\/09\/Flautisimmo-1024x683.jpg\" alt=\"\" class=\"wp-image-8871\" srcset=\"https:\/\/www.zusjcbb.sk\/wp-content\/uploads\/2021\/09\/Flautisimmo-1024x683.jpg 1024w, https:\/\/www.zusjcbb.sk\/wp-content\/uploads\/2021\/09\/Flautisimmo-300x200.jpg 300w, https:\/\/www.zusjcbb.sk\/wp-content\/uploads\/2021\/09\/Flautisimmo-768x512.jpg 768w, https:\/\/www.zusjcbb.sk\/wp-content\/uploads\/2021\/09\/Flautisimmo-1536x1024.jpg 1536w, https:\/\/www.zusjcbb.sk\/wp-content\/uploads\/2021\/09\/Flautisimmo-930x620.jpg 930w, https:\/\/www.zusjcbb.sk\/wp-content\/uploads\/2021\/09\/Flautisimmo.jpg 1920w\" sizes=\"(max-width: 1024px) 100vw, 1024px\" \/><\/a><\/figure>\n\n\n\n<p>S\u00fabor si u\u017e od za\u010diatku svojho vzniku z\u00edskal srdcia posluch\u00e1\u010dov. \u00da\u010dinkoval takmer na v\u0161etk\u00fdch \u0161kolsk\u00fdch a&nbsp;reprezenta\u010dn\u00fdch koncertoch ZU\u0160 J\u00e1na Cikkera. Nako\u013eko do rozvoja telesa zasiahli opatrenia proti Covidu &#8211; 19, nebolo mo\u017en\u00e9 podpori\u0165 po\u010diato\u010dn\u00e9 nad\u0161enie z\u00fa\u010dastnen\u00edm sa s\u00fa\u0165a\u017ee, ba v&nbsp;\u0161kolskom roku 2020\/2021 ani koncertnou \u010dinnos\u0165ou.<\/p>\n\n\n\n<p>V&nbsp;\u0161kolskom roku 2021\/2022&nbsp; ZU\u0160 JC BB nadviazala spolupr\u00e1cu so S\u00fakromnou \u0161kolou R\u00f3berta Tat\u00e1ra konkr\u00e9tne s&nbsp;pedagogi\u010dkou Martinou Cillerovou a&nbsp;\u017eia\u010dkami jej flautovej triedy. Hrou na tenorov\u00fa flautu a&nbsp;\u010dembalo, ako aj aran\u017eovan\u00edm \u010di vlastnou tvorbou prin\u00e1\u0161a nov\u00e9 n\u00e1pady Dominik&nbsp; Haliarsk\u00fd, pedag\u00f3g hry na klav\u00edr&nbsp; ZU\u0160 JC BB.<\/p>\n\n\n\n<p>Flautisimmo je pr\u00edle\u017eitos\u0165ou pre ka\u017ed\u00e9 muzik\u00e1lne die\u0165a, ktor\u00e9 chce rozv\u00edja\u0165 svoj talent a&nbsp;vyu\u017ei\u0165 z\u00edskan\u00e9 vedomosti z individu\u00e1lych hod\u00edn v&nbsp;ans\u00e1mblovej hre.&nbsp;<\/p>\n<\/div>\n<\/div><\/div>\n\n\n\n<figure class=\"wp-block-image size-large\"><a href=\"https:\/\/www.zusjcbb.sk\/wp-content\/uploads\/2021\/09\/Flautisimmo-2.jpg\"><img loading=\"lazy\" width=\"1024\" height=\"683\" src=\"https:\/\/www.zusjcbb.sk\/wp-content\/uploads\/2021\/09\/Flautisimmo-2-1024x683.jpg\" alt=\"\" class=\"wp-image-8879\" srcset=\"https:\/\/www.zusjcbb.sk\/wp-content\/uploads\/2021\/09\/Flautisimmo-2-1024x683.jpg 1024w, https:\/\/www.zusjcbb.sk\/wp-content\/uploads\/2021\/09\/Flautisimmo-2-300x200.jpg 300w, https:\/\/www.zusjcbb.sk\/wp-content\/uploads\/2021\/09\/Flautisimmo-2-768x512.jpg 768w, https:\/\/www.zusjcbb.sk\/wp-content\/uploads\/2021\/09\/Flautisimmo-2-1536x1024.jpg 1536w, https:\/\/www.zusjcbb.sk\/wp-content\/uploads\/2021\/09\/Flautisimmo-2-930x620.jpg 930w, https:\/\/www.zusjcbb.sk\/wp-content\/uploads\/2021\/09\/Flautisimmo-2.jpg 1920w\" sizes=\"(max-width: 1024px) 100vw, 1024px\" \/><\/a><\/figure>\n\n\n\n<figure class=\"wp-block-image size-large\"><a href=\"https:\/\/www.zusjcbb.sk\/wp-content\/uploads\/2021\/09\/Flautisimmo-5.jpg\"><img loading=\"lazy\" width=\"1024\" height=\"683\" src=\"https:\/\/www.zusjcbb.sk\/wp-content\/uploads\/2021\/09\/Flautisimmo-5-1024x683.jpg\" alt=\"\" class=\"wp-image-8881\" srcset=\"https:\/\/www.zusjcbb.sk\/wp-content\/uploads\/2021\/09\/Flautisimmo-5-1024x683.jpg 1024w, https:\/\/www.zusjcbb.sk\/wp-content\/uploads\/2021\/09\/Flautisimmo-5-300x200.jpg 300w, https:\/\/www.zusjcbb.sk\/wp-content\/uploads\/2021\/09\/Flautisimmo-5-768x512.jpg 768w, https:\/\/www.zusjcbb.sk\/wp-content\/uploads\/2021\/09\/Flautisimmo-5-1536x1024.jpg 1536w, https:\/\/www.zusjcbb.sk\/wp-content\/uploads\/2021\/09\/Flautisimmo-5-930x620.jpg 930w, https:\/\/www.zusjcbb.sk\/wp-content\/uploads\/2021\/09\/Flautisimmo-5.jpg 1920w\" sizes=\"(max-width: 1024px) 100vw, 1024px\" \/><\/a><\/figure>\n\n\n\n<figure class=\"wp-block-image size-large\"><a href=\"https:\/\/www.zusjcbb.sk\/wp-content\/uploads\/2021\/09\/Flautisimmo-4.jpg\"><img loading=\"lazy\" width=\"1024\" height=\"683\" src=\"https:\/\/www.zusjcbb.sk\/wp-content\/uploads\/2021\/09\/Flautisimmo-4-1024x683.jpg\" alt=\"\" class=\"wp-image-8880\" srcset=\"https:\/\/www.zusjcbb.sk\/wp-content\/uploads\/2021\/09\/Flautisimmo-4-1024x683.jpg 1024w, https:\/\/www.zusjcbb.sk\/wp-content\/uploads\/2021\/09\/Flautisimmo-4-300x200.jpg 300w, https:\/\/www.zusjcbb.sk\/wp-content\/uploads\/2021\/09\/Flautisimmo-4-768x512.jpg 768w, https:\/\/www.zusjcbb.sk\/wp-content\/uploads\/2021\/09\/Flautisimmo-4-1536x1024.jpg 1536w, https:\/\/www.zusjcbb.sk\/wp-content\/uploads\/2021\/09\/Flautisimmo-4-930x620.jpg 930w, https:\/\/www.zusjcbb.sk\/wp-content\/uploads\/2021\/09\/Flautisimmo-4.jpg 1920w\" sizes=\"(max-width: 1024px) 100vw, 1024px\" \/><\/a><\/figure>\n","protected":false},"excerpt":{"rendered":"","protected":false},"author":2,"featured_media":0,"parent":77,"menu_order":0,"comment_status":"closed","ping_status":"closed","template":"","meta":{"neve_meta_sidebar":"full-width","neve_meta_container":"","neve_meta_enable_content_width":"on","neve_meta_content_width":100,"neve_meta_title_alignment":"","neve_meta_author_avatar":"","neve_post_elements_order":"","neve_meta_disable_header":"","neve_meta_disable_footer":"","neve_meta_disable_title":""},"_links":{"self":[{"href":"https:\/\/www.zusjcbb.sk\/index.php?rest_route=\/wp\/v2\/pages\/8868"}],"collection":[{"href":"https:\/\/www.zusjcbb.sk\/index.php?rest_route=\/wp\/v2\/pages"}],"about":[{"href":"https:\/\/www.zusjcbb.sk\/index.php?rest_route=\/wp\/v2\/types\/page"}],"author":[{"embeddable":true,"href":"https:\/\/www.zusjcbb.sk\/index.php?rest_route=\/wp\/v2\/users\/2"}],"replies":[{"embeddable":true,"href":"https:\/\/www.zusjcbb.sk\/index.php?rest_route=%2Fwp%2Fv2%2Fcomments&post=8868"}],"version-history":[{"count":5,"href":"https:\/\/www.zusjcbb.sk\/index.php?rest_route=\/wp\/v2\/pages\/8868\/revisions"}],"predecessor-version":[{"id":8883,"href":"https:\/\/www.zusjcbb.sk\/index.php?rest_route=\/wp\/v2\/pages\/8868\/revisions\/8883"}],"up":[{"embeddable":true,"href":"https:\/\/www.zusjcbb.sk\/index.php?rest_route=\/wp\/v2\/pages\/77"}],"wp:attachment":[{"href":"https:\/\/www.zusjcbb.sk\/index.php?rest_route=%2Fwp%2Fv2%2Fmedia&parent=8868"}],"curies":[{"name":"wp","href":"https:\/\/api.w.org\/{rel}","templated":true}]}}