{"id":887,"date":"2013-04-11T12:50:39","date_gmt":"2013-04-11T12:50:39","guid":{"rendered":"http:\/\/www.zusjcbb.php5.sk\/?page_id=887"},"modified":"2016-04-15T16:56:08","modified_gmt":"2016-04-15T14:56:08","slug":"galeria-malovana-zus-ka","status":"publish","type":"page","link":"https:\/\/www.zusjcbb.sk\/?page_id=887","title":{"rendered":"Gal\u00e9ria Ma\u013eovan\u00e1 ZU\u0160-ka"},"content":{"rendered":"<h2 style=\"text-align: center;\"><strong>Hlavn\u00e1 cena<\/strong><\/h2>\n<p><strong><strong>Adela Smole\u0148ov\u00e1, 8 <\/strong><\/strong>rokov, &#8222;Kon\u00edk&#8220;, \u00a0ZU\u0160 P. M. Boh\u00fa\u0148a, Doln\u00fd Kub\u00edn<\/p>\n<p>Pedag\u00f3g: Mgr. Lucia Mal\u00edkov\u00e1<\/p>\n<p><a href=\"https:\/\/www.zusjcbb.sk\/wp-content\/uploads\/2016\/04\/1-Hlavn\u00e1-Cena-Adela-Smole\u0148ov\u00e1-8r-Kon\u00edk.jpg\" rel=\"attachment wp-att-2844\"><img loading=\"lazy\" class=\"alignnone wp-image-2844\" src=\"https:\/\/www.zusjcbb.sk\/wp-content\/uploads\/2016\/04\/1-Hlavn\u00e1-Cena-Adela-Smole\u0148ov\u00e1-8r-Kon\u00edk-1024x725.jpg\" alt=\"1 - Hlavn\u00e1 Cena - Adela Smole\u0148ov\u00e1 8r, Kon\u00edk\" width=\"1920\" height=\"1360\" srcset=\"https:\/\/www.zusjcbb.sk\/wp-content\/uploads\/2016\/04\/1-Hlavn\u00e1-Cena-Adela-Smole\u0148ov\u00e1-8r-Kon\u00edk-1024x725.jpg 1024w, https:\/\/www.zusjcbb.sk\/wp-content\/uploads\/2016\/04\/1-Hlavn\u00e1-Cena-Adela-Smole\u0148ov\u00e1-8r-Kon\u00edk-300x212.jpg 300w, https:\/\/www.zusjcbb.sk\/wp-content\/uploads\/2016\/04\/1-Hlavn\u00e1-Cena-Adela-Smole\u0148ov\u00e1-8r-Kon\u00edk-768x544.jpg 768w\" sizes=\"(max-width: 1920px) 100vw, 1920px\" \/><\/a><\/p>\n<p style=\"text-align: center;\">\u00a0<strong>*<\/strong><\/p>\n<h2 style=\"text-align: center;\"><strong>Cena predsedu poroty<\/strong><\/h2>\n<p><strong><strong>Miriam Kalmanov\u00e1, 6 <\/strong><\/strong>rokov, &#8222;Zablaten\u00ed snehuliaci&#8220;,\u00a0ZU\u0160 He\u013epa<\/p>\n<p>Pedag\u00f3g: Erika \u0160\u00e1ndorov\u00e1 akad. mal.<\/p>\n<p><a href=\"https:\/\/www.zusjcbb.sk\/wp-content\/uploads\/2016\/04\/2-Cena-Predsedu-Poroty-Miriam-Kalmanov\u00e1-6r-Zablaten\u00ed-Snehuliaci.jpg\" rel=\"attachment wp-att-2845\"><img loading=\"lazy\" class=\"alignnone wp-image-2845\" src=\"https:\/\/www.zusjcbb.sk\/wp-content\/uploads\/2016\/04\/2-Cena-Predsedu-Poroty-Miriam-Kalmanov\u00e1-6r-Zablaten\u00ed-Snehuliaci-1024x726.jpg\" alt=\"2 - Cena Predsedu Poroty - Miriam Kalmanov\u00e1 6r, Zablaten\u00ed Snehuliaci\" width=\"1920\" height=\"1362\" srcset=\"https:\/\/www.zusjcbb.sk\/wp-content\/uploads\/2016\/04\/2-Cena-Predsedu-Poroty-Miriam-Kalmanov\u00e1-6r-Zablaten\u00ed-Snehuliaci-1024x726.jpg 1024w, https:\/\/www.zusjcbb.sk\/wp-content\/uploads\/2016\/04\/2-Cena-Predsedu-Poroty-Miriam-Kalmanov\u00e1-6r-Zablaten\u00ed-Snehuliaci-300x213.jpg 300w, https:\/\/www.zusjcbb.sk\/wp-content\/uploads\/2016\/04\/2-Cena-Predsedu-Poroty-Miriam-Kalmanov\u00e1-6r-Zablaten\u00ed-Snehuliaci-768x545.jpg 768w\" sizes=\"(max-width: 1920px) 100vw, 1920px\" \/><\/a><\/p>\n<p style=\"text-align: center;\"><strong>*<\/strong><\/p>\n<h2 style=\"text-align: center;\"><strong>Zvl\u00e1\u0161tna cena<\/strong><\/h2>\n<p><strong>Emma Franciscy, 7 <\/strong>rokov, ZU\u0160 J. Cikkera Bansk\u00e1 Bystrica<\/p>\n<p>Pedag\u00f3g: Mgr. Vanda Babjakov\u00e1<\/p>\n<p><a href=\"https:\/\/www.zusjcbb.sk\/wp-content\/uploads\/2016\/04\/3-Zvl\u00e1\u0161tna-Cena-Emma-Franciscy-7r.jpg\" rel=\"attachment wp-att-2846\"><img loading=\"lazy\" class=\"alignnone wp-image-2846\" src=\"https:\/\/www.zusjcbb.sk\/wp-content\/uploads\/2016\/04\/3-Zvl\u00e1\u0161tna-Cena-Emma-Franciscy-7r-1024x727.jpg\" alt=\"3 - Zvl\u00e1\u0161tna Cena - Emma Franciscy 7r\" width=\"1920\" height=\"1364\" srcset=\"https:\/\/www.zusjcbb.sk\/wp-content\/uploads\/2016\/04\/3-Zvl\u00e1\u0161tna-Cena-Emma-Franciscy-7r-1024x727.jpg 1024w, https:\/\/www.zusjcbb.sk\/wp-content\/uploads\/2016\/04\/3-Zvl\u00e1\u0161tna-Cena-Emma-Franciscy-7r-300x213.jpg 300w, https:\/\/www.zusjcbb.sk\/wp-content\/uploads\/2016\/04\/3-Zvl\u00e1\u0161tna-Cena-Emma-Franciscy-7r-768x545.jpg 768w\" sizes=\"(max-width: 1920px) 100vw, 1920px\" \/><\/a><\/p>\n<p style=\"text-align: center;\"><strong>*<\/strong><\/p>\n<h2 style=\"text-align: center;\"><strong>Zvl\u00e1\u0161tna cena<\/strong><\/h2>\n<p><strong><strong>Janka N\u011bme\u010dkov\u00e1, 18 <\/strong><\/strong>rokov, ZU\u0160 J. Cikkera Bansk\u00e1 Bystrica<\/p>\n<p>Pedag\u00f3g: Mgr. Vanda Babjakov\u00e1<\/p>\n<p><a href=\"https:\/\/www.zusjcbb.sk\/wp-content\/uploads\/2016\/04\/4-Zvl\u00e1\u0161tna-Cena-Janka-N\u011bme\u010dkov\u00e1-18r.jpg\" rel=\"attachment wp-att-2847\"><img loading=\"lazy\" class=\"alignnone wp-image-2847\" src=\"https:\/\/www.zusjcbb.sk\/wp-content\/uploads\/2016\/04\/4-Zvl\u00e1\u0161tna-Cena-Janka-N\u011bme\u010dkov\u00e1-18r-723x1024.jpg\" alt=\"4 - Zvl\u00e1\u0161tna Cena - Janka N\u011bme\u010dkov\u00e1 18r\" width=\"1920\" height=\"2719\" srcset=\"https:\/\/www.zusjcbb.sk\/wp-content\/uploads\/2016\/04\/4-Zvl\u00e1\u0161tna-Cena-Janka-N\u011bme\u010dkov\u00e1-18r-723x1024.jpg 723w, https:\/\/www.zusjcbb.sk\/wp-content\/uploads\/2016\/04\/4-Zvl\u00e1\u0161tna-Cena-Janka-N\u011bme\u010dkov\u00e1-18r-212x300.jpg 212w, https:\/\/www.zusjcbb.sk\/wp-content\/uploads\/2016\/04\/4-Zvl\u00e1\u0161tna-Cena-Janka-N\u011bme\u010dkov\u00e1-18r-768x1088.jpg 768w\" sizes=\"(max-width: 1920px) 100vw, 1920px\" \/><\/a><\/p>\n<p style=\"text-align: center;\"><strong>*<\/strong><\/p>\n<h2 style=\"text-align: center;\"><strong>Ceny EX AEQUE<\/strong><\/h2>\n<p><strong>Ter\u00e9zia Patschov\u00e1, 15 <\/strong>rokov, &#8220; \u017dlt\u00e1 za oknom&#8220;,\u00a0ZU\u0160 Istrijsk\u00e1, Bratislava<\/p>\n<p>Pedag\u00f3g: Anna Horv\u00e1thov\u00e1<\/p>\n<p><a href=\"https:\/\/www.zusjcbb.sk\/wp-content\/uploads\/2016\/04\/5-Ex-Aeque-Ter\u00e9zia-Patschov\u00e1-15r-\u017dlt\u00e1-za-oknom.jpg\" rel=\"attachment wp-att-2848\"><img loading=\"lazy\" class=\"alignnone wp-image-2848\" src=\"https:\/\/www.zusjcbb.sk\/wp-content\/uploads\/2016\/04\/5-Ex-Aeque-Ter\u00e9zia-Patschov\u00e1-15r-\u017dlt\u00e1-za-oknom-717x1024.jpg\" alt=\"5 - Ex Aeque - Ter\u00e9zia Patschov\u00e1 15r, \u017dlt\u00e1 za oknom\" width=\"1920\" height=\"2741\" srcset=\"https:\/\/www.zusjcbb.sk\/wp-content\/uploads\/2016\/04\/5-Ex-Aeque-Ter\u00e9zia-Patschov\u00e1-15r-\u017dlt\u00e1-za-oknom-717x1024.jpg 717w, https:\/\/www.zusjcbb.sk\/wp-content\/uploads\/2016\/04\/5-Ex-Aeque-Ter\u00e9zia-Patschov\u00e1-15r-\u017dlt\u00e1-za-oknom-210x300.jpg 210w, https:\/\/www.zusjcbb.sk\/wp-content\/uploads\/2016\/04\/5-Ex-Aeque-Ter\u00e9zia-Patschov\u00e1-15r-\u017dlt\u00e1-za-oknom-768x1096.jpg 768w\" sizes=\"(max-width: 1920px) 100vw, 1920px\" \/><\/a><\/p>\n<p style=\"text-align: center;\"><strong>*<\/strong><\/p>\n<p><strong>Nat\u00e1lia Pu\u0161k\u00e1\u0161ov\u00e1, 9 <\/strong>rokov, &#8222;V\u00a0ateli\u00e9ri&#8220;,\u00a0ZU\u0160 L. \u00c1rvaya, EP \u017dilina<\/p>\n<p>Pedag\u00f3g: Mgr. M\u00e1ria Virdzekov\u00e1<\/p>\n<p><a href=\"https:\/\/www.zusjcbb.sk\/wp-content\/uploads\/2016\/04\/6-Ex-Aeque-Nat\u00e1lia-Pu\u0161k\u00e1\u0161ov\u00e1-9r-V-Ateli\u00e9ri.jpg\" rel=\"attachment wp-att-2849\"><img loading=\"lazy\" class=\"alignnone wp-image-2849\" src=\"https:\/\/www.zusjcbb.sk\/wp-content\/uploads\/2016\/04\/6-Ex-Aeque-Nat\u00e1lia-Pu\u0161k\u00e1\u0161ov\u00e1-9r-V-Ateli\u00e9ri-650x1024.jpg\" alt=\"6 - Ex Aeque - Nat\u00e1lia Pu\u0161k\u00e1\u0161ov\u00e1 9r, V Ateli\u00e9ri\" width=\"1920\" height=\"3027\" srcset=\"https:\/\/www.zusjcbb.sk\/wp-content\/uploads\/2016\/04\/6-Ex-Aeque-Nat\u00e1lia-Pu\u0161k\u00e1\u0161ov\u00e1-9r-V-Ateli\u00e9ri-650x1024.jpg 650w, https:\/\/www.zusjcbb.sk\/wp-content\/uploads\/2016\/04\/6-Ex-Aeque-Nat\u00e1lia-Pu\u0161k\u00e1\u0161ov\u00e1-9r-V-Ateli\u00e9ri-190x300.jpg 190w, https:\/\/www.zusjcbb.sk\/wp-content\/uploads\/2016\/04\/6-Ex-Aeque-Nat\u00e1lia-Pu\u0161k\u00e1\u0161ov\u00e1-9r-V-Ateli\u00e9ri-768x1211.jpg 768w\" sizes=\"(max-width: 1920px) 100vw, 1920px\" \/><\/a><\/p>\n<p style=\"text-align: center;\"><strong>*<\/strong><\/p>\n<p><strong>Rebecca Kri\u017e\u00e1nkov\u00e1, 10 <\/strong>rokov, &#8222;Milujem ma\u013eovanie&#8220;,\u00a0ZU\u0160 Hol\u00ed\u010d<\/p>\n<p>Pedag\u00f3g: Mgr. G. V\u00e1vrov\u00e1<\/p>\n<p><a href=\"https:\/\/www.zusjcbb.sk\/wp-content\/uploads\/2016\/04\/7-Ex-Aeque-Rebecca-Kri\u017e\u00e1nkov\u00e1-10r-Milujem-Ma\u013eovanie.jpg\" rel=\"attachment wp-att-2850\"><img loading=\"lazy\" class=\"alignnone wp-image-2850\" src=\"https:\/\/www.zusjcbb.sk\/wp-content\/uploads\/2016\/04\/7-Ex-Aeque-Rebecca-Kri\u017e\u00e1nkov\u00e1-10r-Milujem-Ma\u013eovanie-1024x640.jpg\" alt=\"7 - Ex Aeque - Rebecca Kri\u017e\u00e1nkov\u00e1 10r, Milujem Ma\u013eovanie\" width=\"1920\" height=\"1201\" srcset=\"https:\/\/www.zusjcbb.sk\/wp-content\/uploads\/2016\/04\/7-Ex-Aeque-Rebecca-Kri\u017e\u00e1nkov\u00e1-10r-Milujem-Ma\u013eovanie-1024x640.jpg 1024w, https:\/\/www.zusjcbb.sk\/wp-content\/uploads\/2016\/04\/7-Ex-Aeque-Rebecca-Kri\u017e\u00e1nkov\u00e1-10r-Milujem-Ma\u013eovanie-300x188.jpg 300w, https:\/\/www.zusjcbb.sk\/wp-content\/uploads\/2016\/04\/7-Ex-Aeque-Rebecca-Kri\u017e\u00e1nkov\u00e1-10r-Milujem-Ma\u013eovanie-768x480.jpg 768w\" sizes=\"(max-width: 1920px) 100vw, 1920px\" \/><\/a><\/p>\n<p style=\"text-align: center;\"><strong>*<\/strong><\/p>\n<p><strong>Adam Kyse\u013e, 10 <\/strong>rokov, ZU\u0160 J. Cikkera Bansk\u00e1 Bystrica<\/p>\n<p>Pedag\u00f3g: Mgr. Monika Barjakov\u00e1<\/p>\n<p><a href=\"https:\/\/www.zusjcbb.sk\/wp-content\/uploads\/2016\/04\/8-Ex-Aeque-Adam-Kyse\u013e-10r.jpg\" rel=\"attachment wp-att-2851\"><img loading=\"lazy\" class=\"alignnone wp-image-2851\" src=\"https:\/\/www.zusjcbb.sk\/wp-content\/uploads\/2016\/04\/8-Ex-Aeque-Adam-Kyse\u013e-10r-1024x713.jpg\" alt=\"8 - Ex Aeque - Adam Kyse\u013e 10r\" width=\"1920\" height=\"1337\" srcset=\"https:\/\/www.zusjcbb.sk\/wp-content\/uploads\/2016\/04\/8-Ex-Aeque-Adam-Kyse\u013e-10r-1024x713.jpg 1024w, https:\/\/www.zusjcbb.sk\/wp-content\/uploads\/2016\/04\/8-Ex-Aeque-Adam-Kyse\u013e-10r-300x209.jpg 300w, https:\/\/www.zusjcbb.sk\/wp-content\/uploads\/2016\/04\/8-Ex-Aeque-Adam-Kyse\u013e-10r-768x535.jpg 768w, https:\/\/www.zusjcbb.sk\/wp-content\/uploads\/2016\/04\/8-Ex-Aeque-Adam-Kyse\u013e-10r-205x143.jpg 205w\" sizes=\"(max-width: 1920px) 100vw, 1920px\" \/><\/a><\/p>\n<p style=\"text-align: center;\"><strong>*<\/strong><\/p>\n<p><strong>Peter Sartoris, 12 <\/strong>rokov, ZU\u0160 J. Cikkera Bansk\u00e1 Bystrica<\/p>\n<p>Pedag\u00f3g: Mgr. Jozef\u00edna Krn\u00e1\u010dov\u00e1<\/p>\n<p><a href=\"https:\/\/www.zusjcbb.sk\/wp-content\/uploads\/2016\/04\/9-Ex-Aeque-Peter-Sartoris-12r.jpg\" rel=\"attachment wp-att-2852\"><img loading=\"lazy\" class=\"alignnone wp-image-2852\" src=\"https:\/\/www.zusjcbb.sk\/wp-content\/uploads\/2016\/04\/9-Ex-Aeque-Peter-Sartoris-12r-685x1024.jpg\" alt=\"9 - Ex Aeque - Peter Sartoris 12r\" width=\"1920\" height=\"2870\" srcset=\"https:\/\/www.zusjcbb.sk\/wp-content\/uploads\/2016\/04\/9-Ex-Aeque-Peter-Sartoris-12r-685x1024.jpg 685w, https:\/\/www.zusjcbb.sk\/wp-content\/uploads\/2016\/04\/9-Ex-Aeque-Peter-Sartoris-12r-201x300.jpg 201w, https:\/\/www.zusjcbb.sk\/wp-content\/uploads\/2016\/04\/9-Ex-Aeque-Peter-Sartoris-12r-768x1148.jpg 768w\" sizes=\"(max-width: 1920px) 100vw, 1920px\" \/><\/a><\/p>\n<p style=\"text-align: center;\"><strong>*<\/strong><\/p>\n<p><strong>D\u00e1vid Sakal \u2013 \u0160ega, 16 <\/strong>rokov, &#8222;Ateli\u00e9r&#8220;,\u00a0ZU\u0160 Trebi\u0161ov<\/p>\n<p>Pedag\u00f3g: Anton Vasilko akad. mal.<\/p>\n<p><a href=\"https:\/\/www.zusjcbb.sk\/wp-content\/uploads\/2016\/04\/10-Ex-Aeque-D\u00e1vid-Sakal-\u0160ega-16r-Atelier.jpg\" rel=\"attachment wp-att-2853\"><img loading=\"lazy\" class=\"alignnone wp-image-2853\" src=\"https:\/\/www.zusjcbb.sk\/wp-content\/uploads\/2016\/04\/10-Ex-Aeque-D\u00e1vid-Sakal-\u0160ega-16r-Atelier-1024x718.jpg\" alt=\"10 - Ex Aeque - D\u00e1vid Sakal \u0160ega 16r, Atelier\" width=\"1920\" height=\"1347\" srcset=\"https:\/\/www.zusjcbb.sk\/wp-content\/uploads\/2016\/04\/10-Ex-Aeque-D\u00e1vid-Sakal-\u0160ega-16r-Atelier-1024x718.jpg 1024w, https:\/\/www.zusjcbb.sk\/wp-content\/uploads\/2016\/04\/10-Ex-Aeque-D\u00e1vid-Sakal-\u0160ega-16r-Atelier-300x210.jpg 300w, https:\/\/www.zusjcbb.sk\/wp-content\/uploads\/2016\/04\/10-Ex-Aeque-D\u00e1vid-Sakal-\u0160ega-16r-Atelier-768x539.jpg 768w, https:\/\/www.zusjcbb.sk\/wp-content\/uploads\/2016\/04\/10-Ex-Aeque-D\u00e1vid-Sakal-\u0160ega-16r-Atelier-205x143.jpg 205w\" sizes=\"(max-width: 1920px) 100vw, 1920px\" \/><\/a><\/p>\n<p style=\"text-align: center;\"><strong>*<\/strong><\/p>\n<p><strong>Vladim\u00edr Marek, 6 <\/strong>rokov, &#8222;Chamele\u00f3n&#8220;,\u00a0ZU\u0160 P. M. Boh\u00fa\u0148a, Doln\u00fd Kub\u00edn<\/p>\n<p>Pedag\u00f3g: Mgr. Lucia Mal\u00edkov\u00e1<\/p>\n<p><a href=\"https:\/\/www.zusjcbb.sk\/wp-content\/uploads\/2016\/04\/11-Ex-Aeque-Vladim\u00edr-Marek-6r-Chamele\u00f3n.jpg\" rel=\"attachment wp-att-2855\"><img loading=\"lazy\" class=\"alignnone wp-image-2855\" src=\"https:\/\/www.zusjcbb.sk\/wp-content\/uploads\/2016\/04\/11-Ex-Aeque-Vladim\u00edr-Marek-6r-Chamele\u00f3n-709x1024.jpg\" alt=\"11 - Ex Aeque - Vladim\u00edr Marek 6r, Chamele\u00f3n\" width=\"1920\" height=\"2771\" srcset=\"https:\/\/www.zusjcbb.sk\/wp-content\/uploads\/2016\/04\/11-Ex-Aeque-Vladim\u00edr-Marek-6r-Chamele\u00f3n-709x1024.jpg 709w, https:\/\/www.zusjcbb.sk\/wp-content\/uploads\/2016\/04\/11-Ex-Aeque-Vladim\u00edr-Marek-6r-Chamele\u00f3n-208x300.jpg 208w, https:\/\/www.zusjcbb.sk\/wp-content\/uploads\/2016\/04\/11-Ex-Aeque-Vladim\u00edr-Marek-6r-Chamele\u00f3n-768x1109.jpg 768w\" sizes=\"(max-width: 1920px) 100vw, 1920px\" \/><\/a><\/p>\n<p style=\"text-align: center;\"><strong>*<\/strong><\/p>\n<p><strong>Andrea Mazur\u00e1kov\u00e1, 5 <\/strong>rokov, &#8222;Chamele\u00f3n&#8220;,\u00a0ZU\u0160 P. M. Boh\u00fa\u0148a, Doln\u00fd Kub\u00edn<\/p>\n<p>Pedag\u00f3g: Mgr. Lucia Mal\u00edkov\u00e1<\/p>\n<p><a href=\"https:\/\/www.zusjcbb.sk\/wp-content\/uploads\/2016\/04\/12-Ex-Aeque-Andrea-Mazur\u00e1kov\u00e1-5r-Chamele\u00f3n.jpg\" rel=\"attachment wp-att-2856\"><img loading=\"lazy\" class=\"alignnone wp-image-2856\" src=\"https:\/\/www.zusjcbb.sk\/wp-content\/uploads\/2016\/04\/12-Ex-Aeque-Andrea-Mazur\u00e1kov\u00e1-5r-Chamele\u00f3n-713x1024.jpg\" alt=\"12 - Ex Aeque - Andrea Mazur\u00e1kov\u00e1 5r, Chamele\u00f3n\" width=\"1920\" height=\"2758\" srcset=\"https:\/\/www.zusjcbb.sk\/wp-content\/uploads\/2016\/04\/12-Ex-Aeque-Andrea-Mazur\u00e1kov\u00e1-5r-Chamele\u00f3n-713x1024.jpg 713w, https:\/\/www.zusjcbb.sk\/wp-content\/uploads\/2016\/04\/12-Ex-Aeque-Andrea-Mazur\u00e1kov\u00e1-5r-Chamele\u00f3n-209x300.jpg 209w, https:\/\/www.zusjcbb.sk\/wp-content\/uploads\/2016\/04\/12-Ex-Aeque-Andrea-Mazur\u00e1kov\u00e1-5r-Chamele\u00f3n-768x1103.jpg 768w\" sizes=\"(max-width: 1920px) 100vw, 1920px\" \/><\/a><\/p>\n<p style=\"text-align: center;\"><strong>*<\/strong><\/p>\n<p><strong>Simona Vlkov\u00e1, 17 <\/strong>rokov, &#8222;Moje Pocity? \u010co nem\u00f4\u017eem vypoveda\u0165, vyjadr\u00edm farbou. A to je \u00fa\u017easn\u00e9!&#8220;\u00a0ZU\u0160 Pie\u0161\u0165any<\/p>\n<p>Pedag\u00f3g: Jana Roj\u00edkov\u00e1<\/p>\n<p><a href=\"https:\/\/www.zusjcbb.sk\/wp-content\/uploads\/2016\/04\/13-Ex-Aeque-Simona-Vlkov\u00e1-17r-Moje-Pocity-\u010co-nem\u00f4\u017eem-vypoveda\u0165-vyjadr\u00edm-farbou.-A-to-je-\u00fa\u017easn\u00e9..jpg\" rel=\"attachment wp-att-2857\"><img loading=\"lazy\" class=\"alignnone wp-image-2857\" src=\"https:\/\/www.zusjcbb.sk\/wp-content\/uploads\/2016\/04\/13-Ex-Aeque-Simona-Vlkov\u00e1-17r-Moje-Pocity-\u010co-nem\u00f4\u017eem-vypoveda\u0165-vyjadr\u00edm-farbou.-A-to-je-\u00fa\u017easn\u00e9.-750x1024.jpg\" alt=\"13 - Ex Aeque - Simona Vlkov\u00e1 17r, Moje Pocity, \u010co nem\u00f4\u017eem vypoveda\u0165, vyjadr\u00edm farbou. A to je \u00fa\u017easn\u00e9.\" width=\"1920\" height=\"2622\" srcset=\"https:\/\/www.zusjcbb.sk\/wp-content\/uploads\/2016\/04\/13-Ex-Aeque-Simona-Vlkov\u00e1-17r-Moje-Pocity-\u010co-nem\u00f4\u017eem-vypoveda\u0165-vyjadr\u00edm-farbou.-A-to-je-\u00fa\u017easn\u00e9.-750x1024.jpg 750w, https:\/\/www.zusjcbb.sk\/wp-content\/uploads\/2016\/04\/13-Ex-Aeque-Simona-Vlkov\u00e1-17r-Moje-Pocity-\u010co-nem\u00f4\u017eem-vypoveda\u0165-vyjadr\u00edm-farbou.-A-to-je-\u00fa\u017easn\u00e9.-220x300.jpg 220w, https:\/\/www.zusjcbb.sk\/wp-content\/uploads\/2016\/04\/13-Ex-Aeque-Simona-Vlkov\u00e1-17r-Moje-Pocity-\u010co-nem\u00f4\u017eem-vypoveda\u0165-vyjadr\u00edm-farbou.-A-to-je-\u00fa\u017easn\u00e9.-768x1049.jpg 768w\" sizes=\"(max-width: 1920px) 100vw, 1920px\" \/><\/a><\/p>\n<p style=\"text-align: center;\"><strong>*<\/strong><\/p>\n<p><strong>S\u00e1ra Mac\u00edkov\u00e1, 10 <\/strong>rokov, &#8222;L\u00ed\u0161ka&#8220;,\u00a0ZU\u0160 P. M. Boh\u00fa\u0148a, Doln\u00fd Kub\u00edn<\/p>\n<p>Pedag\u00f3g: Mgr. Eva \u0160prl\u00e1kov\u00e1<\/p>\n<p><a href=\"https:\/\/www.zusjcbb.sk\/wp-content\/uploads\/2016\/04\/14-Ex-Aeque-S\u00e1ra-Mac\u00edkov\u00e1-10r-L\u00ed\u0161ka.jpg\" rel=\"attachment wp-att-2859\"><img loading=\"lazy\" class=\"alignnone wp-image-2859\" src=\"https:\/\/www.zusjcbb.sk\/wp-content\/uploads\/2016\/04\/14-Ex-Aeque-S\u00e1ra-Mac\u00edkov\u00e1-10r-L\u00ed\u0161ka-1024x735.jpg\" alt=\"14 - Ex Aeque - S\u00e1ra Mac\u00edkov\u00e1 10r, L\u00ed\u0161ka\" width=\"1920\" height=\"1378\" srcset=\"https:\/\/www.zusjcbb.sk\/wp-content\/uploads\/2016\/04\/14-Ex-Aeque-S\u00e1ra-Mac\u00edkov\u00e1-10r-L\u00ed\u0161ka-1024x735.jpg 1024w, https:\/\/www.zusjcbb.sk\/wp-content\/uploads\/2016\/04\/14-Ex-Aeque-S\u00e1ra-Mac\u00edkov\u00e1-10r-L\u00ed\u0161ka-300x215.jpg 300w, https:\/\/www.zusjcbb.sk\/wp-content\/uploads\/2016\/04\/14-Ex-Aeque-S\u00e1ra-Mac\u00edkov\u00e1-10r-L\u00ed\u0161ka-768x551.jpg 768w\" sizes=\"(max-width: 1920px) 100vw, 1920px\" \/><\/a><\/p>\n<p style=\"text-align: center;\"><strong>*<\/strong><\/p>\n<p><strong>Karol\u00edna Ondru\u0161ov\u00e1, 14 <\/strong>rokov, &#8222;Farebn\u00fd svet fant\u00e1zie&#8220;,\u00a0ZU\u0160 Trebi\u0161ov<\/p>\n<p>Pedag\u00f3g: Anton Vasilko akad. mal.<\/p>\n<p><a href=\"https:\/\/www.zusjcbb.sk\/wp-content\/uploads\/2016\/04\/15-Ex-Aeque-Karol\u00edna-Ondru\u0161ov\u00e1-14r-Farebn\u00fd-svet-fant\u00e1zie.jpg\" rel=\"attachment wp-att-2860\"><img loading=\"lazy\" class=\"alignnone wp-image-2860\" src=\"https:\/\/www.zusjcbb.sk\/wp-content\/uploads\/2016\/04\/15-Ex-Aeque-Karol\u00edna-Ondru\u0161ov\u00e1-14r-Farebn\u00fd-svet-fant\u00e1zie-727x1024.jpg\" alt=\"15 - Ex Aeque - Karol\u00edna Ondru\u0161ov\u00e1 14r, Farebn\u00fd svet fant\u00e1zie\" width=\"1920\" height=\"2705\" srcset=\"https:\/\/www.zusjcbb.sk\/wp-content\/uploads\/2016\/04\/15-Ex-Aeque-Karol\u00edna-Ondru\u0161ov\u00e1-14r-Farebn\u00fd-svet-fant\u00e1zie-727x1024.jpg 727w, https:\/\/www.zusjcbb.sk\/wp-content\/uploads\/2016\/04\/15-Ex-Aeque-Karol\u00edna-Ondru\u0161ov\u00e1-14r-Farebn\u00fd-svet-fant\u00e1zie-213x300.jpg 213w, https:\/\/www.zusjcbb.sk\/wp-content\/uploads\/2016\/04\/15-Ex-Aeque-Karol\u00edna-Ondru\u0161ov\u00e1-14r-Farebn\u00fd-svet-fant\u00e1zie-768x1082.jpg 768w\" sizes=\"(max-width: 1920px) 100vw, 1920px\" \/><\/a><\/p>\n<p style=\"text-align: center;\"><strong>*<\/strong><\/p>\n<p>&nbsp;<\/p>\n<p>&nbsp;<\/p>\n<p>&nbsp;<\/p>\n<p>&nbsp;<\/p>\n<p>&nbsp;<\/p>\n<p>&nbsp;<\/p>\n<p>&nbsp;<\/p>\n<p>&nbsp;<\/p>\n<p>&nbsp;<\/p>\n<p>&nbsp;<\/p>\n<p>&nbsp;<\/p>\n<p>&nbsp;<\/p>\n<p>&nbsp;<\/p>\n<p>&nbsp;<\/p>\n<p>&nbsp;<\/p>\n<p style=\"text-align: center;\"><strong>\u00a0<\/strong><\/p>\n<p style=\"text-align: center;\"><strong>\u00a0<\/strong><\/p>\n<p>&nbsp;<\/p>\n<p>&nbsp;<\/p>\n<p>&nbsp;<\/p>\n<p>&nbsp;<\/p>\n","protected":false},"excerpt":{"rendered":"<p>Hlavn\u00e1 cena Adela Smole\u0148ov\u00e1, 8 rokov, &#8222;Kon\u00edk&#8220;, \u00a0ZU\u0160 P. M. Boh\u00fa\u0148a, Doln\u00fd Kub\u00edn Pedag\u00f3g: Mgr. Lucia Mal\u00edkov\u00e1 \u00a0* Cena predsedu poroty Miriam Kalmanov\u00e1, 6 rokov, &#8222;Zablaten\u00ed snehuliaci&#8220;,\u00a0ZU\u0160 He\u013epa Pedag\u00f3g: Erika \u0160\u00e1ndorov\u00e1 akad. mal. * Zvl\u00e1\u0161tna cena Emma Franciscy, 7 rokov, ZU\u0160 J. Cikkera Bansk\u00e1 Bystrica Pedag\u00f3g: Mgr. Vanda Babjakov\u00e1 * Zvl\u00e1\u0161tna cena Janka N\u011bme\u010dkov\u00e1, 18&hellip;&nbsp;<a href=\"https:\/\/www.zusjcbb.sk\/?page_id=887\" class=\"\" rel=\"bookmark\">\u010c\u00edta\u0165 viac &raquo;<span class=\"screen-reader-text\">Gal\u00e9ria Ma\u013eovan\u00e1 ZU\u0160-ka<\/span><\/a><\/p>\n","protected":false},"author":2,"featured_media":0,"parent":172,"menu_order":0,"comment_status":"closed","ping_status":"closed","template":"","meta":{"neve_meta_sidebar":"","neve_meta_container":"","neve_meta_enable_content_width":"","neve_meta_content_width":0,"neve_meta_title_alignment":"","neve_meta_author_avatar":"","neve_post_elements_order":"","neve_meta_disable_header":"","neve_meta_disable_footer":"","neve_meta_disable_title":""},"_links":{"self":[{"href":"https:\/\/www.zusjcbb.sk\/index.php?rest_route=\/wp\/v2\/pages\/887"}],"collection":[{"href":"https:\/\/www.zusjcbb.sk\/index.php?rest_route=\/wp\/v2\/pages"}],"about":[{"href":"https:\/\/www.zusjcbb.sk\/index.php?rest_route=\/wp\/v2\/types\/page"}],"author":[{"embeddable":true,"href":"https:\/\/www.zusjcbb.sk\/index.php?rest_route=\/wp\/v2\/users\/2"}],"replies":[{"embeddable":true,"href":"https:\/\/www.zusjcbb.sk\/index.php?rest_route=%2Fwp%2Fv2%2Fcomments&post=887"}],"version-history":[{"count":36,"href":"https:\/\/www.zusjcbb.sk\/index.php?rest_route=\/wp\/v2\/pages\/887\/revisions"}],"predecessor-version":[{"id":2871,"href":"https:\/\/www.zusjcbb.sk\/index.php?rest_route=\/wp\/v2\/pages\/887\/revisions\/2871"}],"up":[{"embeddable":true,"href":"https:\/\/www.zusjcbb.sk\/index.php?rest_route=\/wp\/v2\/pages\/172"}],"wp:attachment":[{"href":"https:\/\/www.zusjcbb.sk\/index.php?rest_route=%2Fwp%2Fv2%2Fmedia&parent=887"}],"curies":[{"name":"wp","href":"https:\/\/api.w.org\/{rel}","templated":true}]}}