{"id":891,"date":"2013-04-11T12:59:24","date_gmt":"2013-04-11T12:59:24","guid":{"rendered":"http:\/\/www.zusjcbb.php5.sk\/?page_id=891"},"modified":"2017-05-05T17:42:59","modified_gmt":"2017-05-05T15:42:59","slug":"vysledky-malovana-zus-ka","status":"publish","type":"page","link":"https:\/\/www.zusjcbb.sk\/?page_id=891","title":{"rendered":"V\u00fdsledky Ma\u013eovan\u00e1 ZU\u0160-ka 2017"},"content":{"rendered":"<p>&nbsp;<\/p>\n<p><a href=\"https:\/\/www.zusjcbb.sk\/wp-content\/uploads\/2017\/04\/MZ-17-a.jpg\" rel=\"attachment wp-att-3851\"><img loading=\"lazy\" class=\"alignnone wp-image-3851 size-full\" src=\"https:\/\/www.zusjcbb.sk\/wp-content\/uploads\/2017\/04\/MZ-17-a.jpg\" alt=\"MZ 17 a+\" width=\"1920\" height=\"2641\" srcset=\"https:\/\/www.zusjcbb.sk\/wp-content\/uploads\/2017\/04\/MZ-17-a.jpg 1920w, https:\/\/www.zusjcbb.sk\/wp-content\/uploads\/2017\/04\/MZ-17-a-218x300.jpg 218w, https:\/\/www.zusjcbb.sk\/wp-content\/uploads\/2017\/04\/MZ-17-a-768x1056.jpg 768w, https:\/\/www.zusjcbb.sk\/wp-content\/uploads\/2017\/04\/MZ-17-a-744x1024.jpg 744w\" sizes=\"(max-width: 1920px) 100vw, 1920px\" \/><\/a><\/p>\n<p style=\"text-align: center;\">*<\/p>\n<p>&nbsp;<\/p>\n<h2 style=\"text-align: center;\"><a href=\"https:\/\/www.zusjcbb.sk\/wp-content\/uploads\/2017\/04\/MZ-17-b1.jpg\" rel=\"attachment wp-att-3853\"><img loading=\"lazy\" class=\"alignnone wp-image-3853 size-full\" src=\"https:\/\/www.zusjcbb.sk\/wp-content\/uploads\/2017\/04\/MZ-17-b1.jpg\" alt=\"MZ 17 b1\" width=\"1180\" height=\"923\" srcset=\"https:\/\/www.zusjcbb.sk\/wp-content\/uploads\/2017\/04\/MZ-17-b1.jpg 1180w, https:\/\/www.zusjcbb.sk\/wp-content\/uploads\/2017\/04\/MZ-17-b1-300x235.jpg 300w, https:\/\/www.zusjcbb.sk\/wp-content\/uploads\/2017\/04\/MZ-17-b1-768x601.jpg 768w, https:\/\/www.zusjcbb.sk\/wp-content\/uploads\/2017\/04\/MZ-17-b1-1024x801.jpg 1024w\" sizes=\"(max-width: 1180px) 100vw, 1180px\" \/><\/a><\/h2>\n<h2 style=\"text-align: center;\"><a href=\"https:\/\/www.zusjcbb.sk\/wp-content\/uploads\/2017\/04\/MZ-17-b-2.jpg\" rel=\"attachment wp-att-3852\"><img loading=\"lazy\" class=\"alignnone wp-image-3852 size-full\" src=\"https:\/\/www.zusjcbb.sk\/wp-content\/uploads\/2017\/04\/MZ-17-b-2.jpg\" alt=\"MZ 17 b 2\" width=\"1668\" height=\"931\" srcset=\"https:\/\/www.zusjcbb.sk\/wp-content\/uploads\/2017\/04\/MZ-17-b-2.jpg 1668w, https:\/\/www.zusjcbb.sk\/wp-content\/uploads\/2017\/04\/MZ-17-b-2-300x167.jpg 300w, https:\/\/www.zusjcbb.sk\/wp-content\/uploads\/2017\/04\/MZ-17-b-2-768x429.jpg 768w, https:\/\/www.zusjcbb.sk\/wp-content\/uploads\/2017\/04\/MZ-17-b-2-1024x572.jpg 1024w\" sizes=\"(max-width: 1668px) 100vw, 1668px\" \/><\/a><\/h2>\n<p>&nbsp;<\/p>\n<h2 style=\"text-align: center;\"><strong>Hlavn\u00e1 cena<\/strong><\/h2>\n<p><strong><strong>Cyril Zavarsk\u00fd, 9 <\/strong><\/strong>rokov, ZU\u0160 Istrijsk\u00e1, Bratislava<\/p>\n<p>Pedag\u00f3g: Anna Horv\u00e1thov\u00e1<\/p>\n<h2 style=\"text-align: center;\"><strong><strong>Cena predsedu poroty<\/strong><\/strong><\/h2>\n<p><strong><strong>Daniel \u0160vento, 6 <\/strong><\/strong>rokov, SZU\u0160 J\u00e1no\u0161<\/p>\n<p>Pedag\u00f3g: Bc. Silvia F\u00e1bryov\u00e1<\/p>\n<h2 style=\"text-align: center;\"><strong><strong>Zvl\u00e1\u0161tna cena<\/strong><\/strong><\/h2>\n<p>Kolekcia grafiky ZU\u0160 Martin<\/p>\n<p><strong><strong>Timotej Va\u0148ko, 10 <\/strong><\/strong>rokov, ZU\u0160 Martin<\/p>\n<p><strong><strong>Kamila Vilma Sedl\u00e1\u010dkov\u00e1, 10 <\/strong><\/strong>rokov, ZU\u0160 Martin<\/p>\n<p><strong><strong>Kl\u00e1ra Sanigov\u00e1, 8 <\/strong><\/strong>rokov, ZU\u0160 Martin<\/p>\n<p><strong><strong>Barbora Bojnick\u00e1, 10 <\/strong><\/strong>rokov, ZU\u0160 Martin<\/p>\n<p><strong><strong>Kristi\u00e1n Jambor, 12 <\/strong><\/strong>rokov, ZU\u0160 Martin<\/p>\n<p>Pedag\u00f3g: Mgr. Anna Babu\u0161iakov\u00e1<\/p>\n<p><strong><strong>Barbora Tk\u00e1\u010dov\u00e1, 12 <\/strong><\/strong>rokov, ZU\u0160 Martin<\/p>\n<p><strong><strong>Radoslav Kamenick\u00fd, 12 <\/strong><\/strong>rokov, ZU\u0160 Martin<\/p>\n<p><strong><strong>Anna \u0160\u00e1ryov\u00e1, 12 <\/strong><\/strong>rokov, ZU\u0160 Martin<\/p>\n<p><strong><strong>Al\u017ebeta C\u00e1likov\u00e1, 12 <\/strong><\/strong>rokov, ZU\u0160 Martin<\/p>\n<p><strong><strong>Richard Szalay, 12 <\/strong><\/strong>rokov, ZU\u0160 Martin<\/p>\n<p>Pedag\u00f3g: Mgr. art. M. Koko\u0161ka<\/p>\n<h2 style=\"text-align: center;\"><strong><strong>Ceny EX AEQUE<\/strong><\/strong><\/h2>\n<p>&nbsp;<\/p>\n<p><strong><strong>Daniel Sl\u00e1de\u010dek, 5 <\/strong><\/strong>rokov, ZU\u0160 J. Cikkera, Bansk\u00e1 Bystrica<\/p>\n<p>Pedag\u00f3g: Mgr. Lucia Demuthov\u00e1<\/p>\n<p><strong><strong>Petra Pol\u00e1kov\u00e1, 8 <\/strong><\/strong>rokov, ZU\u0160 Istrijsk\u00e1, Bratislava<\/p>\n<p>Pedag\u00f3g: Anna Horv\u00e1thov\u00e1<\/p>\n<p><strong><strong>Dominik Medve\u010f, 18 <\/strong><\/strong>rokov, (svetlo) \u00a0ZU\u0160 J. Cikkera Bansk\u00e1 Bystrica<\/p>\n<p>Pedag\u00f3g: PaedDr. \u0160tefan Pondel\u00edk<\/p>\n<p><strong><strong>Dominik Medve\u010f, 18 <\/strong><\/strong>rokov, (architektonick\u00fd n\u00e1vrh)<\/p>\n<p>ZU\u0160 J. Cikkera Bansk\u00e1 Bystrica<\/p>\n<p>Pedag\u00f3g: PaedDr. \u0160tefan Pondel\u00edk<\/p>\n<p><strong><strong>Tereza Bog\u00e1rov\u00e1, 16 <\/strong><\/strong>rokov, ZU\u0160 K. P\u00e1div\u00e9ho, Tren\u010d\u00edn<\/p>\n<p>Pedag\u00f3g: Z. Baranovi\u010d Jan\u00ed\u010dkov\u00e1<\/p>\n<p><strong><strong>Tom\u00e1\u0161 Martvo\u0148, 6 <\/strong><\/strong>rokov, ZU\u0160 P.M. Boh\u00fa\u0148a, Doln\u00fd Kub\u00edn<\/p>\n<p>Pedag\u00f3g: neuveden\u00fd<\/p>\n<p><strong><strong>Monika Mal\u00edkov\u00e1, 16 <\/strong><\/strong>rokov, ZU\u0160 Hol\u00ed\u010d<\/p>\n<p>Pedag\u00f3g: Mgr. G. V\u00e1vrov\u00e1<\/p>\n<p><strong><strong>Tina Imreov\u00e1, 11 <\/strong><\/strong>rokov, SZU\u0160 Lu\u010denec<\/p>\n<p>Pedag\u00f3g: Mgr. Eva Dvorsk\u00e1<\/p>\n<p><strong><strong>Boris Varga, 7 <\/strong><\/strong>rokov, ZU\u0160 J\u00e1na Melkovi\u010da, Star\u00e1 \u013dubov\u0148a<\/p>\n<p>Pedag\u00f3g: Mgr. A. Pavlovsk\u00e1<\/p>\n<p><strong><strong>Timotej Ondrej\u00ed\u010dka. 7 <\/strong><\/strong>rokov, ZU\u0160 Pie\u0161\u0165any<\/p>\n<p>Pedag\u00f3g: Jana Roj\u00edkov\u00e1<\/p>\n<p><strong><strong>S\u00e1ra Han\u00e1kov\u00e1, 5 <\/strong><\/strong>rokov, ZU\u0160 J. Cikkera, Bansk\u00e1 Bystrica<\/p>\n<p>Pedag\u00f3g: Mgr. Jozef\u00edna Krn\u00e1\u010dov\u00e1<\/p>\n<p><strong><strong>Hana Petlu\u0161ov\u00e1, 6 <\/strong><\/strong>rokov, ZU\u0160 J. Cikkera, Bansk\u00e1 Bystrica<\/p>\n<p>Pedag\u00f3g: Mgr. Jozef\u00edna Krn\u00e1\u010dov\u00e1<\/p>\n<p><strong><strong>Martin Halaj, 8 <\/strong><\/strong>rokov, ZU\u0160 J. Cikkera, Bansk\u00e1 Bystrica<\/p>\n<p>Pedag\u00f3g: Mgr. Vanda Babjakov\u00e1<\/p>\n<p><strong><strong>Gregor Valentov\u010d, 10 <\/strong><\/strong>rokov, ZU\u0160 Stupava<\/p>\n<p>Pedag\u00f3g: Mgr. Martina Kolembusov\u00e1<\/p>\n<p><strong><strong>Alan Lok\u0161\u00edk, 9 <\/strong><\/strong>rokov, ZU\u0160 K. P\u00e1div\u00e9ho, Tren\u010d\u00edn<\/p>\n<p>Pedag\u00f3g: Mgr. Eugen Finkei<\/p>\n<p><strong><strong>Kolekt\u00edv \u017eiakov<\/strong><\/strong> \u2013 kolekcia fotografi\u00ed, ZU\u0160 J. Cikkera, Bansk\u00e1 Bystrica<\/p>\n<p>Pedag\u00f3g: Mgr. Adri\u00e1na Kosceln\u00edkov\u00e1 PhD.<\/p>\n<p>&nbsp;<\/p>\n<h2 style=\"text-align: center;\"><strong>\u00a01.<\/strong> <strong><strong>kateg\u00f3ria \u2013 zlat\u00e9 p\u00e1smo<\/strong><\/strong><\/h2>\n<p>&nbsp;<\/p>\n<p><strong><strong>Miriam Chud\u00e1, 7 <\/strong><\/strong>rokov, CZU\u0160 sv. Luk\u00e1\u0161a, Topo\u013e\u010dany<\/p>\n<p>Pedag\u00f3g: X\u00e9nia Rigov\u00e1<\/p>\n<p><strong><strong>Adela Majer\u010d\u00e1kov\u00e1, 7 <\/strong><\/strong>rokov, ZU\u0160 Antona C\u00edgera, Ke\u017emarok<\/p>\n<p>Pedag\u00f3g: Eli\u0161ka Bedn\u00e1rov\u00e1<\/p>\n<p><strong><strong>Ela Nahalkov\u00e1, 7 <\/strong><\/strong>rokov, ZU\u0160 Antona C\u00edgera, Ke\u017emarok<\/p>\n<p>Pedag\u00f3g: Eli\u0161ka Bedn\u00e1rov\u00e1<\/p>\n<p><strong><strong>Jasna Sl\u00e1vik, 7 <\/strong><\/strong>rokov, ZU\u0160 Antona C\u00edgera, Ke\u017emarok<\/p>\n<p>Pedag\u00f3g: Jana Vaksmundsk\u00e1<\/p>\n<p><strong><strong>Magdal\u00e9na Remi\u0161ov\u00e1, 7 <\/strong><\/strong>rokov, SZU\u0160 J\u00e1no\u0161<\/p>\n<p>Pedag\u00f3g: M\u00e1ria J\u00e1no\u0161ov\u00e1<\/p>\n<p><strong><strong>Kl\u00e1ra Ko\u010di\u0161ov\u00e1, 7 <\/strong><\/strong>rokov, ZU\u0160 P.M. Boh\u00fa\u0148a, Doln\u00fd Kub\u00edn<\/p>\n<p>Pedag\u00f3g: Eva \u0160prl\u00e1kov\u00e1<\/p>\n<p><strong><strong>Peter \u0160ulej, 7 <\/strong><\/strong>rokov, ZU\u0160 P.M. Boh\u00fa\u0148a, Doln\u00fd Kub\u00edn<\/p>\n<p>Pedag\u00f3g: neuveden\u00fd<\/p>\n<p><strong><strong>L\u00faka\u0161 Ferov, 6 <\/strong><\/strong>rokov, ZU\u0160 Hol\u00ed\u010d<\/p>\n<p>Pedag\u00f3g: Mgr. G. V\u00e1vrov\u00e1<\/p>\n<p><strong><strong>Katar\u00edna \u0160olt\u00fdsov\u00e1, 6 <\/strong><\/strong>rokov, ZU\u0160 Spi\u0161sk\u00e1 Bel\u00e1<\/p>\n<p>Pedag\u00f3g: Janette Kubalov\u00e1<\/p>\n<p><strong><strong>Eli\u0161ka Kub\u00e1nikov\u00e1, 7 <\/strong><\/strong>rokov, ZU\u0160 K. P\u00e1div\u00e9ho, Tren\u010d\u00edn<\/p>\n<p>Pedag\u00f3g: Jozef \u0160vikruha<\/p>\n<p><strong><strong>J\u00e1n Kri\u017eeneck\u00fd, 6 <\/strong><\/strong>rokov, SZU\u0160 Dotyk EP Martin, Liptovsk\u00e1 \u0160tiavnica<\/p>\n<p>Pedag\u00f3g: \u013dubica Podhorsk\u00e1<\/p>\n<p><strong><strong>Lujza Jan\u010dov\u00e1, 6 <\/strong><\/strong>rokov, ZU\u0160 J. Cikkera, Bansk\u00e1 Bystrica<\/p>\n<p>Pedag\u00f3g: Mgr. Jozef\u00edna Krn\u00e1\u010dov\u00e1<\/p>\n<p>&nbsp;<\/p>\n<h2 style=\"text-align: center;\"><strong>2. kateg\u00f3ria \u2013 zlat\u00e9 p\u00e1smo<\/strong><\/h2>\n<p><strong><strong>\u00a0<\/strong><\/strong><\/p>\n<p><strong><strong>Samuel Ferenc, 9 <\/strong><\/strong>rokov, ZU\u0160 J. Cikkera, Bansk\u00e1 Bystrica<\/p>\n<p>Pedag\u00f3g: Mgr. Jozef\u00edna Krn\u00e1\u010dov\u00e1<\/p>\n<p><strong><strong>Eli\u0161ka Bizo\u0148ov\u00e1, 10 <\/strong><\/strong>rokov, ZU\u0160 J. Cikkera, Bansk\u00e1 Bystrica<\/p>\n<p>Pedag\u00f3g: Mgr. Adri\u00e1na Kosceln\u00edkov\u00e1 PhD.<\/p>\n<p><strong><strong>Matej Galv\u00e1nek, 9 <\/strong><\/strong>rokov, ZU\u0160 J. Cikkera, Bansk\u00e1 Bystrica<\/p>\n<p>Pedag\u00f3g: Mgr. Ol\u00edvia \u0160ipkovsk\u00e1<\/p>\n<p><strong><strong>Adela Tom\u00e1\u0161kov\u00e1, 11 <\/strong><\/strong>rokov, ZU\u0160 J. Cikkera, Bansk\u00e1 Bystrica<\/p>\n<p>Pedag\u00f3g: Mgr. Ol\u00edvia \u0160ipkovsk\u00e1<\/p>\n<p><strong><strong>Peter Holub, 11 <\/strong><\/strong>rokov, SZU\u0160 Pierrot, N\u00e1mestovo<\/p>\n<p>Pedag\u00f3g: Mgr. art. Ign\u00e1c Kasan<\/p>\n<p><strong><strong>Oliver Badura, 10 <\/strong><\/strong>rokov, ZU\u0160 F. \u0160p\u00e1niho, \u017dilina<\/p>\n<p>Pedag\u00f3g: Mgr. Zlatica Laj\u010diakov\u00e1<\/p>\n<p><strong><strong>Gr\u00e9ta Trpi\u0161ov\u00e1, 11 <\/strong><\/strong>rokov, ZU\u0160 F. \u0160p\u00e1niho, \u017dilina<\/p>\n<p>Pedag\u00f3g: I. Bohunick\u00e1<\/p>\n<p><strong><strong>Oliver Groman, 10 <\/strong><\/strong>rokov, ZU\u0160 Spi\u0161sk\u00e1 Bel\u00e1<\/p>\n<p>Pedag\u00f3g: Zuzana Chorogwick\u00e1<\/p>\n<p><strong><strong>Ema \u0160oltysov\u00e1, 11 <\/strong><\/strong>rokov, ZU\u0160 Spi\u0161sk\u00e1 Bel\u00e1<\/p>\n<p>Pedag\u00f3g: Anna Gancar\u010d\u00edkov\u00e1<\/p>\n<p><strong><strong>Martin Ban\u00e1\u0161, 8 <\/strong><\/strong>rokov, ZU\u0160 Stupava<\/p>\n<p>Pedag\u00f3g: Mgr. art. Jana Machatov\u00e1<\/p>\n<p><strong><strong>Ema M\u00e1likov\u00e1, 11 <\/strong><\/strong>rokov, ZU\u0160 L. \u00c1rvaya, \u017dilina<\/p>\n<p>Pedag\u00f3g: Katar\u00edna Haasov\u00e1<\/p>\n<p><strong><strong>Liana Staro\u0148ov\u00e1, 11 <\/strong><\/strong>rokov, ZU\u0160 L. \u00c1rvaya EP Ga\u0161tanov\u00e1, \u017dilina<\/p>\n<p>Pedag\u00f3g: Mgr. Andrea Leitnerov\u00e1<\/p>\n<p><strong><strong>M\u00e1rio Kr\u00e1\u013e, 11 <\/strong><\/strong>rokov, ZU\u0160 Rajec<\/p>\n<p>Pedag\u00f3g: Mgr. Katar\u00edna Pol\u00e1\u010dekov\u00e1<\/p>\n<p><strong><strong>D\u00e1rio Ga\u0161par\u00edk, 10 <\/strong><\/strong>rokov, ZU\u0160 \u0160. Bal\u00e1\u017ea, Nov\u00e1 Dubnica<\/p>\n<p>Pedag\u00f3g: Mgr. M\u00e1ria \u010euri\u0161ov\u00e1<\/p>\n<p><strong><strong>Juraj P\u00fapova, 11 <\/strong><\/strong>rokov, ZU\u0160 \u0160. Bal\u00e1\u017ea, Nov\u00e1 Dubnica<\/p>\n<p>Pedag\u00f3g: Mgr. M\u00e1ria \u010euri\u0161ov\u00e1<\/p>\n<p><strong><strong>Samuel Klubert, 11 <\/strong><\/strong>rokov, ZU\u0160 A. C\u00edgera, Ke\u017emarok<\/p>\n<p>Pedag\u00f3g: Jana Vaksmundsk\u00e1<\/p>\n<p><strong><strong>Karin Kapsdorferov\u00e1, 11 <\/strong><\/strong>rokov, ZU\u0160 M. Vileca, Bardejov<\/p>\n<p>Pedag\u00f3g: Mgr. J\u00e1n \u0160olt\u00e9s<\/p>\n<p><strong><strong>Adrian Pel\u010d\u00e1k, 11 <\/strong><\/strong>rokov, ZU\u0160 Hol\u00ed\u010d<\/p>\n<p>Pedag\u00f3g: Mgr. G. V\u00e1vrov\u00e1<\/p>\n<p><strong><strong>Ondrej \u0160tetz, 10 <\/strong><\/strong>rokov, SZU\u0160 Lu\u010denec<\/p>\n<p>Pedag\u00f3g: Mgr. Eva Dvorsk\u00e1<\/p>\n<p><strong><strong>Alena Popel\u00e1\u0161ov\u00e1, 9 <\/strong><\/strong>rokov, ZU\u0160 Gelnica<\/p>\n<p>Pedag\u00f3g: Mgr. Marcela Vilhanov\u00e1<\/p>\n<p>&nbsp;<\/p>\n<h2 style=\"text-align: center;\"><strong>3. kateg\u00f3ria \u2013 zlat\u00e9 p\u00e1smo<\/strong><\/h2>\n<p>&nbsp;<\/p>\n<p><strong><strong>Ag\u00e1ta Pe\u0165kov\u00e1, 14 <\/strong><\/strong>rokov, ZU\u0160 J. Cikkera Bansk\u00e1 Bystrica<\/p>\n<p>Pedag\u00f3g: Mgr. Vanda Babjakov\u00e1<\/p>\n<p><strong><strong>J\u00falia \u0160kodov\u00e1, 13 <\/strong><\/strong>rokov, ZU\u0160 J. Cikkera Bansk\u00e1 Bystrica<\/p>\n<p>Pedag\u00f3g: Mgr. Vanda Babjakov\u00e1<\/p>\n<p><strong><strong>Dominika Badurov\u00e1, 14 <\/strong><\/strong>rokov, ZU\u0160 J. Cikkera Bansk\u00e1 Bystrica<\/p>\n<p>Pedag\u00f3g: Mgr. Jozef\u00edna Krn\u00e1\u010dov\u00e1<\/p>\n<p><strong><strong>Peter Sartoris, 14 <\/strong><\/strong>rokov, ZU\u0160 J. Cikkera Bansk\u00e1 Bystrica<\/p>\n<p>Pedag\u00f3g: Mgr. Jozef\u00edna Krn\u00e1\u010dov\u00e1<\/p>\n<p><strong><strong>Mat\u00fa\u0161 Patr\u00e1\u0161, 14 <\/strong><\/strong>rokov, ZU\u0160 J. Cikkera Bansk\u00e1 Bystrica<\/p>\n<p>Pedag\u00f3g: Mgr. Jozef\u00edna Krn\u00e1\u010dov\u00e1<\/p>\n<p><strong><strong>Krist\u00edna Mozol\u00edkov\u00e1, 14 <\/strong><\/strong>rokov, ZU\u0160 J. Cikkera Bansk\u00e1 Bystrica<\/p>\n<p>Pedag\u00f3g: Mgr. Jozef\u00edna Krn\u00e1\u010dov\u00e1<\/p>\n<p><strong><strong>Kristi\u00e1n Ko\u010di\u0161, 12 <\/strong><\/strong>rokov, ZU\u0160 \u2013 VO Ko\u0161ice<\/p>\n<p>Pedag\u00f3g: Mgr. Kvetoslava Ivanov\u00e1<\/p>\n<p><strong><strong>Michaela Velgosov\u00e1, 14 <\/strong><\/strong>rokov, ZU\u0160 \u2013 VO Ko\u0161ice<\/p>\n<p>Pedag\u00f3g: Mgr. art. Karol Petre\u0161<\/p>\n<p><strong><strong>Petra Lacov\u00e1, 14 <\/strong><\/strong>rokov, ZU\u0160 M. Vileca, Bardejov<\/p>\n<p>Pedag\u00f3g: Mgr. J\u00e1n \u0160olt\u00e9s<\/p>\n<p><strong><strong>Veronika Tobisov\u00e1, 12 <\/strong><\/strong>rokov, ZU\u0160 Spi\u0161sk\u00e1 Bel\u00e1<\/p>\n<p>Pedag\u00f3g: Anna Gancar\u010d\u00edkov\u00e1<\/p>\n<p><strong><strong>Miroslava Rezni\u010d\u00e1kov\u00e1, 13 <\/strong><\/strong>rokov, ZU\u0160 Spi\u0161sk\u00e1 Bel\u00e1<\/p>\n<p>Pedag\u00f3g: Anna Gancar\u010d\u00edkov\u00e1<\/p>\n<p><strong><strong>J\u00e1n Hamza, 15 <\/strong><\/strong>rokov, SZU\u0160 Dotyk EP Martin, Liptovsk\u00e1 \u0160tiavnica<\/p>\n<p>Pedag\u00f3g: Bc. \u013dubica Podhorsk\u00e1<\/p>\n<p><strong><strong>Sofia \u0160atn\u00edkov\u00e1, 13 <\/strong><\/strong>rokov, ZU\u0160 Humenn\u00e9<\/p>\n<p>Pedag\u00f3g: PaedDr. Martin Hore\u010dn\u00fd<\/p>\n<p><strong><strong>Krist\u00edna \u010ciefov\u00e1, 14 <\/strong><\/strong>rokov, ZU\u0160 Humenn\u00e9<\/p>\n<p>Pedag\u00f3g: Dr. Igor Han\u00e1k<\/p>\n<p><strong><strong>Michaela Morgensternov\u00e1, 14 <\/strong><\/strong>rokov, ZU\u0160 Stupava<\/p>\n<p>Pedag\u00f3g: Martina Kolembusov\u00e1<\/p>\n<p>Kolekt\u00edvna pr\u00e1ca ZU\u0160 Hol\u00ed\u010d<\/p>\n<p><strong><strong>Mat\u00fa\u0161 Zabadal 12, Lucia H\u00fdlkov\u00e1 13, Sofia Toko\u0161ov\u00e1 13, Barbara H\u00fdlkov\u00e1 13, Pavl\u00edna Chane\u010dkov\u00e1 13, Nat\u00e1lia Kamenist\u00e1 13<\/strong><\/strong><\/p>\n<p>Pedag\u00f3g: Mgr. G. V\u00e1vrov\u00e1<\/p>\n<p><strong><strong>Lea Nagyov\u00e1, 13 <\/strong><\/strong>rokov, ZU\u0160 Martin<\/p>\n<p>Pedag\u00f3g: Mgr. art. Dalibor Palen\u010d\u00edk<\/p>\n<p><strong><strong>So\u0148a Sl\u00ed\u017eikov\u00e1, 12 <\/strong><\/strong>rokov, ZU\u0160 Tlma\u010de<\/p>\n<p>Pedag\u00f3g: Mgr. art. Andrea Harmadyov\u00e1<\/p>\n<p><strong><strong>Radka Dobiasov\u00e1, 12 <\/strong><\/strong>rokov, SZU\u0160 Fant\u00e1zia, Svit<\/p>\n<p>Pedag\u00f3g: Mgr. Michaela Kokoru\u010fov\u00e1<\/p>\n<p><strong><strong>Ondrej \u0160ere\u0161, 12 <\/strong><\/strong>rokov, ZU\u0160 Rimavsk\u00e1 Sobota<\/p>\n<p>Pedag\u00f3g: Mgr. Daniela P\u00e1nekov\u00e1<\/p>\n<p><strong><strong>Zuzana G\u00e1llyov\u00e1, 15 <\/strong><\/strong>rokov, SZU\u0160 J\u00e1no\u0161, Ru\u017eomberok<\/p>\n<p>Pedag\u00f3g: M\u00e1ria J\u00e1no\u0161ov\u00e1<\/p>\n<p><strong><strong>Zuzana Brita\u0148\u00e1kov\u00e1, 12 <\/strong><\/strong>rokov, ZU\u0160 A. C\u00edgera, Ke\u017emarok<\/p>\n<p>Pedag\u00f3g: Eli\u0161ka Bedn\u00e1rov\u00e1<\/p>\n<p><strong><strong>Simona Hladk\u00e1, 12 <\/strong><\/strong>rokov, ZU\u0160 P.M. Boh\u00fa\u0148a, Doln\u00fd Kub\u00edn<\/p>\n<p>Pedag\u00f3g: Mgr. Lucia Mal\u00edkov\u00e1<\/p>\n<p><strong><strong>Martina Benkov\u00e1, 13 <\/strong><\/strong>rokov, ZU\u0160 K. P\u00e1div\u00e9ho, Tren\u010d\u00edn<\/p>\n<p>Pedag\u00f3g: J\u00e1n Me\u0161ko<\/p>\n<p><strong><strong>Martin Alman, 12 <\/strong><\/strong>rokov, ZU\u0160 Istrijsk\u00e1, Bratislava<\/p>\n<p>Pedag\u00f3g: Anna Horv\u00e1thov\u00e1<\/p>\n<p>&nbsp;<\/p>\n<h2 style=\"text-align: center;\"><strong>4. kateg\u00f3ria \u2013 zlat\u00e9 p\u00e1smo<\/strong><\/h2>\n<p><strong><strong>\u00a0<\/strong><\/strong><\/p>\n<p><strong><strong>Hana Gal\u00faskov\u00e1, 17 <\/strong><\/strong>rokov, ZU\u0160 K. P\u00e1div\u00e9ho, Tren\u010d\u00edn<\/p>\n<p>Pedag\u00f3g: Z. Baranovi\u010d Jan\u00ed\u010dkov\u00e1<\/p>\n<p><strong><strong>Kl\u00e1ra Talianov\u00e1, 16 <\/strong><\/strong>rokov, ZU\u0160 K. P\u00e1div\u00e9ho, Tren\u010d\u00edn<\/p>\n<p>Pedag\u00f3g: Mgr. Eva Kulh\u00e1nkov\u00e1<\/p>\n<p><strong><strong>Kl\u00e1ra Mad\u00e1kov\u00e1, 16 <\/strong><\/strong>rokov, ZU\u0160 Hol\u00ed\u010d<\/p>\n<p>Pedag\u00f3g: Mgr. G. V\u00e1vrov\u00e1<\/p>\n<p><strong><strong>Patrik Strnisko, 18 <\/strong><\/strong>rokov, ZU\u0160 \u2013 VO Ko\u0161ice<\/p>\n<p>Pedag\u00f3g: Mgr. Milan Han\u00e1k<\/p>\n<p><strong><strong>Vikt\u00f3ria Herpayov\u00e1, 16 <\/strong><\/strong>rokov, CZU\u0160 sv. Luk\u00e1\u0161a, Topo\u013e\u010dany<\/p>\n<p>Pedag\u00f3g: X\u00e9nia Rigov\u00e1<\/p>\n<p><strong><strong>Veronika \u0160imorov\u00e1, 19 <\/strong><\/strong>rokov, ZU\u0160 \u0160. Bal\u00e1\u017ea, Nov\u00e1 Dubnica<\/p>\n<p>Pedag\u00f3g: Mgr. M\u00e1ria \u010euri\u0161ov\u00e1<\/p>\n<p><strong><strong>Veronika Haviarov\u00e1, 18 <\/strong><\/strong>rokov, ZU\u0160 J. Cikkera, Bansk\u00e1 Bystrica<\/p>\n<p>Pedag\u00f3g: Mgr. Lucia Demuthov\u00e1<\/p>\n<p><strong><strong>S\u00e1ra Sobotov\u00e1, 16 <\/strong><\/strong>rokov, ZU\u0160 J. Cikkera, Bansk\u00e1 Bystrica<\/p>\n<p>Pedag\u00f3g: Mgr. Ol\u00edvia \u0160ipkovsk\u00e1<\/p>\n<p><strong><strong>Gr\u00e9ta Magnov\u00e1, 17 <\/strong><\/strong>rokov, ZU\u0160 J. Cikkera, Bansk\u00e1 Bystrica<\/p>\n<p>Pedag\u00f3g: Mgr. Ol\u00edvia \u0160ipkovsk\u00e1<\/p>\n<p><strong><strong>Katar\u00edna Hada\u010dov\u00e1, 18 <\/strong><\/strong>rokov, ZU\u0160 \u013d. Fullu, Ru\u017eomberok<\/p>\n<p>Pedag\u00f3g: Mgr. Jana Hradilov\u00e1<\/p>\n","protected":false},"excerpt":{"rendered":"<p>&nbsp; * &nbsp; &nbsp; Hlavn\u00e1 cena Cyril Zavarsk\u00fd, 9 rokov, ZU\u0160 Istrijsk\u00e1, Bratislava Pedag\u00f3g: Anna Horv\u00e1thov\u00e1 Cena predsedu poroty Daniel \u0160vento, 6 rokov, SZU\u0160 J\u00e1no\u0161 Pedag\u00f3g: Bc. Silvia F\u00e1bryov\u00e1 Zvl\u00e1\u0161tna cena Kolekcia grafiky ZU\u0160 Martin Timotej Va\u0148ko, 10 rokov, ZU\u0160 Martin Kamila Vilma Sedl\u00e1\u010dkov\u00e1, 10 rokov, ZU\u0160 Martin Kl\u00e1ra Sanigov\u00e1, 8 rokov, ZU\u0160 Martin Barbora&hellip;&nbsp;<a href=\"https:\/\/www.zusjcbb.sk\/?page_id=891\" class=\"\" rel=\"bookmark\">\u010c\u00edta\u0165 viac &raquo;<span class=\"screen-reader-text\">V\u00fdsledky Ma\u013eovan\u00e1 ZU\u0160-ka 2017<\/span><\/a><\/p>\n","protected":false},"author":2,"featured_media":0,"parent":172,"menu_order":0,"comment_status":"closed","ping_status":"closed","template":"","meta":{"neve_meta_sidebar":"","neve_meta_container":"","neve_meta_enable_content_width":"","neve_meta_content_width":0,"neve_meta_title_alignment":"","neve_meta_author_avatar":"","neve_post_elements_order":"","neve_meta_disable_header":"","neve_meta_disable_footer":"","neve_meta_disable_title":""},"_links":{"self":[{"href":"https:\/\/www.zusjcbb.sk\/index.php?rest_route=\/wp\/v2\/pages\/891"}],"collection":[{"href":"https:\/\/www.zusjcbb.sk\/index.php?rest_route=\/wp\/v2\/pages"}],"about":[{"href":"https:\/\/www.zusjcbb.sk\/index.php?rest_route=\/wp\/v2\/types\/page"}],"author":[{"embeddable":true,"href":"https:\/\/www.zusjcbb.sk\/index.php?rest_route=\/wp\/v2\/users\/2"}],"replies":[{"embeddable":true,"href":"https:\/\/www.zusjcbb.sk\/index.php?rest_route=%2Fwp%2Fv2%2Fcomments&post=891"}],"version-history":[{"count":33,"href":"https:\/\/www.zusjcbb.sk\/index.php?rest_route=\/wp\/v2\/pages\/891\/revisions"}],"predecessor-version":[{"id":3921,"href":"https:\/\/www.zusjcbb.sk\/index.php?rest_route=\/wp\/v2\/pages\/891\/revisions\/3921"}],"up":[{"embeddable":true,"href":"https:\/\/www.zusjcbb.sk\/index.php?rest_route=\/wp\/v2\/pages\/172"}],"wp:attachment":[{"href":"https:\/\/www.zusjcbb.sk\/index.php?rest_route=%2Fwp%2Fv2%2Fmedia&parent=891"}],"curies":[{"name":"wp","href":"https:\/\/api.w.org\/{rel}","templated":true}]}}