{"id":896,"date":"2013-04-11T13:02:49","date_gmt":"2013-04-11T13:02:49","guid":{"rendered":"http:\/\/www.zusjcbb.php5.sk\/?page_id=896"},"modified":"2016-04-25T13:25:23","modified_gmt":"2016-04-25T11:25:23","slug":"hodnotenie-predsedu-poroty","status":"publish","type":"page","link":"https:\/\/www.zusjcbb.sk\/?page_id=896","title":{"rendered":"Hodnotenie predsedu poroty"},"content":{"rendered":"<p><strong>MA\u013dOVAN\u00c1 ZU\u0160KA 2016<\/strong><\/p>\n<p><a href=\"https:\/\/www.zusjcbb.sk\/wp-content\/uploads\/2016\/04\/MZ-2016-Spr\u00e1va-predsedu-poroty-1.jpg\" rel=\"attachment wp-att-2998\"><img loading=\"lazy\" class=\"alignnone wp-image-2998 size-large\" src=\"https:\/\/www.zusjcbb.sk\/wp-content\/uploads\/2016\/04\/MZ-2016-Spr\u00e1va-predsedu-poroty-1-722x1024.jpg\" alt=\"MZ 2016 Spr\u00e1va predsedu poroty 1\" width=\"590\" height=\"837\" srcset=\"https:\/\/www.zusjcbb.sk\/wp-content\/uploads\/2016\/04\/MZ-2016-Spr\u00e1va-predsedu-poroty-1-722x1024.jpg 722w, https:\/\/www.zusjcbb.sk\/wp-content\/uploads\/2016\/04\/MZ-2016-Spr\u00e1va-predsedu-poroty-1-212x300.jpg 212w, https:\/\/www.zusjcbb.sk\/wp-content\/uploads\/2016\/04\/MZ-2016-Spr\u00e1va-predsedu-poroty-1-768x1089.jpg 768w\" sizes=\"(max-width: 590px) 100vw, 590px\" \/><\/a><\/p>\n<h3 style=\"text-align: left;\"><a href=\"https:\/\/www.zusjcbb.sk\/wp-content\/uploads\/2016\/04\/MZ-2016-Spr\u00e1va-predsedu-poroty-2.jpg\" rel=\"attachment wp-att-2999\"><img loading=\"lazy\" class=\"alignnone wp-image-2999 size-large\" src=\"https:\/\/www.zusjcbb.sk\/wp-content\/uploads\/2016\/04\/MZ-2016-Spr\u00e1va-predsedu-poroty-2-722x1024.jpg\" alt=\"MZ 2016 Spr\u00e1va predsedu poroty 2\" width=\"590\" height=\"837\" srcset=\"https:\/\/www.zusjcbb.sk\/wp-content\/uploads\/2016\/04\/MZ-2016-Spr\u00e1va-predsedu-poroty-2-722x1024.jpg 722w, https:\/\/www.zusjcbb.sk\/wp-content\/uploads\/2016\/04\/MZ-2016-Spr\u00e1va-predsedu-poroty-2-212x300.jpg 212w, https:\/\/www.zusjcbb.sk\/wp-content\/uploads\/2016\/04\/MZ-2016-Spr\u00e1va-predsedu-poroty-2-768x1089.jpg 768w\" sizes=\"(max-width: 590px) 100vw, 590px\" \/><\/a><\/h3>\n<h3 style=\"text-align: left;\"><a href=\"https:\/\/www.zusjcbb.sk\/wp-content\/uploads\/2016\/04\/MZ-2016-Spr\u00e1va-predsedu-poroty-3.jpg\" rel=\"attachment wp-att-3000\"><img loading=\"lazy\" class=\"alignnone wp-image-3000 size-large\" src=\"https:\/\/www.zusjcbb.sk\/wp-content\/uploads\/2016\/04\/MZ-2016-Spr\u00e1va-predsedu-poroty-3-722x1024.jpg\" alt=\"MZ 2016 Spr\u00e1va predsedu poroty 3\" width=\"590\" height=\"837\" srcset=\"https:\/\/www.zusjcbb.sk\/wp-content\/uploads\/2016\/04\/MZ-2016-Spr\u00e1va-predsedu-poroty-3-722x1024.jpg 722w, https:\/\/www.zusjcbb.sk\/wp-content\/uploads\/2016\/04\/MZ-2016-Spr\u00e1va-predsedu-poroty-3-212x300.jpg 212w, https:\/\/www.zusjcbb.sk\/wp-content\/uploads\/2016\/04\/MZ-2016-Spr\u00e1va-predsedu-poroty-3-768x1089.jpg 768w\" sizes=\"(max-width: 590px) 100vw, 590px\" \/><\/a><\/h3>\n<h3 style=\"text-align: center;\"><strong>*<\/strong><\/h3>\n<p>&nbsp;<\/p>\n","protected":false},"excerpt":{"rendered":"<p>MA\u013dOVAN\u00c1 ZU\u0160KA 2016 * &nbsp;<\/p>\n","protected":false},"author":2,"featured_media":0,"parent":172,"menu_order":0,"comment_status":"closed","ping_status":"closed","template":"","meta":{"neve_meta_sidebar":"","neve_meta_container":"","neve_meta_enable_content_width":"","neve_meta_content_width":0,"neve_meta_title_alignment":"","neve_meta_author_avatar":"","neve_post_elements_order":"","neve_meta_disable_header":"","neve_meta_disable_footer":"","neve_meta_disable_title":""},"_links":{"self":[{"href":"https:\/\/www.zusjcbb.sk\/index.php?rest_route=\/wp\/v2\/pages\/896"}],"collection":[{"href":"https:\/\/www.zusjcbb.sk\/index.php?rest_route=\/wp\/v2\/pages"}],"about":[{"href":"https:\/\/www.zusjcbb.sk\/index.php?rest_route=\/wp\/v2\/types\/page"}],"author":[{"embeddable":true,"href":"https:\/\/www.zusjcbb.sk\/index.php?rest_route=\/wp\/v2\/users\/2"}],"replies":[{"embeddable":true,"href":"https:\/\/www.zusjcbb.sk\/index.php?rest_route=%2Fwp%2Fv2%2Fcomments&post=896"}],"version-history":[{"count":7,"href":"https:\/\/www.zusjcbb.sk\/index.php?rest_route=\/wp\/v2\/pages\/896\/revisions"}],"predecessor-version":[{"id":3002,"href":"https:\/\/www.zusjcbb.sk\/index.php?rest_route=\/wp\/v2\/pages\/896\/revisions\/3002"}],"up":[{"embeddable":true,"href":"https:\/\/www.zusjcbb.sk\/index.php?rest_route=\/wp\/v2\/pages\/172"}],"wp:attachment":[{"href":"https:\/\/www.zusjcbb.sk\/index.php?rest_route=%2Fwp%2Fv2%2Fmedia&parent=896"}],"curies":[{"name":"wp","href":"https:\/\/api.w.org\/{rel}","templated":true}]}}