{"id":8992,"date":"2021-11-09T15:45:16","date_gmt":"2021-11-09T13:45:16","guid":{"rendered":"https:\/\/www.zusjcbb.sk\/?page_id=8992"},"modified":"2021-11-09T15:45:16","modified_gmt":"2021-11-09T13:45:16","slug":"saxofonove-kvarteto","status":"publish","type":"page","link":"https:\/\/www.zusjcbb.sk\/?page_id=8992","title":{"rendered":"Saxof\u00f3nov\u00e9 kvarteto"},"content":{"rendered":"\n<div class=\"wp-block-themeisle-blocks-advanced-columns has-1-columns has-desktop-equal-layout has-tablet-equal-layout has-mobile-equal-layout has-default-gap has-vertical-unset\" id=\"wp-block-themeisle-blocks-advanced-columns-29dd574c\"><div class=\"wp-block-themeisle-blocks-advanced-columns-overlay\"><\/div><div class=\"innerblocks-wrap\">\n<div class=\"wp-block-themeisle-blocks-advanced-column\" id=\"wp-block-themeisle-blocks-advanced-column-4479ba0b\">\n<p>Umeleck\u00fd ved\u00faci: Mgr. art. Pavol Pondel\u00edk<\/p>\n\n\n\n<figure class=\"wp-block-image size-large\"><a href=\"https:\/\/www.zusjcbb.sk\/wp-content\/uploads\/2021\/11\/2-6-saxofonove-kvarteto-pri-zus-j-cikkera-v-bb-0797.jpg\"><img loading=\"lazy\" width=\"1024\" height=\"683\" src=\"https:\/\/www.zusjcbb.sk\/wp-content\/uploads\/2021\/11\/2-6-saxofonove-kvarteto-pri-zus-j-cikkera-v-bb-0797-1024x683.jpg\" alt=\"\" class=\"wp-image-8993\" srcset=\"https:\/\/www.zusjcbb.sk\/wp-content\/uploads\/2021\/11\/2-6-saxofonove-kvarteto-pri-zus-j-cikkera-v-bb-0797-1024x683.jpg 1024w, https:\/\/www.zusjcbb.sk\/wp-content\/uploads\/2021\/11\/2-6-saxofonove-kvarteto-pri-zus-j-cikkera-v-bb-0797-300x200.jpg 300w, https:\/\/www.zusjcbb.sk\/wp-content\/uploads\/2021\/11\/2-6-saxofonove-kvarteto-pri-zus-j-cikkera-v-bb-0797-768x512.jpg 768w, https:\/\/www.zusjcbb.sk\/wp-content\/uploads\/2021\/11\/2-6-saxofonove-kvarteto-pri-zus-j-cikkera-v-bb-0797-1536x1024.jpg 1536w, https:\/\/www.zusjcbb.sk\/wp-content\/uploads\/2021\/11\/2-6-saxofonove-kvarteto-pri-zus-j-cikkera-v-bb-0797-2048x1366.jpg 2048w, https:\/\/www.zusjcbb.sk\/wp-content\/uploads\/2021\/11\/2-6-saxofonove-kvarteto-pri-zus-j-cikkera-v-bb-0797-930x620.jpg 930w\" sizes=\"(max-width: 1024px) 100vw, 1024px\" \/><\/a><\/figure>\n<\/div>\n<\/div><\/div>\n\n\n\n<figure class=\"wp-block-image size-large\"><a href=\"https:\/\/www.zusjcbb.sk\/wp-content\/uploads\/2021\/11\/2-7-palo-pondelik-a-saxofonove-kvarteto-pri-zus-j-cikkera-v-bb-3733.jpg\"><img loading=\"lazy\" width=\"1024\" height=\"768\" src=\"https:\/\/www.zusjcbb.sk\/wp-content\/uploads\/2021\/11\/2-7-palo-pondelik-a-saxofonove-kvarteto-pri-zus-j-cikkera-v-bb-3733-1024x768.jpg\" alt=\"\" class=\"wp-image-8994\" srcset=\"https:\/\/www.zusjcbb.sk\/wp-content\/uploads\/2021\/11\/2-7-palo-pondelik-a-saxofonove-kvarteto-pri-zus-j-cikkera-v-bb-3733-1024x768.jpg 1024w, https:\/\/www.zusjcbb.sk\/wp-content\/uploads\/2021\/11\/2-7-palo-pondelik-a-saxofonove-kvarteto-pri-zus-j-cikkera-v-bb-3733-300x225.jpg 300w, https:\/\/www.zusjcbb.sk\/wp-content\/uploads\/2021\/11\/2-7-palo-pondelik-a-saxofonove-kvarteto-pri-zus-j-cikkera-v-bb-3733-768x576.jpg 768w, https:\/\/www.zusjcbb.sk\/wp-content\/uploads\/2021\/11\/2-7-palo-pondelik-a-saxofonove-kvarteto-pri-zus-j-cikkera-v-bb-3733-1536x1152.jpg 1536w, https:\/\/www.zusjcbb.sk\/wp-content\/uploads\/2021\/11\/2-7-palo-pondelik-a-saxofonove-kvarteto-pri-zus-j-cikkera-v-bb-3733-2048x1536.jpg 2048w\" sizes=\"(max-width: 1024px) 100vw, 1024px\" \/><\/a><\/figure>\n","protected":false},"excerpt":{"rendered":"","protected":false},"author":2,"featured_media":0,"parent":77,"menu_order":0,"comment_status":"closed","ping_status":"closed","template":"","meta":{"neve_meta_sidebar":"full-width","neve_meta_container":"","neve_meta_enable_content_width":"on","neve_meta_content_width":100,"neve_meta_title_alignment":"","neve_meta_author_avatar":"","neve_post_elements_order":"","neve_meta_disable_header":"","neve_meta_disable_footer":"","neve_meta_disable_title":""},"_links":{"self":[{"href":"https:\/\/www.zusjcbb.sk\/index.php?rest_route=\/wp\/v2\/pages\/8992"}],"collection":[{"href":"https:\/\/www.zusjcbb.sk\/index.php?rest_route=\/wp\/v2\/pages"}],"about":[{"href":"https:\/\/www.zusjcbb.sk\/index.php?rest_route=\/wp\/v2\/types\/page"}],"author":[{"embeddable":true,"href":"https:\/\/www.zusjcbb.sk\/index.php?rest_route=\/wp\/v2\/users\/2"}],"replies":[{"embeddable":true,"href":"https:\/\/www.zusjcbb.sk\/index.php?rest_route=%2Fwp%2Fv2%2Fcomments&post=8992"}],"version-history":[{"count":1,"href":"https:\/\/www.zusjcbb.sk\/index.php?rest_route=\/wp\/v2\/pages\/8992\/revisions"}],"predecessor-version":[{"id":8995,"href":"https:\/\/www.zusjcbb.sk\/index.php?rest_route=\/wp\/v2\/pages\/8992\/revisions\/8995"}],"up":[{"embeddable":true,"href":"https:\/\/www.zusjcbb.sk\/index.php?rest_route=\/wp\/v2\/pages\/77"}],"wp:attachment":[{"href":"https:\/\/www.zusjcbb.sk\/index.php?rest_route=%2Fwp%2Fv2%2Fmedia&parent=8992"}],"curies":[{"name":"wp","href":"https:\/\/api.w.org\/{rel}","templated":true}]}}