{"id":8999,"date":"2021-11-09T16:00:41","date_gmt":"2021-11-09T14:00:41","guid":{"rendered":"https:\/\/www.zusjcbb.sk\/?page_id=8999"},"modified":"2024-02-09T18:25:40","modified_gmt":"2024-02-09T16:25:40","slug":"detsky-spevacky-zbor-vodopad","status":"publish","type":"page","link":"https:\/\/www.zusjcbb.sk\/?page_id=8999","title":{"rendered":"Star\u0161ia vekov\u00e1 zlo\u017eka &#8211; Banskobystrick\u00fd detsk\u00fd spev\u00e1cky zbor"},"content":{"rendered":"\n<p><strong>DSZ Vodop\u00e1d<em>\u00a0<\/em><\/strong>vznikol v\u00a0roku 2001 zl\u00fa\u010den\u00edm DSZ Zorni\u010dka (1995) pri ZU\u0160 J\u00e1na Cikkera\u00a0a\u00a0Detsk\u00e9ho spev\u00e1ckeho zboru Z\u0160 Radva\u0148 v\u00a0Banskej Bystrici. Dlhoro\u010dn\u00fdmi dirigentkami zboru boli Mgr. Eva Laukov\u00e1 a\u00a0Mgr. Katar\u00edna Pr\u00edbojov\u00e1. Po\u010das svojej existencie z\u00edskal Vodop\u00e1d nieko\u013eko v\u00fdznamn\u00fdch ocenen\u00ed &#8211; zlat\u00e9 p\u00e1smo na celoslovenskej prehliadke DSZ Ml\u00e1de\u017e spieva v\u00a0Prievidzi (2001, 2009), zlat\u00e9 p\u00e1smo s\u00a0pochvalou poroty (2005, 2011), Cenu Hudobn\u00e9ho fondu za najlep\u0161iu interpret\u00e1ciu slovenskej skladby a strieborn\u00fa medailu na Medzin\u00e1rodnej s\u00fa\u0165a\u017ei Juventus mundi cantat, Sv\u00e1tky p\u00edsn\u00ed Olomouc. DSZ Vodop\u00e1d plynule nadv\u00e4zuje na svoje p\u00f4vodn\u00e9 \u00faspechy v\u00a0podobe spolupr\u00e1ce so \u0160t\u00e1tnou operou v\u00a0Banskej Bystrici (Werther, Carmen, Archa templ\u00e1rov) \u010fal\u0161\u00edm spolu\u00fa\u010dinkovan\u00edm v\u00a0inscen\u00e1ci\u00e1ch (Mal\u00fd princ).<\/p>\n\n\n\n<p>V\u00a0roku 2023 sa zbor zl\u00fa\u010dil s<strong><em>\u00a0<\/em>Diev\u010densk\u00fdm spev\u00e1ckym zborom Dolce Canto,<em>\u00a0<\/em><\/strong>zalo\u017een\u00fdm v\u00a0roku 2006. Spev\u00e1cky zbor zalo\u017eil jeho dirigent a umeleck\u00fd ved\u00faci Mgr. art. Martin Ka\u0161\u0161a, DiS. art.\u00a0 \u0160irokospektr\u00e1lny reperto\u00e1r zboru obsahuje viac ako 150 skladieb, ku ktor\u00fdm sa ka\u017ed\u00fd rok prid\u00e1vaj\u00fa \u010fal\u0161ie. Teleso s \u00faspechom spolupracovalo i s Komorn\u00fdm sl\u00e1\u010dikov\u00fdm orchestrom ZU\u0160 J\u00e1na Cikkera na interpret\u00e1ci\u00e1ch skladieb z oblasti barokovej hudby. \u00daplne osobit\u00fa \u010das\u0165 reperto\u00e1ru tvoria balady, spiritu\u00e1ly, gospely a \u00fapravy popul\u00e1rnych piesn\u00ed s origin\u00e1lnym in\u0161trument\u00e1lnym sprievodom komorn\u00e9ho orchestra a \u017eivej kapely. Vyst\u00fapenia spev\u00e1ckeho zboru Dolce Canto boli ozdobou nespo\u010detn\u00e9ho mno\u017estva koncertov reprezentuj\u00facich \u0161kolu, ako aj mesto Bansk\u00e1 Bystrica. Zbor sa prezentoval na r\u00f4znych koncertoch, koncertn\u00fdch podujatiach, benefi\u010dn\u00fdch koncertoch, pravidelne vystupuje na viano\u010dn\u00fdch koncertoch a z\u00fa\u010dast\u0148uje sa festivalov a\u00a0s\u00fa\u0165a\u017e\u00ed zborov\u00e9ho spevu.\u00a0<\/p>\n\n\n\n<figure class=\"wp-block-image size-large\"><a href=\"https:\/\/www.zusjcbb.sk\/wp-content\/uploads\/2024\/01\/5O4A8076-Enhanced-NR.jpg\"><img loading=\"lazy\" width=\"1024\" height=\"683\" src=\"https:\/\/www.zusjcbb.sk\/wp-content\/uploads\/2024\/01\/5O4A8076-Enhanced-NR-1024x683.jpg\" alt=\"\" class=\"wp-image-11160\" srcset=\"https:\/\/www.zusjcbb.sk\/wp-content\/uploads\/2024\/01\/5O4A8076-Enhanced-NR-1024x683.jpg 1024w, https:\/\/www.zusjcbb.sk\/wp-content\/uploads\/2024\/01\/5O4A8076-Enhanced-NR-300x200.jpg 300w, https:\/\/www.zusjcbb.sk\/wp-content\/uploads\/2024\/01\/5O4A8076-Enhanced-NR-768x512.jpg 768w, https:\/\/www.zusjcbb.sk\/wp-content\/uploads\/2024\/01\/5O4A8076-Enhanced-NR-1536x1024.jpg 1536w, https:\/\/www.zusjcbb.sk\/wp-content\/uploads\/2024\/01\/5O4A8076-Enhanced-NR-930x620.jpg 930w, https:\/\/www.zusjcbb.sk\/wp-content\/uploads\/2024\/01\/5O4A8076-Enhanced-NR.jpg 2048w\" sizes=\"(max-width: 1024px) 100vw, 1024px\" \/><\/a><figcaption>Viano\u010dn\u00fd koncert ZU\u0160 J\u00e1na Cikkera, 19. 12. 2023, Evanjelick\u00fd kostol na Lazovnej ul.<\/figcaption><\/figure>\n\n\n\n<p>Dolce Canto z\u00edskalo mnoh\u00e9 zlat\u00e9 ocenenia na s\u00fa\u0165a\u017eiach Ml\u00e1de\u017e spieva (2008, 2010, 2012, 2014). V m\u00e1ji 2009 zbor \u00fa\u010dinkoval na medzin\u00e1rodnom hudobnom festivale v&nbsp;Prahe, \u010cR \u201eMlad\u00ed um\u011blci Pra\u017esk\u00e9mu hradu\u201c. V okt\u00f3bri toho ist\u00e9ho roku sa teleso z\u00fa\u010dastnilo hudobn\u00e9ho festivalu v talianskom meste Colliano. V decembri 2011 sa Dolce Canto stalo s\u00fa\u010das\u0165ou medzin\u00e1rodn\u00e9ho spev\u00e1ckeho zboru, vytvoren\u00e9ho zo \u0161iestich kraj\u00edn E\u00da a z\u00fa\u010dastnilo projektu uvedenia \u010ceskej m\u0161e v\u00e1no\u010dn\u00ed od J\u00e1na Jakuba Rybu v Prahe. V lete 2012 uskuto\u010dnil spev\u00e1cky zbor Dolce Canto koncertn\u00fd z\u00e1jazd do Chorv\u00e1tska, v r\u00e1mci projektu Comenius \u2013 \u0161kolsk\u00e9 partnerstv\u00e1, kde jeho koncerty a koncertn\u00e9 vyst\u00fapenia zo\u017eali obrovsk\u00fd \u00faspech.<\/p>\n\n\n\n<p>V roku 2015 udelil prim\u00e1tor mesta Bansk\u00e1 Bystrica J\u00e1n Nosko v\u00fdznamn\u00e9 ocenenie diev\u010densk\u00e9mu spev\u00e1ckemu zboru Dolce Canto \u2013 Cenu prim\u00e1tora mesta za vynikaj\u00face interpreta\u010dn\u00e9 v\u00fdkony v oblasti zborov\u00e9ho spevu a reprezent\u00e1ciu mesta Bansk\u00e1 Bystrica.<\/p>\n\n\n\n<figure class=\"wp-block-image size-full\"><a href=\"https:\/\/www.zusjcbb.sk\/wp-content\/uploads\/2015\/06\/Cena-prim\u00e1tora-mesta-Dolce-Canto.jpg.jpg\"><img loading=\"lazy\" width=\"720\" height=\"960\" src=\"https:\/\/www.zusjcbb.sk\/wp-content\/uploads\/2015\/06\/Cena-prim\u00e1tora-mesta-Dolce-Canto.jpg.jpg\" alt=\"\" class=\"wp-image-2245\" srcset=\"https:\/\/www.zusjcbb.sk\/wp-content\/uploads\/2015\/06\/Cena-prim\u00e1tora-mesta-Dolce-Canto.jpg.jpg 720w, https:\/\/www.zusjcbb.sk\/wp-content\/uploads\/2015\/06\/Cena-prim\u00e1tora-mesta-Dolce-Canto.jpg-225x300.jpg 225w\" sizes=\"(max-width: 720px) 100vw, 720px\" \/><\/a><\/figure>\n\n\n\n<p>Za\u010diatkom j\u00fana 2016 sa Dolce Canto z\u00fa\u010dastnilo medzin\u00e1rodnej s\u00fa\u0165a\u017ee spev\u00e1ckych zborov Mundi Cantant, na 44. ro\u010dn\u00edku festivalu spev\u00e1ckych zborov Festival of Songs \u201eSv\u00e1tky p\u00edsn\u00ed\u201c Olomouc 2016. Na podujat\u00ed, ktor\u00e9 si rokmi vybudovalo v\u00fdznamn\u00e9 miesto medzi prest\u00ed\u017enymi eur\u00f3pskymi festivalmi, bojovali v tomto roku o najvy\u0161\u0161ie hodnotenie poroty v medzin\u00e1rodnej s\u00fa\u0165a\u017ei Mundi Cantant \u0161tyri desiatky \u0161pi\u010dkov\u00fdch zborov\u00fdch telies z Nemecka, Est\u00f3nska, Slovinska, \u010ceskej republiky a Slovenska. S\u00fa\u0165a\u017en\u00e9 vyst\u00fapenie v\u0161etk\u00fdch zborov bolo vysielan\u00e9 on-line do cel\u00e9ho sveta. Hodnotila odborn\u00e1 porota zlo\u017een\u00e1 z dirigentov z Thajska, Ve\u013ekej Brit\u00e1nie, Po\u013eska, Slovenska a \u010ceskej republiky. Dolce Canto na s\u00fa\u0165a\u017ei op\u00e4\u0165 vynikaj\u00faco uspelo a z\u00edskalo &#8211; Zlat\u00fa medailu.<\/p>\n\n\n\n<figure class=\"wp-block-image size-large\"><a href=\"https:\/\/www.zusjcbb.sk\/wp-content\/uploads\/2024\/01\/5O4A8036-Enhanced-NR.jpg\"><img loading=\"lazy\" width=\"1024\" height=\"683\" src=\"https:\/\/www.zusjcbb.sk\/wp-content\/uploads\/2024\/01\/5O4A8036-Enhanced-NR-1024x683.jpg\" alt=\"\" class=\"wp-image-11159\" srcset=\"https:\/\/www.zusjcbb.sk\/wp-content\/uploads\/2024\/01\/5O4A8036-Enhanced-NR-1024x683.jpg 1024w, https:\/\/www.zusjcbb.sk\/wp-content\/uploads\/2024\/01\/5O4A8036-Enhanced-NR-300x200.jpg 300w, https:\/\/www.zusjcbb.sk\/wp-content\/uploads\/2024\/01\/5O4A8036-Enhanced-NR-768x512.jpg 768w, https:\/\/www.zusjcbb.sk\/wp-content\/uploads\/2024\/01\/5O4A8036-Enhanced-NR-1536x1024.jpg 1536w, https:\/\/www.zusjcbb.sk\/wp-content\/uploads\/2024\/01\/5O4A8036-Enhanced-NR-930x620.jpg 930w, https:\/\/www.zusjcbb.sk\/wp-content\/uploads\/2024\/01\/5O4A8036-Enhanced-NR.jpg 2048w\" sizes=\"(max-width: 1024px) 100vw, 1024px\" \/><\/a><\/figure>\n\n\n\n<p>\u010eal\u0161\u00edm ve\u013ek\u00fdm \u00faspechom bolo op\u00e4tovne ocenenie na medzin\u00e1rodnej s\u00fa\u0165a\u017ei spev\u00e1ckych zborov, tentoraz na Bratislavskom zborovom festivale v roku 2018. Aj na tejto medzin\u00e1rodnej s\u00fa\u0165a\u017ei Dolce Canto v tvrdej konkurencii medzi spev\u00e1ckymi zbormi z Indon\u00e9zie, Ruska, F\u00ednska, Srbska, Po\u013eska, Slovinska a \u010ceskej republiky op\u00e4\u0165 z\u00edskalo vynikaj\u00face uznanie a zisk &#8211; Zlat\u00e9ho p\u00e1sma.<\/p>\n\n\n\n<p>Okrem \u010fal\u0161\u00edch aktiv\u00edt sa Dolce Canto prezentovalo aj v slovenskom medi\u00e1lnom priestore realizovan\u00edm nahr\u00e1vok pre Slovensk\u00fa telev\u00edziu a Slovensk\u00fd rozhlas.&nbsp;Treba pod\u010diarknu\u0165, \u017ee banskobystrick\u00e9 Dolce Canto je svoj\u00edm charakterom a zlo\u017een\u00edm &#8211; telesom v\u00fdnimo\u010dn\u00fdm.<\/p>\n\n\n\n<p>V\u00a0decembri roku 2023 spev\u00e1cke zbory ZU\u0160 J\u00e1na Cikkera z\u00edskali poverenie od prim\u00e1tora Mesta Bansk\u00e1 Bystrica J\u00e1na Noska na ich zl\u00fa\u010denie pod n\u00e1zvom\u00a0<strong>Banskobystrick\u00fd detsk\u00fd spev\u00e1cky zbor<\/strong>, ktor\u00fd dnes funguje v\u00a0troch zlo\u017ek\u00e1ch: pr\u00edpravn\u00e1, mlad\u0161ia a\u00a0star\u0161ia zlo\u017eka. \u00a0<\/p>\n\n\n\n<p class=\"has-text-align-center\">***<\/p>\n\n\n\n<p>V&nbsp;s\u00fa\u010dasnosti s\u00fa dirigentmi zboru Mgr. art. Martin Ka\u0161\u0161a, DiS. art. a &nbsp;Mgr. Martina Saksov\u00e1, hlasovou pedagogi\u010dkou Diana Budinsk\u00e1, DiS. art. a&nbsp;Mgr. art. Anna Ka\u0161\u0161ov\u00e1, DiS. art. a klav\u00edrnu spolupr\u00e1cu zast\u00e1va Mgr. art. Peter Sochu\u013e\u00e1k.<\/p>\n\n\n\n<p class=\"has-text-align-center\">***<\/p>\n\n\n\n<figure class=\"wp-block-image size-large\"><a href=\"https:\/\/www.zusjcbb.sk\/wp-content\/uploads\/2024\/01\/5O4A8095-Enhanced-NR.jpg\"><img loading=\"lazy\" width=\"1024\" height=\"683\" src=\"https:\/\/www.zusjcbb.sk\/wp-content\/uploads\/2024\/01\/5O4A8095-Enhanced-NR-1024x683.jpg\" alt=\"\" class=\"wp-image-11161\" srcset=\"https:\/\/www.zusjcbb.sk\/wp-content\/uploads\/2024\/01\/5O4A8095-Enhanced-NR-1024x683.jpg 1024w, https:\/\/www.zusjcbb.sk\/wp-content\/uploads\/2024\/01\/5O4A8095-Enhanced-NR-300x200.jpg 300w, https:\/\/www.zusjcbb.sk\/wp-content\/uploads\/2024\/01\/5O4A8095-Enhanced-NR-768x512.jpg 768w, https:\/\/www.zusjcbb.sk\/wp-content\/uploads\/2024\/01\/5O4A8095-Enhanced-NR-1536x1024.jpg 1536w, https:\/\/www.zusjcbb.sk\/wp-content\/uploads\/2024\/01\/5O4A8095-Enhanced-NR-930x620.jpg 930w, https:\/\/www.zusjcbb.sk\/wp-content\/uploads\/2024\/01\/5O4A8095-Enhanced-NR.jpg 2048w\" sizes=\"(max-width: 1024px) 100vw, 1024px\" \/><\/a><\/figure>\n\n\n\n<p><\/p>\n","protected":false},"excerpt":{"rendered":"<p>DSZ Vodop\u00e1d\u00a0vznikol v\u00a0roku 2001 zl\u00fa\u010den\u00edm DSZ Zorni\u010dka (1995) pri ZU\u0160 J\u00e1na Cikkera\u00a0a\u00a0Detsk\u00e9ho spev\u00e1ckeho zboru Z\u0160 Radva\u0148 v\u00a0Banskej Bystrici. Dlhoro\u010dn\u00fdmi dirigentkami zboru boli Mgr. Eva Laukov\u00e1 a\u00a0Mgr. Katar\u00edna Pr\u00edbojov\u00e1. Po\u010das svojej existencie z\u00edskal Vodop\u00e1d nieko\u013eko v\u00fdznamn\u00fdch ocenen\u00ed &#8211; zlat\u00e9 p\u00e1smo na celoslovenskej prehliadke DSZ Ml\u00e1de\u017e spieva v\u00a0Prievidzi (2001, 2009), zlat\u00e9 p\u00e1smo s\u00a0pochvalou poroty (2005, 2011), Cenu&hellip;&nbsp;<a href=\"https:\/\/www.zusjcbb.sk\/?page_id=8999\" class=\"\" rel=\"bookmark\">\u010c\u00edta\u0165 viac &raquo;<span class=\"screen-reader-text\">Star\u0161ia vekov\u00e1 zlo\u017eka &#8211; Banskobystrick\u00fd detsk\u00fd spev\u00e1cky zbor<\/span><\/a><\/p>\n","protected":false},"author":2,"featured_media":0,"parent":77,"menu_order":0,"comment_status":"closed","ping_status":"closed","template":"","meta":{"neve_meta_sidebar":"full-width","neve_meta_container":"","neve_meta_enable_content_width":"on","neve_meta_content_width":100,"neve_meta_title_alignment":"","neve_meta_author_avatar":"","neve_post_elements_order":"","neve_meta_disable_header":"","neve_meta_disable_footer":"","neve_meta_disable_title":""},"_links":{"self":[{"href":"https:\/\/www.zusjcbb.sk\/index.php?rest_route=\/wp\/v2\/pages\/8999"}],"collection":[{"href":"https:\/\/www.zusjcbb.sk\/index.php?rest_route=\/wp\/v2\/pages"}],"about":[{"href":"https:\/\/www.zusjcbb.sk\/index.php?rest_route=\/wp\/v2\/types\/page"}],"author":[{"embeddable":true,"href":"https:\/\/www.zusjcbb.sk\/index.php?rest_route=\/wp\/v2\/users\/2"}],"replies":[{"embeddable":true,"href":"https:\/\/www.zusjcbb.sk\/index.php?rest_route=%2Fwp%2Fv2%2Fcomments&post=8999"}],"version-history":[{"count":18,"href":"https:\/\/www.zusjcbb.sk\/index.php?rest_route=\/wp\/v2\/pages\/8999\/revisions"}],"predecessor-version":[{"id":11341,"href":"https:\/\/www.zusjcbb.sk\/index.php?rest_route=\/wp\/v2\/pages\/8999\/revisions\/11341"}],"up":[{"embeddable":true,"href":"https:\/\/www.zusjcbb.sk\/index.php?rest_route=\/wp\/v2\/pages\/77"}],"wp:attachment":[{"href":"https:\/\/www.zusjcbb.sk\/index.php?rest_route=%2Fwp%2Fv2%2Fmedia&parent=8999"}],"curies":[{"name":"wp","href":"https:\/\/api.w.org\/{rel}","templated":true}]}}